{"id":14114,"date":"2023-08-25T15:13:13","date_gmt":"2023-08-25T15:13:13","guid":{"rendered":"https:\/\/www.theirvinglawfirm.com\/?page_id=14114"},"modified":"2024-03-06T00:02:17","modified_gmt":"2024-03-06T00:02:17","slug":"disolucion-de-una-empresa-despues-de-haberse-formado","status":"publish","type":"page","link":"https:\/\/www.theirvinglawfirm.com\/es\/areas-de-practica\/formacion-de-empresas\/disolucion-de-una-empresa-despues-de-haberse-formado\/","title":{"rendered":"\u00bfC\u00f3mo Puede Disolverse Una Empresa Una Vez Formada?"},"content":{"rendered":"<p>La disoluci\u00f3n de una empresa puede ser consecuencia de incoherencias en las operaciones comerciales hacia las leyes estatales. <a href=\"https:\/\/www.virginiaregisteredagent.com\/corporations\/?gclid=Cj0KCQjw_5unBhCMARIsACZyzS1lY95YylabloREaiEU-9S3p83isZ575uo8JGhL_Ezky6CpDpuKyyAaAuPcEALw_wcB\" target=\"_blank\" rel=\"noopener\">La Comisi\u00f3n de Empresas de Virginia<\/a> puede ordenar la disoluci\u00f3n de su empresa como consecuencia de sus infracciones.<\/p>\n<p>Puede ser por no presentar un informe anual o no pagar los impuestos, fraude en la obtenci\u00f3n de la incorporaci\u00f3n, y similares. Sin embargo, hay casos en los que es su decisi\u00f3n personal poner fin a los t\u00e9rminos de su empresa.<\/p>\n<p>Cualquiera que sea la raz\u00f3n, es importante que usted conozca los procedimientos para disolver una empresa en Manassas, <a href=\"https:\/\/es.wikipedia.org\/wiki\/Virginia\" target=\"_blank\" rel=\"noopener\">Virginia<\/a>. Si usted desea archivar un articulo de disolucion, usted puede buscar el consejo de su <a href=\"https:\/\/www.theirvinglawfirm.com\/es\/derecho-de-familia\/formacion-de-empresas\/\">abogado de formacion de empresas<\/a>.<\/p>\n<p>Si no tiene ninguno, puede hablar con los abogados de <a href=\"https:\/\/www.theirvinglawfirm.com\/es\">The Irving Law Firm<\/a>. Ellos pueden aconsejarle sobre qu\u00e9 curso de acci\u00f3n tomar, as\u00ed como asegurarse de que la disoluci\u00f3n se presenta correctamente. As\u00ed evitar\u00e1 repercusiones legales innecesarias al final.<\/p>\n<p><img decoding=\"async\" class=\"aligncenter wp-image-14118 size-full\" src=\"https:\/\/www.theirvinglawfirm.com\/wp-content\/uploads\/2023\/08\/como-puede-terminarse-una-empresa-despues-de-haber-sido-formada.jpg\" alt=\"\u00bfC\u00f3mo Puede Terminarse Un Empresa Despu\u00e9s De Haber Sido Formada?\" width=\"100%\" height=\"800\" srcset=\"https:\/\/www.theirvinglawfirm.com\/wp-content\/uploads\/2023\/08\/como-puede-terminarse-una-empresa-despues-de-haber-sido-formada-200x133.jpg 200w, https:\/\/www.theirvinglawfirm.com\/wp-content\/uploads\/2023\/08\/como-puede-terminarse-una-empresa-despues-de-haber-sido-formada-300x200.jpg 300w, https:\/\/www.theirvinglawfirm.com\/wp-content\/uploads\/2023\/08\/como-puede-terminarse-una-empresa-despues-de-haber-sido-formada-400x267.jpg 400w, https:\/\/www.theirvinglawfirm.com\/wp-content\/uploads\/2023\/08\/como-puede-terminarse-una-empresa-despues-de-haber-sido-formada-600x400.jpg 600w, https:\/\/www.theirvinglawfirm.com\/wp-content\/uploads\/2023\/08\/como-puede-terminarse-una-empresa-despues-de-haber-sido-formada-768x512.jpg 768w, https:\/\/www.theirvinglawfirm.com\/wp-content\/uploads\/2023\/08\/como-puede-terminarse-una-empresa-despues-de-haber-sido-formada-800x533.jpg 800w, https:\/\/www.theirvinglawfirm.com\/wp-content\/uploads\/2023\/08\/como-puede-terminarse-una-empresa-despues-de-haber-sido-formada-1024x683.jpg 1024w, https:\/\/www.theirvinglawfirm.com\/wp-content\/uploads\/2023\/08\/como-puede-terminarse-una-empresa-despues-de-haber-sido-formada.jpg 1200w\" sizes=\"(max-width: 1200px) 100vw, 1200px\" \/><\/p>\n<h2>Poner Fin A Su Empresa<\/h2>\n<p>De conformidad con \u00a7 13.1-743 Art\u00edculos de disoluci\u00f3n del C\u00f3digo de Virginia, usted puede presentar el art\u00edculo despu\u00e9s de una disoluci\u00f3n autorizada dentro de su empresa. En el que debe presentar a la Comisi\u00f3n de presentaci\u00f3n de art\u00edculos de disoluci\u00f3n que contienen:<\/p>\n<ul>\n<li style=\"font-weight: 400;\" aria-level=\"1\">Nombre de la empresa.<\/li>\n<li style=\"font-weight: 400;\" aria-level=\"1\">Fecha de disoluci\u00f3n mediante documento autorizado por los accionistas.<\/li>\n<\/ul>\n<p>Lo importante del documento de disoluci\u00f3n es que los accionistas lo decidan por unanimidad. No solo los accionistas, sino tambi\u00e9n el consejo de administraci\u00f3n deben indicar su aprobaci\u00f3n.<\/p>\n<p>Sin embargo, debe saber que hay diferentes art\u00edculos que deben presentarse en funci\u00f3n de la naturaleza de la disoluci\u00f3n.<\/p>\n<p>Si su empresa a\u00fan no ha empezado a funcionar ni a emitir acciones, puede disolverla presentando el formulario SCC751. Como se mencion\u00f3 anteriormente, la declaraci\u00f3n o el art\u00edculo de disoluci\u00f3n no s\u00f3lo debe provenir de la decisi\u00f3n del propietario.<\/p>\n<p>Debe ser una decisi\u00f3n un\u00e1nime y\/o mayoritaria de los constituyentes. La prueba de su aprobaci\u00f3n se refleja en su firma estampada en el documento.<\/p>\n<p>Por otro lado, si su empresa ya ha empezado a operar y ha emitido acciones, debe tener en cuenta la presentaci\u00f3n de cualquiera de estos dos documentos. Recuerde que cualquiera de los dos documentos debe presentarse por correo o entregarse personalmente en la oficina de la Comisi\u00f3n.<\/p>\n<ul>\n<li style=\"font-weight: 400;\" aria-level=\"1\">Formulario SCC743 que hace referencia a los art\u00edculos de disoluci\u00f3n.<\/li>\n<li style=\"font-weight: 400;\" aria-level=\"1\">Acta de extinci\u00f3n de la existencia de la empresa (formulario SCC750).<\/li>\n<\/ul>\n<p><span style=\"font-weight: 400;\">La Comisi\u00f3n de Empresas emitir\u00e1 un Certificado de Disoluci\u00f3n y un Certificado de Cese. Debe obtener ambos certificados para evitar tener que pagar las tasas anuales de la empresa. Debe tener en cuenta que el presidente o funcionario a cargo o el presidente de la junta directiva, debe firmar ambos documentos.<\/span><\/p>\n<h3>Informaci\u00f3n Importante Sobre La Disoluci\u00f3n De Una Empresa<\/h3>\n<p><span style=\"font-weight: 400;\"><img decoding=\"async\" class=\"wp-image-14120 size-full alignright\" src=\"https:\/\/www.theirvinglawfirm.com\/wp-content\/uploads\/2023\/08\/disolver-una-empresa-lo-que-necesitas-saber.jpg\" alt=\"El Proceso De Disolver Una Empresa: Lo Que Necesitas Saber\" width=\"300\" height=\"200\" srcset=\"https:\/\/www.theirvinglawfirm.com\/wp-content\/uploads\/2023\/08\/disolver-una-empresa-lo-que-necesitas-saber-200x133.jpg 200w, https:\/\/www.theirvinglawfirm.com\/wp-content\/uploads\/2023\/08\/disolver-una-empresa-lo-que-necesitas-saber.jpg 300w\" sizes=\"(max-width: 300px) 100vw, 300px\" \/><\/span><\/p>\n<p>Al igual que en el caso de la formaci\u00f3n de una empresa, tambi\u00e9n debe pagar tasas por la presentaci\u00f3n de los art\u00edculos de disoluci\u00f3n. Si la disoluci\u00f3n se produjo antes de la realizaci\u00f3n de operaciones de la empresa, usted debe pagar $ 10 para la presentaci\u00f3n.<\/p>\n<p>Mientras tanto, su tasa de presentaci\u00f3n ser\u00e1 de $ 20 si su corporaci\u00f3n ya ha comenzado a emitir acciones y a operar. Esto se debe a que necesita cumplir con dos formularios.<\/p>\n<p>Adem\u00e1s, el tiempo de tramitaci\u00f3n normal para disolver su empresa ser\u00e1 de 1-2 semanas. Sus derechos al nombre de su empresa tambi\u00e9n est\u00e1n sujetos a terminaci\u00f3n tan pronto como reciba el Certificado de Terminaci\u00f3n.<\/p>\n<p>Del mismo modo, si se le suprime administrativamente por cualquier motivo, su nombre se pierde de inmediato. Tambi\u00e9n debe recordar que puede seguir siendo responsable de las tasas anuales de la empresa si no disuelve adecuadamente su empresa.<\/p>\n<p>La cuota anual de registro debe pagarse al mismo tiempo que el informe anual.<\/p>\n<p>El estatus de una empresa de Manassas, Virginia, en los registros de la Comisi\u00f3n ser\u00e1 alterado a \u00abNo en buen estado\u00bb si no presenta su informe anual.<\/p>\n<p>Si la cuota no se paga en la fecha de vencimiento, la empresa ser\u00e1 sancionada con el 10% de la cantidad o $ 10, el que sea mayor. Es crucial que sus art\u00edculos de disoluci\u00f3n sean archivados correctamente debido a esto.<\/p>\n<h2>Resumen<\/h2>\n<p>Poner fin a su empresa sigue requiriendo conocimientos jur\u00eddicos suficientes para evitar consecuencias legales. Un asesor legal puede ayudarle a procesarlo y asegurarse de que cumple con los requisitos de la ley tras la disoluci\u00f3n.<\/p>\n<p>Si se encuentra en Manassas, Virginia y desea poner fin a su empresa, no dude en hablar con los abogados de confianza de The Irving Law Firm. En primer lugar, le ayudar\u00e1n a identificar la naturaleza de su disoluci\u00f3n. As\u00ed como, se asegurar\u00e1n de que est\u00e1 cumpliendo con los documentos apropiados.<\/p>\n<p><a href=\"https:\/\/www.theirvinglawfirm.com\/es\/derecho-de-familia\/formacion-de-empresas\/es-necesario-obtener-un-permiso-de-en-va\/\">Este Art\u00edculo Es Una Joya Para La Formaci\u00f3n De Empresas<\/a><\/p>\n","protected":false},"excerpt":{"rendered":"<p>La disoluci\u00f3n de una empresa puede ser consecuencia de incoherencias  [&#8230;]<\/p>\n","protected":false},"author":3,"featured_media":0,"parent":8450,"menu_order":0,"comment_status":"closed","ping_status":"closed","template":"","meta":{"_analytify_skip_tracking":false,"rank_math_title":"Formaci\u00f3n De Empresas : Notas Vitales En La Disoluci\u00f3n De Una Empresa | The Irving Law Firm","rank_math_description":"Lea m\u00e1s acerca de la naturaleza jur\u00eddica de la disoluci\u00f3n de una empresa despu\u00e9s de que se ha formado en Manassas, Virginia. Conozca las ventajas de contratar a un abogado.","rank_math_focus_keyword":"empresa","rank_math_canonical_url":"","footnotes":""},"class_list":["post-14114","page","type-page","status-publish","hentry"],"acf":[],"_links":{"self":[{"href":"https:\/\/www.theirvinglawfirm.com\/es\/wp-json\/wp\/v2\/pages\/14114","targetHints":{"allow":["GET"]}}],"collection":[{"href":"https:\/\/www.theirvinglawfirm.com\/es\/wp-json\/wp\/v2\/pages"}],"about":[{"href":"https:\/\/www.theirvinglawfirm.com\/es\/wp-json\/wp\/v2\/types\/page"}],"author":[{"embeddable":true,"href":"https:\/\/www.theirvinglawfirm.com\/es\/wp-json\/wp\/v2\/users\/3"}],"replies":[{"embeddable":true,"href":"https:\/\/www.theirvinglawfirm.com\/es\/wp-json\/wp\/v2\/comments?post=14114"}],"version-history":[{"count":0,"href":"https:\/\/www.theirvinglawfirm.com\/es\/wp-json\/wp\/v2\/pages\/14114\/revisions"}],"up":[{"embeddable":true,"href":"https:\/\/www.theirvinglawfirm.com\/es\/wp-json\/wp\/v2\/pages\/8450"}],"wp:attachment":[{"href":"https:\/\/www.theirvinglawfirm.com\/es\/wp-json\/wp\/v2\/media?parent=14114"}],"curies":[{"name":"wp","href":"https:\/\/api.w.org\/{rel}","templated":true}]}}