{"id":14026,"date":"2023-08-24T19:22:45","date_gmt":"2023-08-24T19:22:45","guid":{"rendered":"https:\/\/www.theirvinglawfirm.com\/?page_id=14026"},"modified":"2024-03-06T00:40:02","modified_gmt":"2024-03-06T00:40:02","slug":"como-crear-una-nueva-empresa-en-va","status":"publish","type":"page","link":"https:\/\/www.theirvinglawfirm.com\/es\/areas-de-practica\/formacion-de-empresas\/como-crear-una-nueva-empresa-en-va\/","title":{"rendered":"Lo Que Debe Saber Sobre La Formaci\u00f3n De Empresas En Virginia"},"content":{"rendered":"<p>Antes de iniciar su viaje empresarial, es esencial comprender los requisitos legales y las obligaciones que conlleva. Este art\u00edculo analiza lo que necesita para iniciar una nueva empresa en Manassas, <a href=\"https:\/\/es.wikipedia.org\/wiki\/Virginia\" target=\"_blank\" rel=\"noopener\">Virginia<\/a>.<\/p>\n<p><img decoding=\"async\" class=\"aligncenter wp-image-13781 size-full\" src=\"https:\/\/www.theirvinglawfirm.com\/wp-content\/uploads\/2023\/08\/formacion-de-llc-en-virginia-guia-de-inicio-integral.jpg\" alt=\"Formaci\u00f3n De Una LLC En Virginia: Su Gu\u00eda Integral Para El Inicio\" width=\"100%\" height=\"800\" srcset=\"https:\/\/www.theirvinglawfirm.com\/wp-content\/uploads\/2023\/08\/formacion-de-llc-en-virginia-guia-de-inicio-integral-200x133.jpg 200w, https:\/\/www.theirvinglawfirm.com\/wp-content\/uploads\/2023\/08\/formacion-de-llc-en-virginia-guia-de-inicio-integral-300x200.jpg 300w, https:\/\/www.theirvinglawfirm.com\/wp-content\/uploads\/2023\/08\/formacion-de-llc-en-virginia-guia-de-inicio-integral-400x267.jpg 400w, https:\/\/www.theirvinglawfirm.com\/wp-content\/uploads\/2023\/08\/formacion-de-llc-en-virginia-guia-de-inicio-integral-600x400.jpg 600w, https:\/\/www.theirvinglawfirm.com\/wp-content\/uploads\/2023\/08\/formacion-de-llc-en-virginia-guia-de-inicio-integral-768x512.jpg 768w, https:\/\/www.theirvinglawfirm.com\/wp-content\/uploads\/2023\/08\/formacion-de-llc-en-virginia-guia-de-inicio-integral-800x533.jpg 800w, https:\/\/www.theirvinglawfirm.com\/wp-content\/uploads\/2023\/08\/formacion-de-llc-en-virginia-guia-de-inicio-integral-1024x683.jpg 1024w, https:\/\/www.theirvinglawfirm.com\/wp-content\/uploads\/2023\/08\/formacion-de-llc-en-virginia-guia-de-inicio-integral.jpg 1200w\" sizes=\"(max-width: 1200px) 100vw, 1200px\" \/><\/p>\n<h2>Plan E Idea De Empresa<\/h2>\n<p>El primer paso para poner en marcha una nueva empresa es desarrollar una idea de empresa y un plan completo. Su plan de empresa debe incluir el tipo de empresa que desea poner en marcha, los productos o servicios que ofrecer\u00e1, su p\u00fablico objetivo y sus estrategias de marketing y financieras. Un plan de empresa bien redactado puede ser decisivo para obtener financiaci\u00f3n, atraer a inversores y dirigir su empresa hacia el triunfo.<\/p>\n<h2>Nombre De La Empresa<\/h2>\n<p>Elegir el nombre adecuado para su empresa es crucial. Quiere un nombre memorable, f\u00e1cil de pronunciar y que refleje su marca. Sin embargo, antes de decidirse por un nombre, aseg\u00farese de que no est\u00e9 ya cogido. Puede consultar el sitio web de la <a href=\"https:\/\/nrd.gov\/resource\/detail\/21074933\/Virginia+State+Corporation+Commission\" target=\"_blank\" rel=\"noopener\">Comisi\u00f3n de Corporaciones del Estado de Virginia<\/a> para ver si el nombre est\u00e1 disponible.<\/p>\n<h2>Estructura Empresarial<\/h2>\n<p>El siguiente paso es determinar la estructura jur\u00eddica de su empresa. Existen varias opciones: empresa unipersonal, empresa colectiva, empresa de responsabilidad limitada (LLC) y empresa an\u00f3nima. Cada estructura tiene sus ventajas e inconvenientes, por lo que debe considerar detenidamente sus objetivos y necesidades antes de decidirse.<\/p>\n<h2>Licencias Y Permisos<\/h2>\n<p>Dependiendo del tipo de empresa que vaya a poner en marcha, es posible que necesite obtener licencias y permisos espec\u00edficos para operar legalmente en Virginia. Por ejemplo, crear un restaurante requiere un permiso de servicio de alimentos del Departamento de Salud de Virginia.<\/p>\n<h2>N\u00famero De Identificaci\u00f3n Para Impuestos Federales<\/h2>\n<p>Debe obtener un N\u00famero de Identificaci\u00f3n Para Impuestos Federales (EIN) del Servicio de Impuestos Internos (IRS) si contrata empleados. El EIN tambi\u00e9n es necesario para constituir una empresa an\u00f3nima, una empresa colectiva o una LLC. Puede solicitar un EIN en l\u00ednea en el sitio web del IRS.<\/p>\n<h2>Impuesto De Empresas<\/h2>\n<p>Virginia tiene un impuesto de empresas, y la mayor\u00eda de las empresas est\u00e1n obligadas a presentar una declaraci\u00f3n anual de impuestos. Adem\u00e1s, si tiene empleados, debe retener impuestos estatales y federales de sus n\u00f3minas.<\/p>\n<h2>Seguros Para Empresas<\/h2>\n<p>Obtener la cobertura de seguro adecuada para su empresa es esencial. Dependiendo del tipo de empresa, es posible que necesite un seguro de responsabilidad civil, un seguro de propiedad, un seguro de indemnizaci\u00f3n de los trabajadores y otros tipos de cobertura.<\/p>\n<h2>Cuenta Bancaria De Empresa<\/h2>\n<p><span style=\"font-weight: 400;\"><img decoding=\"async\" class=\"wp-image-13804 size-full alignright\" src=\"https:\/\/www.theirvinglawfirm.com\/wp-content\/uploads\/2023\/08\/virginia-pequenas-empresas-licencias-formacion-cumplimiento.jpg\" alt=\"Licencias Para Peque\u00f1os Negocios En Virginia: Formaci\u00f3n Y Cumplimiento\" width=\"300\" height=\"200\" srcset=\"https:\/\/www.theirvinglawfirm.com\/wp-content\/uploads\/2023\/08\/virginia-pequenas-empresas-licencias-formacion-cumplimiento-200x133.jpg 200w, https:\/\/www.theirvinglawfirm.com\/wp-content\/uploads\/2023\/08\/virginia-pequenas-empresas-licencias-formacion-cumplimiento.jpg 300w\" sizes=\"(max-width: 300px) 100vw, 300px\" \/><\/span><\/p>\n<p>Por \u00faltimo, debe abrir una cuenta bancaria independiente para su empresa. Esto le ayudar\u00e1 a controlar las finanzas de su empresa y separarlas de sus finanzas personales. Tambi\u00e9n le facilitar\u00e1 el seguimiento de los gastos, el pago de impuestos y la obtenci\u00f3n de financiaci\u00f3n.<\/p>\n<p>Crear una nueva empresa en Virginia requiere una planificaci\u00f3n cuidadosa y atenci\u00f3n a los detalles. Siguiendo estos pasos, puede asegurarse de que su empresa cumple la legislaci\u00f3n y est\u00e1 preparada para el \u00e9xito. No dude en buscar la orientaci\u00f3n de un <a href=\"https:\/\/www.theirvinglawfirm.com\/es\/derecho-de-familia\/formacion-de-empresas\/\">abogado especializado en formaci\u00f3n de empresas<\/a> para que le ayude a navegar por los aspectos legales de la creaci\u00f3n de una empresa. Puede hacer realidad sus sue\u00f1os empresariales con trabajo duro, dedicaci\u00f3n y un plan s\u00f3lido.<\/p>\n<h2>Deje Que The Irving Law Firm Le Ayude Con La Formaci\u00f3n De Su Empresa<\/h2>\n<p><a href=\"https:\/\/www.theirvinglawfirm.com\/es\">The Irving Law Firm<\/a> tiene una amplia experiencia en derecho empresarial y puede proporcionar una valiosa asistencia en la navegaci\u00f3n por los requisitos legales involucrados en el inicio de una nueva empresa en Virginia.<\/p>\n<p>Ellos pueden ayudarle a elegir la mejor estructura legal para su empresa, ya sea una empresa unipersonal, empresa colectiva, LLC, o corporaci\u00f3n. Ellos le guiar\u00e1n a trav\u00e9s de los requisitos legales y las obligaciones de cada estructura, ayud\u00e1ndole a tomar una decisi\u00f3n informada.<\/p>\n<p>Iniciar una nueva empresa en Virginia puede ser abrumador, especialmente en lo que respecta a los requisitos legales. Sin embargo, con la ayuda de The Irving Law Firm, puede navegar por el panorama legal y asegurarse de que su empresa est\u00e1 preparada para el \u00e9xito.<\/p>\n<h2>Aspectos Clave<\/h2>\n<p>Iniciar una nueva empresa en Manassas, Virginia, requiere una planificaci\u00f3n cuidadosa y atenci\u00f3n a los detalles. Necesita desarrollar una idea de empresa y un plan integral que incluya sus estrategias financieras y de marketing. El siguiente paso es elegir el nombre adecuado y determinar la estructura jur\u00eddica de su empresa.<\/p>\n<p>Tambi\u00e9n debe obtener licencias y permisos espec\u00edficos para operar legalmente en Virginia y un EIN del IRS si contrata empleados o forma una empresa, empresa colectiva o LLC. Adem\u00e1s, debe obtener la cobertura de seguro adecuada para su empresa, establecer una cuenta bancaria separada, y tener en cuenta el impuesto de empresas de Virginia y los requisitos anuales de presentaci\u00f3n de declaraciones de impuestos.<\/p>\n<p>The Irving Law Firm puede ayudarle a navegar por los requisitos legales de iniciar una nueva empresa en Virginia. Tienen una amplia experiencia en derecho empresarial y pueden proporcionarle una valiosa asistencia en la elecci\u00f3n de una estructura jur\u00eddica adecuada para su empresa y guiarle a trav\u00e9s de los requisitos y obligaciones legales de cada estructura.<\/p>\n<p><a href=\"https:\/\/www.theirvinglawfirm.com\/es\/derecho-de-familia\/formacion-de-empresas\/diferencias-entre-empresa-anonima-y-llc\/\">Art\u00edculo Interesante Sobre La Creaci\u00f3n De Empresas<\/a><\/p>\n","protected":false},"excerpt":{"rendered":"<p>Antes de iniciar su viaje empresarial, es esencial comprender los  [&#8230;]<\/p>\n","protected":false},"author":3,"featured_media":0,"parent":8450,"menu_order":0,"comment_status":"closed","ping_status":"closed","template":"","meta":{"_analytify_skip_tracking":false,"rank_math_title":"Formaci\u00f3n De Empresas: C\u00f3mo Crear Una Nueva Empresa En Virginia | The Irving Law Firm","rank_math_description":"Aprenda los aspectos legales de iniciar una nueva empresa en VA, incluyendo la formaci\u00f3n de empresas, licencias y litigios. Obtenga ayuda de The Irving Law Firm.","rank_math_focus_keyword":"empresa","rank_math_canonical_url":"","footnotes":""},"class_list":["post-14026","page","type-page","status-publish","hentry"],"acf":[],"_links":{"self":[{"href":"https:\/\/www.theirvinglawfirm.com\/es\/wp-json\/wp\/v2\/pages\/14026","targetHints":{"allow":["GET"]}}],"collection":[{"href":"https:\/\/www.theirvinglawfirm.com\/es\/wp-json\/wp\/v2\/pages"}],"about":[{"href":"https:\/\/www.theirvinglawfirm.com\/es\/wp-json\/wp\/v2\/types\/page"}],"author":[{"embeddable":true,"href":"https:\/\/www.theirvinglawfirm.com\/es\/wp-json\/wp\/v2\/users\/3"}],"replies":[{"embeddable":true,"href":"https:\/\/www.theirvinglawfirm.com\/es\/wp-json\/wp\/v2\/comments?post=14026"}],"version-history":[{"count":0,"href":"https:\/\/www.theirvinglawfirm.com\/es\/wp-json\/wp\/v2\/pages\/14026\/revisions"}],"up":[{"embeddable":true,"href":"https:\/\/www.theirvinglawfirm.com\/es\/wp-json\/wp\/v2\/pages\/8450"}],"wp:attachment":[{"href":"https:\/\/www.theirvinglawfirm.com\/es\/wp-json\/wp\/v2\/media?parent=14026"}],"curies":[{"name":"wp","href":"https:\/\/api.w.org\/{rel}","templated":true}]}}