{"id":14012,"date":"2023-08-24T19:21:02","date_gmt":"2023-08-24T19:21:02","guid":{"rendered":"https:\/\/www.theirvinglawfirm.com\/?page_id=14012"},"modified":"2024-03-06T00:37:54","modified_gmt":"2024-03-06T00:37:54","slug":"diferencias-entre-empresa-anonima-y-llc","status":"publish","type":"page","link":"https:\/\/www.theirvinglawfirm.com\/es\/areas-de-practica\/formacion-de-empresas\/diferencias-entre-empresa-anonima-y-llc\/","title":{"rendered":"Formaci\u00f3n De Empresas: Elegir Entre Empresa An\u00f3nima Y Empresa De Responsabilidad Limitada (LLC)"},"content":{"rendered":"<p>Al iniciar una nueva empresa en Manassas, <a href=\"https:\/\/es.wikipedia.org\/wiki\/Virginia\" target=\"_blank\" rel=\"noopener\">Virginia<\/a>, una de las decisiones m\u00e1s importantes que tendr\u00e1 que tomar es el tipo de estructura jur\u00eddica que elija. Dos opciones son las empresas an\u00f3nimas y las <a href=\"https:\/\/www.irs.gov\/es\/businesses\/small-businesses-self-employed\/limited-liability-company-llc#:~:text=Una%20Compa%C3%B1%C3%ADa%20de%20Responsabilidad%20Limitada,una%20Compa%C3%B1%C3%ADa%20de%20Responsabilidad%20Limitada.\" target=\"_blank\" rel=\"noopener\">empresas de responsabilidad limitada (LLC)<\/a>. Ambas ofrecen una serie de ventajas e inconvenientes, y entender sus diferencias es crucial para tomar la mejor decisi\u00f3n para su empresa. Este art\u00edculo profundiza en las diferencias fundamentales entre las empresas an\u00f3nimas y las empresas de responsabilidad limitada (LLC).<\/p>\n<p><img decoding=\"async\" class=\"aligncenter wp-image-14016 size-full\" src=\"https:\/\/www.theirvinglawfirm.com\/wp-content\/uploads\/2023\/08\/decidiendo-entre-corporacion-y-llc-en-la-formacion-de-empresas.jpg\" alt=\"Decidir Entre Corporaci\u00f3n Y LLC En La Formaci\u00f3n De Empresas\" width=\"100%\" height=\"800\" srcset=\"https:\/\/www.theirvinglawfirm.com\/wp-content\/uploads\/2023\/08\/decidiendo-entre-corporacion-y-llc-en-la-formacion-de-empresas-200x133.jpg 200w, https:\/\/www.theirvinglawfirm.com\/wp-content\/uploads\/2023\/08\/decidiendo-entre-corporacion-y-llc-en-la-formacion-de-empresas-300x200.jpg 300w, https:\/\/www.theirvinglawfirm.com\/wp-content\/uploads\/2023\/08\/decidiendo-entre-corporacion-y-llc-en-la-formacion-de-empresas-400x267.jpg 400w, https:\/\/www.theirvinglawfirm.com\/wp-content\/uploads\/2023\/08\/decidiendo-entre-corporacion-y-llc-en-la-formacion-de-empresas-600x400.jpg 600w, https:\/\/www.theirvinglawfirm.com\/wp-content\/uploads\/2023\/08\/decidiendo-entre-corporacion-y-llc-en-la-formacion-de-empresas-768x512.jpg 768w, https:\/\/www.theirvinglawfirm.com\/wp-content\/uploads\/2023\/08\/decidiendo-entre-corporacion-y-llc-en-la-formacion-de-empresas-800x533.jpg 800w, https:\/\/www.theirvinglawfirm.com\/wp-content\/uploads\/2023\/08\/decidiendo-entre-corporacion-y-llc-en-la-formacion-de-empresas-1024x683.jpg 1024w, https:\/\/www.theirvinglawfirm.com\/wp-content\/uploads\/2023\/08\/decidiendo-entre-corporacion-y-llc-en-la-formacion-de-empresas.jpg 1200w\" sizes=\"(max-width: 1200px) 100vw, 1200px\" \/><\/p>\n<h2>Definici\u00f3n Y Estructura De Propiedad<\/h2>\n<p>Una empresa es una entidad jur\u00eddica independiente de sus propietarios o accionistas.<\/p>\n<p>En otras palabras, la empresa puede celebrar contratos, poseer activos, demandar o ser demandada, igual que una persona f\u00edsica. Las empresas emiten acciones o participaciones a sus accionistas; la propiedad de la empresa viene determinada por la cantidad de acciones que posee cada accionista.<\/p>\n<p>Por otro lado, una LLC es una entidad jur\u00eddica que combina la protecci\u00f3n de responsabilidad limitada de una empresa con la simplicidad y flexibilidad de una empresa.<\/p>\n<p>Las LLC no son empresas, sino que est\u00e1n formadas por personas conocidas como socios. A diferencia de una empresa an\u00f3nima, una LLC no emite acciones a sus miembros. En su lugar, los miembros tienen un porcentaje de propiedad en la empresa, normalmente basado en su contribuci\u00f3n financiera.<\/p>\n<h2>Protecci\u00f3n De La Responsabilidad Civil<\/h2>\n<p>Una de las diferencias m\u00e1s significativas entre las empresas an\u00f3nimas y las LLC es la protecci\u00f3n de la responsabilidad. En una empresa an\u00f3nima, los accionistas disfrutan de responsabilidad limitada, lo que significa que sus activos est\u00e1n separados de los activos de la empresa. Si la empresa se enfrenta a un pleito o a una deuda, los accionistas s\u00f3lo son responsables de la cantidad de dinero que han invertido en la empresa.<\/p>\n<p>En una LLC, los socios tambi\u00e9n disfrutan de la protecci\u00f3n de la responsabilidad limitada. Esto significa que sus activos est\u00e1n separados de los activos de la empresa, y s\u00f3lo son responsables de la cantidad de dinero que han invertido en la empresa. Sin embargo, cabe se\u00f1alar que los miembros de una LLC pueden ser considerados personalmente responsables de las acciones de la empresa si incurren en mala conducta o actividades ilegales.<\/p>\n<h2>Formaci\u00f3n De Empresas Y Fiscalidad<\/h2>\n<p>Otra diferencia fundamental entre las empresas an\u00f3nimas y las LLC es la forma en que tributan. En las empresas an\u00f3nimas se produce una doble imposici\u00f3n, ya que se consideran entidades separadas, lo que obliga a la empresa a pagar impuestos sobre sus beneficios y a los accionistas a pagar impuestos sobre sus dividendos. Esto hace que los mismos ingresos se graven dos veces.<\/p>\n<p>En cambio, las LLC no tributan como entidades separadas. En su lugar, los ingresos de la empresa se transfieren a sus miembros, que los declaran en sus impuestos. Es lo que se conoce como \u00abpass-through taxation\u00bb, es decir, que las LLC s\u00f3lo pagan impuestos una vez por sus ingresos.<\/p>\n<h2>Estructura De Gesti\u00f3n<\/h2>\n<p>La estructura de gesti\u00f3n es otra diferencia significativa entre las empresas an\u00f3nimas y las LLC. En una empresa an\u00f3nimas, los accionistas eligen un consejo de administraci\u00f3n que supervisa la gesti\u00f3n de la empresa. Son responsables de tomar las decisiones estrat\u00e9gicas y nombrar a los directivos que dirigen las operaciones diarias de la empresa.<\/p>\n<p>En una LLC, los miembros pueden optar por gestionar la empresa ellos mismos o nombrar a un gerente que se encargue de las operaciones de la empresa. Si los miembros deciden gestionar la empresa ellos mismos, pueden tomar decisiones colectivamente sin necesidad de un consejo de administraci\u00f3n.<\/p>\n<h2>Propiedad Y Transferibilidad<\/h2>\n<p>La propiedad y la transferibilidad son otros factores a tener en cuenta a la hora de elegir entre una empresa an\u00f3nima y una LLC. En una empresa an\u00f3nima, la propiedad viene determinada por el n\u00famero de acciones que posee un accionista. Las acciones pueden comprarse y venderse, por lo que es f\u00e1cil transferir la propiedad.<\/p>\n<p>En una LLC, la propiedad se basa en el porcentaje de la empresa de cada miembro. Esta participaci\u00f3n en la propiedad no es tan f\u00e1cil de transferir como las acciones de una empresa an\u00f3nima. Los miembros necesitan la aprobaci\u00f3n de los otros miembros antes de transferir su participaci\u00f3n en la propiedad, y puede haber restricciones sobre qui\u00e9n puede convertirse en miembro.<\/p>\n<h2>The Irving Law Firm Puede Ayudarle A Decidir<\/h2>\n<p><span style=\"font-weight: 400;\"><img decoding=\"async\" class=\"wp-image-14018 size-full alignright\" src=\"https:\/\/www.theirvinglawfirm.com\/wp-content\/uploads\/2023\/08\/comparando-estructuras-de-corporacion-y-llc-en-la-formacion-de-empresas.jpg\" alt=\"Decidir Entre Corporaci\u00f3n Y LLC En La Formaci\u00f3n De Empresas\" width=\"300\" height=\"200\" srcset=\"https:\/\/www.theirvinglawfirm.com\/wp-content\/uploads\/2023\/08\/comparando-estructuras-de-corporacion-y-llc-en-la-formacion-de-empresas-200x133.jpg 200w, https:\/\/www.theirvinglawfirm.com\/wp-content\/uploads\/2023\/08\/comparando-estructuras-de-corporacion-y-llc-en-la-formacion-de-empresas.jpg 300w\" sizes=\"(max-width: 300px) 100vw, 300px\" \/><\/span><\/p>\n<p>Si usted est\u00e1 luchando para decidir entre la formaci\u00f3n de una empresa o una empresa de responsabilidad limitada para su empresa, <a href=\"https:\/\/www.theirvinglawfirm.com\/es\">The Irving Law Firm<\/a> puede ayudar. Su equipo de <a href=\"https:\/\/www.theirvinglawfirm.com\/es\/derecho-de-familia\/formacion-de-empresas\/\">abogados expertos en empresas <\/a>puede guiarle a trav\u00e9s de las diferencias entre estas dos estructuras legales y ayudarle a determinar cu\u00e1l es la adecuada para su situaci\u00f3n particular.<\/p>\n<p>Pueden asesorarle sobre la protecci\u00f3n de la responsabilidad, las implicaciones fiscales, la estructura de gesti\u00f3n, la propiedad y la transferibilidad, asegur\u00e1ndose de que toma una decisi\u00f3n informada que se alinea con sus metas y objetivos. Con su orientaci\u00f3n y apoyo, puede sentirse seguro de su elecci\u00f3n y seguir adelante con la formaci\u00f3n de su empresa con tranquilidad.<\/p>\n<h2>Resumen<\/h2>\n<p>El art\u00edculo explica las diferencias entre empresas an\u00f3nimas y empresas de responsabilidad limitada (LLC) para ayudar a los empresarios a decidir qu\u00e9 estructura jur\u00eddica utilizar para su empresa. Las empresas an\u00f3nimas ofrecen poca protecci\u00f3n en materia de responsabilidad, pero est\u00e1n sujetas a doble imposici\u00f3n y tienen una estructura de gesti\u00f3n r\u00edgida.<\/p>\n<p>Las LLC ofrecen la misma protecci\u00f3n que las empresas an\u00f3nimas, impuestos indirectos y una estructura de gesti\u00f3n flexible. La elecci\u00f3n entre las dos depende de las necesidades y objetivos \u00fanicos de la empresa, y The Irving Law Firm puede ayudar a los empresarios a tomar esta decisi\u00f3n.<\/p>\n<p><a href=\"https:\/\/www.theirvinglawfirm.com\/es\/derecho-de-familia\/formacion-de-empresas\/rol-de-un-agente-registrado\/\">Lea M\u00e1s Acerca De La Formaci\u00f3n De Empresas Aqu\u00ed<\/a><\/p>\n","protected":false},"excerpt":{"rendered":"<p>Al iniciar una nueva empresa en Manassas, Virginia, una de  [&#8230;]<\/p>\n","protected":false},"author":3,"featured_media":0,"parent":8450,"menu_order":0,"comment_status":"closed","ping_status":"closed","template":"","meta":{"_analytify_skip_tracking":false,"rank_math_title":"Formaci\u00f3n De Empresas: Diferencias Entre Empresa An\u00f3nima Y Empresa De Responsabilidad Limitada (LLC) | The Irving Law Firm","rank_math_description":"Elegir la estructura jur\u00eddica adecuada es fundamental a la hora de formar una empresa. Conozca las diferencias entre las empresas an\u00f3nimas y las LLC.","rank_math_focus_keyword":"LLC","rank_math_canonical_url":"","footnotes":""},"class_list":["post-14012","page","type-page","status-publish","hentry"],"acf":[],"_links":{"self":[{"href":"https:\/\/www.theirvinglawfirm.com\/es\/wp-json\/wp\/v2\/pages\/14012","targetHints":{"allow":["GET"]}}],"collection":[{"href":"https:\/\/www.theirvinglawfirm.com\/es\/wp-json\/wp\/v2\/pages"}],"about":[{"href":"https:\/\/www.theirvinglawfirm.com\/es\/wp-json\/wp\/v2\/types\/page"}],"author":[{"embeddable":true,"href":"https:\/\/www.theirvinglawfirm.com\/es\/wp-json\/wp\/v2\/users\/3"}],"replies":[{"embeddable":true,"href":"https:\/\/www.theirvinglawfirm.com\/es\/wp-json\/wp\/v2\/comments?post=14012"}],"version-history":[{"count":0,"href":"https:\/\/www.theirvinglawfirm.com\/es\/wp-json\/wp\/v2\/pages\/14012\/revisions"}],"up":[{"embeddable":true,"href":"https:\/\/www.theirvinglawfirm.com\/es\/wp-json\/wp\/v2\/pages\/8450"}],"wp:attachment":[{"href":"https:\/\/www.theirvinglawfirm.com\/es\/wp-json\/wp\/v2\/media?parent=14012"}],"curies":[{"name":"wp","href":"https:\/\/api.w.org\/{rel}","templated":true}]}}