{"id":13945,"date":"2023-08-24T16:26:51","date_gmt":"2023-08-24T16:26:51","guid":{"rendered":"https:\/\/www.theirvinglawfirm.com\/?page_id=13945"},"modified":"2024-03-06T00:43:19","modified_gmt":"2024-03-06T00:43:19","slug":"que-hace-un-agente-registrado","status":"publish","type":"page","link":"https:\/\/www.theirvinglawfirm.com\/es\/areas-de-practica\/formacion-de-empresas\/que-hace-un-agente-registrado\/","title":{"rendered":"Qu\u00e9 Hace Un Agente Registrado En La Formaci\u00f3n De Empresas"},"content":{"rendered":"<p>Iniciar una nueva empresa en Manassas, <a href=\"https:\/\/es.wikipedia.org\/wiki\/Virginia\" target=\"_blank\" rel=\"noopener\">Virginia<\/a>, es una aventura emocionante, pero tambi\u00e9n implica navegar por el complejo mundo de las regulaciones y requisitos legales. Un paso crucial en la formaci\u00f3n de una entidad empresarial es la designaci\u00f3n de un agente registrado. Este art\u00edculo explora el papel y las responsabilidades de un agente registrado en la formaci\u00f3n de empresas.<\/p>\n<p><img decoding=\"async\" class=\"aligncenter wp-image-13983 size-full\" src=\"https:\/\/www.theirvinglawfirm.com\/wp-content\/uploads\/2023\/08\/papel-del-agente-registrado-en-la-formacion-de-empresas.jpg\" alt=\"El Papel De Un Agente Registrado En La Formaci\u00f3n De Empresas\" width=\"100%\" height=\"800\" srcset=\"https:\/\/www.theirvinglawfirm.com\/wp-content\/uploads\/2023\/08\/papel-del-agente-registrado-en-la-formacion-de-empresas-200x133.jpg 200w, https:\/\/www.theirvinglawfirm.com\/wp-content\/uploads\/2023\/08\/papel-del-agente-registrado-en-la-formacion-de-empresas-300x200.jpg 300w, https:\/\/www.theirvinglawfirm.com\/wp-content\/uploads\/2023\/08\/papel-del-agente-registrado-en-la-formacion-de-empresas-400x267.jpg 400w, https:\/\/www.theirvinglawfirm.com\/wp-content\/uploads\/2023\/08\/papel-del-agente-registrado-en-la-formacion-de-empresas-600x400.jpg 600w, https:\/\/www.theirvinglawfirm.com\/wp-content\/uploads\/2023\/08\/papel-del-agente-registrado-en-la-formacion-de-empresas-768x512.jpg 768w, https:\/\/www.theirvinglawfirm.com\/wp-content\/uploads\/2023\/08\/papel-del-agente-registrado-en-la-formacion-de-empresas-800x533.jpg 800w, https:\/\/www.theirvinglawfirm.com\/wp-content\/uploads\/2023\/08\/papel-del-agente-registrado-en-la-formacion-de-empresas-1024x683.jpg 1024w, https:\/\/www.theirvinglawfirm.com\/wp-content\/uploads\/2023\/08\/papel-del-agente-registrado-en-la-formacion-de-empresas.jpg 1200w\" sizes=\"(max-width: 1200px) 100vw, 1200px\" \/><\/p>\n<h2>\u00bfQu\u00e9 Es Un Agente Registrado?<\/h2>\n<p>Un agente registrado es un representante de una empresa para las comunicaciones legales con el gobierno estatal. Tambi\u00e9n se le conoce como agente estatutario o agente para notificaciones. Esta persona o entidad es responsable de coordinarse con el gobierno estatal en nombre de la empresa. El agente registrado es el punto de contacto oficial entre la empresa y el gobierno estatal. Todos los estados exigen que las empresas designen a un agente registrado para mantener su estatus legal.<\/p>\n<p>La funci\u00f3n principal de un agente registrado es garantizar que la entidad empresarial cumpla la normativa estatal. Esta funci\u00f3n incluye recibir y conservar documentos importantes como citaciones legales, formularios fiscales y notificaciones oficiales del gobierno estatal. No nombrar a un agente registrado puede acarrear graves consecuencias, como multas, sanciones e incluso la revocaci\u00f3n de la personalidad jur\u00eddica de la empresa.<\/p>\n<h2>\u00bfQu\u00e9 Tipo De Empresas Necesitan Un Agente Registrado?<\/h2>\n<p>En Estados Unidos, la mayor\u00eda de los estados exigen a las empresas que designen un agente registrado al formar una empresa an\u00f3nima, una LLC u otra entidad jur\u00eddica. El prop\u00f3sito del agente registrado es garantizar que la empresa tenga una presencia f\u00edsica en el estado y recibir documentos legales y gubernamentales importantes en nombre de la empresa.<\/p>\n<p>Algunos ejemplos de empresas que suelen necesitar un representante autorizado son las siguientes.<\/p>\n<ul>\n<li style=\"font-weight: 400;\" aria-level=\"1\">Empresas: Todos los estados requieren que las empresas nombren a un agente registrado. Esto incluye las empresas C, las empresas S y las empresas sin \u00e1nimo de lucro.<\/li>\n<li style=\"font-weight: 400;\" aria-level=\"1\"><a href=\"https:\/\/www.irs.gov\/es\/businesses\/small-businesses-self-employed\/limited-liability-company-llc#:~:text=Una%20Compa%C3%B1%C3%ADa%20de%20Responsabilidad%20Limitada,una%20Compa%C3%B1%C3%ADa%20de%20Responsabilidad%20Limitada.\" target=\"_blank\" rel=\"noopener\">Empresas de responsabilidad limitada (LLC)<\/a>: Todos los estados exigen que las LLC tengan un agente registrado.<\/li>\n<li style=\"font-weight: 400;\" aria-level=\"1\">Empresas Colectivas y Empresas de Responsabilidad Limitada): Muchos estados exigen que las LPs y LLPs designen un agente registrado.<\/li>\n<li style=\"font-weight: 400;\" aria-level=\"1\">Empresas extranjeras: Las empresas con sede fuera del estado donde est\u00e1n haciendo negocios tambi\u00e9n pueden estar obligadas a tener un agente registrado en ese estado.<\/li>\n<\/ul>\n<p>Es importante tener en cuenta que las normas relativas a los agentes registrados pueden variar de un estado a otro. Algunos estados permiten que las empresas act\u00faen como sus propios agentes registrados, mientras que otros exigen que las empresas contraten un servicio profesional de agente registrado. Las empresas deben consultar siempre a un <a href=\"https:\/\/www.theirvinglawfirm.com\/es\/derecho-de-familia\/formacion-de-empresas\/\">abogado<\/a> o a un profesional cualificado para determinar los requisitos espec\u00edficos de su estado y tipo de entidad jur\u00eddica.<\/p>\n<h2>\u00bfQui\u00e9n Puede Ser Agente Registrado?<\/h2>\n<p>Es importante tener en cuenta que no cualquiera puede actuar como agente registrado de una entidad empresarial. En la mayor\u00eda de los estados, el agente registrado debe ser residente del estado y tener una direcci\u00f3n f\u00edsica. El agente registrado tambi\u00e9n debe estar disponible durante el horario laboral habitual para recibir documentos y correspondencia importantes.<\/p>\n<p>Las empresas tienen varias opciones a la hora de elegir un agente registrado. Muchas empresas nombran a una persona dentro de la empresa para que act\u00fae como agente registrado, mientras que otras contratan un servicio profesional de agente registrado. Los servicios profesionales de agente registrado pueden ofrecer varias ventajas, como una direcci\u00f3n f\u00edsica para recibir documentos esenciales, apoyo continuo para el cumplimiento de la normativa y la tranquilidad de saber que la empresa cumple la normativa estatal.<\/p>\n<p>El agente registrado es el punto de contacto oficial entre la empresa y el gobierno estatal. Aunque el papel del agente registrado pueda parecer peque\u00f1o, es un componente cr\u00edtico de una entidad empresarial exitosa y que cumple la normativa.<\/p>\n<h2>The Irving Law Firm Ayuda Con La Formaci\u00f3n De Empresas Y La B\u00fasqueda De Un Agente Registrado<\/h2>\n<p><img decoding=\"async\" class=\"wp-image-13985 size-full alignright\" src=\"https:\/\/www.theirvinglawfirm.com\/wp-content\/uploads\/2023\/08\/importancia-de-un-agente-registrado-en-la-formacion-de-empresas.jpg\" alt=\"Formaci\u00f3n De Empresas: La Importancia De Un Agente Registrado\" width=\"300\" height=\"200\" srcset=\"https:\/\/www.theirvinglawfirm.com\/wp-content\/uploads\/2023\/08\/importancia-de-un-agente-registrado-en-la-formacion-de-empresas-200x133.jpg 200w, https:\/\/www.theirvinglawfirm.com\/wp-content\/uploads\/2023\/08\/importancia-de-un-agente-registrado-en-la-formacion-de-empresas.jpg 300w\" sizes=\"(max-width: 300px) 100vw, 300px\" \/><\/p>\n<p><a href=\"https:\/\/www.theirvinglawfirm.com\/es\">The Irving Law Firm<\/a> es una firma de abogados de servicio completo que ofrece servicios legales para empresas de todos los tama\u00f1os. Su equipo de <a href=\"https:\/\/www.theirvinglawfirm.com\/es\/derecho-de-familia\/formacion-de-empresas\/\">abogados experimentados<\/a> puede guiar la formaci\u00f3n de empresas, incluyendo la selecci\u00f3n de la estructura jur\u00eddica adecuada, la redacci\u00f3n de art\u00edculos de incorporaci\u00f3n, y la presentaci\u00f3n de la documentaci\u00f3n necesaria con el estado.<\/p>\n<p>Tambi\u00e9n pueden ayudar a las empresas a encontrar un agente registrado e incluso actuar como tal, proporcionando una direcci\u00f3n f\u00edsica para recibir documentos legales importantes y garantizar el cumplimiento de la normativa estatal. The Irving Law Firm se compromete a ayudar a las empresas a navegar por las complejidades del sistema legal.<\/p>\n<h2>Resumen<\/h2>\n<p>Un agente registrado es un representante comercial responsable de recibir y conservar los documentos legales y de comunicarse con los gobiernos estatales. Todos los estados de EE.UU. exigen a las empresas que designen un agente registrado al constituir una sociedad an\u00f3nima, una LLC u otra entidad jur\u00eddica.<\/p>\n<p>El agente debe ser residente en el estado, tener una direcci\u00f3n f\u00edsica y estar disponible en horario laboral. Las empresas pueden designar a una persona dentro de la empresa o contratar un servicio profesional de agente registrado. The Irving Law Firm ofrece servicios legales para las empresas, incluyendo ayudarles a encontrar un agente registrado y garantizar el cumplimiento de las regulaciones estatales.<\/p>\n<p>&nbsp;<\/p>\n<p><a href=\"https:\/\/www.theirvinglawfirm.com\/es\/derecho-de-familia\/formacion-de-empresas\/cuando-abrir-una-cuenta-bancaria\/\">Lea Este Art\u00edculo Sobre La Formaci\u00f3n De Empresas<\/a><\/p>\n","protected":false},"excerpt":{"rendered":"<p>Iniciar una nueva empresa en Manassas, Virginia, es una aventura  [&#8230;]<\/p>\n","protected":false},"author":3,"featured_media":0,"parent":8450,"menu_order":0,"comment_status":"closed","ping_status":"closed","template":"","meta":{"_analytify_skip_tracking":false,"rank_math_title":"\u00bfQu\u00e9 Hace Un Agente Registrado En La Formaci\u00f3n De Una Empresa? | The Irving Law Firm","rank_math_description":"Conozca las funciones y responsabilidades de un agente registrado, incluida la recepci\u00f3n de documentos legales y el cumplimiento de la normativa estatal. ","rank_math_focus_keyword":"agente registrado","rank_math_canonical_url":"","footnotes":""},"class_list":["post-13945","page","type-page","status-publish","hentry"],"acf":[],"_links":{"self":[{"href":"https:\/\/www.theirvinglawfirm.com\/es\/wp-json\/wp\/v2\/pages\/13945","targetHints":{"allow":["GET"]}}],"collection":[{"href":"https:\/\/www.theirvinglawfirm.com\/es\/wp-json\/wp\/v2\/pages"}],"about":[{"href":"https:\/\/www.theirvinglawfirm.com\/es\/wp-json\/wp\/v2\/types\/page"}],"author":[{"embeddable":true,"href":"https:\/\/www.theirvinglawfirm.com\/es\/wp-json\/wp\/v2\/users\/3"}],"replies":[{"embeddable":true,"href":"https:\/\/www.theirvinglawfirm.com\/es\/wp-json\/wp\/v2\/comments?post=13945"}],"version-history":[{"count":0,"href":"https:\/\/www.theirvinglawfirm.com\/es\/wp-json\/wp\/v2\/pages\/13945\/revisions"}],"up":[{"embeddable":true,"href":"https:\/\/www.theirvinglawfirm.com\/es\/wp-json\/wp\/v2\/pages\/8450"}],"wp:attachment":[{"href":"https:\/\/www.theirvinglawfirm.com\/es\/wp-json\/wp\/v2\/media?parent=13945"}],"curies":[{"name":"wp","href":"https:\/\/api.w.org\/{rel}","templated":true}]}}