{"id":13858,"date":"2023-08-23T19:12:55","date_gmt":"2023-08-23T19:12:55","guid":{"rendered":"https:\/\/www.theirvinglawfirm.com\/?page_id=13858"},"modified":"2024-03-06T00:33:56","modified_gmt":"2024-03-06T00:33:56","slug":"puede-realizar-empresas-en-otro-estado","status":"publish","type":"page","link":"https:\/\/www.theirvinglawfirm.com\/es\/areas-de-practica\/formacion-de-empresas\/puede-realizar-empresas-en-otro-estado\/","title":{"rendered":"Formaci\u00f3n De Empresas &#8211; \u00bfPuede Hacer Empresas En Otro Estado?"},"content":{"rendered":"<p>Formar una empresa es apasionante, pero hay consideraciones legales en las que pensar, como por ejemplo c\u00f3mo formar su empresa. Una pregunta habitual es si puede hacer empresas en otro estado. La respuesta es s\u00ed, pero puede ser complicado conseguir la autorizaci\u00f3n adecuada. Aun as\u00ed, ampliar su empresa a nuevos mercados puede ser muy gratificante.<\/p>\n<p>Con la orientaci\u00f3n adecuada, puede ser un proceso sencillo. Este art\u00edculo explora los beneficios y desaf\u00edos de llevar a cabo empresas en un estado diferente y c\u00f3mo The Irving Law Firm puede ayudarle a obtener la autorizaci\u00f3n que necesita para expandir su empresa.<\/p>\n<p><img decoding=\"async\" class=\"aligncenter wp-image-13862 size-full\" src=\"https:\/\/www.theirvinglawfirm.com\/wp-content\/uploads\/2023\/08\/expandir-negocio-fuera-fronteras-estatales-guia.jpg\" alt=\"Expandiendo Tu Negocio M\u00e1s All\u00e1 De Las Fronteras Estatales: Una Gu\u00eda\" width=\"100%\" height=\"801\" srcset=\"https:\/\/www.theirvinglawfirm.com\/wp-content\/uploads\/2023\/08\/expandir-negocio-fuera-fronteras-estatales-guia-200x134.jpg 200w, https:\/\/www.theirvinglawfirm.com\/wp-content\/uploads\/2023\/08\/expandir-negocio-fuera-fronteras-estatales-guia-300x200.jpg 300w, https:\/\/www.theirvinglawfirm.com\/wp-content\/uploads\/2023\/08\/expandir-negocio-fuera-fronteras-estatales-guia-400x267.jpg 400w, https:\/\/www.theirvinglawfirm.com\/wp-content\/uploads\/2023\/08\/expandir-negocio-fuera-fronteras-estatales-guia-600x401.jpg 600w, https:\/\/www.theirvinglawfirm.com\/wp-content\/uploads\/2023\/08\/expandir-negocio-fuera-fronteras-estatales-guia-768x513.jpg 768w, https:\/\/www.theirvinglawfirm.com\/wp-content\/uploads\/2023\/08\/expandir-negocio-fuera-fronteras-estatales-guia-800x534.jpg 800w, https:\/\/www.theirvinglawfirm.com\/wp-content\/uploads\/2023\/08\/expandir-negocio-fuera-fronteras-estatales-guia-1024x684.jpg 1024w, https:\/\/www.theirvinglawfirm.com\/wp-content\/uploads\/2023\/08\/expandir-negocio-fuera-fronteras-estatales-guia.jpg 1200w\" sizes=\"(max-width: 1200px) 100vw, 1200px\" \/><\/p>\n<h2>Entendiendo El Concepto De Cualificaci\u00f3n Extranjera<\/h2>\n<p>Si usted tiene una empresa en Manassas, Virginia, y desea hacer empresas en otro estado donde no est\u00e1 incorporado, debe obtener una cualificaci\u00f3n extranjera. Este proceso legal le permite realizar empresas en otro estado. En otras palabras, le permitir\u00e1 a su empresa operar como una \u00abentidad extranjera\u00bb en ese estado.<\/p>\n<p>El proceso de cualificaci\u00f3n extranjera implica registrar su empresa en la Secretar\u00eda de Estado u otro organismo similar del estado en el que tiene previsto hacer empresas. Debe facilitar informaci\u00f3n sobre su empresa, como su nombre, direcci\u00f3n y el estado en el que se constituy\u00f3.<\/p>\n<h2>Ventajas De La Cualificaci\u00f3n Extranjera<\/h2>\n<p>Obtener un cualificacion extranjera tiene varias ventajas.<\/p>\n<h3>Legitimidad<\/h3>\n<p>La obtenci\u00f3n de un t\u00edtulo extranjero puede ayudar a legitimar su empresa a los ojos de clientes, proveedores y otras partes interesadas. Demuestra que est\u00e1 registrado y autorizado para hacer empresas en el estado en el que opera.<\/p>\n<p><strong>Acceso Al Sistema Judicial<\/strong><\/p>\n<p><span style=\"font-weight: 400;\"><img decoding=\"async\" class=\"wp-image-13864 size-full alignright\" src=\"https:\/\/www.theirvinglawfirm.com\/wp-content\/uploads\/2023\/08\/formacion-empresas-haciendo-negocios-fuera-virginia.jpg\" alt=\"Formaci\u00f3n De Empresas: Haciendo Negocios M\u00e1s All\u00e1 De Las Fronteras De Virginia\" width=\"300\" height=\"200\" srcset=\"https:\/\/www.theirvinglawfirm.com\/wp-content\/uploads\/2023\/08\/formacion-empresas-haciendo-negocios-fuera-virginia-200x133.jpg 200w, https:\/\/www.theirvinglawfirm.com\/wp-content\/uploads\/2023\/08\/formacion-empresas-haciendo-negocios-fuera-virginia.jpg 300w\" sizes=\"(max-width: 300px) 100vw, 300px\" \/>Sin un t\u00edtulo extranjero, es posible que no pueda presentar una demanda o defenderse ante un tribunal en el estado en el que desarrolla su actividad. Esto podr\u00eda dejarle vulnerable a acciones legales. Por ejemplo, si su empresa est\u00e1 en Manassas, Virginia, pero tambi\u00e9n hace empresas en Texas, es posible que no tenga acceso al sistema legal de Texas si un cliente presenta una demanda contra usted o si usted quiere presentar una demanda contra alguien.<br \/>\n<\/span><\/p>\n<p><b>Cumplimiento Fiscal<\/b><\/p>\n<p>Hacer empresas en un estado sin titulaci\u00f3n extranjera tambi\u00e9n puede acarrear problemas fiscales. Puede ser sancionado y multado por no registrarse y pagar impuestos en ese estado.<\/p>\n<p><b>Mejor Protecci\u00f3n Para Su Marca<\/b><\/p>\n<p>Registrar su empresa en varios estados puede ayudarle a proteger su marca y su propiedad intelectual. Puede impedir que otros utilicen su nombre o logotipo en esos estados.<\/p>\n<h2>Retos De La Calificaci\u00f3n En El Extranjero<\/h2>\n<p><span style=\"font-weight: 400;\">Aunque la obtenci\u00f3n de un t\u00edtulo extranjero tiene muchas ventajas, tambi\u00e9n hay que tener en cuenta algunas dificultades.<\/span><\/p>\n<ul>\n<li style=\"font-weight: 400;\" aria-level=\"1\"><span style=\"font-weight: 400;\">Costes adicionales: Registrar su empresa en varios estados puede resultar caro. Debe pagar tasas de presentaci\u00f3n y otros costes de obtenci\u00f3n de un t\u00edtulo extranjero.<\/span><\/li>\n<li style=\"font-weight: 400;\" aria-level=\"1\"><span style=\"font-weight: 400;\">Requisitos de cumplimiento: Una vez obtenida la cualificaci\u00f3n extranjera, debe cumplir las leyes y normativas de cada estado en el que desarrolle su actividad. Esto puede llevar mucho tiempo y requerir la ayuda de profesionales del Derecho.<\/span><\/li>\n<li style=\"font-weight: 400;\" aria-level=\"1\">Complejidad: El proceso de obtenci\u00f3n de una titulaci\u00f3n extranjera puede variar en funci\u00f3n del estado en el que desarrolle su actividad. Trabajar con un <a href=\"https:\/\/www.theirvinglawfirm.com\/es\/derecho-de-familia\/formacion-de-empresas\/\">abogado con experiencia<\/a> es vital para cumplir todos los requisitos legales.<\/li>\n<li style=\"font-weight: 400;\" aria-level=\"1\">Cuestiones de responsabilidad: Hacer empresas en varios estados tambi\u00e9n puede aumentar su riesgo de<a href=\"https:\/\/en.wikipedia.org\/wiki\/Legal_liability\" target=\"_blank\" rel=\"noopener\"> responsabilidad legal.<\/a> Puede estar sujeto a leyes y normativas diferentes en cada estado, lo que puede resultar complicado.<\/li>\n<\/ul>\n<h2>The Irving Law Firm Ayuda Con La Formaci\u00f3n De Empresas Y La Calificaci\u00f3n Extranjera<\/h2>\n<p>Si tiene previsto hacer empresas en otro estado distinto de aquel en el que est\u00e1 constituido, es fundamental obtener una habilitaci\u00f3n extranjera. Obtenerla puede ser complejo, y trabajar con un abogado experimentado que pueda guiarle a trav\u00e9s del proceso es esencial.<\/p>\n<p><a href=\"https:\/\/www.theirvinglawfirm.com\/es\">The Irving Law Firm<\/a> ayuda en la formaci\u00f3n de empresas y puede ayudarle a obtener una cualificaci\u00f3n extranjera. Pueden ayudarle a asegurarse de que cumple todos los requisitos legales y a minimizar el riesgo de responsabilidad. Con su ayuda, podr\u00e1 expandir su empresas a nuevos mercados y alcanzar sus objetivos.<\/p>\n<h2>Resumen<\/h2>\n<p>Es posible ejercer la actividad empresarial en un Estado distinto de aquel en el que est\u00e1 constituido. Sin embargo, para ello tendr\u00e1 que obtener un t\u00edtulo extranjero. Aunque obtenerla tiene muchas ventajas, tambi\u00e9n hay que tener en cuenta algunas dificultades.<\/p>\n<p>Es esencial trabajar con un abogado con experiencia para asegurarse de que cumple todos los requisitos legales y minimizar el riesgo de responsabilidad. Con una planificaci\u00f3n y ejecuci\u00f3n cuidadosas, puede operar con \u00e9xito su empresas en varios estados y ampliar su alcance a nuevos mercados.<\/p>\n<p><a href=\"https:\/\/www.theirvinglawfirm.com\/es\/derecho-de-familia\/formacion-de-empresas\/creacion-de-una-empresa-sin-animo-de-lucro\/\">M\u00e1s Informaci\u00f3n Sobre La Formaci\u00f3n De Empresas<\/a><\/p>\n","protected":false},"excerpt":{"rendered":"<p>Formar una empresa es apasionante, pero hay consideraciones legales en  [&#8230;]<\/p>\n","protected":false},"author":3,"featured_media":0,"parent":8450,"menu_order":0,"comment_status":"closed","ping_status":"closed","template":"","meta":{"_analytify_skip_tracking":false,"rank_math_title":"Formaci\u00f3n De Empresas: Realizaci\u00f3n De Empresas Fuera Del Estado | The Irving Law Firm","rank_math_description":"Puede ejercer su actividad empresarial en un estado distinto de aquel en el que est\u00e1 constituida. Inf\u00f3rmese sobre los t\u00edtulos extranjeros y las ventajas de tener uno. ","rank_math_focus_keyword":"empresa","rank_math_canonical_url":"","footnotes":""},"class_list":["post-13858","page","type-page","status-publish","hentry"],"acf":[],"_links":{"self":[{"href":"https:\/\/www.theirvinglawfirm.com\/es\/wp-json\/wp\/v2\/pages\/13858","targetHints":{"allow":["GET"]}}],"collection":[{"href":"https:\/\/www.theirvinglawfirm.com\/es\/wp-json\/wp\/v2\/pages"}],"about":[{"href":"https:\/\/www.theirvinglawfirm.com\/es\/wp-json\/wp\/v2\/types\/page"}],"author":[{"embeddable":true,"href":"https:\/\/www.theirvinglawfirm.com\/es\/wp-json\/wp\/v2\/users\/3"}],"replies":[{"embeddable":true,"href":"https:\/\/www.theirvinglawfirm.com\/es\/wp-json\/wp\/v2\/comments?post=13858"}],"version-history":[{"count":0,"href":"https:\/\/www.theirvinglawfirm.com\/es\/wp-json\/wp\/v2\/pages\/13858\/revisions"}],"up":[{"embeddable":true,"href":"https:\/\/www.theirvinglawfirm.com\/es\/wp-json\/wp\/v2\/pages\/8450"}],"wp:attachment":[{"href":"https:\/\/www.theirvinglawfirm.com\/es\/wp-json\/wp\/v2\/media?parent=13858"}],"curies":[{"name":"wp","href":"https:\/\/api.w.org\/{rel}","templated":true}]}}