{"id":13835,"date":"2023-08-23T19:14:16","date_gmt":"2023-08-23T19:14:16","guid":{"rendered":"https:\/\/www.theirvinglawfirm.com\/?page_id=13835"},"modified":"2024-03-06T00:34:47","modified_gmt":"2024-03-06T00:34:47","slug":"creacion-de-una-empresa-sin-animo-de-lucro","status":"publish","type":"page","link":"https:\/\/www.theirvinglawfirm.com\/es\/areas-de-practica\/formacion-de-empresas\/creacion-de-una-empresa-sin-animo-de-lucro\/","title":{"rendered":"Formaci\u00f3n De Empresas Y Creaci\u00f3n De Una Empresa Sin \u00c1nimo De Lucro"},"content":{"rendered":"<p>Las empresas sin \u00e1nimo de lucro son organizaciones \u00fanicas que se han hecho cada vez m\u00e1s populares a lo largo de los a\u00f1os. A diferencia de sus hom\u00f3logas con \u00e1nimo de lucro, las empresas sin \u00e1nimo de lucro no se centran en obtener beneficios para sus accionistas o propietarios. En su lugar, se centran en servir a una misi\u00f3n o prop\u00f3sito espec\u00edfico que beneficia al p\u00fablico. Este art\u00edculo explorar\u00e1 qu\u00e9 son las empresas sin \u00e1nimo de lucro, c\u00f3mo funcionan y los beneficios y retos de crear una.<\/p>\n<p><img decoding=\"async\" class=\"aligncenter wp-image-13926 size-full\" src=\"https:\/\/www.theirvinglawfirm.com\/wp-content\/uploads\/2023\/08\/guia-formacion-empresa-sin-fines-lucro-virginia.jpg\" alt=\"Creaci\u00f3n De Una Empresa Sin Fines De Lucro En Virginia: Gu\u00eda De Formaci\u00f3n Empresarial\" width=\"100%\" height=\"801\" srcset=\"https:\/\/www.theirvinglawfirm.com\/wp-content\/uploads\/2023\/08\/guia-formacion-empresa-sin-fines-lucro-virginia-200x134.jpg 200w, https:\/\/www.theirvinglawfirm.com\/wp-content\/uploads\/2023\/08\/guia-formacion-empresa-sin-fines-lucro-virginia-300x200.jpg 300w, https:\/\/www.theirvinglawfirm.com\/wp-content\/uploads\/2023\/08\/guia-formacion-empresa-sin-fines-lucro-virginia-400x267.jpg 400w, https:\/\/www.theirvinglawfirm.com\/wp-content\/uploads\/2023\/08\/guia-formacion-empresa-sin-fines-lucro-virginia-600x401.jpg 600w, https:\/\/www.theirvinglawfirm.com\/wp-content\/uploads\/2023\/08\/guia-formacion-empresa-sin-fines-lucro-virginia-768x513.jpg 768w, https:\/\/www.theirvinglawfirm.com\/wp-content\/uploads\/2023\/08\/guia-formacion-empresa-sin-fines-lucro-virginia-800x534.jpg 800w, https:\/\/www.theirvinglawfirm.com\/wp-content\/uploads\/2023\/08\/guia-formacion-empresa-sin-fines-lucro-virginia-1024x684.jpg 1024w, https:\/\/www.theirvinglawfirm.com\/wp-content\/uploads\/2023\/08\/guia-formacion-empresa-sin-fines-lucro-virginia.jpg 1200w\" sizes=\"(max-width: 1200px) 100vw, 1200px\" \/><\/p>\n<h2>\u00bfQu\u00e9 Es Una Empresa Sin \u00c1nimo De Lucro?<\/h2>\n<p>Una empresa sin \u00e1nimo de lucro se forma con un prop\u00f3sito espec\u00edfico, como proporcionar un beneficio p\u00fablico, promover una causa concreta o fomentar un objetivo espec\u00edfico. Dependiendo de su prop\u00f3sito, las empresas sin \u00e1nimo de lucro suelen estructurarse como organizaciones 501(c)(3), lo que significa que est\u00e1n exentas del impuesto federal sobre la renta y pueden optar a donaciones deducibles de impuestos.<\/p>\n<h2>\u00bfC\u00f3mo Funcionan Las Empresas Sin \u00c1nimo De Lucro?<\/h2>\n<p>Las empresas sin \u00e1nimo de lucro se rigen por un consejo de administraci\u00f3n, que supervisa las operaciones de la organizaci\u00f3n y se asegura de que se mantiene fiel a su misi\u00f3n. A diferencia de las empresas con \u00e1nimo de lucro, las empresas sin \u00e1nimo de lucro no tienen accionistas ni propietarios. En su lugar, se crean para beneficiar al p\u00fablico y sus activos se dedican a servir a la misi\u00f3n de la organizaci\u00f3n.<\/p>\n<p>Las empresas sin \u00e1nimo de lucro recaudan fondos a trav\u00e9s de donaciones, subvenciones y otras formas de recaudaci\u00f3n de fondos. Tambi\u00e9n pueden obtener ingresos a trav\u00e9s de actividades relacionadas con su misi\u00f3n, como la venta de productos o servicios. Sin embargo, los beneficios generados por estas actividades deben reinvertirse en la misi\u00f3n de la organizaci\u00f3n y no pueden distribuirse entre particulares o accionistas.<\/p>\n<h2>Ventajas De Constituir Una Empresa Sin \u00c1nimo De Lucro<\/h2>\n<p>Crear una empresa sin \u00e1nimo de lucro tiene muchas ventajas, entre las que se incluyen las siguientes.<\/p>\n<ul>\n<li style=\"font-weight: 400;\" aria-level=\"1\">Exenci\u00f3n de impuestos: Las empresas sin \u00e1nimo de lucro reconocidas como organizaciones 501(c)(3) est\u00e1n exentas del impuesto federal sobre la renta, lo que puede ayudarles a ahorrar dinero y reinvertir m\u00e1s en su misi\u00f3n.<\/li>\n<li style=\"font-weight: 400;\" aria-level=\"1\"><span style=\"font-weight: 400;\">Requisitos para recibir subvenciones: Muchas fundaciones y organismos p\u00fablicos ofrecen subvenciones y otras formas de financiaci\u00f3n espec\u00edficas para organizaciones sin \u00e1nimo de lucro, que pueden ayudarles a financiar sus actividades y crecer.<\/span><\/li>\n<li style=\"font-weight: 400;\" aria-level=\"1\">Confianza p\u00fablica: Las empresas sin \u00e1nimo de lucro suelen considerarse m\u00e1s dignas de confianza que las empresas con \u00e1nimo de lucro, ya que se dedican a servir al bien p\u00fablico en lugar de obtener beneficios.<\/li>\n<\/ul>\n<h2>Retos De Crear Una Empresa Sin \u00c1nimo De Lucro<\/h2>\n<p>Crear una empresa sin \u00e1nimo de lucro puede ser un proceso dif\u00edcil, ya que hay que cumplir muchos requisitos legales y financieros. Algunos de los retos son:<\/p>\n<ul>\n<li style=\"font-weight: 400;\" aria-level=\"1\"><strong>Constituci\u00f3n y exenci\u00f3n fiscal:<\/strong> Las empresas sin \u00e1nimo de lucro deben constituirse y ser reconocidas como organizaciones 501(c)(3) para estar exentas de impuestos. Este proceso puede ser complejo y lento, por lo que es esencial buscar la ayuda de un <a href=\"https:\/\/www.theirvinglawfirm.com\/es\/derecho-de-familia\/formacion-de-empresas\/\">abogado especializado en formaci\u00f3n de empresas<\/a>.<\/li>\n<li style=\"font-weight: 400;\" aria-level=\"1\"><strong>Recaudaci\u00f3n de fondos:<\/strong> Las empresas sin \u00e1nimo de lucro dependen en gran medida de donaciones y subvenciones para financiar sus actividades, lo que puede suponer un reto en un panorama competitivo de <a href=\"https:\/\/inee.org\/es\/glosario-EeE\/recaudacion-de-fondos\" target=\"_blank\" rel=\"noopener\">recaudaci\u00f3n de fondos.<\/a><\/li>\n<li style=\"font-weight: 400;\" aria-level=\"1\"><strong>Gobernanza y cumplimiento:<\/strong> Las empresas sin \u00e1nimo de lucro est\u00e1n sujetas a estrictos requisitos de gobernanza y cumplimiento, lo que puede suponer un reto para quienes no est\u00e9n familiarizados con el panorama legal y normativo.<\/li>\n<\/ul>\n<p>Las empresas sin \u00e1nimo de lucro son una forma \u00fanica de organizaci\u00f3n que puede tener un impacto significativo en el mundo. Se dedican a servir a una misi\u00f3n o prop\u00f3sito espec\u00edfico que beneficia al p\u00fablico y no tienen accionistas ni propietarios.<\/p>\n<p>Aunque crear una empresa sin \u00e1nimo de lucro puede ser un reto, tambi\u00e9n puede ser gratificante para aquellos apasionados por marcar la diferencia en el mundo. Si est\u00e1 considerando crear una empresa sin \u00e1nimo de lucro, aseg\u00farese de investigar y buscar la orientaci\u00f3n de un abogado con experiencia que le ayude a navegar por el proceso.<\/p>\n<h2>Como Ayuda The Irving Law Firm Helps Con La Formaci\u00f3n De Empresas Sin \u00c1nimo De Lucro<\/h2>\n<p><span style=\"font-weight: 400;\"><img decoding=\"async\" class=\"alignright wp-image-13928 size-full\" src=\"https:\/\/www.theirvinglawfirm.com\/wp-content\/uploads\/2023\/08\/formacion-empresas-empresas-sin-fines-lucro-virginia.jpg\" alt=\"Formaci\u00f3n De Empresas: Comprendiendo Las Empresas Sin Fines De Lucro En Virginia\" width=\"300\" height=\"200\" srcset=\"https:\/\/www.theirvinglawfirm.com\/wp-content\/uploads\/2023\/08\/formacion-empresas-empresas-sin-fines-lucro-virginia-200x133.jpg 200w, https:\/\/www.theirvinglawfirm.com\/wp-content\/uploads\/2023\/08\/formacion-empresas-empresas-sin-fines-lucro-virginia.jpg 300w\" sizes=\"(max-width: 300px) 100vw, 300px\" \/><\/span><\/p>\n<p><a href=\"https:\/\/www.theirvinglawfirm.com\/es\">The Irving Law Firm<\/a> se centra en ayudar a sus clientes a constituir empresa sin \u00e1nimo de lucro. Sus experimentados abogados pueden orientar sobre los requisitos legales y reglamentarios para constituir una organizaci\u00f3n sin \u00e1nimo de lucro y obtener la exenci\u00f3n fiscal. Tambi\u00e9n pueden ayudar con la redacci\u00f3n de estatutos y otros documentos de gobierno y proporcionar asesoramiento sobre la recaudaci\u00f3n de fondos y el cumplimiento.<\/p>\n<p>Con sus amplios conocimientos y experiencia en esta \u00e1rea, The Irving Law Firm en Manassas, Virginia puede ayudar a los clientes a navegar por el complejo proceso de establecer una empresa sin fines de lucro y asegurarse de que est\u00e1n preparados para el \u00e9xito a largo plazo en el logro de su misi\u00f3n.<\/p>\n<h2>Resumen<\/h2>\n<p>Las empresas sin \u00e1nimo de lucro se centran en servir a una misi\u00f3n o prop\u00f3sito espec\u00edfico que beneficia al p\u00fablico en lugar de obtener beneficios para los accionistas o propietarios. Suelen estar estructuradas como organizaciones 501(c)(3) y se rigen por un consejo de administraci\u00f3n. Las empresa sin \u00e1nimo de lucro recaudan fondos a trav\u00e9s de donaciones y subvenciones, y cualquier beneficio generado por sus actividades debe reinvertirse en su misi\u00f3n.<\/p>\n<p>Las ventajas de crear una empresa sin \u00e1nimo de lucro incluyen la exenci\u00f3n de impuestos, la posibilidad de recibir ayudas y la confianza del p\u00fablico. Sin embargo, la formaci\u00f3n de una empresa sin fines de lucro puede ser un reto debido a los requisitos legales y financieros, la competencia en la recaudaci\u00f3n de fondos, y los estrictos requisitos de gobierno y cumplimiento. The Irving Law Firm ayuda a sus clientes a crear empresa sin \u00e1nimo de lucro y puede orientarles sobre los requisitos legales y reglamentarios, la redacci\u00f3n de documentos de gobierno, la recaudaci\u00f3n de fondos y el cumplimiento de las normas.<\/p>\n<p><a href=\"https:\/\/www.theirvinglawfirm.com\/es\/derecho-de-familia\/formacion-de-empresas\/costo-de-crear-una-empresa-en-va\/\">Obtenga Informaci\u00f3n Valiosa Sobre La Formaci\u00f3n De Empresas<\/a><\/p>\n","protected":false},"excerpt":{"rendered":"<p>Las empresas sin \u00e1nimo de lucro son organizaciones \u00fanicas que  [&#8230;]<\/p>\n","protected":false},"author":3,"featured_media":0,"parent":8450,"menu_order":0,"comment_status":"closed","ping_status":"closed","template":"","meta":{"_analytify_skip_tracking":false,"rank_math_title":"Formaci\u00f3n De Empresas: \u00bfQu\u00e9 Es Una Empresa Sin \u00c1nimo De Lucro? | The Irving Law Firm","rank_math_description":"Descubra los beneficios y desaf\u00edos de establecer una empresa sin \u00e1nimo de lucro. Aprenda c\u00f3mo The Irving Law Firm puede ayudarle a navegar por el proceso.","rank_math_focus_keyword":"empresa sin \u00e1nimo de lucro","rank_math_canonical_url":"","footnotes":""},"class_list":["post-13835","page","type-page","status-publish","hentry"],"acf":[],"_links":{"self":[{"href":"https:\/\/www.theirvinglawfirm.com\/es\/wp-json\/wp\/v2\/pages\/13835","targetHints":{"allow":["GET"]}}],"collection":[{"href":"https:\/\/www.theirvinglawfirm.com\/es\/wp-json\/wp\/v2\/pages"}],"about":[{"href":"https:\/\/www.theirvinglawfirm.com\/es\/wp-json\/wp\/v2\/types\/page"}],"author":[{"embeddable":true,"href":"https:\/\/www.theirvinglawfirm.com\/es\/wp-json\/wp\/v2\/users\/3"}],"replies":[{"embeddable":true,"href":"https:\/\/www.theirvinglawfirm.com\/es\/wp-json\/wp\/v2\/comments?post=13835"}],"version-history":[{"count":0,"href":"https:\/\/www.theirvinglawfirm.com\/es\/wp-json\/wp\/v2\/pages\/13835\/revisions"}],"up":[{"embeddable":true,"href":"https:\/\/www.theirvinglawfirm.com\/es\/wp-json\/wp\/v2\/pages\/8450"}],"wp:attachment":[{"href":"https:\/\/www.theirvinglawfirm.com\/es\/wp-json\/wp\/v2\/media?parent=13835"}],"curies":[{"name":"wp","href":"https:\/\/api.w.org\/{rel}","templated":true}]}}