{"id":13814,"date":"2023-08-23T18:55:30","date_gmt":"2023-08-23T18:55:30","guid":{"rendered":"https:\/\/www.theirvinglawfirm.com\/?page_id=13814"},"modified":"2024-03-06T00:29:46","modified_gmt":"2024-03-06T00:29:46","slug":"costo-de-crear-una-empresa-en-va","status":"publish","type":"page","link":"https:\/\/www.theirvinglawfirm.com\/es\/areas-de-practica\/formacion-de-empresas\/costo-de-crear-una-empresa-en-va\/","title":{"rendered":"El Costo De Crear Una Empresa En Virginia"},"content":{"rendered":"<p>Formar empresas en <a href=\"https:\/\/en.wikipedia.org\/wiki\/Virginia\" target=\"_blank\" rel=\"noopener\">Virginia<\/a> puede ser una experiencia emocionante y desafiante. Tanto si est\u00e1 pensando en crear una peque\u00f1a empresa como una corporaci\u00f3n m\u00e1s grande, hay que tener en cuenta muchos requisitos legales y costes. En Virginia, la creaci\u00f3n de una nueva empresa implica varios pasos y tasas que var\u00edan en funci\u00f3n del tipo de entidad empresarial que elija. Este art\u00edculo analiza los aspectos legales de la creaci\u00f3n de una nueva empresa y sus costes.<\/p>\n<p><img decoding=\"async\" class=\"aligncenter wp-image-13820 size-full\" src=\"https:\/\/www.theirvinglawfirm.com\/wp-content\/uploads\/2023\/08\/costos-de-inicio-de-negocios-en-virginia-guia.jpg\" alt=\"Costos De Inicio De Negocios En Virginia: Una Gu\u00eda Integral\" width=\"100%\" height=\"926\" srcset=\"https:\/\/www.theirvinglawfirm.com\/wp-content\/uploads\/2023\/08\/costos-de-inicio-de-negocios-en-virginia-guia-200x154.jpg 200w, https:\/\/www.theirvinglawfirm.com\/wp-content\/uploads\/2023\/08\/costos-de-inicio-de-negocios-en-virginia-guia-300x232.jpg 300w, https:\/\/www.theirvinglawfirm.com\/wp-content\/uploads\/2023\/08\/costos-de-inicio-de-negocios-en-virginia-guia-400x309.jpg 400w, https:\/\/www.theirvinglawfirm.com\/wp-content\/uploads\/2023\/08\/costos-de-inicio-de-negocios-en-virginia-guia-600x463.jpg 600w, https:\/\/www.theirvinglawfirm.com\/wp-content\/uploads\/2023\/08\/costos-de-inicio-de-negocios-en-virginia-guia-768x593.jpg 768w, https:\/\/www.theirvinglawfirm.com\/wp-content\/uploads\/2023\/08\/costos-de-inicio-de-negocios-en-virginia-guia-800x617.jpg 800w, https:\/\/www.theirvinglawfirm.com\/wp-content\/uploads\/2023\/08\/costos-de-inicio-de-negocios-en-virginia-guia-1024x790.jpg 1024w, https:\/\/www.theirvinglawfirm.com\/wp-content\/uploads\/2023\/08\/costos-de-inicio-de-negocios-en-virginia-guia.jpg 1200w\" sizes=\"(max-width: 1200px) 100vw, 1200px\" \/><\/p>\n<h2>Elegir Una Entidad Empresarial<\/h2>\n<p>Seleccionar la entidad empresarial adecuada es un paso crucial a la hora de crear una nueva empresa. Cada tipo de entidad empresarial tiene sus propias implicaciones legales y fiscales, y es importante elegir la que mejor se adapte a sus necesidades. Las empresas unipersonales son la opci\u00f3n m\u00e1s sencilla y menos costosa, ya que s\u00f3lo requieren una cuota nominal para registrarse en el estado.<\/p>\n<p>Sin embargo, no proporcionan ninguna protecci\u00f3n de responsabilidad, lo que significa que el propietario de la empresa puede ser considerado responsable en caso de que un cliente demande o inicie acciones legales contra la empresa. Las empresas colectivas, por su parte, permiten compartir la propiedad y la responsabilidad entre los socios y exigen una cuota de registro m\u00e1s elevada.<\/p>\n<p><a href=\"https:\/\/www.irs.gov\/es\/businesses\/small-businesses-self-employed\/limited-liability-company-llc#:~:text=Una%20Compa%C3%B1%C3%ADa%20de%20Responsabilidad%20Limitada,una%20Compa%C3%B1%C3%ADa%20de%20Responsabilidad%20Limitada.\" target=\"_blank\" rel=\"noopener\">Las empresas de responsabilidad limitada (LLCs)<\/a> son una opci\u00f3n popular para las peque\u00f1as empresas porque ofrecen las ventajas de las empresas colectivas y las empresas an\u00f3nimas. Aunque las LLCs exigen una tasa de registro m\u00e1s elevada que las empresas unipersonales y las empresas colectivas, el coste es razonable y las ventajas de la protecci\u00f3n de la responsabilidad civil pueden merecer la pena.<\/p>\n<p>Las corporaciones son las entidades empresariales m\u00e1s complejas y caras de constituir. La tasa de registro para presentar la escritura de constituci\u00f3n ante la Comisi\u00f3n de Empresas del Estado de Virginia es superior a la de las LLCs y las empresas colectivas. Se recomienda consultar con un abogado especializado en constituci\u00f3n de empresas para decidir cu\u00e1l es la entidad empresarial m\u00e1s adecuada para sus necesidades.<\/p>\n<h2>Obtener Licencias Y Permisos<\/h2>\n<p><img decoding=\"async\" class=\"wp-image-13822 size-full alignright\" src=\"https:\/\/www.theirvinglawfirm.com\/wp-content\/uploads\/2023\/08\/comprendiendo-los-costos-de-formacion-de-empresas-en-virginia.jpg\" alt=\"Comprendiendo Los Costos De Formaci\u00f3n De Empresas En Virginia\" width=\"300\" height=\"200\" srcset=\"https:\/\/www.theirvinglawfirm.com\/wp-content\/uploads\/2023\/08\/comprendiendo-los-costos-de-formacion-de-empresas-en-virginia-200x133.jpg 200w, https:\/\/www.theirvinglawfirm.com\/wp-content\/uploads\/2023\/08\/comprendiendo-los-costos-de-formacion-de-empresas-en-virginia.jpg 300w\" sizes=\"(max-width: 300px) 100vw, 300px\" \/><\/p>\n<p>Despu\u00e9s de elegir una entidad empresarial, el siguiente paso es obtener las licencias y permisos necesarios. Las licencias y permisos necesarios var\u00edan en funci\u00f3n de la naturaleza de su empresa y de su ubicaci\u00f3n en Virginia. Algunos tipos comunes de licencias y permisos incluyen una licencia comercial, permiso de zonificaci\u00f3n, permiso del departamento de salud y licencia profesional. El coste de estos tambi\u00e9n var\u00eda en funci\u00f3n del tipo y la ubicaci\u00f3n de su empresa.<\/p>\n<p>Por ejemplo, una licencia comercial b\u00e1sica en Virginia cuesta entre 30 y 100 d\u00f3lares, dependiendo de la localidad. Los permisos del Departamento de Sanidad para establecimientos alimentarios cuestan entre 40 y 300 d\u00f3lares, seg\u00fan el tipo y el tama\u00f1o del establecimiento. El coste de los permisos de zonificaci\u00f3n var\u00eda en funci\u00f3n de la localidad, pero suele oscilar entre 50 y 100 d\u00f3lares.<\/p>\n<p>Investigar y obtener todas las licencias y permisos necesarios antes de crear una empresa es vital para evitar problemas legales y multas. Un abogado especializado en la creaci\u00f3n de empresas en Manassas, Virginia, tambi\u00e9n puede orientarle sobre las licencias y permisos espec\u00edficos necesarios para su empresa.<\/p>\n<h2>Registro De Impuestos<\/h2>\n<p>Despu\u00e9s de obtener las licencias y permisos necesarios, el siguiente paso es registrar su empresa a efectos fiscales en el Departamento de Impuestos de Virginia. Todas las empresas que operan en Virginia deben registrarse y pagar impuestos estatales y federales. El tipo y la cuant\u00eda de los impuestos que debe pagar dependen de la naturaleza y la ubicaci\u00f3n de su empresa.<\/p>\n<p>Los tipos de impuestos m\u00e1s comunes son los de ventas, ingresos y empleo. El impuesto sobre las ventas en Virginia es del 5,3% para la mayor\u00eda de los art\u00edculos, pero puede variar para determinados productos y servicios. No hay que pagar impuestos para darse de alta, pero es posible que tenga que pagar un dep\u00f3sito de seguridad o una fianza, dependiendo de la naturaleza de su empresa.<\/p>\n<p>Es esencial mantener registros precisos de todas las transacciones e impuestos pagados para evitar sanciones o multas. Un abogado especializado en creaci\u00f3n de empresas puede orientarle sobre los impuestos que debe pagar su empresa y c\u00f3mo presentar las declaraciones fiscales correctamente.<\/p>\n<h2>The Irving Law Firm Puede Ayudar Con La Formaci\u00f3n De Empresas<\/h2>\n<p>Crear una nueva empresa puede ser un proceso complejo, y es esencial contar con la orientaci\u00f3n de un abogado para navegar por los aspectos legales y financieros del proceso. <a href=\"https:\/\/www.theirvinglawfirm.com\/es\">The Irving Law Firm<\/a> en Manassas, Virginia puede ayudar a los propietarios de empresas, proporcionando asesoramiento jur\u00eddico sobre la elecci\u00f3n de la entidad comercial correcta, la obtenci\u00f3n de licencias y permisos necesarios, y el registro de impuestos. Tambi\u00e9n pueden ayudar a redactar y revisar contratos, negociar contratos de arrendamiento y proteger los derechos de propiedad intelectual.<\/p>\n<h2>Puntos Clave<\/h2>\n<p>Crear una empresa implica varios requisitos legales y costes que var\u00edan en funci\u00f3n del tipo de entidad empresarial que elija. Seleccionar la entidad empresarial adecuada es crucial e implica sopesar las implicaciones legales y fiscales de cada opci\u00f3n. Tras elegir una entidad empresarial, hay que obtener las licencias y permisos necesarios, cuyas tasas var\u00edan en funci\u00f3n de la ubicaci\u00f3n y naturaleza de la empresa.<\/p>\n<p>El siguiente paso es registrarse para pagar impuestos, que depender\u00e1n de la naturaleza y la ubicaci\u00f3n de la empresa. Consultar con un <a href=\"https:\/\/www.theirvinglawfirm.com\/es\/derecho-de-familia\/formacion-de-empresas\/\">abogado especializado en formaci\u00f3n de empresas<\/a> de The Irving Law Firm puede ayudar a guiar a los propietarios de empresas a trav\u00e9s de este complejo proceso.<\/p>\n<p><a href=\"https:\/\/www.theirvinglawfirm.com\/es\/derecho-de-familia\/formacion-de-empresas\/pequenas-empresas-necesitan-licencias-en-va\/\">Este Art\u00edculo Podr\u00eda Interesarle<\/a><\/p>\n","protected":false},"excerpt":{"rendered":"<p>Formar empresas en Virginia puede ser una experiencia emocionante y  [&#8230;]<\/p>\n","protected":false},"author":3,"featured_media":0,"parent":8450,"menu_order":0,"comment_status":"closed","ping_status":"closed","template":"","meta":{"_analytify_skip_tracking":false,"rank_math_title":"Formaci\u00f3n De Empresas: Costo De Creaci\u00f3n De Una Nueva Empresa | The Irving Law Firm","rank_math_description":"Inf\u00f3rmese sobre los requisitos legales y los costeo de crear una empresa. The Irving Law Firm puede guiarle a trav\u00e9s del proceso de formaci\u00f3n de empresas.","rank_math_focus_keyword":"empresas","rank_math_canonical_url":"","footnotes":""},"class_list":["post-13814","page","type-page","status-publish","hentry"],"acf":[],"_links":{"self":[{"href":"https:\/\/www.theirvinglawfirm.com\/es\/wp-json\/wp\/v2\/pages\/13814","targetHints":{"allow":["GET"]}}],"collection":[{"href":"https:\/\/www.theirvinglawfirm.com\/es\/wp-json\/wp\/v2\/pages"}],"about":[{"href":"https:\/\/www.theirvinglawfirm.com\/es\/wp-json\/wp\/v2\/types\/page"}],"author":[{"embeddable":true,"href":"https:\/\/www.theirvinglawfirm.com\/es\/wp-json\/wp\/v2\/users\/3"}],"replies":[{"embeddable":true,"href":"https:\/\/www.theirvinglawfirm.com\/es\/wp-json\/wp\/v2\/comments?post=13814"}],"version-history":[{"count":0,"href":"https:\/\/www.theirvinglawfirm.com\/es\/wp-json\/wp\/v2\/pages\/13814\/revisions"}],"up":[{"embeddable":true,"href":"https:\/\/www.theirvinglawfirm.com\/es\/wp-json\/wp\/v2\/pages\/8450"}],"wp:attachment":[{"href":"https:\/\/www.theirvinglawfirm.com\/es\/wp-json\/wp\/v2\/media?parent=13814"}],"curies":[{"name":"wp","href":"https:\/\/api.w.org\/{rel}","templated":true}]}}