{"id":13762,"date":"2023-08-23T18:31:06","date_gmt":"2023-08-23T18:31:06","guid":{"rendered":"https:\/\/www.theirvinglawfirm.com\/?page_id=13762"},"modified":"2024-03-06T00:39:00","modified_gmt":"2024-03-06T00:39:00","slug":"guia-para-formar-una-empresa-llc-en-virginia","status":"publish","type":"page","link":"https:\/\/www.theirvinglawfirm.com\/es\/areas-de-practica\/formacion-de-empresas\/guia-para-formar-una-empresa-llc-en-virginia\/","title":{"rendered":"Formaci\u00f3n De Empresas: Gu\u00eda Para Iniciar Una LLC En Virginia"},"content":{"rendered":"<p>Formar una empresa en Manassas, <a href=\"https:\/\/es.wikipedia.org\/wiki\/Virginia\" target=\"_blank\" rel=\"noopener\">Virginia<\/a>, puede ser un esfuerzo emocionante y satisfactorio. Sin embargo, antes de que pueda comenzar a formar su empresa, necesita formar una entidad legal. Un tipo de empresa es una <a href=\"https:\/\/www.irs.gov\/es\/businesses\/small-businesses-self-employed\/limited-liability-company-llc#:~:text=Una%20Compa%C3%B1%C3%ADa%20de%20Responsabilidad%20Limitada,una%20Compa%C3%B1%C3%ADa%20de%20Responsabilidad%20Limitada.\" target=\"_blank\" rel=\"noopener\">Empresa de Responsabilidad Limitada (LLC).<\/a>\u00a0Se trata de una estructura empresarial que combina la responsabilidad protectora de una empresa an\u00f3nima con la sencillez de una empresa colectiva o unipersonal. En este art\u00edculo, usted aprender\u00e1 c\u00f3mo iniciar una LLC en Virginia.<\/p>\n<p><img decoding=\"async\" class=\"aligncenter wp-image-13781 size-full\" src=\"https:\/\/www.theirvinglawfirm.com\/wp-content\/uploads\/2023\/08\/formacion-de-llc-en-virginia-guia-de-inicio-integral.jpg\" alt=\"Formaci\u00f3n De Una LLC En Virginia: Su Gu\u00eda Integral Para El Inicio\" width=\"100%\" height=\"800\" srcset=\"https:\/\/www.theirvinglawfirm.com\/wp-content\/uploads\/2023\/08\/formacion-de-llc-en-virginia-guia-de-inicio-integral-200x133.jpg 200w, https:\/\/www.theirvinglawfirm.com\/wp-content\/uploads\/2023\/08\/formacion-de-llc-en-virginia-guia-de-inicio-integral-300x200.jpg 300w, https:\/\/www.theirvinglawfirm.com\/wp-content\/uploads\/2023\/08\/formacion-de-llc-en-virginia-guia-de-inicio-integral-400x267.jpg 400w, https:\/\/www.theirvinglawfirm.com\/wp-content\/uploads\/2023\/08\/formacion-de-llc-en-virginia-guia-de-inicio-integral-600x400.jpg 600w, https:\/\/www.theirvinglawfirm.com\/wp-content\/uploads\/2023\/08\/formacion-de-llc-en-virginia-guia-de-inicio-integral-768x512.jpg 768w, https:\/\/www.theirvinglawfirm.com\/wp-content\/uploads\/2023\/08\/formacion-de-llc-en-virginia-guia-de-inicio-integral-800x533.jpg 800w, https:\/\/www.theirvinglawfirm.com\/wp-content\/uploads\/2023\/08\/formacion-de-llc-en-virginia-guia-de-inicio-integral-1024x683.jpg 1024w, https:\/\/www.theirvinglawfirm.com\/wp-content\/uploads\/2023\/08\/formacion-de-llc-en-virginia-guia-de-inicio-integral.jpg 1200w\" sizes=\"(max-width: 1200px) 100vw, 1200px\" \/><\/p>\n<h2>Elija Un Nombre Para Su LLC<\/h2>\n<p>La elecci\u00f3n de un nombre para su LLC es el primer paso en la formaci\u00f3n de su empresa. Debe ser \u00fanico y no estar ya en uso por otra entidad empresarial. Puede comprobar la disponibilidad del nombre que desea realizando una b\u00fasqueda de nombres en el sitio web de la Comisi\u00f3n de Empresas Estatales de Virginia (SCC).<\/p>\n<h2>Nombrar A Un Agente Registrado<\/h2>\n<p>Cada LLC en Virginia debe tener un agente registrado. Un agente registrado es una persona o entidad designada por la LLC para recibir documentos legales en su nombre. Deben tener una direcci\u00f3n f\u00edsica en Virginia y deben estar disponibles durante el horario laboral habitual para recibir documentos importantes.<\/p>\n<h2>Archivar Los Estatutos De La Organizaci\u00f3n<\/h2>\n<p>Una vez que haya elegido un nombre y designado un agente registrado, deber\u00e1 presentar los Art\u00edculos de Organizaci\u00f3n ante la SCC de Virginia. Los Art\u00edculos de Organizaci\u00f3n son un documento legal que establece su LLC como una entidad comercial en Virginia. Usted puede presentar los Art\u00edculos de Organizaci\u00f3n en l\u00ednea o por correo y el tiempo de procesamiento es t\u00edpicamente de 7-10 d\u00edas h\u00e1biles.<\/p>\n<h2>Crear Un Acuerdo De Operaciones<\/h2>\n<p>Un Acuerdo de Operaci\u00f3n es un documento legal que describe la estructura y la gesti\u00f3n de su LLC. Aunque la ley de Virginia no exige que las LLC tengan un Acuerdo Operativo, es muy recomendable. Puede ayudar a prevenir disputas entre los miembros de la LLC y proporcionar claridad sobre las decisiones empresariales importantes.<\/p>\n<h2>Obtener Licencias Y Permisos Comerciales<\/h2>\n<p>Dependiendo del tipo de empresa que planee operar, puede que necesite obtener licencias y permisos adicionales del gobierno estatal o local. El Departamento de Peque\u00f1as Empresas y Diversidad de Proveedores de Virginia puede facilitarle informaci\u00f3n sobre las licencias y permisos necesarios para su empresa concreta.<\/p>\n<h2>Obtener Un EIN<\/h2>\n<p>Un N\u00famero de Identificaci\u00f3n Patronal (EIN) es un n\u00famero \u00fanico de nueve d\u00edgitos que identifica a su LLC a efectos fiscales. Necesitar\u00e1 un EIN si tiene previsto contratar empleados, abrir una cuenta bancaria o declarar impuestos para su LLC. Puede obtener un EIN de forma gratuita en el sitio web del Servicio de Impuestos Internos (IRS).<\/p>\n<h2>Cumplir Los Requisitos Fiscales De Virginia<\/h2>\n<p><img decoding=\"async\" class=\"wp-image-13783 size-full alignright\" src=\"https:\/\/www.theirvinglawfirm.com\/wp-content\/uploads\/2023\/08\/formacion-de-llc-en-virginia-guia-para-inicio-de-negocios.jpg\" alt=\"Gu\u00eda Para La Formaci\u00f3n De Una LLC En Virginia: Inicio De Negocios\" width=\"300\" height=\"200\" srcset=\"https:\/\/www.theirvinglawfirm.com\/wp-content\/uploads\/2023\/08\/formacion-de-llc-en-virginia-guia-para-inicio-de-negocios-200x133.jpg 200w, https:\/\/www.theirvinglawfirm.com\/wp-content\/uploads\/2023\/08\/formacion-de-llc-en-virginia-guia-para-inicio-de-negocios.jpg 300w\" sizes=\"(max-width: 300px) 100vw, 300px\" \/><\/p>\n<p>Cumplir con los requisitos fiscales de Virginia es esencial en el proceso de formaci\u00f3n de una LLC. Las LLC est\u00e1n sujetas a varios impuestos estatales y locales, incluidos el impuesto sobre las ventas, el impuesto sobre el uso y el impuesto sobre los bienes personales. El impuesto sobre las ventas se aplica a la mayor\u00eda de los bienes personales tangibles vendidos en Virginia, mientras que el impuesto sobre el uso se aplica a los art\u00edculos comprados para su uso en Virginia pero no sujetos al impuesto sobre las ventas. El impuesto sobre bienes personales se aplica a todos los bienes personales tangibles utilizados en una empresa.<\/p>\n<p>Las LLC deben registrarse en el Departamento de Impuestos de Virginia y obtener los permisos fiscales necesarios. Tambi\u00e9n deben presentar declaraciones de impuestos y efectuar los pagos a tiempo para evitar sanciones e intereses.<\/p>\n<h2>Como The Irving Law Firm Ayuda Con La Formaci\u00f3n De Empresas LLC<\/h2>\n<p>The Irving Law Firm es una firma de abogados de servicio completo que ayuda a individuos y empresas en Manassas, Virginia, con asuntos legales, incluyendo la creaci\u00f3n de LLC. Sus abogados experimentados pueden guiar a los clientes a trav\u00e9s de todo el proceso de formaci\u00f3n de una LLC, desde la elecci\u00f3n de un nombre hasta la obtenci\u00f3n de licencias y permisos necesarios.<\/p>\n<p>La firma tambi\u00e9n puede proporcionar asesoramiento jur\u00eddico sobre la redacci\u00f3n de un Acuerdo Operativo, que puede ayudar a prevenir disputas entre los miembros de la LLC. Adem\u00e1s, The Irving Law Firm puede ayudar con la obtenci\u00f3n de un EIN y el cumplimiento de los requisitos fiscales de Virginia. Con su experiencia y atenci\u00f3n al detalle, <a href=\"https:\/\/www.theirvinglawfirm.com\/es\">The Irving Law Firm<\/a> puede ayudar a asegurar que el proceso de formaci\u00f3n de una LLC sea suave y exitoso para sus clientes.<\/p>\n<h2>Resumen<\/h2>\n<p>La formaci\u00f3n de una LLC en Virginia requiere varios pasos, incluyendo la elecci\u00f3n de un nombre y la designaci\u00f3n de un agente registrado. Los pasos tambi\u00e9n incluyen la presentaci\u00f3n de los Art\u00edculos de Organizaci\u00f3n y la creaci\u00f3n de un Acuerdo de Operaci\u00f3n.<\/p>\n<p>Adem\u00e1s, la formaci\u00f3n de una LLC tambi\u00e9n implica la obtenci\u00f3n de licencias y permisos, la obtenci\u00f3n de un EIN y el cumplimiento de los requisitos fiscales de Virginia. Siguiendo estos pasos, podr\u00e1 formar una entidad legal y empezar a operar su empresa en Virginia. Si tiene alguna pregunta o necesita ayuda para formaci\u00f3n su LLC, consulte con un <a href=\"https:\/\/www.theirvinglawfirm.com\/es\/derecho-de-familia\/formacion-de-empresas\/\">abogado especializado en formaci\u00f3n de empresas<\/a>.<\/p>\n<p><a href=\"https:\/\/www.theirvinglawfirm.com\/es\/derecho-de-familia\/formacion-de-empresas\/numero-de-impuestos-federales-en-va\/\">Formaci\u00f3n De Empresas: Todo Lo Que Debe Saber<\/a><\/p>\n","protected":false},"excerpt":{"rendered":"<p>Formar una empresa en Manassas, Virginia, puede ser un esfuerzo  [&#8230;]<\/p>\n","protected":false},"author":3,"featured_media":0,"parent":8450,"menu_order":0,"comment_status":"closed","ping_status":"closed","template":"","meta":{"_analytify_skip_tracking":false,"rank_math_title":"Formaci\u00f3n De Empresas: C\u00f3mo Iniciar Una LLC En Virginia | The Irving Law Firm","rank_math_description":"Aprenda c\u00f3mo formar una empresa LLC en Virginia con esta gu\u00eda de formaci\u00f3n de empresas. El art\u00edculo cubre los pasos clave que incluyen la presentaci\u00f3n de Art\u00edculos de Organizaci\u00f3n.","rank_math_focus_keyword":"LLC","rank_math_canonical_url":"","footnotes":""},"class_list":["post-13762","page","type-page","status-publish","hentry"],"acf":[],"_links":{"self":[{"href":"https:\/\/www.theirvinglawfirm.com\/es\/wp-json\/wp\/v2\/pages\/13762","targetHints":{"allow":["GET"]}}],"collection":[{"href":"https:\/\/www.theirvinglawfirm.com\/es\/wp-json\/wp\/v2\/pages"}],"about":[{"href":"https:\/\/www.theirvinglawfirm.com\/es\/wp-json\/wp\/v2\/types\/page"}],"author":[{"embeddable":true,"href":"https:\/\/www.theirvinglawfirm.com\/es\/wp-json\/wp\/v2\/users\/3"}],"replies":[{"embeddable":true,"href":"https:\/\/www.theirvinglawfirm.com\/es\/wp-json\/wp\/v2\/comments?post=13762"}],"version-history":[{"count":0,"href":"https:\/\/www.theirvinglawfirm.com\/es\/wp-json\/wp\/v2\/pages\/13762\/revisions"}],"up":[{"embeddable":true,"href":"https:\/\/www.theirvinglawfirm.com\/es\/wp-json\/wp\/v2\/pages\/8450"}],"wp:attachment":[{"href":"https:\/\/www.theirvinglawfirm.com\/es\/wp-json\/wp\/v2\/media?parent=13762"}],"curies":[{"name":"wp","href":"https:\/\/api.w.org\/{rel}","templated":true}]}}