{"id":13675,"date":"2023-08-23T17:19:10","date_gmt":"2023-08-23T17:19:10","guid":{"rendered":"https:\/\/www.theirvinglawfirm.com\/?page_id=13675"},"modified":"2024-03-05T17:52:02","modified_gmt":"2024-03-05T17:52:02","slug":"que-es-el-seguro-de-pago-medico-medpay","status":"publish","type":"page","link":"https:\/\/www.theirvinglawfirm.com\/es\/areas-de-practica\/derecho-de-familia\/lesiones-personales\/que-es-el-seguro-de-pago-medico-medpay\/","title":{"rendered":"\u00bfQu\u00e9 Es El Seguro De Gastos M\u00e9dicos (Medpay)?"},"content":{"rendered":"<p>Los accidentes con lesiones personales pueden ocurrirle a cualquiera en cualquier momento, y pueden ser devastadores. Si usted se lesiona en un accidente en Manassas, <a href=\"https:\/\/es.wikipedia.org\/wiki\/Virginia\" target=\"_blank\" rel=\"noopener\">Virginia<\/a>, usted puede preguntarse cu\u00e1les son sus opciones para obtener el tratamiento m\u00e9dico que necesita. Una opci\u00f3n es el seguro de pago m\u00e9dico (MedPay). Este art\u00edculo explicar\u00e1 qu\u00e9 es el seguro MedPay, c\u00f3mo funciona y c\u00f3mo puede beneficiarle si se lesiona en un accidente.<\/p>\n<p><img decoding=\"async\" class=\"aligncenter wp-image-13410 size-full\" src=\"https:\/\/www.theirvinglawfirm.com\/wp-content\/uploads\/2023\/08\/empoderando-clientes-en-casos-de-lesiones-personales-navegacion-legal.jpg\" alt=\"Capacitar A Los Clientes En Casos De Lesiones Personales: Navegaci\u00f3n Legal\" width=\"100%\" height=\"801\" srcset=\"https:\/\/www.theirvinglawfirm.com\/wp-content\/uploads\/2023\/08\/empoderando-clientes-en-casos-de-lesiones-personales-navegacion-legal-200x134.jpg 200w, https:\/\/www.theirvinglawfirm.com\/wp-content\/uploads\/2023\/08\/empoderando-clientes-en-casos-de-lesiones-personales-navegacion-legal-300x200.jpg 300w, https:\/\/www.theirvinglawfirm.com\/wp-content\/uploads\/2023\/08\/empoderando-clientes-en-casos-de-lesiones-personales-navegacion-legal-400x267.jpg 400w, https:\/\/www.theirvinglawfirm.com\/wp-content\/uploads\/2023\/08\/empoderando-clientes-en-casos-de-lesiones-personales-navegacion-legal-600x401.jpg 600w, https:\/\/www.theirvinglawfirm.com\/wp-content\/uploads\/2023\/08\/empoderando-clientes-en-casos-de-lesiones-personales-navegacion-legal-768x513.jpg 768w, https:\/\/www.theirvinglawfirm.com\/wp-content\/uploads\/2023\/08\/empoderando-clientes-en-casos-de-lesiones-personales-navegacion-legal-800x534.jpg 800w, https:\/\/www.theirvinglawfirm.com\/wp-content\/uploads\/2023\/08\/empoderando-clientes-en-casos-de-lesiones-personales-navegacion-legal-1024x684.jpg 1024w, https:\/\/www.theirvinglawfirm.com\/wp-content\/uploads\/2023\/08\/empoderando-clientes-en-casos-de-lesiones-personales-navegacion-legal.jpg 1200w\" sizes=\"(max-width: 1200px) 100vw, 1200px\" \/><\/p>\n<h2>\u00bfQu\u00e9 Es El Seguro De Gastos M\u00e9dicos (MedPay)?<\/h2>\n<p>Seguro de pago m\u00e9dico (MedPay) es un tipo de seguro que cubre los gastos m\u00e9dicos resultantes de un accidente de auto, independientemente de qui\u00e9n tuvo la culpa. No es obligatorio seg\u00fan la ley de Virginia. Pero, es una cobertura opcional que se puede a\u00f1adir a una p\u00f3liza de seguro de autom\u00f3vil. El seguro MedPay puede ayudar a pagar las facturas m\u00e9dicas, las estancias en el hospital, las intervenciones quir\u00fargicas, las radiograf\u00edas y otros gastos m\u00e9dicos que no cubre el seguro de enfermedad.<\/p>\n<h2>\u00bfC\u00f3mo Funciona El Seguro MedPay?<\/h2>\n<p>Si se lesiona en un accidente de auto en Virginia y tiene seguro MedPay, puede utilizarlo para pagar sus gastos m\u00e9dicos hasta el l\u00edmite de la p\u00f3liza. Por ejemplo, si tiene una p\u00f3liza MedPay de 5.000 $ y sus facturas m\u00e9dicas ascienden a 3.000 $, su compa\u00f1\u00eda de seguros pagar\u00e1 la totalidad de los 3.000 $. Si sus facturas m\u00e9dicas ascienden a 6.000 $, su compa\u00f1\u00eda de seguros pagar\u00e1 los 5.000 $ del l\u00edmite de la p\u00f3liza y usted ser\u00e1 responsable de los 1.000 $ restantes.<\/p>\n<p>Es importante tener en cuenta que el seguro MedPay solo cubre los gastos m\u00e9dicos, no otros da\u00f1os como salarios perdidos y da\u00f1os no econ\u00f3micos, incluido el dolor y el sufrimiento. Si desea cobertura para estos tipos de da\u00f1os, tendr\u00e1 que a\u00f1adir otro tipo de cobertura de seguro a su p\u00f3liza.<\/p>\n<h2>Ventajas Del Seguro MedPay<\/h2>\n<p><span style=\"font-weight: 400;\"><img decoding=\"async\" class=\"alignright wp-image-13431 size-full\" src=\"https:\/\/www.theirvinglawfirm.com\/wp-content\/uploads\/2023\/08\/haciendose-cargo-de-su-caso-de-lesiones-personales-caminos-legales.jpg\" alt=\"C\u00f3mo Hacerse Cargo De Su Caso De Lesiones Personales: V\u00edas Legales\" width=\"300\" height=\"200\" srcset=\"https:\/\/www.theirvinglawfirm.com\/wp-content\/uploads\/2023\/08\/haciendose-cargo-de-su-caso-de-lesiones-personales-caminos-legales-200x133.jpg 200w, https:\/\/www.theirvinglawfirm.com\/wp-content\/uploads\/2023\/08\/haciendose-cargo-de-su-caso-de-lesiones-personales-caminos-legales.jpg 300w\" sizes=\"(max-width: 300px) 100vw, 300px\" \/><\/span><\/p>\n<p>Disponer de un seguro MedPay en Virginia tiene varias ventajas. En primer lugar, puede ayudar a pagar los gastos m\u00e9dicos que no cubre el seguro m\u00e9dico. Esto puede ser especialmente \u00fatil si usted tiene un deducible alto o ha alcanzado su desembolso m\u00e1ximo para el a\u00f1o. El seguro MedPay tambi\u00e9n puede ayudarle a obtener el tratamiento m\u00e9dico que necesita sin tener que preocuparse de c\u00f3mo lo pagar\u00e1.<\/p>\n<p>En segundo lugar, el seguro MedPay puede proporcionarle tranquilidad. Saber que tiene cobertura para los gastos m\u00e9dicos si resulta herido en un accidente de auto puede ayudar a aliviar parte del estr\u00e9s y la ansiedad que a menudo viene con estar en un accidente.<\/p>\n<p>En tercer lugar, el seguro MedPay puede ser una manera rentable de obtener cobertura de seguro adicional. En Virginia, el seguro MedPay es relativamente barato en comparaci\u00f3n con otros tipos de cobertura de seguro. A\u00f1adirlo a su p\u00f3liza puede proporcionar protecci\u00f3n adicional sin romper el banco.<\/p>\n<p>Adem\u00e1s, debe tener en cuenta que el seguro MedPay solo cubre los gastos m\u00e9dicos y no proporciona cobertura por da\u00f1os a la propiedad o responsabilidad civil. Para m\u00e1s informaci\u00f3n, hable con un <a href=\"https:\/\/www.theirvinglawfirm.com\/es\/derecho-de-familia\/lesiones-personales\/\">abogado experto en lesiones personales<\/a>.<\/p>\n<h2>Conozca Sus Opciones En Casos De Lesiones Personales Con The Irving Law Firm<\/h2>\n<p>Los abogados de lesiones personales en The Irving Law pueden ayudarle con su Seguro de Pago M\u00e9dico (MedPay) en Manassas, Virginia. Ellos entienden las complejidades del sistema legal de Virginia y pueden ayudarle a navegar el proceso de presentar una reclamaci\u00f3n con su seguro MedPay.<\/p>\n<p>Los abogados experimentados y galardonados de la firma pueden ayudarle a entender las diferentes opciones de cobertura disponibles y pueden ayudarle a evaluar sus posibles reclamaciones. Tambi\u00e9n pueden ayudarle a desarrollar una estrategia legal fuerte y aconsejarle sobre c\u00f3mo maximizar la cantidad de dinero que recibe de su seguro MedPay.<\/p>\n<p>Adem\u00e1s, van a trabajar con usted para asegurarse de que son tratados de manera justa por su compa\u00f1\u00eda de seguros y que reciba la compensaci\u00f3n que se merece. Con The Irving Law Firm, usted puede estar seguro de que su reclamo de seguro MedPay ser\u00e1 manejado con profesionalismo y cuidado.<\/p>\n<h2>Resumen<\/h2>\n<p>Seguro de pago m\u00e9dico (MedPay) es un tipo de seguro que puede ayudar a pagar los gastos m\u00e9dicos derivados de un accidente de auto en Manassas, Virginia, independientemente de qui\u00e9n tuvo la culpa. No es requerido por la ley, pero puede ser una manera \u00fatil y rentable para obtener el tratamiento m\u00e9dico que necesita despu\u00e9s de un accidente.<\/p>\n<p>Esto puede ser particularmente \u00fatil en los casos en que la parte lesionada puede no tener seguro de salud o tiene un deducible alto. Sin embargo, la decisi\u00f3n de contratar MedPay depende en \u00faltima instancia de las circunstancias y necesidades particulares de cada persona. Se recomienda discutir todas las opciones de seguros disponibles con un abogado de lesiones personales de confianza en <a href=\"https:\/\/www.theirvinglawfirm.com\/es\">The Irving Law Firm<\/a>.<\/p>\n<p><a href=\"https:\/\/www.theirvinglawfirm.com\/es\/derecho-de-familia\/lesiones-personales\/riesgos-de-hablar-con-una-aseguradora\/\">Inf\u00f3rmese Sobre Lesiones Personales &#8211; Haga Clic Aqu\u00ed<\/a><\/p>\n","protected":false},"excerpt":{"rendered":"<p>Los accidentes con lesiones personales pueden ocurrirle a cualquiera en  [&#8230;]<\/p>\n","protected":false},"author":3,"featured_media":0,"parent":8218,"menu_order":0,"comment_status":"closed","ping_status":"closed","template":"","meta":{"_analytify_skip_tracking":false,"rank_math_title":"Lesiones Personales - Seguro De Gastos M\u00e9dicos (Medpay) | The Irving Law Firm","rank_math_description":"Obtenga m\u00e1s informaci\u00f3n sobre el seguro de responsabilidad civil de autom\u00f3viles en Manassas, Virginia, as\u00ed como su importancia, beneficios y conexi\u00f3n con las demandas por lesiones personales.","rank_math_focus_keyword":"lesiones personales","rank_math_canonical_url":"","footnotes":""},"class_list":["post-13675","page","type-page","status-publish","hentry"],"acf":[],"_links":{"self":[{"href":"https:\/\/www.theirvinglawfirm.com\/es\/wp-json\/wp\/v2\/pages\/13675","targetHints":{"allow":["GET"]}}],"collection":[{"href":"https:\/\/www.theirvinglawfirm.com\/es\/wp-json\/wp\/v2\/pages"}],"about":[{"href":"https:\/\/www.theirvinglawfirm.com\/es\/wp-json\/wp\/v2\/types\/page"}],"author":[{"embeddable":true,"href":"https:\/\/www.theirvinglawfirm.com\/es\/wp-json\/wp\/v2\/users\/3"}],"replies":[{"embeddable":true,"href":"https:\/\/www.theirvinglawfirm.com\/es\/wp-json\/wp\/v2\/comments?post=13675"}],"version-history":[{"count":0,"href":"https:\/\/www.theirvinglawfirm.com\/es\/wp-json\/wp\/v2\/pages\/13675\/revisions"}],"up":[{"embeddable":true,"href":"https:\/\/www.theirvinglawfirm.com\/es\/wp-json\/wp\/v2\/pages\/8218"}],"wp:attachment":[{"href":"https:\/\/www.theirvinglawfirm.com\/es\/wp-json\/wp\/v2\/media?parent=13675"}],"curies":[{"name":"wp","href":"https:\/\/api.w.org\/{rel}","templated":true}]}}