{"id":13655,"date":"2023-08-23T17:19:45","date_gmt":"2023-08-23T17:19:45","guid":{"rendered":"https:\/\/www.theirvinglawfirm.com\/?page_id=13655"},"modified":"2024-03-05T17:52:39","modified_gmt":"2024-03-05T17:52:39","slug":"que-es-el-seguro-de-riesgos-automoviles","status":"publish","type":"page","link":"https:\/\/www.theirvinglawfirm.com\/es\/areas-de-practica\/derecho-de-familia\/lesiones-personales\/que-es-el-seguro-de-riesgos-automoviles\/","title":{"rendered":"\u00bfQu\u00e9 Es El Seguro De Responsabilidad Civil De Autom\u00f3viles En Caso De Lesiones Personales?"},"content":{"rendered":"<p>Las lesiones personales pueden suceder a cualquiera, y es importante entender sus derechos y opciones si alguna vez est\u00e1 involucrado en un accidente. En Manassas, <a href=\"https:\/\/en.wikipedia.org\/wiki\/Virginia\" target=\"_blank\" rel=\"noopener\">Virginia<\/a>, seguro de responsabilidad civil de autom\u00f3viles es un aspecto crucial de las reclamaciones por lesiones personales. Este art\u00edculo explicar\u00e1 lo que el seguro de responsabilidad civil de autom\u00f3viles es, por qu\u00e9 es importante, y c\u00f3mo puede ayudar a aquellos que han sufrido lesiones en un accidente.<\/p>\n<p><img decoding=\"async\" class=\"aligncenter wp-image-13448 size-full\" src=\"https:\/\/www.theirvinglawfirm.com\/wp-content\/uploads\/2023\/08\/implicacion-casos-de-lesiones-personales-perspectivas-legales.jpg\" alt=\"Su Implicaci\u00f3n En Casos De Da\u00f1os Personales: Perspectivas Jur\u00eddicas\" width=\"100%\" height=\"800\" srcset=\"https:\/\/www.theirvinglawfirm.com\/wp-content\/uploads\/2023\/08\/implicacion-casos-de-lesiones-personales-perspectivas-legales-200x133.jpg 200w, https:\/\/www.theirvinglawfirm.com\/wp-content\/uploads\/2023\/08\/implicacion-casos-de-lesiones-personales-perspectivas-legales-300x200.jpg 300w, https:\/\/www.theirvinglawfirm.com\/wp-content\/uploads\/2023\/08\/implicacion-casos-de-lesiones-personales-perspectivas-legales-400x267.jpg 400w, https:\/\/www.theirvinglawfirm.com\/wp-content\/uploads\/2023\/08\/implicacion-casos-de-lesiones-personales-perspectivas-legales-600x400.jpg 600w, https:\/\/www.theirvinglawfirm.com\/wp-content\/uploads\/2023\/08\/implicacion-casos-de-lesiones-personales-perspectivas-legales-768x512.jpg 768w, https:\/\/www.theirvinglawfirm.com\/wp-content\/uploads\/2023\/08\/implicacion-casos-de-lesiones-personales-perspectivas-legales-800x533.jpg 800w, https:\/\/www.theirvinglawfirm.com\/wp-content\/uploads\/2023\/08\/implicacion-casos-de-lesiones-personales-perspectivas-legales-1024x683.jpg 1024w, https:\/\/www.theirvinglawfirm.com\/wp-content\/uploads\/2023\/08\/implicacion-casos-de-lesiones-personales-perspectivas-legales.jpg 1200w\" sizes=\"(max-width: 1200px) 100vw, 1200px\" \/><\/p>\n<h2>\u00bfQu\u00e9 Es El Seguro De Responsabilidad Civil De Autom\u00f3viles?<\/h2>\n<p>El seguro de responsabilidad civil de autom\u00f3viles es un tipo de seguro que proporciona cobertura en caso de que usted provoque un accidente que provoque lesiones, da\u00f1os o p\u00e9rdidas a otra persona o a sus bienes. Seg\u00fan el art\u00edculo <a href=\"https:\/\/law.lis.virginia.gov\/vacodefull\/title46.2\/chapter6\/article8\/#:~:text=149%2C%20193.-,%C2%A7%2046.2%2D706.,license%20plates%20for%20certain%20violations.\" target=\"_blank\" rel=\"noopener\">46.2-706 del C\u00f3digo de Virginia<\/a>, es obligatorio que todos los conductores tengan un seguro de responsabilidad civil para autom\u00f3viles.<\/p>\n<p>Este seguro de responsabilidad civil obligatorio significa que si usted se ve involucrado en un accidente y tiene la culpa, su compa\u00f1\u00eda de seguros ser\u00e1 responsable de pagar los da\u00f1os o lesiones que usted haya causado. Esto incluye da\u00f1os materiales y corporales.<\/p>\n<p>La cantidad m\u00ednima de cobertura de seguro requerida en Virginia es de $25,000 por persona por lesiones corporales, $50,000 por accidente por lesiones corporales y $20,000 por accidente por da\u00f1os a la propiedad. Sin embargo, es importante tener en cuenta que estos son s\u00f3lo los requisitos m\u00ednimos. Puedes adquirir cobertura adicional si quieres asegurarte de que est\u00e1s totalmente protegido en caso de accidente.<\/p>\n<h2>\u00bfPor Qu\u00e9 Es Importante El Seguro De Responsabilidad Civil De Autom\u00f3viles?<\/h2>\n<p>El seguro de responsabilidad civil del autom\u00f3vil es importante por varias razones. En primer lugar, es obligatorio en Virginia, por lo que si no lo tienes, podr\u00edas enfrentarte a consecuencias legales. En segundo lugar, te ayuda a protegerte econ\u00f3micamente en caso de que provoques un accidente. Sin seguro, usted ser\u00eda responsable de pagar de su bolsillo cualquier da\u00f1o o lesi\u00f3n, lo que podr\u00eda ser financieramente devastador.<\/p>\n<p>En tercer lugar, ayuda a proteger a otros conductores y sus bienes. Si provocas un accidente y no tienes seguro, es posible que el otro conductor tenga que pagar por sus da\u00f1os y lesiones, lo que no es justo ni equitativo. Para entender mejor este concepto, hable con un abogado de lesiones personales en Manassas, Virginia, para que le oriente y le aconseje.<\/p>\n<h2>\u00bfC\u00f3mo Puede Ayudar El Seguro De Responsabilidad Civil De Autom\u00f3viles A Las V\u00edctimas De Accidentes?<\/h2>\n<p><span style=\"font-weight: 400;\"><img decoding=\"async\" class=\"alignright wp-image-13226 size-full\" src=\"https:\/\/www.theirvinglawfirm.com\/wp-content\/uploads\/2023\/08\/implicacion-caso-de-lesiones-personales-aspectos-legales.jpg\" alt=\"Su Participaci\u00f3n En Un Caso De Lesiones Personales: Aspectos Legales\" width=\"300\" height=\"199\" srcset=\"https:\/\/www.theirvinglawfirm.com\/wp-content\/uploads\/2023\/08\/implicacion-caso-de-lesiones-personales-aspectos-legales-200x133.jpg 200w, https:\/\/www.theirvinglawfirm.com\/wp-content\/uploads\/2023\/08\/implicacion-caso-de-lesiones-personales-aspectos-legales.jpg 300w\" sizes=\"(max-width: 300px) 100vw, 300px\" \/><\/span><\/p>\n<p>Si usted ha sufrido lesiones en un accidente en Virginia, y el otro conductor tiene la culpa, su seguro de responsabilidad civil de autom\u00f3viles debe cubrir sus gastos m\u00e9dicos y otros da\u00f1os. Esto incluye salarios perdidos, dolor y sufrimiento, y otros gastos relacionados.<\/p>\n<p>Sin embargo, es importante tener en cuenta que las compa\u00f1\u00edas de seguros son empresas, y que a menudo est\u00e1n m\u00e1s interesados en su cuenta de resultados que en el pago de las reclamaciones. Esto significa que pueden intentar rechazar su reclamaci\u00f3n u ofrecerle una indemnizaci\u00f3n baja. Por eso necesita un abogado de lesiones personales que proteja sus intereses.<\/p>\n<p>Si tiene problemas para obtener la indemnizaci\u00f3n que merece de una compa\u00f1\u00eda de seguros, es importante que contrate a un <a href=\"https:\/\/www.theirvinglawfirm.com\/es\/derecho-de-familia\/lesiones-personales\/\">abogado especializado en lesiones personales<\/a>. Un abogado de lesiones personales puede ayudarle a navegar por el complejo sistema legal y luchar por sus derechos. Tambi\u00e9n puede negociar con la compa\u00f1\u00eda de seguros en su nombre y asegurarse de que recibe la indemnizaci\u00f3n que se merece.<\/p>\n<h2>Llame A The Irving Law Firm Hoy Para Comenzar Su Caso De Lesiones Personales<\/h2>\n<p><span style=\"font-weight: 400;\"><a href=\"https:\/\/www.theirvinglawfirm.com\/es\">The Irving Law Firm<\/a> <\/span>en Manassas, Virginia tiene una amplia experiencia en el tratamiento de seguros de responsabilidad civil de autom\u00f3viles y casos de lesiones personales. Sus galardonados abogados entienden las complejidades del sistema legal y las diversas leyes y reglamentos que rigen estos casos.<\/p>\n<p>Pueden proporcionarle una representaci\u00f3n legal de primera categor\u00eda que le ayudar\u00e1 a obtener la compensaci\u00f3n que se merece. Tambi\u00e9n le ayudar\u00e1n con todos los aspectos del caso, desde la presentaci\u00f3n de la reclamaci\u00f3n inicial hasta la negociaci\u00f3n con las compa\u00f1\u00edas de seguros y la presentaci\u00f3n ante los tribunales si es necesario.<\/p>\n<p>P\u00f3ngase en contacto con The Irving Law Firm hoy mismo para obtener m\u00e1s informaci\u00f3n sobre c\u00f3mo puede ayudarle con su seguro de responsabilidad civil de autom\u00f3viles y su caso de lesiones personales en Virginia.<\/p>\n<h2>Resumen<\/h2>\n<p>Las lesiones personales pueden suceder a cualquiera, y es importante entender sus derechos y opciones si alguna vez est\u00e1 involucrado en un accidente. En Virginia, el seguro de responsabilidad civil de autom\u00f3viles es obligatorio y crucial para las reclamaciones por lesiones personales. Proporciona cobertura en caso de que usted cause un accidente que resulte en lesiones, da\u00f1os o p\u00e9rdidas a otra persona o a su propiedad.<\/p>\n<p>Seg\u00fan las leyes de Virginia, debe tener una cobertura de seguro m\u00ednima de 25.000 d\u00f3lares por lesiones corporales, 50.000 d\u00f3lares por accidentes con lesiones corporales y 20.000 d\u00f3lares por accidentes con da\u00f1os a la propiedad. Si usted ha resultado herido en un accidente en Virginia, y el otro conductor es culpable, su seguro de responsabilidad civil del autom\u00f3vil debe cubrir sus gastos m\u00e9dicos y otros da\u00f1os.<\/p>\n<p>Supongamos que usted est\u00e1 teniendo problemas para obtener la compensaci\u00f3n que se merece, es importante contratar a un abogado de lesiones personales en The Irving Law Firm para luchar por sus derechos.<\/p>\n<p><a href=\"https:\/\/www.theirvinglawfirm.com\/es\/derecho-de-familia\/lesiones-personales\/que-es-el-seguro-de-pago-medico-medpay\/\">M\u00e1s Informaci\u00f3n Sobre Lesiones Personales &#8211; Haga Clic Aqu\u00ed<\/a><\/p>\n","protected":false},"excerpt":{"rendered":"<p>Las lesiones personales pueden suceder a cualquiera, y es importante  [&#8230;]<\/p>\n","protected":false},"author":3,"featured_media":0,"parent":8218,"menu_order":0,"comment_status":"closed","ping_status":"closed","template":"","meta":{"_analytify_skip_tracking":false,"rank_math_title":"Lesiones Personales - \u00bfQu\u00e9 Es El Seguro De Responsabilidad Civil De Autom\u00f3viles? | The Irving Law Firm","rank_math_description":"Obtenga informaci\u00f3n sobre el seguro de responsabilidad civil de autom\u00f3viles en Manassas, Virginia, as\u00ed como su importancia, beneficios y conexi\u00f3n con las indemnizaciones por lesiones personales.","rank_math_focus_keyword":"lesiones personales","rank_math_canonical_url":"","footnotes":""},"class_list":["post-13655","page","type-page","status-publish","hentry"],"acf":[],"_links":{"self":[{"href":"https:\/\/www.theirvinglawfirm.com\/es\/wp-json\/wp\/v2\/pages\/13655","targetHints":{"allow":["GET"]}}],"collection":[{"href":"https:\/\/www.theirvinglawfirm.com\/es\/wp-json\/wp\/v2\/pages"}],"about":[{"href":"https:\/\/www.theirvinglawfirm.com\/es\/wp-json\/wp\/v2\/types\/page"}],"author":[{"embeddable":true,"href":"https:\/\/www.theirvinglawfirm.com\/es\/wp-json\/wp\/v2\/users\/3"}],"replies":[{"embeddable":true,"href":"https:\/\/www.theirvinglawfirm.com\/es\/wp-json\/wp\/v2\/comments?post=13655"}],"version-history":[{"count":0,"href":"https:\/\/www.theirvinglawfirm.com\/es\/wp-json\/wp\/v2\/pages\/13655\/revisions"}],"up":[{"embeddable":true,"href":"https:\/\/www.theirvinglawfirm.com\/es\/wp-json\/wp\/v2\/pages\/8218"}],"wp:attachment":[{"href":"https:\/\/www.theirvinglawfirm.com\/es\/wp-json\/wp\/v2\/media?parent=13655"}],"curies":[{"name":"wp","href":"https:\/\/api.w.org\/{rel}","templated":true}]}}