{"id":13643,"date":"2023-08-23T17:20:08","date_gmt":"2023-08-23T17:20:08","guid":{"rendered":"https:\/\/www.theirvinglawfirm.com\/?page_id=13643"},"modified":"2024-02-29T03:50:32","modified_gmt":"2024-02-29T03:50:32","slug":"debe-utilizar-su-seguro-medico","status":"publish","type":"page","link":"https:\/\/www.theirvinglawfirm.com\/es\/debe-utilizar-su-seguro-medico\/","title":{"rendered":"\u00bfDebe Utilizar Su Seguro M\u00e9dico En Caso De Lesiones Personales?"},"content":{"rendered":"<p>Los accidentes con lesiones personales pueden ser experiencias traum\u00e1ticas y que cambian la vida. Si usted ha sido lesionado en un accidente en Manassas, <a href=\"https:\/\/es.wikipedia.org\/wiki\/Virginia\" target=\"_blank\" rel=\"noopener\">Virginia<\/a>, usted puede estar pregunt\u00e1ndose si debe utilizar su seguro m\u00e9dico para pagar los gastos m\u00e9dicos relacionados con el accidente. Este art\u00edculo le proporcionar\u00e1 informaci\u00f3n detallada sobre los pros y los contras de la utilizaci\u00f3n de su seguro m\u00e9dico en un caso de lesiones personales.<\/p>\n<p><img decoding=\"async\" class=\"aligncenter wp-image-13205 size-full\" src=\"https:\/\/www.theirvinglawfirm.com\/wp-content\/uploads\/2023\/08\/perspectiva-del-cliente-en-un-caso-de-lesiones-personales-implicaciones-legales.jpg\" alt=\"Perspectiva Del Cliente En Un Caso De Lesiones Personales: Implicaciones Jur\u00eddicas\" width=\"100%\" height=\"801\" srcset=\"https:\/\/www.theirvinglawfirm.com\/wp-content\/uploads\/2023\/08\/perspectiva-del-cliente-en-un-caso-de-lesiones-personales-implicaciones-legales-200x134.jpg 200w, https:\/\/www.theirvinglawfirm.com\/wp-content\/uploads\/2023\/08\/perspectiva-del-cliente-en-un-caso-de-lesiones-personales-implicaciones-legales-300x200.jpg 300w, https:\/\/www.theirvinglawfirm.com\/wp-content\/uploads\/2023\/08\/perspectiva-del-cliente-en-un-caso-de-lesiones-personales-implicaciones-legales-400x267.jpg 400w, https:\/\/www.theirvinglawfirm.com\/wp-content\/uploads\/2023\/08\/perspectiva-del-cliente-en-un-caso-de-lesiones-personales-implicaciones-legales-600x401.jpg 600w, https:\/\/www.theirvinglawfirm.com\/wp-content\/uploads\/2023\/08\/perspectiva-del-cliente-en-un-caso-de-lesiones-personales-implicaciones-legales-768x513.jpg 768w, https:\/\/www.theirvinglawfirm.com\/wp-content\/uploads\/2023\/08\/perspectiva-del-cliente-en-un-caso-de-lesiones-personales-implicaciones-legales-800x534.jpg 800w, https:\/\/www.theirvinglawfirm.com\/wp-content\/uploads\/2023\/08\/perspectiva-del-cliente-en-un-caso-de-lesiones-personales-implicaciones-legales-1024x684.jpg 1024w, https:\/\/www.theirvinglawfirm.com\/wp-content\/uploads\/2023\/08\/perspectiva-del-cliente-en-un-caso-de-lesiones-personales-implicaciones-legales.jpg 1200w\" sizes=\"(max-width: 1200px) 100vw, 1200px\" \/><\/p>\n<h2>Ventajas De Utilizar Su Seguro M\u00e9dico<\/h2>\n<p>Una de las principales ventajas de utilizar su seguro m\u00e9dico en un caso de lesiones personales es que puede recibir tratamiento m\u00e9dico de inmediato. Esto es especialmente importante si ha sufrido lesiones graves que requieren atenci\u00f3n m\u00e9dica inmediata. Al utilizar su seguro m\u00e9dico, puede evitar tener que esperar a un acuerdo o a una sentencia judicial para cubrir sus gastos m\u00e9dicos.<\/p>\n<p>Otra ventaja de utilizar su seguro m\u00e9dico es que puede ahorrarle dinero. Su proveedor de seguro m\u00e9dico ha negociado tarifas con los proveedores de atenci\u00f3n sanitaria, lo que significa que pueden cobrarle menos por el tratamiento m\u00e9dico que si pagara de su bolsillo. Adem\u00e1s, si tiene una franquicia elevada, utilizar su seguro m\u00e9dico puede ayudarle a alcanzarla m\u00e1s r\u00e1pidamente.<\/p>\n<h2>Desventajas De Utilizar Su Seguro M\u00e9dico<\/h2>\n<p>La principal desventaja de utilizar su seguro m\u00e9dico en un caso de lesiones personales es que es posible que tenga que devolver el dinero a su seguro m\u00e9dico si recibe una indemnizaci\u00f3n o una sentencia judicial. Esto se conoce como subrogaci\u00f3n, y significa que su seguro m\u00e9dico puede intentar recuperar el dinero que pag\u00f3 por su tratamiento m\u00e9dico del acuerdo o sentencia judicial.<\/p>\n<p>Otra posible desventaja de utilizar su seguro m\u00e9dico es que puede limitar la cantidad de dinero que puede recibir en un acuerdo o sentencia judicial. Esto se debe a que el importe de los da\u00f1os que puede recibir en un caso de lesiones personales se basa normalmente en el importe total de sus gastos m\u00e9dicos.<\/p>\n<p>Si utiliza su seguro m\u00e9dico para pagar su tratamiento m\u00e9dico, la cantidad aprobada puede ser inferior a la cantidad real que deber\u00eda recibir en un acuerdo o sentencia judicial. En consecuencia, podr\u00eda recibir una indemnizaci\u00f3n menor por las lesiones sufridas.<\/p>\n<p>Las primas de su seguro m\u00e9dico tambi\u00e9n podr\u00edan subir si las utiliza para cubrir el coste de su tratamiento m\u00e9dico relacionado con el accidente. Adem\u00e1s, es posible que su seguro m\u00e9dico no cubra todos los gastos asociados a su lesi\u00f3n, dej\u00e1ndole con gastos de su bolsillo.<\/p>\n<h2>\u00bfQu\u00e9 Debe Hacer?<\/h2>\n<p><span style=\"font-weight: 400;\"><img decoding=\"async\" class=\"alignleft wp-image-13412 size-full\" src=\"https:\/\/www.theirvinglawfirm.com\/wp-content\/uploads\/2023\/08\/su-parte-en-un-caso-de-lesiones-personales-hoja-de-camino-legal.jpg\" alt=\"Su Papel En Un Caso De Lesiones Personales: Hoja De Ruta Legal\" width=\"300\" height=\"200\" srcset=\"https:\/\/www.theirvinglawfirm.com\/wp-content\/uploads\/2023\/08\/su-parte-en-un-caso-de-lesiones-personales-hoja-de-camino-legal-200x133.jpg 200w, https:\/\/www.theirvinglawfirm.com\/wp-content\/uploads\/2023\/08\/su-parte-en-un-caso-de-lesiones-personales-hoja-de-camino-legal.jpg 300w\" sizes=\"(max-width: 300px) 100vw, 300px\" \/><\/span><\/p>\n<p>Si usted ha sido lesionado en un accidente de lesiones personales en Virginia, es importante consultar con un <a href=\"https:\/\/www.theirvinglawfirm.com\/es\/derecho-de-familia\/lesiones-personales\/\">abogado con experiencia en lesiones personales<\/a>. Su abogado puede ayudarle a navegar por el complejo proceso legal y determinar el mejor curso de acci\u00f3n para su caso.<\/p>\n<p>En algunos casos, puede ser m\u00e1s ventajoso utilizar su seguro m\u00e9dico, mientras que en otros casos puede ser mejor esperar a un acuerdo o sentencia judicial para cubrir sus gastos m\u00e9dicos. Su abogado puede ayudarle a sopesar los pros y los contras de cada opci\u00f3n y a tomar una decisi\u00f3n informada.<\/p>\n<h2><b>The Irving Law Firm Ofrece Apoyo En Su Caso De Lesiones Personales<\/b><\/h2>\n<p>Los abogados de lesiones personales de <a href=\"https:\/\/www.theirvinglawfirm.com\/es\">The Irving Law Firm<\/a> en Manassas, Virginia, pueden ayudarle con su problema legal. Tienen una amplia experiencia en el manejo de casos de lesiones personales y pueden proporcionarle la orientaci\u00f3n que necesita para tomar la decisi\u00f3n correcta para su situaci\u00f3n.<\/p>\n<p>Si usted ha sido herido en un accidente de auto, resbal\u00f3n y ca\u00edda, o cualquier otro tipo de accidente, su equipo puede ayudarle a navegar el proceso legal y luchar por la compensaci\u00f3n que se merece. P\u00f3ngase en contacto con ellos hoy para programar una consulta y discutir su caso.<\/p>\n<h2>Resumen<\/h2>\n<p>Utilizar su seguro m\u00e9dico en un caso de lesiones personales en Virginia tiene pros y contras. Si bien puede proporcionarle tratamiento m\u00e9dico inmediato y potencialmente ahorrarle dinero, tambi\u00e9n puede requerir que pague a su proveedor de seguro de salud y limitar la cantidad de dinero que puede recibir en un acuerdo o sentencia judicial.<\/p>\n<p>Si usted ha sido lesionado en un accidente de lesiones personales en Virginia, es importante consultar con un abogado con experiencia en lesiones personales para determinar el mejor curso de acci\u00f3n para su caso. Su abogado puede ayudarle a navegar el proceso legal y tomar decisiones informadas sobre su seguro de salud y tratamiento m\u00e9dico.<\/p>\n<p><a href=\"https:\/\/www.theirvinglawfirm.com\/es\/derecho-de-familia\/lesiones-personales\/que-es-el-seguro-de-riesgos-automoviles\/\">Para Convertirse En Un Experto En Lesiones Personales, Haga Clic Aqu\u00ed Para Leer Este Art\u00edculo<\/a><\/p>\n","protected":false},"excerpt":{"rendered":"<p>Los accidentes con lesiones personales pueden ser experiencias traum\u00e1ticas y  [&#8230;]<\/p>\n","protected":false},"author":3,"featured_media":0,"parent":0,"menu_order":0,"comment_status":"closed","ping_status":"closed","template":"","meta":{"_analytify_skip_tracking":false,"rank_math_title":"Lesiones Personales - \u00bfDebe Utilizar Su Propio Seguro M\u00e9dico? | The Irving Law Firm","rank_math_description":"Si usted ha estado en un accidente de lesiones personales en Manassas, Virginia, aprender acerca de los pros y los contras de la utilizaci\u00f3n de su seguro m\u00e9dico para pagar por ello.","rank_math_focus_keyword":"lesiones personales","rank_math_canonical_url":"","footnotes":""},"class_list":["post-13643","page","type-page","status-publish","hentry"],"acf":[],"_links":{"self":[{"href":"https:\/\/www.theirvinglawfirm.com\/es\/wp-json\/wp\/v2\/pages\/13643","targetHints":{"allow":["GET"]}}],"collection":[{"href":"https:\/\/www.theirvinglawfirm.com\/es\/wp-json\/wp\/v2\/pages"}],"about":[{"href":"https:\/\/www.theirvinglawfirm.com\/es\/wp-json\/wp\/v2\/types\/page"}],"author":[{"embeddable":true,"href":"https:\/\/www.theirvinglawfirm.com\/es\/wp-json\/wp\/v2\/users\/3"}],"replies":[{"embeddable":true,"href":"https:\/\/www.theirvinglawfirm.com\/es\/wp-json\/wp\/v2\/comments?post=13643"}],"version-history":[{"count":0,"href":"https:\/\/www.theirvinglawfirm.com\/es\/wp-json\/wp\/v2\/pages\/13643\/revisions"}],"wp:attachment":[{"href":"https:\/\/www.theirvinglawfirm.com\/es\/wp-json\/wp\/v2\/media?parent=13643"}],"curies":[{"name":"wp","href":"https:\/\/api.w.org\/{rel}","templated":true}]}}