{"id":13619,"date":"2023-08-23T17:20:53","date_gmt":"2023-08-23T17:20:53","guid":{"rendered":"https:\/\/www.theirvinglawfirm.com\/?page_id=13619"},"modified":"2024-03-05T17:50:05","modified_gmt":"2024-03-05T17:50:05","slug":"que-es-un-estatuto-de-limitaciones","status":"publish","type":"page","link":"https:\/\/www.theirvinglawfirm.com\/es\/areas-de-practica\/derecho-de-familia\/lesiones-personales\/que-es-un-estatuto-de-limitaciones\/","title":{"rendered":"\u00bfQu\u00e9 Es El Estatuto De Limitaciones En Un Caso De Lesiones Personales?"},"content":{"rendered":"<p>Los casos de lesiones personales pueden dar lugar a importantes p\u00e9rdidas econ\u00f3micas y emocionales para la persona lesionada y su familia. En <a href=\"https:\/\/es.wikipedia.org\/wiki\/Virginia\" target=\"_blank\" rel=\"noopener\">Virginia<\/a>, la ley impone un plazo para hacer valer los derechos en una posible demanda legal por lesiones personales que se conoce como el estatuto de limitaciones.<\/p>\n<p>Comprender el estatuto de limitaciones es esencial para las negociaciones de acuerdos de lesiones personales y para llevar un caso de lesiones a los tribunales. Este art\u00edculo explicar\u00e1 qu\u00e9 es un estatuto de limitaciones y c\u00f3mo se aplica a los casos de lesiones personales en Virginia.<\/p>\n<p><img decoding=\"async\" class=\"aligncenter wp-image-13186 size-full\" src=\"https:\/\/www.theirvinglawfirm.com\/wp-content\/uploads\/2023\/08\/entendiendo-su-participacion-en-un-caso-de-lesiones-personales.jpg\" alt=\"Comprender Su Participaci\u00f3n En Un Caso De Lesiones Personales\" width=\"100%\" height=\"800\" srcset=\"https:\/\/www.theirvinglawfirm.com\/wp-content\/uploads\/2023\/08\/entendiendo-su-participacion-en-un-caso-de-lesiones-personales-200x133.jpg 200w, https:\/\/www.theirvinglawfirm.com\/wp-content\/uploads\/2023\/08\/entendiendo-su-participacion-en-un-caso-de-lesiones-personales-300x200.jpg 300w, https:\/\/www.theirvinglawfirm.com\/wp-content\/uploads\/2023\/08\/entendiendo-su-participacion-en-un-caso-de-lesiones-personales-400x267.jpg 400w, https:\/\/www.theirvinglawfirm.com\/wp-content\/uploads\/2023\/08\/entendiendo-su-participacion-en-un-caso-de-lesiones-personales-600x400.jpg 600w, https:\/\/www.theirvinglawfirm.com\/wp-content\/uploads\/2023\/08\/entendiendo-su-participacion-en-un-caso-de-lesiones-personales-768x512.jpg 768w, https:\/\/www.theirvinglawfirm.com\/wp-content\/uploads\/2023\/08\/entendiendo-su-participacion-en-un-caso-de-lesiones-personales-800x533.jpg 800w, https:\/\/www.theirvinglawfirm.com\/wp-content\/uploads\/2023\/08\/entendiendo-su-participacion-en-un-caso-de-lesiones-personales-1024x683.jpg 1024w, https:\/\/www.theirvinglawfirm.com\/wp-content\/uploads\/2023\/08\/entendiendo-su-participacion-en-un-caso-de-lesiones-personales.jpg 1200w\" sizes=\"(max-width: 1200px) 100vw, 1200px\" \/><\/p>\n<h2>Estatuto De Limitaciones: \u00bfQu\u00e9 Es?<\/h2>\n<p>Un estatuto de limitaciones es una ley que establece un plazo para presentar una demanda. Las limitaciones se establecen para fijar un plazo razonable para hacer valer los derechos legales. As\u00ed, esos derechos no pueden hacerse valer m\u00e1s all\u00e1 de su l\u00edmite temporal para no crear una situaci\u00f3n injusta para los posibles responsables legales.<\/p>\n<p>La legislatura de cada estado establece las limitaciones para las acciones interpuestas en ese estado, y se aplican normas especiales a las demandas por lesiones personales contra el Estado de Virginia o un municipio de Virginia.<\/p>\n<h2>Estatuto De Limitaciones Para Casos De Lesiones Personales En Virginia<\/h2>\n<p>En Manassas, Virginia, el <a href=\"https:\/\/solodinero.com\/que-es-el-estatuto-de-limitaciones-y-por-que-es-importante-que-lo-conozca-un-moroso\/\" target=\"_blank\" rel=\"noopener\">estatuto de limitaciones<\/a> para los casos de lesiones personales establece un plazo de dos a\u00f1os para presentar una demanda para casi todos los tipos de casos de lesiones personales, a partir de la fecha del accidente. Si no se cumple el plazo, el tribunal desestimar\u00e1 sumariamente el caso.<\/p>\n<p>Hay excepciones al plazo de presentaci\u00f3n, como si la persona lesionada es menor de 18 a\u00f1os, est\u00e1 incapacitada o el demandado obstaculiz\u00f3 la presentaci\u00f3n de la demanda. Tambi\u00e9n es posible que se aplique m\u00e1s de un plazo de prescripci\u00f3n a un caso de lesiones que d\u00e9 lugar a m\u00faltiples reclamaciones.<\/p>\n<h2>Excepciones Al Estatuto De Limitaciones<\/h2>\n<p>Las excepciones al estatuto de limitaciones se limitan a las lesiones sufridas por menores o personas mentalmente incapacitadas. En algunos casos, el plazo de prescripci\u00f3n puede ampliarse si la persona lesionada no descubri\u00f3 la lesi\u00f3n hasta m\u00e1s tarde o si el demandado ocult\u00f3 la lesi\u00f3n. Sin embargo, es esencial consultar con un abogado con experiencia en lesiones personales para determinar si una excepci\u00f3n se aplica a su caso.<\/p>\n<h2>\u00bfPor Qu\u00e9 Es Importante El Estatuto De Limitaciones?<\/h2>\n<p>El prop\u00f3sito del estatuto de limitaciones es prevenir reclamaciones fraudulentas y anquilosadas, evitar problemas con las pruebas y proteger a los demandados. Si se le pasa el plazo, no recibir\u00e1 ninguna indemnizaci\u00f3n por sus lesiones o da\u00f1os materiales. Por lo tanto, es esencial actuar con rapidez y consultar con un <a href=\"https:\/\/www.theirvinglawfirm.com\/es\/derecho-de-familia\/lesiones-personales\/\">abogado con experiencia en lesiones personales<\/a> para determinar si usted tiene una reclamaci\u00f3n legal v\u00e1lida.<\/p>\n<h2>Obtenga Ayuda Legal En The Irving Law Firm<\/h2>\n<p><span style=\"font-weight: 400;\"><img decoding=\"async\" class=\"wp-image-13119 size-full alignright\" src=\"https:\/\/www.theirvinglawfirm.com\/wp-content\/uploads\/2023\/08\/defensa-criminal-navegando-crimenes-graves-virginia.jpg\" alt=\"Navegando Por Las Penas De Delitos Graves De Virginia: Perspectiva De La Defensa Penal\" width=\"300\" height=\"200\" srcset=\"https:\/\/www.theirvinglawfirm.com\/wp-content\/uploads\/2023\/08\/defensa-criminal-navegando-crimenes-graves-virginia-200x133.jpg 200w, https:\/\/www.theirvinglawfirm.com\/wp-content\/uploads\/2023\/08\/defensa-criminal-navegando-crimenes-graves-virginia.jpg 300w\" sizes=\"(max-width: 300px) 100vw, 300px\" \/><\/span><\/p>\n<p>Si necesita ayuda legal llame a The Irving Law en Manassas, Virginia hoy. Ofrece una amplia gama de servicios para ayudar a los clientes con sus casos de lesiones personales. Sus galardonados abogados entienden el impacto de los casos en la vida de sus clientes. As\u00ed que se esfuerzan por asegurarse de que sus clientes se sientan apoyados y protegidos al m\u00e1ximo.<\/p>\n<p>Los abogados de <a href=\"https:\/\/www.theirvinglawfirm.com\/es\">The Irving Law Firm<\/a> luchar\u00e1n por los derechos de sus clientes y utilizar\u00e1n su experiencia y recursos para ayudar a sus clientes en todo lo que puedan. Pueden ayudarle con los documentos y el papeleo y asegurarse de presentar los formularios necesarios a tiempo. Todo lo que quieren hacer es ayudar a sus clientes, especialmente en este momento dif\u00edcil de sus vidas.<\/p>\n<p>Adem\u00e1s, le explicar\u00e1n el proceso paso a paso y le dir\u00e1n qu\u00e9 puede esperar. De este modo, no tendr\u00e1 que preocuparse por nada y podr\u00e1 centrarse en su recuperaci\u00f3n. As\u00ed que p\u00f3ngase en contacto con ellos ahora para hablar con estos abogados galardonados para asegurar un resultado positivo para su caso.<\/p>\n<h2>Resumen<\/h2>\n<p>Entender el estatuto de limitaciones es esencial para las negociaciones de acuerdos de lesiones personales y llevar un caso de lesiones a los tribunales. En Virginia, el plazo de limitaci\u00f3n para las demandas por lesiones personales es de dos a\u00f1os a partir de la fecha de la lesi\u00f3n. Las excepciones a la limitaci\u00f3n se limitan a lesiones a menores o personas mentalmente incapacitadas.<\/p>\n<p>Tambi\u00e9n es posible que se aplique m\u00e1s de un estatuto de limitaciones a un caso de lesiones que d\u00e9 lugar a m\u00faltiples reclamaciones. Si usted ha sufrido una lesi\u00f3n personal o da\u00f1os a la propiedad, es esencial actuar con rapidez y consultar con un abogado con experiencia en lesiones personales para determinar si usted tiene una reclamaci\u00f3n legal v\u00e1lida dentro del estatuto de limitaciones aplicable.<\/p>\n<p><a href=\"https:\/\/www.theirvinglawfirm.com\/es\/derecho-de-familia\/lesiones-personales\/debe-utilizar-su-seguro-medico\/\">Haga Clic Aqu\u00ed Para Acceder A Recursos Sobre Lesiones Personales<\/a><\/p>\n","protected":false},"excerpt":{"rendered":"<p>Los casos de lesiones personales pueden dar lugar a importantes  [&#8230;]<\/p>\n","protected":false},"author":3,"featured_media":0,"parent":8218,"menu_order":0,"comment_status":"closed","ping_status":"closed","template":"","meta":{"_analytify_skip_tracking":false,"rank_math_title":"Lesiones Personales - \u00bfQu\u00e9 Es Un Estatuto De Limitaciones? | The Irving Law Firm","rank_math_description":"Aprenda m\u00e1s sobre el estatuto de limitaciones en Manassas, Virginia, sus excepciones, as\u00ed como por qu\u00e9 es importante en los casos de lesiones personales.","rank_math_focus_keyword":"lesiones personales","rank_math_canonical_url":"","footnotes":""},"class_list":["post-13619","page","type-page","status-publish","hentry"],"acf":[],"_links":{"self":[{"href":"https:\/\/www.theirvinglawfirm.com\/es\/wp-json\/wp\/v2\/pages\/13619","targetHints":{"allow":["GET"]}}],"collection":[{"href":"https:\/\/www.theirvinglawfirm.com\/es\/wp-json\/wp\/v2\/pages"}],"about":[{"href":"https:\/\/www.theirvinglawfirm.com\/es\/wp-json\/wp\/v2\/types\/page"}],"author":[{"embeddable":true,"href":"https:\/\/www.theirvinglawfirm.com\/es\/wp-json\/wp\/v2\/users\/3"}],"replies":[{"embeddable":true,"href":"https:\/\/www.theirvinglawfirm.com\/es\/wp-json\/wp\/v2\/comments?post=13619"}],"version-history":[{"count":0,"href":"https:\/\/www.theirvinglawfirm.com\/es\/wp-json\/wp\/v2\/pages\/13619\/revisions"}],"up":[{"embeddable":true,"href":"https:\/\/www.theirvinglawfirm.com\/es\/wp-json\/wp\/v2\/pages\/8218"}],"wp:attachment":[{"href":"https:\/\/www.theirvinglawfirm.com\/es\/wp-json\/wp\/v2\/media?parent=13619"}],"curies":[{"name":"wp","href":"https:\/\/api.w.org\/{rel}","templated":true}]}}