{"id":13579,"date":"2023-08-23T17:21:17","date_gmt":"2023-08-23T17:21:17","guid":{"rendered":"https:\/\/www.theirvinglawfirm.com\/?page_id=13579"},"modified":"2024-03-06T00:45:39","modified_gmt":"2024-03-06T00:45:39","slug":"valor-de-las-indemnizaciones-directrices-adicionales","status":"publish","type":"page","link":"https:\/\/www.theirvinglawfirm.com\/es\/valor-de-las-indemnizaciones-directrices-adicionales\/","title":{"rendered":"Lesiones Personales &#8211; \u00bfQu\u00e9 Son Las Directrices Adicionales Sobre El Valor De La Reclamaci\u00f3n?"},"content":{"rendered":"<p>Los casos de lesiones personales pueden ser complejos. Por lo tanto, es esencial entender el proceso de pago de una demanda por lesiones personales en Manassas, <a href=\"https:\/\/es.wikipedia.org\/wiki\/Virginia\" target=\"_blank\" rel=\"noopener\">Virginia<\/a>. El estado tiene pautas espec\u00edficas del valor de la demanda que se deben seguir al pagar una demanda por lesiones personales.<\/p>\n<p>Es vital contratar a un abogado de lesiones personales para ayudarle a navegar a trav\u00e9s del proceso. Este articulo discute reclamos de lesiones personales, el proceso de pago, las pautas de Virginia a seguir cuando se paga un reclamo, y como The Irving Law Firm puede ayudarle.<\/p>\n<p><img decoding=\"async\" class=\"aligncenter wp-image-13585 size-full\" src=\"https:\/\/www.theirvinglawfirm.com\/wp-content\/uploads\/2023\/08\/obligaciones-del-cliente-en-litigios-por-danos-personales-hoja-de-camino-legal.jpg\" alt=\"Obligaciones Del Cliente En Los Litigios Por Da\u00f1os Personales: Hoja De Ruta Legal\" width=\"100%\" height=\"801\" srcset=\"https:\/\/www.theirvinglawfirm.com\/wp-content\/uploads\/2023\/08\/obligaciones-del-cliente-en-litigios-por-danos-personales-hoja-de-camino-legal-200x134.jpg 200w, https:\/\/www.theirvinglawfirm.com\/wp-content\/uploads\/2023\/08\/obligaciones-del-cliente-en-litigios-por-danos-personales-hoja-de-camino-legal-300x200.jpg 300w, https:\/\/www.theirvinglawfirm.com\/wp-content\/uploads\/2023\/08\/obligaciones-del-cliente-en-litigios-por-danos-personales-hoja-de-camino-legal-400x267.jpg 400w, https:\/\/www.theirvinglawfirm.com\/wp-content\/uploads\/2023\/08\/obligaciones-del-cliente-en-litigios-por-danos-personales-hoja-de-camino-legal-600x401.jpg 600w, https:\/\/www.theirvinglawfirm.com\/wp-content\/uploads\/2023\/08\/obligaciones-del-cliente-en-litigios-por-danos-personales-hoja-de-camino-legal-768x513.jpg 768w, https:\/\/www.theirvinglawfirm.com\/wp-content\/uploads\/2023\/08\/obligaciones-del-cliente-en-litigios-por-danos-personales-hoja-de-camino-legal-800x534.jpg 800w, https:\/\/www.theirvinglawfirm.com\/wp-content\/uploads\/2023\/08\/obligaciones-del-cliente-en-litigios-por-danos-personales-hoja-de-camino-legal-1024x684.jpg 1024w, https:\/\/www.theirvinglawfirm.com\/wp-content\/uploads\/2023\/08\/obligaciones-del-cliente-en-litigios-por-danos-personales-hoja-de-camino-legal.jpg 1200w\" sizes=\"(max-width: 1200px) 100vw, 1200px\" \/><\/p>\n<h2>\u00bfQu\u00e9 Son Las Demandas Por Lesiones Personales En Virginia?<\/h2>\n<p>En Virginia, la ley de negligencia rige las demandas por lesiones personales. Se habla de negligencia cuando una persona o entidad no pone en pr\u00e1ctica medidas de seguridad y causa da\u00f1os a otra persona. Si alguien resulta herido debido a la negligencia de otra persona, la v\u00edctima tiene derecho a solicitar una indemnizaci\u00f3n por los da\u00f1os sufridos.<\/p>\n<p>Una persona puede presentar una demanda por lesiones personales contra la parte responsable para obtener una indemnizaci\u00f3n por sus p\u00e9rdidas. Los da\u00f1os pueden incluir gastos m\u00e9dicos, salarios perdidos y dolor y sufrimiento.<\/p>\n<p>En Virginia, el plazo de prescripci\u00f3n para los casos de lesiones personales es de dos a\u00f1os a partir de la fecha del accidente. Esto significa que una persona debe presentar la reclamaci\u00f3n en el plazo de dos a\u00f1os; de lo contrario, es posible que no pueda recuperar ninguna indemnizaci\u00f3n por da\u00f1os y perjuicios. Es importante contratar a un abogado de lesiones personales tan pronto como sea posible despu\u00e9s del accidente para asegurarse de que la reclamaci\u00f3n se presente dentro del plazo de prescripci\u00f3n.<\/p>\n<h3>El Proceso De Pago De Una Indemnizaci\u00f3n Por Lesiones Personales<\/h3>\n<p><span style=\"font-weight: 400;\"><img decoding=\"async\" class=\"alignright wp-image-13188 size-full\" src=\"https:\/\/www.theirvinglawfirm.com\/wp-content\/uploads\/2023\/08\/rol-lesion-personal-demanda-proceso-legal.jpg\" alt=\"Su Papel En Una Demanda Por Lesiones Personales: Perspectivas Del Proceso Legal\" width=\"300\" height=\"200\" srcset=\"https:\/\/www.theirvinglawfirm.com\/wp-content\/uploads\/2023\/08\/rol-lesion-personal-demanda-proceso-legal-200x133.jpg 200w, https:\/\/www.theirvinglawfirm.com\/wp-content\/uploads\/2023\/08\/rol-lesion-personal-demanda-proceso-legal.jpg 300w\" sizes=\"(max-width: 300px) 100vw, 300px\" \/><\/span><\/p>\n<p>Cuando una persona est\u00e1 pagando una demanda por lesiones personales en Virginia, debe seguir ciertas pautas. La primera pauta es determinar qui\u00e9n tiene la culpa de la lesi\u00f3n. Virginia es un estado de negligencia contributiva, lo que significa que si la v\u00edctima se encuentra que han contribuido al accidente de alguna manera, no pueden ser capaces de recuperar los da\u00f1os. Esto es diferente de la negligencia comparativa, que se utiliza en muchos otros estados y permite a la v\u00edctima para recuperar los da\u00f1os, incluso si estaban en parte culpable del accidente.<\/p>\n<p>Una vez determinada la culpa, la persona que paga la reclamaci\u00f3n debe determinar la cuant\u00eda de la indemnizaci\u00f3n a la que tiene derecho la v\u00edctima. Para determinar la cuant\u00eda de la indemnizaci\u00f3n se tienen en cuenta varios factores, como la gravedad de la lesi\u00f3n, las facturas m\u00e9dicas, los salarios perdidos y el dolor y sufrimiento de la v\u00edctima.<\/p>\n<p>El proceso de pago de una indemnizaci\u00f3n por lesiones personales en Virginia comienza con la presentaci\u00f3n de una reclamaci\u00f3n a la parte responsable o a su compa\u00f1\u00eda de seguros. La compa\u00f1\u00eda de seguros investigar\u00e1 la reclamaci\u00f3n y determinar\u00e1 los da\u00f1os que deben pagarse. El caso puede llegar a los tribunales si las partes no llegan a un acuerdo. Y, si el tribunal favorece al demandante, la compa\u00f1\u00eda de seguros de la parte responsable deber\u00e1 pagar los da\u00f1os concedidos.<\/p>\n<h3>Directrices Adicionales Para El Pago De Reclamaciones De Valor En Virginia<\/h3>\n<p>Si la reclamaci\u00f3n asciende a una cantidad significativa de dinero, existen directrices adicionales que deben seguirse. En Virginia, si la indemnizaci\u00f3n supera los 25.000 d\u00f3lares, la persona que paga la indemnizaci\u00f3n puede obtener un descargo por escrito de la v\u00edctima. Este descargo establece que la v\u00edctima acepta la indemnizaci\u00f3n a cambio de eximir a la persona que paga la reclamaci\u00f3n de cualquier otra responsabilidad. La exoneraci\u00f3n debe estar firmada por la v\u00edctima y certificada ante notario.<\/p>\n<p>Adem\u00e1s de la exoneraci\u00f3n por escrito, la persona que paga la indemnizaci\u00f3n tambi\u00e9n debe asegurarse de que se satisface cualquier derecho de retenci\u00f3n o subrogaci\u00f3n m\u00e9dica. Los embargos preventivos se producen cuando un proveedor de asistencia sanitaria tiene derecho a cobrar de la indemnizaci\u00f3n de la v\u00edctima, mientras que los intereses de subrogaci\u00f3n se producen cuando una compa\u00f1\u00eda de seguros tiene derecho a que se le reembolse la cantidad que pag\u00f3 por las facturas m\u00e9dicas de la v\u00edctima.<\/p>\n<p>Si la persona que paga la indemnizaci\u00f3n no satisface los grav\u00e1menes m\u00e9dicos o los intereses de subrogaci\u00f3n, puede ser considerada responsable de la cantidad pendiente. Por eso es importante asegurarse de que se satisfacen todos estos intereses antes de pagar la reclamaci\u00f3n.<\/p>\n<p>En algunos casos, la persona que paga la indemnizaci\u00f3n tambi\u00e9n puede obtener un acuerdo estructurado. Una indemnizaci\u00f3n estructurada es un acuerdo financiero por el que la v\u00edctima recibe su indemnizaci\u00f3n en pagos peri\u00f3dicos en lugar de una cantidad a tanto alzado. Suele utilizarse en casos en los que la v\u00edctima ha sufrido una lesi\u00f3n catastr\u00f3fica y necesitar\u00e1 atenci\u00f3n m\u00e9dica continua.<\/p>\n<h2>Apoyo Legal De The Irving Law Firm<\/h2>\n<p>Si usted o un ser querido ha sufrido una lesi\u00f3n personal en Virginia, es esencial contratar a un <a href=\"https:\/\/www.theirvinglawfirm.com\/es\/derecho-de-familia\/lesiones-personales\/\">abogado con experiencia en lesiones personales<\/a>. Los abogados de The Irving Law Firm tienen a\u00f1os de experiencia en el manejo de casos de lesiones personales y pueden ayudarle a navegar a trav\u00e9s del complejo sistema legal.<\/p>\n<p>Discuta su caso con un abogado de lesiones personales y determinar el mejor curso de acci\u00f3n. Ellos trabajan con base a honorarios de contingencia, lo que significa que usted no paga honorarios de abogado a menos que recuperen una indemnizaci\u00f3n para usted. P\u00f3ngase en contacto con ellos ahora para tener la tranquilidad de saber que su caso est\u00e1 en buenas manos.<\/p>\n<h2>Resumen<\/h2>\n<p>Pagar una reclamaci\u00f3n por lesiones personales en Virginia puede ser un proceso complejo, especialmente si la reclamaci\u00f3n vale una cantidad significativa de dinero. Si usted est\u00e1 pagando una reclamaci\u00f3n, es importante seguir todas las directrices y asegurarse de que cualquier gravamen m\u00e9dico o intereses de subrogaci\u00f3n est\u00e1n satisfechos. Al hacerlo, puede evitar cualquier problema legal potencial.<\/p>\n<p>La contrataci\u00f3n de un abogado de lesiones personales en Manassas, Virginia es crucial para asegurar que los derechos del demandante est\u00e1n protegidos y que reciben la compensaci\u00f3n que merecen. Los abogados de <a href=\"https:\/\/www.theirvinglawfirm.com\/es\">The Irving Law Firm<\/a> tienen la experiencia y el conocimiento para ayudarle a navegar a trav\u00e9s del complejo sistema legal y recuperar la compensaci\u00f3n a la que tienen derecho.<\/p>\n<p><a href=\"https:\/\/www.theirvinglawfirm.com\/es\/derecho-de-familia\/lesiones-personales\/que-es-un-estatuto-de-limitaciones\/\">Para Obtener Informaci\u00f3n Completa Sobre Lesiones Personales, Haga Clic Aqu\u00ed<\/a><\/p>\n","protected":false},"excerpt":{"rendered":"<p>Los casos de lesiones personales pueden ser complejos. Por lo  [&#8230;]<\/p>\n","protected":false},"author":3,"featured_media":0,"parent":0,"menu_order":0,"comment_status":"closed","ping_status":"closed","template":"","meta":{"_analytify_skip_tracking":false,"rank_math_title":"Lesiones Personales - Directrices Adicionales Para El Pago De Indemnizaciones | The Irving Law Firm","rank_math_description":"Aprenda acerca de las indemnizaciones por lesiones personales, el proceso de pago de las mismas, y las directrices adicionales a seguir al pagar el valor de la indemnizaci\u00f3n en Manassas, Virginia.","rank_math_focus_keyword":"lesiones personales","rank_math_canonical_url":"","footnotes":""},"class_list":["post-13579","page","type-page","status-publish","hentry"],"acf":[],"_links":{"self":[{"href":"https:\/\/www.theirvinglawfirm.com\/es\/wp-json\/wp\/v2\/pages\/13579","targetHints":{"allow":["GET"]}}],"collection":[{"href":"https:\/\/www.theirvinglawfirm.com\/es\/wp-json\/wp\/v2\/pages"}],"about":[{"href":"https:\/\/www.theirvinglawfirm.com\/es\/wp-json\/wp\/v2\/types\/page"}],"author":[{"embeddable":true,"href":"https:\/\/www.theirvinglawfirm.com\/es\/wp-json\/wp\/v2\/users\/3"}],"replies":[{"embeddable":true,"href":"https:\/\/www.theirvinglawfirm.com\/es\/wp-json\/wp\/v2\/comments?post=13579"}],"version-history":[{"count":0,"href":"https:\/\/www.theirvinglawfirm.com\/es\/wp-json\/wp\/v2\/pages\/13579\/revisions"}],"wp:attachment":[{"href":"https:\/\/www.theirvinglawfirm.com\/es\/wp-json\/wp\/v2\/media?parent=13579"}],"curies":[{"name":"wp","href":"https:\/\/api.w.org\/{rel}","templated":true}]}}