{"id":13553,"date":"2023-08-22T19:52:17","date_gmt":"2023-08-22T19:52:17","guid":{"rendered":"https:\/\/www.theirvinglawfirm.com\/?page_id=13553"},"modified":"2024-03-05T17:55:08","modified_gmt":"2024-03-05T17:55:08","slug":"tendra-su-caso-un-juicio-en-tribunales","status":"publish","type":"page","link":"https:\/\/www.theirvinglawfirm.com\/es\/areas-de-practica\/derecho-de-familia\/lesiones-personales\/tendra-su-caso-un-juicio-en-tribunales\/","title":{"rendered":"\u00bfTendr\u00e1 Su Caso De Lesiones Personales Un Juicio En Los Tribunales?"},"content":{"rendered":"<p>Las demandas por lesiones personales en Manassas, Virginia normalmente implican un proceso legal complejo que puede ser confuso para aquellos que no est\u00e1n familiarizados con \u00e9l. Una pregunta que muchas personas tienen es si su caso de lesiones personales ser\u00e1 llevado a juicio en la corte.<\/p>\n<p>La respuesta a esta pregunta depende de varios factores, incluyendo el tipo de caso, la gravedad de las lesiones y la estrategia legal empleada por ambas partes. En primer lugar, es esencial entender lo que constituye un caso de lesiones personales en Virginia.<\/p>\n<p><img decoding=\"async\" class=\"aligncenter wp-image-13556 size-full\" src=\"https:\/\/www.theirvinglawfirm.com\/wp-content\/uploads\/2023\/08\/implicacion-del-cliente-en-casos-de-lesiones-personales-opiniones-legales.jpg\" alt=\"Participaci\u00f3n Del Cliente En Casos De Lesiones Personales: Perspectivas Jur\u00eddicas\" width=\"100%\" height=\"801\" srcset=\"https:\/\/www.theirvinglawfirm.com\/wp-content\/uploads\/2023\/08\/implicacion-del-cliente-en-casos-de-lesiones-personales-opiniones-legales-200x134.jpg 200w, https:\/\/www.theirvinglawfirm.com\/wp-content\/uploads\/2023\/08\/implicacion-del-cliente-en-casos-de-lesiones-personales-opiniones-legales-300x200.jpg 300w, https:\/\/www.theirvinglawfirm.com\/wp-content\/uploads\/2023\/08\/implicacion-del-cliente-en-casos-de-lesiones-personales-opiniones-legales-400x267.jpg 400w, https:\/\/www.theirvinglawfirm.com\/wp-content\/uploads\/2023\/08\/implicacion-del-cliente-en-casos-de-lesiones-personales-opiniones-legales-600x401.jpg 600w, https:\/\/www.theirvinglawfirm.com\/wp-content\/uploads\/2023\/08\/implicacion-del-cliente-en-casos-de-lesiones-personales-opiniones-legales-768x513.jpg 768w, https:\/\/www.theirvinglawfirm.com\/wp-content\/uploads\/2023\/08\/implicacion-del-cliente-en-casos-de-lesiones-personales-opiniones-legales-800x534.jpg 800w, https:\/\/www.theirvinglawfirm.com\/wp-content\/uploads\/2023\/08\/implicacion-del-cliente-en-casos-de-lesiones-personales-opiniones-legales-1024x684.jpg 1024w, https:\/\/www.theirvinglawfirm.com\/wp-content\/uploads\/2023\/08\/implicacion-del-cliente-en-casos-de-lesiones-personales-opiniones-legales.jpg 1200w\" sizes=\"(max-width: 1200px) 100vw, 1200px\" \/><\/p>\n<h2>\u00bfQu\u00e9 Constituye Un Caso De Lesiones Personales?<\/h2>\n<p>Lesiones personales se refiere a cualquier da\u00f1o o lesi\u00f3n sufrida por un individuo debido a la negligencia de otra persona o entidad. Esto puede incluir accidentes automovil\u00edsticos, incidentes de resbalones y ca\u00eddas, negligencia m\u00e9dica y casos de <a href=\"https:\/\/vlex.com.co\/vid\/responsabilidad-producto-defectuoso-396719774\" target=\"_blank\" rel=\"noopener\">responsabilidad por productos defectuosos<\/a>, entre otros.<\/p>\n<p>Si ha sufrido lesiones debido a la negligencia de otra persona, tiene derecho a reclamar una indemnizaci\u00f3n por los da\u00f1os sufridos. Esta indemnizaci\u00f3n puede incluir facturas m\u00e9dicas, salarios perdidos y dolor y sufrimiento. En Virginia, las demandas por lesiones personales suelen resolverse mediante una negociaci\u00f3n o un litigio.<\/p>\n<p>En algunos casos, las demandas por lesiones personales se resuelven fuera de los tribunales a trav\u00e9s de una negociaci\u00f3n. Este proceso implica que ambas partes y sus abogados discutan los detalles del caso y negocien un acuerdo justo. La negociaci\u00f3n del acuerdo puede tener lugar en cualquier momento durante el proceso legal, incluso antes o despu\u00e9s de presentar una demanda.<\/p>\n<p>Si las partes no consiguen llegar a un acuerdo, el caso puede ir a juicio. En Virginia, los casos de lesiones personales pueden ser vistos en un tribunal de distrito general, un tribunal de circuito o un tribunal federal. El tribunal en el que se vea su caso depender\u00e1 de varios factores, incluida la cuant\u00eda de la indemnizaci\u00f3n solicitada y el tipo de caso.<\/p>\n<h2>Razones Por Las Que Los Casos De Lesiones Personales Van A Juicio<\/h2>\n<p>La gravedad de los da\u00f1os es uno de los factores importantes a tener en cuenta. Si los da\u00f1os son graves, es m\u00e1s probable que el caso vaya a juicio. Esto se debe a que es m\u00e1s lo que est\u00e1 en juego, y es m\u00e1s probable que el demandado o su compa\u00f1\u00eda de seguros intenten rebajar la oferta de acuerdo. Otras razones son:<\/p>\n<ul>\n<li style=\"font-weight: 400;\" aria-level=\"1\">La compa\u00f1\u00eda de seguros deniega la reclamaci\u00f3n u ofrece una indemnizaci\u00f3n baja.<\/li>\n<li style=\"font-weight: 400;\" aria-level=\"1\">La parte culpable no tiene seguro.<\/li>\n<li style=\"font-weight: 400;\" aria-level=\"1\"><span style=\"font-weight: 400;\">La parte culpable niega su responsabilidad.<\/span><\/li>\n<li style=\"font-weight: 400;\" aria-level=\"1\"><span style=\"font-weight: 400;\">Los da\u00f1os son importantes y justifican una indemnizaci\u00f3n superior a la que la compa\u00f1\u00eda de seguros est\u00e1 dispuesta a pagar.<\/span><\/li>\n<li style=\"font-weight: 400;\" aria-level=\"1\"><span style=\"font-weight: 400;\">El caso es complejo y requiere la experiencia de un abogado litigante.<\/span><\/li>\n<\/ul>\n<p>Todos ellos ser\u00e1n tenidos en cuenta por el juez a la hora de determinar la cuant\u00eda de la indemnizaci\u00f3n a la que usted tiene derecho. Por lo tanto, es importante contar con un abogado experto en lesiones personales que pueda presentar eficazmente las pruebas y los argumentos ante el tribunal para asegurarse de que recibe una indemnizaci\u00f3n justa por sus lesiones y da\u00f1os.<\/p>\n<h3>\u00bfC\u00f3mo Puede Ayudar Un Abogado De Lesiones Personales?<\/h3>\n<p><span style=\"font-weight: 400;\"><img decoding=\"async\" class=\"alignright wp-image-13558 size-full\" src=\"https:\/\/www.theirvinglawfirm.com\/wp-content\/uploads\/2023\/08\/entendiendo-las-deberes-en-las-reclamaciones-por-lesiones-personales-las-rutas-legales.jpg\" alt=\"Entendiendo Sus Deberes En Las Demandas Por Lesiones Personales: V\u00edas Legales\" width=\"300\" height=\"200\" srcset=\"https:\/\/www.theirvinglawfirm.com\/wp-content\/uploads\/2023\/08\/entendiendo-las-deberes-en-las-reclamaciones-por-lesiones-personales-las-rutas-legales-200x133.jpg 200w, https:\/\/www.theirvinglawfirm.com\/wp-content\/uploads\/2023\/08\/entendiendo-las-deberes-en-las-reclamaciones-por-lesiones-personales-las-rutas-legales.jpg 300w\" sizes=\"(max-width: 300px) 100vw, 300px\" \/><\/span><\/p>\n<p>Si usted est\u00e1 considerando presentar una demanda por lesiones personales en Virginia, es crucial trabajar con un abogado con experiencia en lesiones personales en The Irving Law en Manassas, Virginia. Sus abogados expertos pueden ayudar a guiarlo a trav\u00e9s del proceso legal y determinar la mejor estrategia legal para su caso.<\/p>\n<p>Si su caso finalmente va a juicio o se resuelve fuera de los tribunales, un abogado de lesiones personales puede ayudar a asegurar que usted reciba una compensaci\u00f3n justa por sus da\u00f1os. Por ello, lo mejor es contar con alguien que represente su caso.<\/p>\n<h3>The Irving Law Firm Es Su Aliado<\/h3>\n<p><span style=\"font-weight: 400;\"><a href=\"https:\/\/www.theirvinglawfirm.com\/es\">The Irving Law Firm<\/a> <\/span>puede evaluar el caso del cliente y proporcionarle los conocimientos y la comprensi\u00f3n necesarios. Su abogado de lesiones personales tambi\u00e9n se asegurar\u00e1 de que el cliente es elegible para la compensaci\u00f3n. Adem\u00e1s, pueden asegurar la compensaci\u00f3n a tiempo y a un precio justo.<\/p>\n<p>Para aquellos que requieren asistencia despu\u00e9s de una lesi\u00f3n, accidente o muerte injusta, The Irving Law Firm est\u00e1 aqu\u00ed para ayudar. Sus galardonados abogados de Virginia har\u00e1n todo lo posible para representar al cliente durante este tiempo dif\u00edcil. Adem\u00e1s, su abogado de lesiones personales muestra profesionalismo, empat\u00eda, compromiso y comprensi\u00f3n.<\/p>\n<h2>Resumen<\/h2>\n<p>En conclusi\u00f3n, la decisi\u00f3n de si un caso de lesiones personales ir\u00e1 a juicio depende de varios factores. Mientras que algunos casos se resuelven fuera de los tribunales a trav\u00e9s de la negociaci\u00f3n de acuerdos, otros pueden proceder a juicio si no se puede llegar a un acuerdo.<\/p>\n<p>Si usted est\u00e1 llevando a cabo una demanda por lesiones personales en Manassas, Virginia, es esencial trabajar con un <a href=\"https:\/\/www.theirvinglawfirm.com\/es\/derecho-de-familia\/lesiones-personales\/\">abogado con experiencia en lesiones personales<\/a> en The Irving Law Firm que pueda guiarle a trav\u00e9s del proceso legal y ayudarle a obtener una compensaci\u00f3n justa por las lesiones y da\u00f1os que sufri\u00f3.<\/p>\n<p><a href=\"https:\/\/www.theirvinglawfirm.com\/es\/derecho-de-familia\/lesiones-personales\/valor-de-las-indemnizaciones-directrices-adicionales\/\">Explore M\u00e1s Sobre Lesiones Personales, Haga Clic Aqu\u00ed<\/a><\/p>\n","protected":false},"excerpt":{"rendered":"<p>Las demandas por lesiones personales en Manassas, Virginia normalmente implican  [&#8230;]<\/p>\n","protected":false},"author":3,"featured_media":0,"parent":8218,"menu_order":0,"comment_status":"closed","ping_status":"closed","template":"","meta":{"_analytify_skip_tracking":false,"rank_math_title":"Lesiones Personales - \u00bfTendr\u00e1 Su Caso Un Juicio En Los Tribunal | The Irving Law Firm","rank_math_description":"Obtenga m\u00e1s informaci\u00f3n acerca de lesiones personales en Manassas, Virginia, y averiguar qu\u00e9 factores determinan si su caso puede ser negociado o tiene que ser resuelto en los tribunales.","rank_math_focus_keyword":"lesiones personales","rank_math_canonical_url":"","footnotes":""},"class_list":["post-13553","page","type-page","status-publish","hentry"],"acf":[],"_links":{"self":[{"href":"https:\/\/www.theirvinglawfirm.com\/es\/wp-json\/wp\/v2\/pages\/13553","targetHints":{"allow":["GET"]}}],"collection":[{"href":"https:\/\/www.theirvinglawfirm.com\/es\/wp-json\/wp\/v2\/pages"}],"about":[{"href":"https:\/\/www.theirvinglawfirm.com\/es\/wp-json\/wp\/v2\/types\/page"}],"author":[{"embeddable":true,"href":"https:\/\/www.theirvinglawfirm.com\/es\/wp-json\/wp\/v2\/users\/3"}],"replies":[{"embeddable":true,"href":"https:\/\/www.theirvinglawfirm.com\/es\/wp-json\/wp\/v2\/comments?post=13553"}],"version-history":[{"count":0,"href":"https:\/\/www.theirvinglawfirm.com\/es\/wp-json\/wp\/v2\/pages\/13553\/revisions"}],"up":[{"embeddable":true,"href":"https:\/\/www.theirvinglawfirm.com\/es\/wp-json\/wp\/v2\/pages\/8218"}],"wp:attachment":[{"href":"https:\/\/www.theirvinglawfirm.com\/es\/wp-json\/wp\/v2\/media?parent=13553"}],"curies":[{"name":"wp","href":"https:\/\/api.w.org\/{rel}","templated":true}]}}