{"id":13516,"date":"2023-08-22T19:50:32","date_gmt":"2023-08-22T19:50:32","guid":{"rendered":"https:\/\/www.theirvinglawfirm.com\/?page_id=13516"},"modified":"2024-02-29T03:51:45","modified_gmt":"2024-02-29T03:51:45","slug":"necesita-un-abogado-para-presentar-un-reclamo","status":"publish","type":"page","link":"https:\/\/www.theirvinglawfirm.com\/es\/necesita-un-abogado-para-presentar-un-reclamo\/","title":{"rendered":"\u00bfNecesita Un Abogado Para Presentar Una Demanda Por Lesiones Personales?"},"content":{"rendered":"<p>Las demandas por lesiones personales son un hecho com\u00fan en Manassas, Virginia. Muchas v\u00edctimas buscan compensaci\u00f3n por los da\u00f1os causados por la negligencia de otros. Si usted ha sufrido una lesi\u00f3n debido a las acciones de otra persona, es posible que se pregunte si necesita un abogado para presentar una demanda por lesiones personales. Al fin y al cabo, las compa\u00f1\u00edas de seguros tienen peritos y abogados que trabajan en su nombre, as\u00ed que \u00bfpor qu\u00e9 no puede usted arregl\u00e1rselas por su cuenta?<\/p>\n<p>La respuesta a esta pregunta depende de la gravedad de sus lesiones, de la cuant\u00eda de la indemnizaci\u00f3n que solicita y de la voluntad de cooperaci\u00f3n de la otra parte. Sin embargo, es muy recomendable que cuente con un abogado de lesiones personales, ya que el proceso puede ser complejo y dif\u00edcil de navegar sin ayuda legal.<\/p>\n<p>A medida que lea las secciones a continuaci\u00f3n, aprender\u00e1 acerca de las complejidades de presentar una demanda por lesiones personales y los beneficios de contar con un abogado de lesiones personales.<\/p>\n<p><img decoding=\"async\" class=\"aligncenter wp-image-13520 size-full\" src=\"https:\/\/www.theirvinglawfirm.com\/wp-content\/uploads\/2023\/08\/el-rol-del-cliente-en-reclamaciones-por-danos-personales-claridad-legal.jpg\" alt=\"El Papel Del Cliente En Las Reclamaciones Por Da\u00f1os Personales: Claridad Jur\u00eddica\" width=\"100%\" height=\"801\" srcset=\"https:\/\/www.theirvinglawfirm.com\/wp-content\/uploads\/2023\/08\/el-rol-del-cliente-en-reclamaciones-por-danos-personales-claridad-legal-200x134.jpg 200w, https:\/\/www.theirvinglawfirm.com\/wp-content\/uploads\/2023\/08\/el-rol-del-cliente-en-reclamaciones-por-danos-personales-claridad-legal-300x200.jpg 300w, https:\/\/www.theirvinglawfirm.com\/wp-content\/uploads\/2023\/08\/el-rol-del-cliente-en-reclamaciones-por-danos-personales-claridad-legal-400x267.jpg 400w, https:\/\/www.theirvinglawfirm.com\/wp-content\/uploads\/2023\/08\/el-rol-del-cliente-en-reclamaciones-por-danos-personales-claridad-legal-600x401.jpg 600w, https:\/\/www.theirvinglawfirm.com\/wp-content\/uploads\/2023\/08\/el-rol-del-cliente-en-reclamaciones-por-danos-personales-claridad-legal-768x513.jpg 768w, https:\/\/www.theirvinglawfirm.com\/wp-content\/uploads\/2023\/08\/el-rol-del-cliente-en-reclamaciones-por-danos-personales-claridad-legal-800x534.jpg 800w, https:\/\/www.theirvinglawfirm.com\/wp-content\/uploads\/2023\/08\/el-rol-del-cliente-en-reclamaciones-por-danos-personales-claridad-legal-1024x684.jpg 1024w, https:\/\/www.theirvinglawfirm.com\/wp-content\/uploads\/2023\/08\/el-rol-del-cliente-en-reclamaciones-por-danos-personales-claridad-legal.jpg 1200w\" sizes=\"(max-width: 1200px) 100vw, 1200px\" \/><\/p>\n<h2>Complejidades De La Presentaci\u00f3n De Una Demanda Por Lesiones Personales<\/h2>\n<p>En Manassas, Virginia, las demandas por lesiones personales se rigen por un estatuto de limitaciones de dos a\u00f1os. Esto significa que usted tiene dos a\u00f1os a partir de la fecha de su accidente para presentar una demanda. Si usted no presenta dentro de ese plazo, es probable que sea descalificado de recuperar cualquier compensaci\u00f3n.<\/p>\n<p>Para presentar una demanda por lesiones personales, tendr\u00e1 que reunir pruebas que respalden su caso. Puede incluir historiales m\u00e9dicos, informes policiales, declaraciones de testigos y fotos o videos del lugar del accidente. Una vez que haya reunido toda esta informaci\u00f3n, tendr\u00e1 que presentar una demanda ante el tribunal. El tribunal revisar\u00e1 su caso y decidir\u00e1 si le concede una indemnizaci\u00f3n por da\u00f1os y perjuicios.<\/p>\n<p>El proceso legal puede ser abrumador, sobre todo si nunca has pasado por \u00e9l. Tienes que negociar con la compa\u00f1\u00eda de seguros de la parte culpable y pedir una indemnizaci\u00f3n. Pero, \u00bfy si le deniegan la reclamaci\u00f3n o le ofrecen una indemnizaci\u00f3n baja? Eso ser\u00eda un gran problema.<\/p>\n<p>Sin un abogado experto en lesiones personales, estar\u00e1 en desventaja a la hora de negociar con una compa\u00f1\u00eda de seguros. Es probable que le den un presupuesto bajo en un intento de ahorrar dinero. Un abogado de lesiones personales luchar\u00e1 por la cantidad total de compensaci\u00f3n que usted se merece.<\/p>\n<p>Adem\u00e1s, un abogado de lesiones personales competente puede guiarle a trav\u00e9s del proceso, explic\u00e1ndole cada paso y qu\u00e9 esperar a lo largo del camino. A medida que siga leyendo, aprenda m\u00e1s acerca de los beneficios de tener un abogado de lesiones personales.<\/p>\n<h2>Ventajas De Contar Con Un Abogado De Lesiones Personales<\/h2>\n<p>Tener un abogado que se encargue de su reclamaci\u00f3n por lesiones personales tiene muchas ventajas. \u00c9stos son algunos de ellos.<\/p>\n<h3>Conseguir Un Acuerdo Justo<\/h3>\n<p>Las compa\u00f1\u00edas de seguros pueden defraudar a las v\u00edctimas que intentan negociar por su cuenta. Har\u00e1n todo lo posible para minimizar la cantidad que tienen que pagar o negar su reclamo por completo. Un <a href=\"https:\/\/www.theirvinglawfirm.com\/es\/derecho-de-familia\/lesiones-personales\/\">abogado con experiencia en lesiones personales<\/a> sabr\u00e1 c\u00f3mo negociar con la compa\u00f1\u00eda de seguros para obtener el valor total de su reclamo.<\/p>\n<h3>Puede Centrarse En Su Recuperaci\u00f3n<\/h3>\n<p>Tendr\u00e1s a alguien que se encargue del papeleo y de tratar con la compa\u00f1\u00eda de seguros para que puedas centrarte en tu recuperaci\u00f3n. Despu\u00e9s de un accidente grave, es posible que tenga que lidiar con citas con el m\u00e9dico, fisioterapia y otras tareas importantes. Tratar de manejar una demanda por lesiones personales por su cuenta puede ser abrumador.<\/p>\n<h3>Calcule Correctamente Sus Reclamaciones<\/h3>\n<p>Es posible que tenga derecho a m\u00e1s indemnizaci\u00f3n de la que cree. En una demanda por lesiones personales pueden incluirse muchos tipos de da\u00f1os y perjuicios, como gastos m\u00e9dicos, salarios perdidos, dolor y sufrimiento, y mucho m\u00e1s. Un abogado sabr\u00e1 valorar su reclamaci\u00f3n y luchar por la m\u00e1xima indemnizaci\u00f3n que se merece.<\/p>\n<h3>Tenga La Mente Tranquila<\/h3>\n<p>En <a href=\"https:\/\/es.wikipedia.org\/wiki\/Virginia\" target=\"_blank\" rel=\"noopener\">Virginia<\/a>, usted tiene dos a\u00f1os a partir de la fecha de su accidente para presentar una demanda por lesiones personales en virtud del estatuto de limitaciones. Si usted trata de manejar el reclamo usted mismo puede no darse cuenta de cu\u00e1nto tiempo ha pasado y terminar perdiendo la fecha l\u00edmite. Si lo hace, podr\u00eda quedar excluido de cualquier indemnizaci\u00f3n. Un abogado se asegurar\u00e1 de que su reclamaci\u00f3n se presente a tiempo.<\/p>\n<h2><b>The Irving Law Firm Puede Ayudarle<\/b><\/h2>\n<p><span style=\"font-weight: 400;\"><img decoding=\"async\" class=\"wp-image-13522 size-full alignright\" src=\"https:\/\/www.theirvinglawfirm.com\/wp-content\/uploads\/2023\/08\/gestionando-su-parte-en-casos-de-lesiones-personales-perspectiva-legal.jpg\" alt=\"La Gesti\u00f3n De Su Parte En Los Casos De Lesiones Personales: Claridad Jur\u00eddica\" width=\"300\" height=\"200\" srcset=\"https:\/\/www.theirvinglawfirm.com\/wp-content\/uploads\/2023\/08\/gestionando-su-parte-en-casos-de-lesiones-personales-perspectiva-legal-200x133.jpg 200w, https:\/\/www.theirvinglawfirm.com\/wp-content\/uploads\/2023\/08\/gestionando-su-parte-en-casos-de-lesiones-personales-perspectiva-legal.jpg 300w\" sizes=\"(max-width: 300px) 100vw, 300px\" \/>Los abogados de lesiones personales de la firma en Manassas, Virginia est\u00e1n dispuestos a ayudarle. The Irving Law Firm proteger\u00e1 sus derechos, luchar\u00e1 por la cantidad m\u00e1xima de compensaci\u00f3n y le ayudar\u00e1 a recuperar su vida. Si su caso va a juicio, necesitar\u00e1 un litigante experto para que lo represente en la corte. Sus abogados tienen la experiencia y las habilidades para presentar un caso fuerte en su nombre.<\/span><\/p>\n<h2><b>Resumen<\/b><\/h2>\n<p>El proceso de reclamaci\u00f3n por lesiones personales puede ser complejo, y hacerlo por su cuenta puede ponerle en desventaja. Trabajar con un abogado con experiencia puede ayudarle a que todo vaya mejor. Pueden ayudarle a asegurarse de que recibe una indemnizaci\u00f3n justa por sus lesiones.<\/p>\n<p>Si usted ha sido lesionado debido a la <a href=\"https:\/\/dpej.rae.es\/lema\/negligencia\" target=\"_blank\" rel=\"noopener\">negligencia<\/a> de otra persona, se recomienda que usted tiene un abogado de lesiones personales para ayudar a navegar por las complejidades legales y maximizar sus posibilidades de un acuerdo justo. Un abogado de lesiones personales puede negociar con las compa\u00f1\u00edas de seguros, el valor de su reclamo, y aseg\u00farese de que el estatuto de limitaciones se cumple.<\/p>\n<p><a href=\"https:\/\/www.theirvinglawfirm.com\/es\">The Irving Law Firm<\/a> en Manassas, Virginia puede proporcionar ayuda legal con experiencia para asegurar que usted est\u00e1 protegido y recibir la compensaci\u00f3n que se merece.<\/p>\n<p><a href=\"https:\/\/www.theirvinglawfirm.com\/es\/derecho-de-familia\/lesiones-personales\/valor-de-una-reclamacion-y-por-que-pagarla\/\">Haga Clic Aqu\u00ed Para Informarse Sobre Asuntos De Lesiones Personales<\/a><\/p>\n","protected":false},"excerpt":{"rendered":"<p>Las demandas por lesiones personales son un hecho com\u00fan en  [&#8230;]<\/p>\n","protected":false},"author":3,"featured_media":0,"parent":0,"menu_order":0,"comment_status":"closed","ping_status":"closed","template":"","meta":{"_analytify_skip_tracking":false,"rank_math_title":"Lesiones Personales - \u00bfDebe Acudir A Un Abogado Para Presentar Una Reclamaci\u00f3n? | The Irving Law Firm","rank_math_description":"Aprenda por qu\u00e9 necesita tener un abogado para hacer una reclamaci\u00f3n por lesiones personales, as\u00ed como los beneficios de tener uno para asegurar un resultado suave y exitoso.","rank_math_focus_keyword":"lesiones personales","rank_math_canonical_url":"","footnotes":""},"class_list":["post-13516","page","type-page","status-publish","hentry"],"acf":[],"_links":{"self":[{"href":"https:\/\/www.theirvinglawfirm.com\/es\/wp-json\/wp\/v2\/pages\/13516","targetHints":{"allow":["GET"]}}],"collection":[{"href":"https:\/\/www.theirvinglawfirm.com\/es\/wp-json\/wp\/v2\/pages"}],"about":[{"href":"https:\/\/www.theirvinglawfirm.com\/es\/wp-json\/wp\/v2\/types\/page"}],"author":[{"embeddable":true,"href":"https:\/\/www.theirvinglawfirm.com\/es\/wp-json\/wp\/v2\/users\/3"}],"replies":[{"embeddable":true,"href":"https:\/\/www.theirvinglawfirm.com\/es\/wp-json\/wp\/v2\/comments?post=13516"}],"version-history":[{"count":0,"href":"https:\/\/www.theirvinglawfirm.com\/es\/wp-json\/wp\/v2\/pages\/13516\/revisions"}],"wp:attachment":[{"href":"https:\/\/www.theirvinglawfirm.com\/es\/wp-json\/wp\/v2\/media?parent=13516"}],"curies":[{"name":"wp","href":"https:\/\/api.w.org\/{rel}","templated":true}]}}