{"id":13496,"date":"2023-08-22T19:49:43","date_gmt":"2023-08-22T19:49:43","guid":{"rendered":"https:\/\/www.theirvinglawfirm.com\/?page_id=13496"},"modified":"2024-03-05T17:56:29","modified_gmt":"2024-03-05T17:56:29","slug":"que-debe-hacer-si-se-lesiona-en-el-trabajo","status":"publish","type":"page","link":"https:\/\/www.theirvinglawfirm.com\/es\/areas-de-practica\/derecho-de-familia\/lesiones-personales\/que-debe-hacer-si-se-lesiona-en-el-trabajo\/","title":{"rendered":"Lesiones Personales: \u00bfQu\u00e9 Debe Hacer Si Se Lesiona En El Trabajo?"},"content":{"rendered":"<p>Si usted se lesion\u00f3 mientras trabajaba en Manassas, Virginia, usted tiene el derecho a solicitar beneficios de compensaci\u00f3n de trabajadores por lesiones personales. La ley de Virginia requiere que la mayor\u00eda de los empleadores tengan un seguro de compensaci\u00f3n de trabajadores, que proporciona beneficios a los empleados lesionados o que se enferman como resultado de su trabajo. Para asegurarse de que sus derechos est\u00e1n protegidos, obtenga la ayuda de un <a href=\"https:\/\/www.theirvinglawfirm.com\/es\/derecho-de-familia\/lesiones-personales\/\">abogado con experiencia en lesiones personales<\/a>.<\/p>\n<p>Este art\u00edculo tratar\u00e1 sobre lo que debe hacer si se lesiona en el trabajo, qu\u00e9 es la compensaci\u00f3n de los trabajadores y los pasos que debe dar para acogerse a la compensaci\u00f3n de los trabajadores.<\/p>\n<p><img decoding=\"async\" class=\"aligncenter wp-image-13498 size-full\" src=\"https:\/\/www.theirvinglawfirm.com\/wp-content\/uploads\/2023\/08\/participacion-del-cliente-en-asuntos-de-lesiones-personales-perspectivas-legales.jpg\" alt=\"Compromiso Del Cliente En Asuntos De Da\u00f1os Personales: Perspectivas Jur\u00eddicas\" width=\"100%\" height=\"801\" srcset=\"https:\/\/www.theirvinglawfirm.com\/wp-content\/uploads\/2023\/08\/participacion-del-cliente-en-asuntos-de-lesiones-personales-perspectivas-legales-200x134.jpg 200w, https:\/\/www.theirvinglawfirm.com\/wp-content\/uploads\/2023\/08\/participacion-del-cliente-en-asuntos-de-lesiones-personales-perspectivas-legales-300x200.jpg 300w, https:\/\/www.theirvinglawfirm.com\/wp-content\/uploads\/2023\/08\/participacion-del-cliente-en-asuntos-de-lesiones-personales-perspectivas-legales-400x267.jpg 400w, https:\/\/www.theirvinglawfirm.com\/wp-content\/uploads\/2023\/08\/participacion-del-cliente-en-asuntos-de-lesiones-personales-perspectivas-legales-600x401.jpg 600w, https:\/\/www.theirvinglawfirm.com\/wp-content\/uploads\/2023\/08\/participacion-del-cliente-en-asuntos-de-lesiones-personales-perspectivas-legales-768x513.jpg 768w, https:\/\/www.theirvinglawfirm.com\/wp-content\/uploads\/2023\/08\/participacion-del-cliente-en-asuntos-de-lesiones-personales-perspectivas-legales-800x534.jpg 800w, https:\/\/www.theirvinglawfirm.com\/wp-content\/uploads\/2023\/08\/participacion-del-cliente-en-asuntos-de-lesiones-personales-perspectivas-legales-1024x684.jpg 1024w, https:\/\/www.theirvinglawfirm.com\/wp-content\/uploads\/2023\/08\/participacion-del-cliente-en-asuntos-de-lesiones-personales-perspectivas-legales.jpg 1200w\" sizes=\"(max-width: 1200px) 100vw, 1200px\" \/><\/p>\n<h2>\u00bfQu\u00e9 Es La Indemnizaci\u00f3n Por Accidente Laboral?<\/h2>\n<p>Los trabajadores est\u00e1n protegidos por la Ley de Indemnizaci\u00f3n de los Trabajadores de Virginia. Esta ley proporciona prestaciones m\u00e9dicas y de sustituci\u00f3n salarial a los empleados que se lesionan o enferman en el trabajo. Tambi\u00e9n proporciona prestaciones por fallecimiento a los familiares supervivientes cuando un empleado fallece a causa de una lesi\u00f3n o enfermedad relacionada con el trabajo.<\/p>\n<p>La compensaci\u00f3n de los trabajadores es un sistema sin culpa. Esto significa que el trabajador no tiene que demostrar que la empresa tuvo la culpa de la lesi\u00f3n o enfermedad para recibir las prestaciones. Un empleado no necesita demostrar que la lesi\u00f3n fue causada por la negligencia de otra persona.<\/p>\n<p>La Ley de Indemnizaci\u00f3n por Accidentes de Trabajo de Virginia ofrece protecci\u00f3n a los empleados que resultan lesionados por un tercero en el transcurso de su trabajo. En esta situaci\u00f3n, el empleado puede recibir una indemnizaci\u00f3n de un tercero, adem\u00e1s de las prestaciones previstas en la Ley de Indemnizaci\u00f3n por Accidentes Laborales.<\/p>\n<p>Adem\u00e1s, la Ley de Indemnizaci\u00f3n por Accidentes Laborales de Virginia exige a los empresarios que proporcionen un entorno de trabajo seguro y saludable y que sigan las normas y reglamentos de seguridad. Los empresarios que no lo hagan pueden ser considerados responsables de cualquier lesi\u00f3n o enfermedad que se produzca como consecuencia de ello. \u00bfQu\u00e9 medidas debe tomar si se ha lesionado en el trabajo?<\/p>\n<h2>Pasos A Seguir Si Se Lesiona En El Trabajo<\/h2>\n<p><span style=\"font-weight: 400;\"><img decoding=\"async\" class=\"alignright wp-image-13500 size-full\" src=\"https:\/\/www.theirvinglawfirm.com\/wp-content\/uploads\/2023\/08\/orientacion-clientes-casos-de-lesiones-personales-ruta-legal.jpg\" alt=\"Orientar A Los Clientes En Casos De Lesiones Personales: Ruta Legal\" width=\"300\" height=\"200\" srcset=\"https:\/\/www.theirvinglawfirm.com\/wp-content\/uploads\/2023\/08\/orientacion-clientes-casos-de-lesiones-personales-ruta-legal-200x133.jpg 200w, https:\/\/www.theirvinglawfirm.com\/wp-content\/uploads\/2023\/08\/orientacion-clientes-casos-de-lesiones-personales-ruta-legal.jpg 300w\" sizes=\"(max-width: 300px) 100vw, 300px\" \/>Usted debe conocer sus derechos y c\u00f3mo protegerlos si se lesiona en el trabajo en Manasses, Virginia. Hay algunos pasos que debe seguir. Reporte la lesi\u00f3n, busque tratamiento m\u00e9dico, presente un reclamo de compensaci\u00f3n al trabajador, espere por una decisi\u00f3n, apele por una negaci\u00f3n, y regrese al trabajo si puede.<br \/>\n<\/span><\/p>\n<h3>Informar De La Lesi\u00f3n<\/h3>\n<p>El primer paso es informar de la lesi\u00f3n a su empleador inmediatamente. La ley de <a href=\"https:\/\/es.wikipedia.org\/wiki\/Virginia\" target=\"_blank\" rel=\"noopener\">Virginia<\/a> exige que informe de la lesi\u00f3n o enfermedad en un plazo de 30 d\u00edas, pero lo mejor es hacerlo inmediatamente. Si no lo hace en el plazo de 30 d\u00edas, su reclamaci\u00f3n puede ser denegada.<\/p>\n<h3>Busque Tratamiento M\u00e9dico<\/h3>\n<p>Si su lesi\u00f3n es grave, busque tratamiento m\u00e9dico inmediatamente. Si no se trata de una urgencia, es posible que su empresa le asigne un m\u00e9dico espec\u00edfico. Aseg\u00farese de seguir todas las indicaciones del m\u00e9dico y acudir a todas las citas.<\/p>\n<h3>Presentar Una Reclamaci\u00f3n De Indemnizaci\u00f3n Por Accidente Laboral<\/h3>\n<p>Despu\u00e9s de notificar la lesi\u00f3n, su empresa debe proporcionarle un formulario de solicitud de prestaciones de compensaci\u00f3n de los trabajadores. Si no lo hace, puede descargar el formulario del sitio web de la Comisi\u00f3n de Indemnizaci\u00f3n por Accidentes de Trabajo de Virginia. Rellene el formulario y env\u00edelo a su empleador y a la Comisi\u00f3n de Compensaci\u00f3n de Trabajadores.<\/p>\n<h3>Esperar Una Decisi\u00f3n<\/h3>\n<p>La Comisi\u00f3n de Indemnizaci\u00f3n por Accidentes de Trabajo revisar\u00e1 su reclamaci\u00f3n y decidir\u00e1 si tiene o no derecho a prestaciones. Si se aprueba su reclamaci\u00f3n, recibir\u00e1 prestaciones para cubrir los gastos m\u00e9dicos, los salarios perdidos y cualquier incapacidad permanente que pueda tener.<\/p>\n<h3>Recurrir Una Negaci\u00f3n<\/h3>\n<p>Si le niegan su solicitud, tiene derecho a recurrir la decisi\u00f3n. Debe presentar la demanda ante la Comisi\u00f3n de Indemnizaci\u00f3n por Accidentes de Trabajo en un plazo de dos a\u00f1os a partir de la fecha de su lesi\u00f3n. Un abogado puede ayudarle con este proceso y representarle en la audiencia.<\/p>\n<h3>Vuelta Al Trabajo<\/h3>\n<p>Una vez que se haya recuperado de su lesi\u00f3n, su m\u00e9dico le dar\u00e1 el alta para volver al trabajo. Si no puede realizar las mismas tareas que antes, su empresa puede proporcionarle un trabajo diferente que se adapte a su lesi\u00f3n.<\/p>\n<p>Sin embargo, si usted est\u00e1 gravemente herido como se define en el C\u00f3digo de <a href=\"https:\/\/law.lis.virginia.gov\/vacode\/title65.2\/chapter5\/section65.2-503\/\" target=\"_blank\" rel=\"noopener\">Virginia \u00a7 65.2-503C<\/a> y no puede ir a trabajar, usted califica para beneficios por incapacidad total permanente. Hable con su abogado de lesiones personales en The Irving Law Firm en Manassas, Virginia para discutir el mejor curso de acci\u00f3n para su caso.<\/p>\n<h3>Las Represalias Est\u00e1n Prohibidas<\/h3>\n<p>Es ilegal que su empleador le despida o tome represalias contra usted por presentar una reclamaci\u00f3n de compensaci\u00f3n de trabajadores. Si usted cree que ha sido objeto de represalias, debe ponerse en contacto con un abogado inmediatamente.<\/p>\n<h2>Hable Con Un Abogado Con Experiencia En Lesiones Personales<\/h2>\n<p>Busque ayuda de los abogados de lesiones personales de The Irving Law en Manassas, Virginia. Ellos pueden ayudarle a entender sus derechos y opciones legales, y pueden ser capaces de ayudarle en la b\u00fasqueda de una demanda por da\u00f1os y perjuicios relacionados con cualquier represalia que ha experimentado. No dude en buscar orientaci\u00f3n legal si cree que su empleador ha violado sus derechos.<\/p>\n<h2>Resumen<\/h2>\n<p>Si usted se lesiona en el trabajo en Manassas, Virginia, es importante reportar la lesi\u00f3n, buscar tratamiento m\u00e9dico, presentar una reclamaci\u00f3n de compensaci\u00f3n de trabajadores, y esperar una decisi\u00f3n. Si su reclamo es negado, usted tiene el derecho de apelar la decisi\u00f3n. Su abogado de lesiones personales en <a href=\"https:\/\/www.theirvinglawfirm.com\/es\">The Irving Law Firm<\/a> sabe qu\u00e9 hacer para lograr un resultado favorable en su caso.<\/p>\n<p>Su empleador no puede tomar represalias contra usted por presentar una reclamaci\u00f3n. Si usted tiene alguna pregunta o necesita ayuda con su reclamo, se recomienda que usted debe obtener representaci\u00f3n legal.<\/p>\n<p><a href=\"https:\/\/www.theirvinglawfirm.com\/es\/derecho-de-familia\/lesiones-personales\/necesita-un-abogado-para-presentar-un-reclamo\/\">Profundizar En Los Detalles De Lesiones Personales &#8211; Haga Clic Aqu\u00ed<\/a><\/p>\n","protected":false},"excerpt":{"rendered":"<p>Si usted se lesion\u00f3 mientras trabajaba en Manassas, Virginia, usted  [&#8230;]<\/p>\n","protected":false},"author":3,"featured_media":0,"parent":8218,"menu_order":0,"comment_status":"closed","ping_status":"closed","template":"","meta":{"_analytify_skip_tracking":false,"rank_math_title":"Lesiones Personales: \u00bfQu\u00e9 Hacer Si Se Lesiona En El Trabajo? | The Irving Law Firm","rank_math_description":"Obtenga m\u00e1s informaci\u00f3n sobre los pasos necesarios para asegurarse de que recibe la indemnizaci\u00f3n por lesiones personales, as\u00ed como las prestaciones a las que tiene derecho.","rank_math_focus_keyword":"lesiones personales","rank_math_canonical_url":"","footnotes":""},"class_list":["post-13496","page","type-page","status-publish","hentry"],"acf":[],"_links":{"self":[{"href":"https:\/\/www.theirvinglawfirm.com\/es\/wp-json\/wp\/v2\/pages\/13496","targetHints":{"allow":["GET"]}}],"collection":[{"href":"https:\/\/www.theirvinglawfirm.com\/es\/wp-json\/wp\/v2\/pages"}],"about":[{"href":"https:\/\/www.theirvinglawfirm.com\/es\/wp-json\/wp\/v2\/types\/page"}],"author":[{"embeddable":true,"href":"https:\/\/www.theirvinglawfirm.com\/es\/wp-json\/wp\/v2\/users\/3"}],"replies":[{"embeddable":true,"href":"https:\/\/www.theirvinglawfirm.com\/es\/wp-json\/wp\/v2\/comments?post=13496"}],"version-history":[{"count":0,"href":"https:\/\/www.theirvinglawfirm.com\/es\/wp-json\/wp\/v2\/pages\/13496\/revisions"}],"up":[{"embeddable":true,"href":"https:\/\/www.theirvinglawfirm.com\/es\/wp-json\/wp\/v2\/pages\/8218"}],"wp:attachment":[{"href":"https:\/\/www.theirvinglawfirm.com\/es\/wp-json\/wp\/v2\/media?parent=13496"}],"curies":[{"name":"wp","href":"https:\/\/api.w.org\/{rel}","templated":true}]}}