{"id":13477,"date":"2023-08-22T19:48:52","date_gmt":"2023-08-22T19:48:52","guid":{"rendered":"https:\/\/www.theirvinglawfirm.com\/?page_id=13477"},"modified":"2024-03-05T17:49:19","modified_gmt":"2024-03-05T17:49:19","slug":"cuanto-dinero-puede-recibir-por-su-caso","status":"publish","type":"page","link":"https:\/\/www.theirvinglawfirm.com\/es\/areas-de-practica\/derecho-de-familia\/lesiones-personales\/cuanto-dinero-puede-recibir-por-su-caso\/","title":{"rendered":"\u00bfCu\u00e1nto Dinero Puede Obtener Por Su Caso De Lesiones Personales?"},"content":{"rendered":"<p>Los casos de lesiones personales son una desafortunada realidad para muchas personas en Manassas, Virginia. Ya se trate de un accidente de auto, resbal\u00f3n y ca\u00edda, o negligencia m\u00e9dica, estos incidentes pueden resultar en lesiones graves y p\u00e9rdidas financieras significativas. P\u00f3ngase en contacto con un abogado de lesiones personales para proteger sus derechos y obtener la compensaci\u00f3n que se merece.<\/p>\n<p>Si ha sufrido lesiones por negligencia ajena, quiz\u00e1 se pregunte cu\u00e1nto dinero puede reclamar. Este art\u00edculo explorar\u00e1 los factores que pueden afectar al valor de su caso y le dar\u00e1 una idea de lo que puede esperar.<\/p>\n<p><img decoding=\"async\" class=\"aligncenter wp-image-13481 size-full\" src=\"https:\/\/www.theirvinglawfirm.com\/wp-content\/uploads\/2023\/08\/deberes-del-cliente-demandas-por-lesiones-personales-iluminacion-legal.jpg\" alt=\"Deberes Del Cliente En Las Demandas Por Da\u00f1os Personales: Iluminaci\u00f3n Legal\" width=\"100%\" height=\"800\" srcset=\"https:\/\/www.theirvinglawfirm.com\/wp-content\/uploads\/2023\/08\/deberes-del-cliente-demandas-por-lesiones-personales-iluminacion-legal-200x133.jpg 200w, https:\/\/www.theirvinglawfirm.com\/wp-content\/uploads\/2023\/08\/deberes-del-cliente-demandas-por-lesiones-personales-iluminacion-legal-300x200.jpg 300w, https:\/\/www.theirvinglawfirm.com\/wp-content\/uploads\/2023\/08\/deberes-del-cliente-demandas-por-lesiones-personales-iluminacion-legal-400x267.jpg 400w, https:\/\/www.theirvinglawfirm.com\/wp-content\/uploads\/2023\/08\/deberes-del-cliente-demandas-por-lesiones-personales-iluminacion-legal-600x400.jpg 600w, https:\/\/www.theirvinglawfirm.com\/wp-content\/uploads\/2023\/08\/deberes-del-cliente-demandas-por-lesiones-personales-iluminacion-legal-768x512.jpg 768w, https:\/\/www.theirvinglawfirm.com\/wp-content\/uploads\/2023\/08\/deberes-del-cliente-demandas-por-lesiones-personales-iluminacion-legal-800x533.jpg 800w, https:\/\/www.theirvinglawfirm.com\/wp-content\/uploads\/2023\/08\/deberes-del-cliente-demandas-por-lesiones-personales-iluminacion-legal-1024x683.jpg 1024w, https:\/\/www.theirvinglawfirm.com\/wp-content\/uploads\/2023\/08\/deberes-del-cliente-demandas-por-lesiones-personales-iluminacion-legal.jpg 1200w\" sizes=\"(max-width: 1200px) 100vw, 1200px\" \/><\/p>\n<h2>Factores Que Afectan Al Valor De Su Caso De Lesiones Personales<\/h2>\n<p>Lo primero que hay que entender es que cada caso de lesiones personales es \u00fanico. No existe una respuesta \u00fanica a la pregunta de cu\u00e1nto dinero puede esperar recibir. El valor de su caso depender\u00e1 de una amplia gama de factores, incluyendo la gravedad de sus lesiones, el alcance de sus p\u00e9rdidas financieras, y la <a href=\"https:\/\/es.wikipedia.org\/wiki\/Negligencia\" target=\"_blank\" rel=\"noopener\">negligencia<\/a> de la otra parte.<\/p>\n<h3>Gravedad De Las Lesiones<\/h3>\n<p>Uno de los factores m\u00e1s importantes para determinar el valor de su caso de lesiones personales es la gravedad de sus lesiones. En t\u00e9rminos generales, cuanto m\u00e1s graves sean sus lesiones, mayor ser\u00e1 el valor de su caso. Por ejemplo, si sufri\u00f3 una lesi\u00f3n cerebral traum\u00e1tica en un accidente de auto, su caso puede valer m\u00e1s que si sufri\u00f3 una lesi\u00f3n leve por latigazo cervical.<\/p>\n<h3>P\u00e9rdidas Econ\u00f3micas<\/h3>\n<p>Otro factor clave que puede afectar al valor de su caso es el alcance de sus p\u00e9rdidas econ\u00f3micas. Esto incluye no solo sus gastos m\u00e9dicos, sino tambi\u00e9n sus salarios perdidos y cualquier otro gasto de bolsillo relacionado con su lesi\u00f3n. Si su lesi\u00f3n le ha provocado una incapacidad permanente o de larga duraci\u00f3n, tambi\u00e9n puede tener derecho a una indemnizaci\u00f3n por gastos m\u00e9dicos futuros y p\u00e9rdida de ingresos.<\/p>\n<h3>Negligencia<\/h3>\n<p>La negligencia de la otra parte tambi\u00e9n es un factor importante para determinar el valor de su caso. En Virginia, los casos de lesiones personales se rigen por la doctrina de la negligencia contribuyente. Esto significa que si se determina que usted ha contribuido de alguna manera a sus lesiones, es posible que no pueda recuperar ning\u00fan da\u00f1o de la otra parte.<\/p>\n<p>Por ejemplo, si usted no estaba usando el cintur\u00f3n de seguridad en el momento de un accidente de auto, se puede encontrar que han contribuido a sus lesiones. Es posible que no pueda reclamar da\u00f1os y perjuicios al otro conductor. Si usted es la v\u00edctima, contrate a un abogado de lesiones personales en Manassas, Virginia para manejar su caso. Ellos tienen una amplia experiencia en el manejo de casos como el suyo con un resultado positivo.<\/p>\n<h2>Dos Tipos Comunes De Da\u00f1os Y Perjuicios<\/h2>\n<p>Cuando se trata de calcular el valor de su caso de lesiones personales, hay dos tipos comunes de da\u00f1os compensatorios a los que puede tener derecho, econ\u00f3micos y no econ\u00f3micos.<\/p>\n<ul>\n<li style=\"font-weight: 400;\" aria-level=\"1\">Los da\u00f1os econ\u00f3micos son f\u00e1cilmente cuantificables, como los gastos m\u00e9dicos, los salarios perdidos y los da\u00f1os materiales.<\/li>\n<li style=\"font-weight: 400;\" aria-level=\"1\">Los da\u00f1os no econ\u00f3micos son m\u00e1s subjetivos e incluyen el dolor y el sufrimiento, la angustia emocional y la p\u00e9rdida del disfrute pleno de la vida.<\/li>\n<\/ul>\n<p>En Virginia, existe un l\u00edmite para los da\u00f1os no econ\u00f3micos en los casos de negligencia m\u00e9dica. Esto significa que lo m\u00e1ximo que se puede recuperar por da\u00f1os no econ\u00f3micos en un caso de negligencia m\u00e9dica es de 2,5 millones de d\u00f3lares. Sin embargo, no hay l\u00edmite en los da\u00f1os no econ\u00f3micos en otros tipos de casos de lesiones personales.<\/p>\n<p>La presentaci\u00f3n de una demanda prescribe. El plazo de prescripci\u00f3n para los casos de lesiones personales en Virginia es de dos a\u00f1os a partir de la fecha del accidente. Esto significa que usted debe presentar su reclamaci\u00f3n dentro de los dos a\u00f1os siguientes al accidente o puede perder su derecho a recibir una indemnizaci\u00f3n.<\/p>\n<h2>\u00bfC\u00f3mo Puede Ayudarle Un Abogado A Maximizar Su Indemnizaci\u00f3n?<\/h2>\n<p><img decoding=\"async\" class=\"wp-image-13483 size-full alignright\" src=\"https:\/\/www.theirvinglawfirm.com\/wp-content\/uploads\/2023\/08\/su-papel-en-los-litigios-por-lesiones-personales-conocimientos-juridicos.jpg\" alt=\"Su Papel En Los Litigios Por Lesiones Personales: Iluminaci\u00f3n Legal\" width=\"300\" height=\"199\" srcset=\"https:\/\/www.theirvinglawfirm.com\/wp-content\/uploads\/2023\/08\/su-papel-en-los-litigios-por-lesiones-personales-conocimientos-juridicos-200x133.jpg 200w, https:\/\/www.theirvinglawfirm.com\/wp-content\/uploads\/2023\/08\/su-papel-en-los-litigios-por-lesiones-personales-conocimientos-juridicos.jpg 300w\" sizes=\"(max-width: 300px) 100vw, 300px\" \/><\/p>\n<p>Si usted ha sido lesionado en un accidente en Manassas, Virginia, un <a href=\"https:\/\/www.theirvinglawfirm.com\/es\/derecho-de-familia\/lesiones-personales\/\">abogado con experiencia en lesiones personales<\/a> puede ayudarle a maximizar su compensaci\u00f3n. Ellos pueden investigar el accidente para determinar qui\u00e9n tiene la culpa y reunir pruebas para apoyar su caso.<\/p>\n<p>Adem\u00e1s, su abogado de lesiones personales tambi\u00e9n puede calcular el valor de sus da\u00f1os econ\u00f3micos y no econ\u00f3micos, negociar con las compa\u00f1\u00edas de seguros para obtener un acuerdo justo, y que lo represente en la corte si es necesario. Si necesita ayuda legal, hable inmediatamente con un abogado de lesiones personales en The Irving Law en Manassas, Virginia.<\/p>\n<h2>Resumen<\/h2>\n<p>El valor de su caso de lesiones personales en Manassas, Virginia, depender\u00e1 de una amplia gama de factores. Incluye la gravedad de sus lesiones, el alcance de sus p\u00e9rdidas financieras y la negligencia de la otra parte. Probar esto en la corte necesita conocimiento y representaci\u00f3n legal.<\/p>\n<p>Aunque es imposible predecir exactamente cu\u00e1nto dinero puede esperar recibir, un abogado con experiencia en lesiones personales de <a href=\"https:\/\/www.theirvinglawfirm.com\/es\">The Irving Law Firm<\/a> puede ayudarle a entender sus derechos legales y luchar por la compensaci\u00f3n que se merece. Si usted ha sido lesionado debido a la negligencia de otra persona, no dude en buscar asesoramiento legal y proteger sus derechos.<\/p>\n<p><a href=\"https:\/\/www.theirvinglawfirm.com\/es\/derecho-de-familia\/lesiones-personales\/que-debe-hacer-si-se-lesiona-en-el-trabajo\/\">\u00bfListo Para Aprender Sobre Lesiones Personales? Haga Clic Aqu\u00ed<\/a><\/p>\n","protected":false},"excerpt":{"rendered":"<p>Los casos de lesiones personales son una desafortunada realidad para  [&#8230;]<\/p>\n","protected":false},"author":3,"featured_media":0,"parent":8218,"menu_order":0,"comment_status":"closed","ping_status":"closed","template":"","meta":{"_analytify_skip_tracking":false,"rank_math_title":"Lesiones Personales - \u00bfA Cu\u00e1nto Puede Ascender La Indemnizaci\u00f3n? | The Irving Law Firm","rank_math_description":"Conozca la cuant\u00eda de la indemnizaci\u00f3n econ\u00f3mica a la que tiene derecho si presenta una demanda por lesiones personales, as\u00ed como los factores que influyen en la cantidad que recibir\u00e1.","rank_math_focus_keyword":"lesiones personales","rank_math_canonical_url":"","footnotes":""},"class_list":["post-13477","page","type-page","status-publish","hentry"],"acf":[],"_links":{"self":[{"href":"https:\/\/www.theirvinglawfirm.com\/es\/wp-json\/wp\/v2\/pages\/13477","targetHints":{"allow":["GET"]}}],"collection":[{"href":"https:\/\/www.theirvinglawfirm.com\/es\/wp-json\/wp\/v2\/pages"}],"about":[{"href":"https:\/\/www.theirvinglawfirm.com\/es\/wp-json\/wp\/v2\/types\/page"}],"author":[{"embeddable":true,"href":"https:\/\/www.theirvinglawfirm.com\/es\/wp-json\/wp\/v2\/users\/3"}],"replies":[{"embeddable":true,"href":"https:\/\/www.theirvinglawfirm.com\/es\/wp-json\/wp\/v2\/comments?post=13477"}],"version-history":[{"count":0,"href":"https:\/\/www.theirvinglawfirm.com\/es\/wp-json\/wp\/v2\/pages\/13477\/revisions"}],"up":[{"embeddable":true,"href":"https:\/\/www.theirvinglawfirm.com\/es\/wp-json\/wp\/v2\/pages\/8218"}],"wp:attachment":[{"href":"https:\/\/www.theirvinglawfirm.com\/es\/wp-json\/wp\/v2\/media?parent=13477"}],"curies":[{"name":"wp","href":"https:\/\/api.w.org\/{rel}","templated":true}]}}