{"id":13444,"date":"2023-08-22T17:47:06","date_gmt":"2023-08-22T17:47:06","guid":{"rendered":"https:\/\/www.theirvinglawfirm.com\/?page_id=13444"},"modified":"2024-03-05T17:55:40","modified_gmt":"2024-03-05T17:55:40","slug":"riesgos-de-hablar-con-una-aseguradora","status":"publish","type":"page","link":"https:\/\/www.theirvinglawfirm.com\/es\/areas-de-practica\/derecho-de-familia\/lesiones-personales\/riesgos-de-hablar-con-una-aseguradora\/","title":{"rendered":"Lesiones Personales: \u00bfDeber\u00eda Informar A La Compa\u00f1\u00eda De Seguros?"},"content":{"rendered":"<p>Puede resultar abrumador verse implicado en un accidente de tr\u00e1fico que cause lesiones personales. \u00bfDebe hablar con la compa\u00f1\u00eda de seguros del otro conductor que caus\u00f3 el accidente? Al hablar con la compa\u00f1\u00eda de seguros del otro auto, es esencial entender sus derechos y obligaciones legales. Lo mejor es contar con un abogado de lesiones personales a su lado a la hora de reclamar da\u00f1os y perjuicios para proteger sus derechos y trabajar en su beneficio.<\/p>\n<p>Como v\u00edctima, no tiene obligaci\u00f3n legal de hablar con la compa\u00f1\u00eda de seguros del otro conductor. Adem\u00e1s, siempre que se comunique con sus representantes, debe tener cuidado con la informaci\u00f3n que facilita. Este es el trabajo de su abogado debido a las implicaciones legales en su caso. Este art\u00edculo tratar\u00e1 sobre el riesgo que hay que tener en cuenta al hablar con las compa\u00f1\u00edas de seguros y los consejos sobre c\u00f3mo afrontar esta situaci\u00f3n.<\/p>\n<p><img decoding=\"async\" class=\"aligncenter wp-image-13448 size-full\" src=\"https:\/\/www.theirvinglawfirm.com\/wp-content\/uploads\/2023\/08\/implicacion-casos-de-lesiones-personales-perspectivas-legales.jpg\" alt=\"Su Implicaci\u00f3n En Casos De Da\u00f1os Personales: Perspectivas Jur\u00eddicas\" width=\"100%\" height=\"800\" srcset=\"https:\/\/www.theirvinglawfirm.com\/wp-content\/uploads\/2023\/08\/implicacion-casos-de-lesiones-personales-perspectivas-legales-200x133.jpg 200w, https:\/\/www.theirvinglawfirm.com\/wp-content\/uploads\/2023\/08\/implicacion-casos-de-lesiones-personales-perspectivas-legales-300x200.jpg 300w, https:\/\/www.theirvinglawfirm.com\/wp-content\/uploads\/2023\/08\/implicacion-casos-de-lesiones-personales-perspectivas-legales-400x267.jpg 400w, https:\/\/www.theirvinglawfirm.com\/wp-content\/uploads\/2023\/08\/implicacion-casos-de-lesiones-personales-perspectivas-legales-600x400.jpg 600w, https:\/\/www.theirvinglawfirm.com\/wp-content\/uploads\/2023\/08\/implicacion-casos-de-lesiones-personales-perspectivas-legales-768x512.jpg 768w, https:\/\/www.theirvinglawfirm.com\/wp-content\/uploads\/2023\/08\/implicacion-casos-de-lesiones-personales-perspectivas-legales-800x533.jpg 800w, https:\/\/www.theirvinglawfirm.com\/wp-content\/uploads\/2023\/08\/implicacion-casos-de-lesiones-personales-perspectivas-legales-1024x683.jpg 1024w, https:\/\/www.theirvinglawfirm.com\/wp-content\/uploads\/2023\/08\/implicacion-casos-de-lesiones-personales-perspectivas-legales.jpg 1200w\" sizes=\"(max-width: 1200px) 100vw, 1200px\" \/><\/p>\n<h2>Riesgos De Hablar Con Las Compa\u00f1\u00edas De Seguros Tras Sufrir Lesiones Personales<\/h2>\n<p>Muchas v\u00edctimas de accidentes desconocen las t\u00e1cticas que las compa\u00f1\u00edas de seguros pueden utilizar para intentar evitar que obtengan su indemnizaci\u00f3n \u00edntegra. Las compa\u00f1\u00edas de seguros pueden intentar obtener informaci\u00f3n personal de la v\u00edctima para utilizarla en su contra.<\/p>\n<p>Es crucial que cualquier persona implicada en un accidente sea consciente de estas t\u00e1cticas. Esto puede ayudarles a protegerse a lo largo del proceso de reclamaci\u00f3n. Lo primero que una v\u00edctima debe hacer despu\u00e9s de un accidente de auto de lesiones personales es entender sus derechos. Las v\u00edctimas deben saber que no tienen ninguna obligaci\u00f3n de hablar con una compa\u00f1\u00eda de seguros sin la representaci\u00f3n de un abogado.<\/p>\n<p>Un abogado de lesiones personales en Manassas, <a href=\"https:\/\/es.wikipedia.org\/wiki\/Virginia\" target=\"_blank\" rel=\"noopener\">Virginia<\/a> puede proporcionar asesoramiento y orientaci\u00f3n sobre la mejor manera de manejar las conversaciones con una aseguradora. Tambi\u00e9n pueden proteger a un asegurado de las pr\u00e1cticas desleales o t\u00e1cticas de coacci\u00f3n que una compa\u00f1\u00eda de seguros utiliza durante las negociaciones.<\/p>\n<h2>Consejos Para Hablar Con La Compa\u00f1\u00eda De Seguros Del Otro Conductor<\/h2>\n<p>Hablar con la compa\u00f1\u00eda de seguros del otro conductor despu\u00e9s de un accidente puede ser desalentador. Conocer los consejos y trucos adecuados puede hacer que este proceso sea mucho m\u00e1s sencillo. Tambi\u00e9n puede ayudarle a obtener el resultado deseado. Este art\u00edculo tratar\u00e1 sobre los consejos esenciales a tener en cuenta al hablar con la compa\u00f1\u00eda de seguros del otro conductor.<\/p>\n<h3>Tenga Cuidado Al Responder Cuando Le Pregunten<\/h3>\n<p><img decoding=\"async\" class=\"alignright wp-image-13450 size-full\" src=\"https:\/\/www.theirvinglawfirm.com\/wp-content\/uploads\/2023\/08\/desvelando-tu-rol-en-demandas-por-danos-personales-orientacion-legal.jpg\" alt=\"Desvelando Tu Papel En Las Reclamaciones Por Da\u00f1os Personales: Orientaci\u00f3n Jur\u00eddica\" width=\"300\" height=\"200\" srcset=\"https:\/\/www.theirvinglawfirm.com\/wp-content\/uploads\/2023\/08\/desvelando-tu-rol-en-demandas-por-danos-personales-orientacion-legal-200x133.jpg 200w, https:\/\/www.theirvinglawfirm.com\/wp-content\/uploads\/2023\/08\/desvelando-tu-rol-en-demandas-por-danos-personales-orientacion-legal.jpg 300w\" sizes=\"(max-width: 300px) 100vw, 300px\" \/><\/p>\n<p>Recuerde que todo lo que diga o escriba puede ser utilizado en su contra cuando trate con compa\u00f1\u00edas de seguros. Por ello, los asegurados deben saber qu\u00e9 informaci\u00f3n facilitar y qu\u00e9 opciones tienen cuando se comunican con una compa\u00f1\u00eda de seguros.<\/p>\n<p>En general, los asegurados no deben ofrecer voluntariamente informaci\u00f3n adicional. Tampoco deben aceptar que se grabe su declaraci\u00f3n por tel\u00e9fono o por escrito despu\u00e9s de un accidente de auto con lesiones personales. Pero es aconsejable dejar que su abogado de lesiones personales en Manassas, Virginia manejar este asunto para evitar consecuencias legales.<\/p>\n<p>Las compa\u00f1\u00edas de seguros pueden intentar obtener respuestas m\u00e1s detalladas de los reclamantes. Esto puede incluir fechas, horas y otros detalles espec\u00edficos que pueden no ser necesarios para presentar una reclamaci\u00f3n. Los reclamantes deben centrarse en proporcionar \u00fanicamente los hechos relacionados con la situaci\u00f3n. Tambi\u00e9n deben evitar responder a preguntas demasiado espec\u00edficas o entrar en detalles sobre c\u00f3mo se vieron afectados por la p\u00e9rdida.<\/p>\n<h3>No Haga Declaraciones Sobre El Accidente<\/h3>\n<p>Cuando se ve implicado en un accidente de tr\u00e1fico con lesiones personales, cualquier cosa que diga a la compa\u00f1\u00eda de seguros del otro conductor puede ser utilizada en su contra. Esto puede reducir o incluso dar lugar a la denegaci\u00f3n del pago de su reclamaci\u00f3n.<\/p>\n<p>Es importante recordar que la compa\u00f1\u00eda de seguros vela por sus intereses y no por los tuyos. Debes facilitarles informaci\u00f3n b\u00e1sica, como tu nombre y tus datos de contacto. Aun as\u00ed, es prudente evitar dar pruebas o detalles del accidente.<\/p>\n<p>Es probable que la aseguradora del otro conductor pregunte qui\u00e9n tuvo la culpa y cu\u00e1nto dinero debe pagar en tu nombre. Por lo tanto, es vital ser profesional pero prudente al comunicarse con sus representantes.<\/p>\n<h3>Remita A Las Compa\u00f1\u00edas A Su Propio Seguro De Auto<\/h3>\n<p>Supongamos que las compa\u00f1\u00edas de seguros de auto le piden m\u00e1s que detalles b\u00e1sicos despu\u00e9s de un accidente de auto con lesiones personales. En ese caso, saber que su compa\u00f1\u00eda de seguros de auto debe proporcionar esta informaci\u00f3n es esencial. Ellos son los responsables de informar correctamente de todos los hechos y cifras relativos a su accidente.<\/p>\n<p>Una informaci\u00f3n precisa no s\u00f3lo facilita el proceso de reclamaci\u00f3n, sino que tambi\u00e9n le protege frente a posibles obligaciones legales. No es raro que una compa\u00f1\u00eda de seguros pida informaci\u00f3n adicional, como declaraciones de testigos o fotograf\u00edas del lugar del accidente. Tambi\u00e9n pueden solicitar algo m\u00e1s que detalles b\u00e1sicos sobre lo ocurrido durante el siniestro.<\/p>\n<p>Si se enfrenta a esta situaci\u00f3n en Manassas, Virginia, obtener dicha informaci\u00f3n de su compa\u00f1\u00eda de seguros de auto es mejor que proporcionarla usted mismo. Esto asegura que toda la informaci\u00f3n necesaria se registra con precisi\u00f3n. Tambi\u00e9n se asegurar\u00e1 de que no se cometan errores al presentar una reclamaci\u00f3n o manejar cualquier asunto legal que pueda surgir m\u00e1s tarde.<\/p>\n<h2>Resumen<\/h2>\n<p>No est\u00e1 obligado a hablar con la compa\u00f1\u00eda de seguros del otro conductor, pero si decide hacerlo, es esencial que tenga cuidado con lo que dice. Debe evitar admitir la culpa o dar demasiados detalles sobre el incidente. Es mejor consultar con un abogado antes de conversar con la compa\u00f1\u00eda de seguros del otro conductor.<\/p>\n<p><a href=\"http:\/\/theirvinglawfirm.com\/es\">The Irving Law Firm<\/a> en Manassas, Virginia, puede proporcionarle <a href=\"https:\/\/www.theirvinglawfirm.com\/es\/derecho-de-familia\/lesiones-personales\/\">abogados con experiencia en casos de lesiones personales<\/a> y accidentes de auto. La comprensi\u00f3n de sus derechos y responsabilidades le ayudar\u00e1 a asegurarse de que son justamente compensados por los da\u00f1os sufridos durante un accidente de auto.<\/p>\n<p><a href=\"https:\/\/www.theirvinglawfirm.com\/es\/derecho-de-familia\/lesiones-personales\/factores-que-deben-probarse-en-caso-de-lesion-personal\/\">M\u00e1s Informaci\u00f3n Sobre Lesiones Personales<\/a><\/p>\n","protected":false},"excerpt":{"rendered":"<p>Puede resultar abrumador verse implicado en un accidente de tr\u00e1fico  [&#8230;]<\/p>\n","protected":false},"author":3,"featured_media":0,"parent":8218,"menu_order":0,"comment_status":"closed","ping_status":"closed","template":"","meta":{"_analytify_skip_tracking":false,"rank_math_title":"Lesiones Personales: Riesgos Al Hablar Con La Aseguradora De Otro | The Irving Law Firm","rank_math_description":"Descubra si hablar con una compa\u00f1\u00eda de seguros tras un accidente de auto puede ser beneficioso para usted. Conoce los factores de riesgo que conlleva si decides hacer su caso de lesiones personales.","rank_math_focus_keyword":"lesiones personales","rank_math_canonical_url":"","footnotes":""},"class_list":["post-13444","page","type-page","status-publish","hentry"],"acf":[],"_links":{"self":[{"href":"https:\/\/www.theirvinglawfirm.com\/es\/wp-json\/wp\/v2\/pages\/13444","targetHints":{"allow":["GET"]}}],"collection":[{"href":"https:\/\/www.theirvinglawfirm.com\/es\/wp-json\/wp\/v2\/pages"}],"about":[{"href":"https:\/\/www.theirvinglawfirm.com\/es\/wp-json\/wp\/v2\/types\/page"}],"author":[{"embeddable":true,"href":"https:\/\/www.theirvinglawfirm.com\/es\/wp-json\/wp\/v2\/users\/3"}],"replies":[{"embeddable":true,"href":"https:\/\/www.theirvinglawfirm.com\/es\/wp-json\/wp\/v2\/comments?post=13444"}],"version-history":[{"count":0,"href":"https:\/\/www.theirvinglawfirm.com\/es\/wp-json\/wp\/v2\/pages\/13444\/revisions"}],"up":[{"embeddable":true,"href":"https:\/\/www.theirvinglawfirm.com\/es\/wp-json\/wp\/v2\/pages\/8218"}],"wp:attachment":[{"href":"https:\/\/www.theirvinglawfirm.com\/es\/wp-json\/wp\/v2\/media?parent=13444"}],"curies":[{"name":"wp","href":"https:\/\/api.w.org\/{rel}","templated":true}]}}