{"id":13407,"date":"2023-08-22T16:42:24","date_gmt":"2023-08-22T16:42:24","guid":{"rendered":"https:\/\/www.theirvinglawfirm.com\/?page_id=13407"},"modified":"2024-03-05T17:57:38","modified_gmt":"2024-03-05T17:57:38","slug":"accidentes-que-se-litigan-como-lesiones-personales","status":"publish","type":"page","link":"https:\/\/www.theirvinglawfirm.com\/es\/areas-de-practica\/derecho-de-familia\/lesiones-personales\/accidentes-que-se-litigan-como-lesiones-personales\/","title":{"rendered":"Tipos De Accidentes Que Se Litigan Como Casos De Lesiones Personales"},"content":{"rendered":"<p>Los accidentes pueden ser devastadores, causando traumas f\u00edsicos y emocionales y cargas financieras. Cada individuo debe ser consciente de los diversos tipos de casos de lesiones personales que existen en Manassas, <a href=\"https:\/\/es.wikipedia.org\/wiki\/Virginia\" target=\"_blank\" rel=\"noopener\">Virginia<\/a> para protegerse de cualquier da\u00f1o evitable. Conocer los diferentes casos, sus causas y repercusiones legales puede ayudar a las personas a comprender mejor sus derechos y c\u00f3mo actuar en determinadas situaciones.<\/p>\n<p><img decoding=\"async\" class=\"aligncenter wp-image-13410 size-full\" src=\"https:\/\/www.theirvinglawfirm.com\/wp-content\/uploads\/2023\/08\/empoderando-clientes-en-casos-de-lesiones-personales-navegacion-legal.jpg\" alt=\"Capacitar A Los Clientes En Casos De Lesiones Personales: Navegaci\u00f3n Legal\" width=\"100%\" height=\"801\" srcset=\"https:\/\/www.theirvinglawfirm.com\/wp-content\/uploads\/2023\/08\/empoderando-clientes-en-casos-de-lesiones-personales-navegacion-legal-200x134.jpg 200w, https:\/\/www.theirvinglawfirm.com\/wp-content\/uploads\/2023\/08\/empoderando-clientes-en-casos-de-lesiones-personales-navegacion-legal-300x200.jpg 300w, https:\/\/www.theirvinglawfirm.com\/wp-content\/uploads\/2023\/08\/empoderando-clientes-en-casos-de-lesiones-personales-navegacion-legal-400x267.jpg 400w, https:\/\/www.theirvinglawfirm.com\/wp-content\/uploads\/2023\/08\/empoderando-clientes-en-casos-de-lesiones-personales-navegacion-legal-600x401.jpg 600w, https:\/\/www.theirvinglawfirm.com\/wp-content\/uploads\/2023\/08\/empoderando-clientes-en-casos-de-lesiones-personales-navegacion-legal-768x513.jpg 768w, https:\/\/www.theirvinglawfirm.com\/wp-content\/uploads\/2023\/08\/empoderando-clientes-en-casos-de-lesiones-personales-navegacion-legal-800x534.jpg 800w, https:\/\/www.theirvinglawfirm.com\/wp-content\/uploads\/2023\/08\/empoderando-clientes-en-casos-de-lesiones-personales-navegacion-legal-1024x684.jpg 1024w, https:\/\/www.theirvinglawfirm.com\/wp-content\/uploads\/2023\/08\/empoderando-clientes-en-casos-de-lesiones-personales-navegacion-legal.jpg 1200w\" sizes=\"(max-width: 1200px) 100vw, 1200px\" \/><\/p>\n<h2>Tipos Comunes De Lesiones Personales<\/h2>\n<p>Los casos de lesiones personales pueden ser un \u00e1rea compleja y dif\u00edcil de navegar. Implican buscar compensaci\u00f3n por p\u00e9rdidas f\u00edsicas, emocionales o financieras resultantes de la negligencia de otro individuo. Se pueden presentar muchos tipos de demandas por lesiones personales dependiendo de las circunstancias de cada caso. Tipos comunes de casos de lesiones personales en Manassas, Virginia son:<\/p>\n<h3>Accidentes De Auto<\/h3>\n<p>Los casos de lesiones personales que resultan de accidentes de auto pueden ser muy complicados. Las v\u00edctimas de accidentes de auto pueden enfrentar diversas dificultades; tales dificultades pueden provenir de facturas m\u00e9dicas, salarios perdidos y discapacidades f\u00edsicas. En estos casos, es crucial entender los diferentes tipos de reclamaciones por lesiones personales que las v\u00edctimas pueden ser capaces de hacer para obtener una indemnizaci\u00f3n.<\/p>\n<p>Las v\u00edctimas pueden tener derecho a una indemnizaci\u00f3n por gastos m\u00e9dicos cuando se produce un accidente debido a la negligencia o imprudencia de otro conductor. Tambi\u00e9n pueden tener derecho a una indemnizaci\u00f3n por dolor y sufrimiento, da\u00f1os materiales y otras p\u00e9rdidas derivadas del accidente. Esto puede ayudar a las v\u00edctimas a recuperar cierta seguridad financiera mientras se recuperan de sus lesiones f\u00edsicas y su trauma emocional.<\/p>\n<h3>Negligencias M\u00e9dicas<\/h3>\n<p>La negligencia m\u00e9dica es una forma de lesi\u00f3n personal que se produce cuando un profesional sanitario no presta la atenci\u00f3n sanitaria necesaria. Las consecuencias pueden ir desde lesiones leves hasta la muerte. Cuando se produce una lesi\u00f3n por negligencia m\u00e9dica, las v\u00edctimas deben tomar medidas para responsabilizar a las partes implicadas y buscar justicia. Una forma de hacerlo es ponerse en contacto con un abogado experto en lesiones personales.<\/p>\n<p>La negligencia de los profesionales sanitarios suele provocar dolor f\u00edsico y sufrimiento a sus pacientes. Los casos comunes de negligencia m\u00e9dica implican negligencia o falta de diagn\u00f3stico de enfermedades. Por ejemplo, lesiones en el parto debidas a t\u00e9cnicas de parto o alumbramiento inadecuadas que causan lesiones personales a la madre y al ni\u00f1o.<\/p>\n<p>Los errores quir\u00fargicos que provocan lesiones permanentes o complicaciones durante la recuperaci\u00f3n y los errores en la prescripci\u00f3n de medicamentos son otros ejemplos de casos de lesiones personales. Dan lugar a da\u00f1os debidos a dosis incorrectas y pueden considerarse negligencia m\u00e9dica.<\/p>\n<h3>Accidentes Por Resbalones Y Ca\u00eddas<\/h3>\n<p><span style=\"font-weight: 400;\"><img decoding=\"async\" class=\"wp-image-13412 size-full alignright\" src=\"https:\/\/www.theirvinglawfirm.com\/wp-content\/uploads\/2023\/08\/su-parte-en-un-caso-de-lesiones-personales-hoja-de-camino-legal.jpg\" alt=\"Su Papel En Un Caso De Lesiones Personales: Hoja De Ruta Legal\" width=\"300\" height=\"200\" srcset=\"https:\/\/www.theirvinglawfirm.com\/wp-content\/uploads\/2023\/08\/su-parte-en-un-caso-de-lesiones-personales-hoja-de-camino-legal-200x133.jpg 200w, https:\/\/www.theirvinglawfirm.com\/wp-content\/uploads\/2023\/08\/su-parte-en-un-caso-de-lesiones-personales-hoja-de-camino-legal.jpg 300w\" sizes=\"(max-width: 300px) 100vw, 300px\" \/><\/span><\/p>\n<p>Los resbalones y las ca\u00eddas pueden ocurrir en cualquier lugar y en condiciones peligrosas. Las v\u00edctimas de accidentes por resbalones y ca\u00eddas suelen sufrir lesiones graves, como fracturas de huesos, rotura de ligamentos, lesiones de cuello y espalda, traumatismos craneoencef\u00e1licos y otros da\u00f1os f\u00edsicos.<\/p>\n<p>Por ejemplo, un conserje est\u00e1 fregando el suelo en un centro comercial sin una se\u00f1al de \u00absuelo mojado\u00bb. Uno de los compradores resbala y se rompe los huesos. Los propietarios del centro comercial junto con la empresa del servicio de limpieza son responsables de los lesiones personales sufridas por la v\u00edctima.<\/p>\n<p>Es esencial recordar que, para que su caso prospere, debe demostrar la negligencia del propietario o de la empresa donde se produjo el accidente. Esto significa que debe demostrar que el propietario conoc\u00eda o deber\u00eda haber conocido la situaci\u00f3n de peligro. Tambi\u00e9n debe demostrar que no tomaron medidas razonables para remediarlo antes de que se produjera el accidente.<\/p>\n<h3>Responsabilidad Por Productos Defectuosos<\/h3>\n<p>La responsabilidad por productos defectuosos es un \u00e1rea del derecho de lesiones personales que cubre las lesiones causadas por productos defectuosos o irrazonablemente peligrosos. Implica una variedad de situaciones en las que las personas sufren da\u00f1os debido a la negligencia o imprudencia de los fabricantes. Estos casos pueden implicar dise\u00f1os defectuosos, defectos de fabricaci\u00f3n o etiquetas e instrucciones enga\u00f1osas que conducen a peligros inesperados.<\/p>\n<p>Los consumidores pueden tener derecho a una indemnizaci\u00f3n por gastos m\u00e9dicos, p\u00e9rdida de salarios, dolor y sufrimiento, y mucho m\u00e1s. Al presentar una demanda por da\u00f1os y perjuicios contra las partes negligentes implicadas en la fabricaci\u00f3n y venta de un producto, las v\u00edctimas pueden recuperar las p\u00e9rdidas econ\u00f3micas asociadas a su lesi\u00f3n.<\/p>\n<p>Un ejemplo de un caso sonado de responsabilidad por productos defectuosos fue el de una se\u00f1ora que padec\u00eda c\u00e1ncer de pulm\u00f3n y present\u00f3 una demanda contra Philip Morris en 2002, alegando que fumar cigarrillos le hab\u00eda causado la enfermedad y que la empresa tabaquera no le hab\u00eda advertido de los peligros de fumar. La empresa se vio obligada a pagar 850.000 d\u00f3lares en concepto de da\u00f1os compensatorios, as\u00ed como la asombrosa cantidad de 28.000 millones de d\u00f3lares en concepto de da\u00f1os punitivos.<\/p>\n<h3>Muerte Por Negligencia<\/h3>\n<p>Los casos de muerte por negligencia se refieren a situaciones en las que la negligencia o la conducta intencionada de un individuo provocaron la muerte de otra persona. Los familiares supervivientes pueden presentar una demanda por homicidio culposo contra la persona responsable. Los casos de muerte por negligencia son demandas civiles que permiten a la familia del fallecido recibir una indemnizaci\u00f3n.<\/p>\n<p>Por ejemplo, en los accidentes de auto, el homicidio culposo y la negligencia del conductor pueden demostrarse mediante pruebas. Ejemplos de ello son los informes policiales o los testimonios de testigos. La negligencia m\u00e9dica y los homicidios culposos se producen cuando un profesional sanitario no respeta las normas de atenci\u00f3n, como la comunicaci\u00f3n, lo que provoca lesiones graves o la muerte del paciente.<\/p>\n<h2>Resumen<\/h2>\n<p>Cuando usted ha sido v\u00edctima de una lesi\u00f3n personal, es crucial tomarse el tiempo para entender sus derechos y el tipo de caso que puede tener. Conocer los tipos comunes de casos de lesiones personales puede ayudarle a asegurarse de que sabe qui\u00e9n es responsable de los da\u00f1os ocurridos y c\u00f3mo solicitar una indemnizaci\u00f3n.<\/p>\n<p>El mejor camino a seguir es contratar a un <a href=\"https:\/\/www.theirvinglawfirm.com\/es\/derecho-de-familia\/lesiones-personales\/\">abogado con amplia experiencia en la ley de lesiones personales<\/a> que le puede guiar a trav\u00e9s del proceso, mientras que la protecci\u00f3n de sus derechos legales. La contrataci\u00f3n de un abogado en <a href=\"https:\/\/www.theirvinglawfirm.com\/es\">The Irving Law Firm<\/a> en Manassas, Virginia es una sabia decisi\u00f3n si usted est\u00e1 involucrado en un caso de lesiones personales.<\/p>\n<p>No solo proporcionan servicios legales fiables y de calidad, sino que tambi\u00e9n tienen a\u00f1os de experiencia en la defensa de clientes en casos similares. Tienen un buen historial con casos de lesiones personales por lo que puede confiar en ellos para el resultado de su caso. As\u00ed que p\u00f3ngase en contacto con ellos hoy si usted es el demandante o demandado de un caso de lesiones personales.<\/p>\n<p><a href=\"https:\/\/www.theirvinglawfirm.com\/es\/derecho-de-familia\/lesiones-personales\/que-significa-la-responsabilidad-de-los-establecimientos\/\">Haga Clic Aqu\u00ed Para Descubrir Los Significados De Los Lesiones Personales<\/a><\/p>\n","protected":false},"excerpt":{"rendered":"<p>Los accidentes pueden ser devastadores, causando traumas f\u00edsicos y emocionales  [&#8230;]<\/p>\n","protected":false},"author":3,"featured_media":0,"parent":8218,"menu_order":0,"comment_status":"closed","ping_status":"closed","template":"","meta":{"_analytify_skip_tracking":false,"rank_math_title":"Lesiones Personales: Tipos De Accidentes Para Litigar | The Irving Law Firm","rank_math_description":"Descubra la importancia de conocer los tipos comunes de casos de lesiones personales y la indemnizaci\u00f3n disponible para usted en cada caso de lesiones personales.","rank_math_focus_keyword":"lesiones personales","rank_math_canonical_url":"","footnotes":""},"class_list":["post-13407","page","type-page","status-publish","hentry"],"acf":[],"_links":{"self":[{"href":"https:\/\/www.theirvinglawfirm.com\/es\/wp-json\/wp\/v2\/pages\/13407","targetHints":{"allow":["GET"]}}],"collection":[{"href":"https:\/\/www.theirvinglawfirm.com\/es\/wp-json\/wp\/v2\/pages"}],"about":[{"href":"https:\/\/www.theirvinglawfirm.com\/es\/wp-json\/wp\/v2\/types\/page"}],"author":[{"embeddable":true,"href":"https:\/\/www.theirvinglawfirm.com\/es\/wp-json\/wp\/v2\/users\/3"}],"replies":[{"embeddable":true,"href":"https:\/\/www.theirvinglawfirm.com\/es\/wp-json\/wp\/v2\/comments?post=13407"}],"version-history":[{"count":0,"href":"https:\/\/www.theirvinglawfirm.com\/es\/wp-json\/wp\/v2\/pages\/13407\/revisions"}],"up":[{"embeddable":true,"href":"https:\/\/www.theirvinglawfirm.com\/es\/wp-json\/wp\/v2\/pages\/8218"}],"wp:attachment":[{"href":"https:\/\/www.theirvinglawfirm.com\/es\/wp-json\/wp\/v2\/media?parent=13407"}],"curies":[{"name":"wp","href":"https:\/\/api.w.org\/{rel}","templated":true}]}}