{"id":13362,"date":"2023-08-22T16:41:32","date_gmt":"2023-08-22T16:41:32","guid":{"rendered":"https:\/\/www.theirvinglawfirm.com\/?page_id=13362"},"modified":"2024-03-06T15:41:55","modified_gmt":"2024-03-06T15:41:55","slug":"que-significa-la-responsabilidad-de-los-establecimientos","status":"publish","type":"page","link":"https:\/\/www.theirvinglawfirm.com\/es\/que-significa-la-responsabilidad-de-los-establecimientos\/","title":{"rendered":"Lesiones Personales: \u00bfQu\u00e9 Significa La Responsabilidad Del Establecimiento?"},"content":{"rendered":"<p>La responsabilidad del establecimiento es un concepto jur\u00eddico complejo que afecta a muchos casos de lesiones personales. Comprender los fundamentos de la responsabilidad de los establecimiento puede ayudar a los afectados por una lesi\u00f3n a entender mejor la ley y sus posibles derechos en un caso. Es esencial ser consciente de c\u00f3mo la negligencia por parte de los propietarios puede tener un impacto significativo en los asuntos civiles.<\/p>\n<p>Este art\u00edculo discutir\u00e1 los tipos de responsabilidad de las premisas, el deber de cuidado del due\u00f1o de la propiedad, y por qu\u00e9 usted necesita un abogado de lesiones personales en Manassas, Virginia.<\/p>\n<p><img decoding=\"async\" class=\"aligncenter wp-image-13460 size-full\" src=\"https:\/\/www.theirvinglawfirm.com\/wp-content\/uploads\/2023\/08\/casos-de-lesiones-personales-papel-de-los-procedimientos-judiciales.jpg\" alt=\"Casos De Lesiones Personales: Su Papel En El Procedimiento Judicial\" width=\"100%\" height=\"801\" srcset=\"https:\/\/www.theirvinglawfirm.com\/wp-content\/uploads\/2023\/08\/casos-de-lesiones-personales-papel-de-los-procedimientos-judiciales-200x134.jpg 200w, https:\/\/www.theirvinglawfirm.com\/wp-content\/uploads\/2023\/08\/casos-de-lesiones-personales-papel-de-los-procedimientos-judiciales-300x200.jpg 300w, https:\/\/www.theirvinglawfirm.com\/wp-content\/uploads\/2023\/08\/casos-de-lesiones-personales-papel-de-los-procedimientos-judiciales-400x267.jpg 400w, https:\/\/www.theirvinglawfirm.com\/wp-content\/uploads\/2023\/08\/casos-de-lesiones-personales-papel-de-los-procedimientos-judiciales-600x401.jpg 600w, https:\/\/www.theirvinglawfirm.com\/wp-content\/uploads\/2023\/08\/casos-de-lesiones-personales-papel-de-los-procedimientos-judiciales-768x513.jpg 768w, https:\/\/www.theirvinglawfirm.com\/wp-content\/uploads\/2023\/08\/casos-de-lesiones-personales-papel-de-los-procedimientos-judiciales-800x534.jpg 800w, https:\/\/www.theirvinglawfirm.com\/wp-content\/uploads\/2023\/08\/casos-de-lesiones-personales-papel-de-los-procedimientos-judiciales-1024x684.jpg 1024w, https:\/\/www.theirvinglawfirm.com\/wp-content\/uploads\/2023\/08\/casos-de-lesiones-personales-papel-de-los-procedimientos-judiciales.jpg 1200w\" sizes=\"(max-width: 1200px) 100vw, 1200px\" \/><\/p>\n<h2>\u00bfQu\u00e9 Es La Responsabilidad Civil Del Establecimiento?<\/h2>\n<p><a href=\"https:\/\/www.forbes.com\/advisor\/legal\/personal-injury\/premises-liability\/\" target=\"_blank\" rel=\"noopener\">La responsabilidad del establecimiento<\/a> es un concepto legal en un caso de lesiones personales que hace responsable al propietario de un terreno o propiedad de cualquier lesi\u00f3n personal que se produzca en las instalaciones. Esto incluye cualquier hogar, negocio o lugares p\u00fablicos, como centros comerciales, complejos tur\u00edsticos o piscinas.<\/p>\n<p>Las lesiones personales dentro de la propiedad pueden tener consecuencias importantes para el due\u00f1o de la propiedad. Ellos ser\u00e1n los responsables de los accidentes que se produzcan dentro de su propiedad. Es esencial entender lo que significa este tipo de responsabilidad para protegerse en caso de lesiones personales.<\/p>\n<p>Seg\u00fan la ley de responsabilidad de las instalaciones, el due\u00f1o de la propiedad debe mantener un entorno seguro para los visitantes y advertir a cualquiera que entre sobre cualquier peligro conocido. Si existe alg\u00fan peligro para la seguridad, corresponde al propietario arreglarlo o se\u00f1alarlo como riesgo potencial. De este modo se alerta a la gente para que tome precauciones al entrar en el establecimiento.<\/p>\n<h2>Tipos De Responsabilidad Del Establecimiento En Lesiones Personales<\/h2>\n<p><img decoding=\"async\" class=\"alignright wp-image-13458 size-full\" src=\"https:\/\/www.theirvinglawfirm.com\/wp-content\/uploads\/2023\/08\/responsabilidades-del-cliente-en-caso-de-lesiones-personales-conocimientos-legales.jpg\" alt=\"Responsabilidades Del Cliente En Un Caso De Lesiones Personales: Perspectivas Jur\u00eddicas\" width=\"300\" height=\"200\" srcset=\"https:\/\/www.theirvinglawfirm.com\/wp-content\/uploads\/2023\/08\/responsabilidades-del-cliente-en-caso-de-lesiones-personales-conocimientos-legales-200x133.jpg 200w, https:\/\/www.theirvinglawfirm.com\/wp-content\/uploads\/2023\/08\/responsabilidades-del-cliente-en-caso-de-lesiones-personales-conocimientos-legales.jpg 300w\" sizes=\"(max-width: 300px) 100vw, 300px\" \/>Los propietarios deben entender que la responsabilidad de las premisas en un caso de lesiones personales es un concepto importante para estar bien informado acerca de sus responsabilidades legales. Cuando una persona se lesiona en la propiedad de otra persona, el due\u00f1o de la propiedad o el ocupante puede ser responsable de esas lesiones en virtud de una teor\u00eda de la responsabilidad del establecimiento. Algunos ejemplos de responsabilidad de las premisas incluyen:<\/p>\n<h3>Propiedades Peligrosas<\/h3>\n<p>Los propietarios son responsables de mantener sus instalaciones en condiciones seguras. Una propiedad peligrosa puede provocar lesiones graves e incluso la muerte. Esto enfatiza la importancia de la responsabilidad de las instalaciones. La ley de responsabilidad del establecimiento sostiene que los propietarios son responsables de las lesiones o muertes resultantes de la negligencia en el mantenimiento de la seguridad de su propiedad.<\/p>\n<h3>Seguridad Negligente O Inadecuada<\/h3>\n<p>La responsabilidad del establecimiento es una forma de la ley de negligencia que cubre los accidentes y lesiones causados por el incumplimiento del propietario de proporcionar una seguridad razonable. En algunos casos, la responsabilidad de las instalaciones puede implicar una seguridad negligente o inadecuada.<\/p>\n<p>Por ejemplo, si alguien se ahoga en un complejo tur\u00edstico debido a la falta de se\u00f1alizaci\u00f3n de las zonas peligrosas, los propietarios son responsables de los lesiones personales sufridas por la v\u00edctima. Son responsables de pagar los da\u00f1os a la v\u00edctima y de hacerse cargo de los gastos m\u00e9dicos.<\/p>\n<p>Los propietarios tienen la obligaci\u00f3n de proteger a los visitantes de los riesgos previsibles, incluida la actividad delictiva. Los tribunales deben considerar la gravedad de los riesgos previsibles en la propiedad. Tambi\u00e9n investigar\u00e1n los delitos cometidos anteriormente en la propiedad y si esos incidentes se denunciaron a la polic\u00eda.<\/p>\n<h3>Condiciones Defectuosas En El Establecimiento<\/h3>\n<p>Un tipo de lesi\u00f3n personal en un caso de responsabilidad de las premisas implica condiciones defectuosas. Estos casos surgen cuando el due\u00f1o de una propiedad no mantiene su terreno razonablemente seguro. Esta negligencia puede dejar a los visitantes vulnerables a condiciones peligrosas y posibles lesiones personales.<\/p>\n<p>Las condiciones defectuosas en las instalaciones pueden crear situaciones peligrosas para los visitantes. Esto puede dar lugar a reclamaciones por responsabilidad de las instalaciones. Cuando se trata de condiciones defectuosas en las instalaciones, los propietarios est\u00e1n obligados a identificar cualquier peligro potencial presente en la propiedad a trav\u00e9s de inspecciones peri\u00f3dicas o controles de mantenimiento.<\/p>\n<h2>Deber De Diligencia Del Propietario<\/h2>\n<p>Los propietarios son legalmente responsables de garantizar que sus instalaciones sean seguras para visitantes e inquilinos. Cuando se produce una lesi\u00f3n personal debido a la negligencia de un propietario, la parte lesionada puede optar por presentar una reclamaci\u00f3n de responsabilidad de las premisas en contra de ellos. Para presentar con \u00e9xito una demanda de este tipo, debe demostrar que el propietario incumpli\u00f3 su deber de diligencia.<\/p>\n<h3>Invitados<\/h3>\n<p>Los propietarios son legalmente responsables de proteger a sus invitados de los riesgos previsibles de da\u00f1os. Esto se conoce como \u00abdeber de diligencia\u00bb, que obliga a los propietarios a mantener sus instalaciones en condiciones razonablemente seguras. Los propietarios deben a los invitados un mayor deber de diligencia porque se les permite entrar en las instalaciones con el consentimiento impl\u00edcito y la confianza de ambas partes.<\/p>\n<h3>Concesionarios<\/h3>\n<p>Los propietarios tienen la obligaci\u00f3n de velar por la seguridad de los visitantes en sus instalaciones para evitar lesiones personales. Esto es especialmente importante cuando se trata de reclamaciones por responsabilidad de las instalaciones, que implican a los titulares de licencias. Un licenciatario es una persona que entra en la propiedad con el consentimiento o la invitaci\u00f3n del propietario, normalmente con fines recreativos.<\/p>\n<p>Los licenciatarios suelen ser personas como vendedores, reparadores e invitados sociales. Para ser considerado un licenciatario en la propiedad de alguien, debe tener permiso del propietario para entrar. Los propietarios deben establecer medidas de seguridad para proteger a cualquiera que entre en sus instalaciones.<\/p>\n<h3>Intrusos<\/h3>\n<p>En los casos de intrusos, el deber de diligencia del propietario se complica. Un intruso es alguien que entra en la tierra de otra persona sin permiso o derecho legal. En Manassas, Virginia, la ley generalmente establece que un propietario no debe un deber de cuidado a los intrusos. Sin embargo, hay ciertas excepciones en las que esto puede ser aplicable.<\/p>\n<h2>Resumen<\/h2>\n<p>Es esencial entender las leyes de responsabilidad del establecimiento cuando se est\u00e1 involucrado en un caso de lesiones personales. Recuerde que incluso si el due\u00f1o de la propiedad no era directamente culpable, el due\u00f1o de la propiedad todav\u00eda podr\u00eda ser considerado responsable de las lesiones sufridas por otra persona. Por lo tanto, si usted se lesiona debido a la negligencia de otra persona en su propiedad, lo mejor es buscar apoyo legal.<\/p>\n<p><a href=\"https:\/\/www.theirvinglawfirm.com\/es\/derecho-de-familia\/lesiones-personales\/\">Abogado con experiencia en lesiones personales<\/a> en <a href=\"https:\/\/www.theirvinglawfirm.com\/es\">The Irving Law Firm<\/a> en Manassas, Virginia es experto en este tipo de casos. Tienen a\u00f1os de experiencia y pueden proporcionar una valiosa orientaci\u00f3n y asesoramiento a la hora de navegar por un caso de lesiones personales.<\/p>\n<p><a href=\"https:\/\/www.theirvinglawfirm.com\/es\/derecho-de-familia\/lesiones-personales\/responsabilidad-civil-por-lesiones-personales\/\">\u00bfInteresado En Lesiones Personales? Haga Clic Aqu\u00ed Para Obtener M\u00e1s Informaci\u00f3n<\/a><\/p>\n","protected":false},"excerpt":{"rendered":"<p>La responsabilidad del establecimiento es un concepto jur\u00eddico complejo que  [&#8230;]<\/p>\n","protected":false},"author":3,"featured_media":0,"parent":0,"menu_order":0,"comment_status":"closed","ping_status":"closed","template":"","meta":{"_analytify_skip_tracking":false,"rank_math_title":"Lesiones Personales: Directrices Sobre Responsabilidad De Los Establecimientos | The Irving Law Firm","rank_math_description":"Aprenda lo que es la responsabilidad de las premisas y el papel que tiene en un caso de lesiones personales. Lea los tipos de responsabilidad de las premisas y la responsabilidad del due\u00f1o de la propiedad.","rank_math_focus_keyword":"responsabilidad","rank_math_canonical_url":"","footnotes":""},"class_list":["post-13362","page","type-page","status-publish","hentry"],"acf":[],"_links":{"self":[{"href":"https:\/\/www.theirvinglawfirm.com\/es\/wp-json\/wp\/v2\/pages\/13362","targetHints":{"allow":["GET"]}}],"collection":[{"href":"https:\/\/www.theirvinglawfirm.com\/es\/wp-json\/wp\/v2\/pages"}],"about":[{"href":"https:\/\/www.theirvinglawfirm.com\/es\/wp-json\/wp\/v2\/types\/page"}],"author":[{"embeddable":true,"href":"https:\/\/www.theirvinglawfirm.com\/es\/wp-json\/wp\/v2\/users\/3"}],"replies":[{"embeddable":true,"href":"https:\/\/www.theirvinglawfirm.com\/es\/wp-json\/wp\/v2\/comments?post=13362"}],"version-history":[{"count":0,"href":"https:\/\/www.theirvinglawfirm.com\/es\/wp-json\/wp\/v2\/pages\/13362\/revisions"}],"wp:attachment":[{"href":"https:\/\/www.theirvinglawfirm.com\/es\/wp-json\/wp\/v2\/media?parent=13362"}],"curies":[{"name":"wp","href":"https:\/\/api.w.org\/{rel}","templated":true}]}}