{"id":13345,"date":"2023-08-22T16:40:19","date_gmt":"2023-08-22T16:40:19","guid":{"rendered":"https:\/\/www.theirvinglawfirm.com\/?page_id=13345"},"modified":"2024-03-05T17:57:02","modified_gmt":"2024-03-05T17:57:02","slug":"responsabilidad-civil-por-lesiones-personales","status":"publish","type":"page","link":"https:\/\/www.theirvinglawfirm.com\/es\/areas-de-practica\/derecho-de-familia\/lesiones-personales\/responsabilidad-civil-por-lesiones-personales\/","title":{"rendered":"Lesiones Personales: \u00bfQu\u00e9 Es La Responsabilidad Por Productos Defectuosos?"},"content":{"rendered":"<p>La ley de responsabilidad por los productos implica que los bienes, herramientas o maquinaria deben ser seguros de usar. Si los art\u00edculos de consumo son defectuosos y causan lesiones personales, existe una causa para emprender acciones legales contra el fabricante. Son responsables independientemente de su intenci\u00f3n o conocimiento. <a href=\"https:\/\/europa.eu\/youreurope\/business\/dealing-with-customers\/consumer-contracts-guarantees\/defective-products\/index_es.htm#:~:text=La%20empresa%20es%20responsable%20de,muy%20graves%20para%20el%20vendedor.\" target=\"_blank\" rel=\"noopener\">La responsabilidad civil por productos defectuosos<\/a> responsabiliza a las empresas de los defectos de sus productos durante el dise\u00f1o, la fabricaci\u00f3n o la comercializaci\u00f3n.<\/p>\n<p>Aprender sobre la responsabilidad del producto y sus implicaciones es esencial para las personas que buscan entender sus derechos al presentar una demanda por lesiones personales. El conocimiento de la normativa sobre responsabilidad por productos defectuosos en Manassas, <a href=\"https:\/\/es.wikipedia.org\/wiki\/Virginia\" target=\"_blank\" rel=\"noopener\">Virginia<\/a>, puede ayudar a los demandantes a preparar y desarrollar sus casos con mayor eficacia en el contexto de las demandas por lesiones personales.<\/p>\n<p><img decoding=\"async\" class=\"aligncenter wp-image-13349 size-full\" src=\"https:\/\/www.theirvinglawfirm.com\/wp-content\/uploads\/2023\/08\/lesiones-personales-cliente-rol-navegando-los-procesos-legales.jpg\" alt=\"El Papel Del Cliente De Lesiones Personales: Navegando Por Los Procedimientos Legales\" width=\"100%\" height=\"801\" srcset=\"https:\/\/www.theirvinglawfirm.com\/wp-content\/uploads\/2023\/08\/lesiones-personales-cliente-rol-navegando-los-procesos-legales-200x134.jpg 200w, https:\/\/www.theirvinglawfirm.com\/wp-content\/uploads\/2023\/08\/lesiones-personales-cliente-rol-navegando-los-procesos-legales-300x200.jpg 300w, https:\/\/www.theirvinglawfirm.com\/wp-content\/uploads\/2023\/08\/lesiones-personales-cliente-rol-navegando-los-procesos-legales-400x267.jpg 400w, https:\/\/www.theirvinglawfirm.com\/wp-content\/uploads\/2023\/08\/lesiones-personales-cliente-rol-navegando-los-procesos-legales-600x401.jpg 600w, https:\/\/www.theirvinglawfirm.com\/wp-content\/uploads\/2023\/08\/lesiones-personales-cliente-rol-navegando-los-procesos-legales-768x513.jpg 768w, https:\/\/www.theirvinglawfirm.com\/wp-content\/uploads\/2023\/08\/lesiones-personales-cliente-rol-navegando-los-procesos-legales-800x534.jpg 800w, https:\/\/www.theirvinglawfirm.com\/wp-content\/uploads\/2023\/08\/lesiones-personales-cliente-rol-navegando-los-procesos-legales-1024x684.jpg 1024w, https:\/\/www.theirvinglawfirm.com\/wp-content\/uploads\/2023\/08\/lesiones-personales-cliente-rol-navegando-los-procesos-legales.jpg 1200w\" sizes=\"(max-width: 1200px) 100vw, 1200px\" \/><\/p>\n<h2>\u00bfQu\u00e9 Son Las Demandas Por Responsabilidad Civil Por Productos Defectuosos?<\/h2>\n<p>Las demandas por responsabilidad civil por productos defectuosos son un tipo de demanda por lesiones personales que puede presentarse cuando una persona sufre da\u00f1os debido a un producto defectuoso o en condiciones que pueden causar peligro a los consumidores. Supongamos que un fabricante produce o vende un producto con un defecto que causa da\u00f1os a alguien que lo utiliza.<\/p>\n<p>Por ejemplo, un auto se sale de la carretera y causa lesiones personales al conductor. Tras la investigaci\u00f3n, la causa del accidente es una direcci\u00f3n defectuosa. La v\u00edctima tiene motivos para presentar una demanda de responsabilidad por productos defectuosos contra el fabricante del auto. Para ganar un caso en los tribunales, debe demostrarse que el fabricante fue negligente al producir o vender un producto inseguro.<\/p>\n<p>Por lo general, la parte perjudicada tiene que demostrar sus lesiones y da\u00f1os debidos al art\u00edculo defectuoso. Solo entonces pueden tener derecho a una indemnizaci\u00f3n. Un abogado experto en lesiones personales en Manassas, Virginia, puede explicarle todas sus opciones legales a la hora de presentar esta demanda.<\/p>\n<h2>Tipos De Responsabilidad Por Productos Defectuosos<\/h2>\n<p><span style=\"font-weight: 400;\"><img decoding=\"async\" class=\"alignright wp-image-13351 size-full\" src=\"https:\/\/www.theirvinglawfirm.com\/wp-content\/uploads\/2023\/08\/contribucion-caso-de-lesiones-personales-responsabilidades-legales.jpg\" alt=\"Su Contribuci\u00f3n A Un Caso De Lesiones Personales: Responsabilidades Legales\" width=\"300\" height=\"200\" srcset=\"https:\/\/www.theirvinglawfirm.com\/wp-content\/uploads\/2023\/08\/contribucion-caso-de-lesiones-personales-responsabilidades-legales-200x133.jpg 200w, https:\/\/www.theirvinglawfirm.com\/wp-content\/uploads\/2023\/08\/contribucion-caso-de-lesiones-personales-responsabilidades-legales.jpg 300w\" sizes=\"(max-width: 300px) 100vw, 300px\" \/><\/span><\/p>\n<p>La ley de responsabilidad por productos defectuosos es una parte esencial de la seguridad y protecci\u00f3n del consumidor. Los consumidores pueden solicitar una compensaci\u00f3n econ\u00f3mica por sus da\u00f1os cuando un producto es defectuoso o causa da\u00f1os. Contratar a un abogado de lesiones personales le proporciona el apoyo y la representaci\u00f3n legales necesarios para reclamar da\u00f1os y perjuicios.<\/p>\n<p>En la mayor\u00eda de los casos, estas reclamaciones se derivan de uno de los tres tipos de reclamaciones de responsabilidad por productos defectuosos: defectos de fabricaci\u00f3n, de dise\u00f1o y de comercializaci\u00f3n. A continuaci\u00f3n se exponen las diferencias entre los tres tipos de reclamaciones.<\/p>\n<h3>Defecto De Dise\u00f1o<\/h3>\n<p>Un defecto de dise\u00f1o es un tipo de reclamaci\u00f3n de responsabilidad por producto defectuoso que implica un fallo en la construcci\u00f3n del art\u00edculo. Estas reclamaciones surgen normalmente cuando un producto tiene un dise\u00f1o que plantea un riesgo excesivo de lesiones a su usuario. Los defectos de dise\u00f1o tambi\u00e9n pueden afectar a productos que carecen de ciertas caracter\u00edsticas de seguridad. Esta falta de caracter\u00edsticas de seguridad los hace peligrosos para los consumidores desprevenidos.<\/p>\n<h3>Defecto Del Fabricante<\/h3>\n<p>Cuando un producto se vende con un defecto inherente, el fabricante puede ser responsable de las lesiones causadas. Las reclamaciones de responsabilidad por productos defectuosos se utilizan para ayudar a los consumidores a recuperar las p\u00e9rdidas ocasionadas por el art\u00edculo defectuoso. Los defectos de fabricaci\u00f3n son uno de los principales tipos de estas reclamaciones. Se producen cuando un producto es defectuoso en el momento de su venta.<\/p>\n<h3>Defecto De Comercializaci\u00f3n<\/h3>\n<p>Una de ellas es la reclamaci\u00f3n por defecto de comercializaci\u00f3n, concretamente la reclamaci\u00f3n por \u00abomisi\u00f3n de advertencia\u00bb. Se produce un fallo de advertencia cuando el fabricante no informa adecuadamente a los clientes sobre los peligros potenciales del uso de su producto. El elemento principal en este tipo de reclamaci\u00f3n es que el fabricante conoc\u00eda o deber\u00eda haber conocido el riesgo asociado a su producto.<\/p>\n<h2>Tipos De Reclamaciones Por Responsabilidad Civil Por Productos Defectuosos<\/h2>\n<p><span style=\"font-weight: 400;\">Las demandas de responsabilidad por productos defectuosos son litigios entre un consumidor y el fabricante, distribuidor o minorista de un producto que ha causado lesiones personales. Las reclamaciones de responsabilidad por productos defectuosos pueden surgir de diversas situaciones y adoptar muchas formas. A continuaci\u00f3n se exponen los tipos de demandas de responsabilidad por productos defectuosos:<\/span><\/p>\n<h3>Negligencia<\/h3>\n<p>La negligencia se produce cuando un fabricante, mayorista o minorista incumple su deber de diligencia al garantizar que un producto es seguro para los consumidores. Este tipo de reclamaci\u00f3n suele presentarse cuando una persona sufre lesiones personales por utilizar un producto seg\u00fan lo previsto y no por un uso indebido o una alteraci\u00f3n.<\/p>\n<h3>Incumplimiento De La Garant\u00eda<\/h3>\n<p>El incumplimiento de la garant\u00eda es otro tipo de reclamaci\u00f3n por responsabilidad civil por productos defectuosos. Surge cuando una empresa incumple los t\u00e9rminos de la garant\u00eda que ha ofrecido sobre sus productos. Puede tratarse de un incumplimiento de garant\u00edas expresas o impl\u00edcitas, como una garant\u00eda contra defectos o da\u00f1os. En los casos en que el incumplimiento de la garant\u00eda causa lesiones personales, los perjudicados pueden reclamar da\u00f1os y perjuicios.<\/p>\n<h3>Tergiversaci\u00f3n<\/h3>\n<p>La tergiversaci\u00f3n implica falsas promesas hechas por el vendedor que provocan lesiones personales. La tergiversaci\u00f3n puede incluir informaci\u00f3n incorrecta sobre la seguridad de un producto, como cuando las etiquetas de advertencia no mencionan los peligros potenciales asociados a su uso. Asimismo, las falsas representaciones pueden implicar campa\u00f1as de marketing que exageran las prestaciones y capacidades del producto.<\/p>\n<h2>Resumen<\/h2>\n<p>La responsabilidad por productos defectuosos es un \u00e1rea importante del derecho que puede ayudar a proteger a las personas de los productos o servicios defectuosos de las empresas. Para proteger sus derechos legales, es vital conocer las leyes de responsabilidad del producto y entender c\u00f3mo se aplican al presentar una demanda por lesiones personales. Con una mejor comprensi\u00f3n de la responsabilidad por productos defectuosos, las personas pueden tomar decisiones informadas sobre sus derechos causados por un producto o servicio defectuoso.<\/p>\n<p>La contrataci\u00f3n de un <a href=\"https:\/\/www.theirvinglawfirm.com\/es\/derecho-de-familia\/lesiones-personales\/\">abogado de lesiones personales<\/a> en <a href=\"https:\/\/www.theirvinglawfirm.com\/es\">The Irving Law Firm<\/a> que tenga experiencia en casos de responsabilidad por productos defectuosos es esencial para el resultado del caso cuando se est\u00e1 involucrado en una demanda de responsabilidad por productos defectuosos. Un abogado en Manassas, Virginia conocer\u00e1 las legalidades y procesos.<\/p>\n<p><a href=\"https:\/\/www.theirvinglawfirm.com\/es\/derecho-de-familia\/lesiones-personales\/lesiones-personales-no-intencionadas-comunes-en-virginia\/\">Haga Clic Aqu\u00ed Para Ampliar Sus Conocimientos Sobre Lesiones Personales<\/a><\/p>\n","protected":false},"excerpt":{"rendered":"<p>La ley de responsabilidad por los productos implica que los  [&#8230;]<\/p>\n","protected":false},"author":3,"featured_media":0,"parent":8218,"menu_order":0,"comment_status":"closed","ping_status":"closed","template":"","meta":{"_analytify_skip_tracking":false,"rank_math_title":"Lesiones Personales: \u00bfQu\u00e9 Significa Responsabilidad Por Productos Defectuosos? | The Irving Law Firm","rank_math_description":"Lea c\u00f3mo las reclamaciones por responsabilidad por productos defectuosos pueden afectar a un caso de lesiones personales. Conozca los diferentes tipos de reclamaciones y c\u00f3mo afecta cada una al caso.","rank_math_focus_keyword":"lesiones personales","rank_math_canonical_url":"","footnotes":""},"class_list":["post-13345","page","type-page","status-publish","hentry"],"acf":[],"_links":{"self":[{"href":"https:\/\/www.theirvinglawfirm.com\/es\/wp-json\/wp\/v2\/pages\/13345","targetHints":{"allow":["GET"]}}],"collection":[{"href":"https:\/\/www.theirvinglawfirm.com\/es\/wp-json\/wp\/v2\/pages"}],"about":[{"href":"https:\/\/www.theirvinglawfirm.com\/es\/wp-json\/wp\/v2\/types\/page"}],"author":[{"embeddable":true,"href":"https:\/\/www.theirvinglawfirm.com\/es\/wp-json\/wp\/v2\/users\/3"}],"replies":[{"embeddable":true,"href":"https:\/\/www.theirvinglawfirm.com\/es\/wp-json\/wp\/v2\/comments?post=13345"}],"version-history":[{"count":0,"href":"https:\/\/www.theirvinglawfirm.com\/es\/wp-json\/wp\/v2\/pages\/13345\/revisions"}],"up":[{"embeddable":true,"href":"https:\/\/www.theirvinglawfirm.com\/es\/wp-json\/wp\/v2\/pages\/8218"}],"wp:attachment":[{"href":"https:\/\/www.theirvinglawfirm.com\/es\/wp-json\/wp\/v2\/media?parent=13345"}],"curies":[{"name":"wp","href":"https:\/\/api.w.org\/{rel}","templated":true}]}}