{"id":13242,"date":"2023-08-19T01:53:35","date_gmt":"2023-08-19T01:53:35","guid":{"rendered":"https:\/\/www.theirvinglawfirm.com\/?page_id=13242"},"modified":"2024-03-06T15:40:39","modified_gmt":"2024-03-06T15:40:39","slug":"lesiones-personales-no-intencionadas-comunes-en-virginia","status":"publish","type":"page","link":"https:\/\/www.theirvinglawfirm.com\/es\/lesiones-personales-no-intencionadas-comunes-en-virginia\/","title":{"rendered":"Lesiones Personales Comunes No Intencionadas En Virginia"},"content":{"rendered":"<p>Las lesiones personales no intencionadas pueden ser un asunto serio, y saber identificar sus tipos comunes le mantiene preparado. Conocer estos tipos comunes puede ayudar a las personas a tomar medidas preventivas para evitarlos y reducir el riesgo.<\/p>\n<p>Este art\u00edculo discutir\u00e1 la importancia de aprender sobre los tipos comunes de lesiones no intencionales y proporcionar\u00e1 algunas ideas sobre lo que son.<\/p>\n<p><img decoding=\"async\" class=\"aligncenter wp-image-13247 size-full\" src=\"https:\/\/www.theirvinglawfirm.com\/wp-content\/uploads\/2023\/08\/abrazando-tu-rol-en-un-caso-de-lesiones-personales-opiniones-legales.jpg\" alt=\"Asumiendo Tu Papel En Un Caso De Lesiones Personales: Perspectivas Jur\u00eddicas\" width=\"100%\" height=\"800\" srcset=\"https:\/\/www.theirvinglawfirm.com\/wp-content\/uploads\/2023\/08\/abrazando-tu-rol-en-un-caso-de-lesiones-personales-opiniones-legales-200x133.jpg 200w, https:\/\/www.theirvinglawfirm.com\/wp-content\/uploads\/2023\/08\/abrazando-tu-rol-en-un-caso-de-lesiones-personales-opiniones-legales-300x200.jpg 300w, https:\/\/www.theirvinglawfirm.com\/wp-content\/uploads\/2023\/08\/abrazando-tu-rol-en-un-caso-de-lesiones-personales-opiniones-legales-400x267.jpg 400w, https:\/\/www.theirvinglawfirm.com\/wp-content\/uploads\/2023\/08\/abrazando-tu-rol-en-un-caso-de-lesiones-personales-opiniones-legales-600x400.jpg 600w, https:\/\/www.theirvinglawfirm.com\/wp-content\/uploads\/2023\/08\/abrazando-tu-rol-en-un-caso-de-lesiones-personales-opiniones-legales-768x512.jpg 768w, https:\/\/www.theirvinglawfirm.com\/wp-content\/uploads\/2023\/08\/abrazando-tu-rol-en-un-caso-de-lesiones-personales-opiniones-legales-800x533.jpg 800w, https:\/\/www.theirvinglawfirm.com\/wp-content\/uploads\/2023\/08\/abrazando-tu-rol-en-un-caso-de-lesiones-personales-opiniones-legales-1024x683.jpg 1024w, https:\/\/www.theirvinglawfirm.com\/wp-content\/uploads\/2023\/08\/abrazando-tu-rol-en-un-caso-de-lesiones-personales-opiniones-legales.jpg 1200w\" sizes=\"(max-width: 1200px) 100vw, 1200px\" \/><\/p>\n<h2>\u00bfCu\u00e1les Son Las Lesiones No Intencionadas M\u00e1s Comunes?<\/h2>\n<p>Las lesiones no intencionadas se producen por casualidad o accidente. No son el resultado de acciones intencionadas y pueden ir desde peque\u00f1os golpes y contusiones hasta traumatismos importantes, como lesiones craneales o de la m\u00e9dula espinal.<\/p>\n<p>Los da\u00f1os personales se refieren a los causados por incidentes no intencionados, ya sean f\u00edsicos o emocionales. Abarca todas las lesiones no intencionadas, incluidos los accidentes de coche y los incidentes en el lugar de trabajo.<\/p>\n<p>Supongamos que las p\u00e9rdidas de una v\u00edctima se derivan de la negligencia o imprudencia de otra persona. En ese caso, tienen derecho a presentar una demanda contra ellos ante los tribunales para recuperar los da\u00f1os y perjuicios que hayan sufrido a causa de sus lesiones.<\/p>\n<h2>Lesiones No Intencionadas Comunes<\/h2>\n<p>Las lesiones no intencionadas son una de las principales causas de muerte y discapacidad en Manassas, Virginia, y pueden ocurrirle a cualquiera en cualquier momento. Por lo tanto, es esencial reconocer los tipos comunes de lesiones no intencionadas. Lea m\u00e1s para conocer las lesiones no intencionadas comunes en Virginia.<\/p>\n<h3>Lesiones Por Accidentes De Tr\u00e1fico<\/h3>\n<p>Las lesiones por accidentes de tr\u00e1fico se encuentran entre las lesiones no intencionadas m\u00e1s comunes de <a href=\"https:\/\/www.manassasva.gov\/\" target=\"_blank\" rel=\"noopener\">Manassas<\/a>, Virginia. A pesar de las mejoras significativas en las caracter\u00edsticas de seguridad de los veh\u00edculos, los incidentes de tr\u00e1fico siguen siendo una causa importante de lesiones accidentales y muerte en todas las edades y g\u00e9neros.<\/p>\n<p>Cualquiera puede correr el riesgo de verse implicado en un incidente en una carretera o v\u00eda p\u00fablica. Y ello aunque no haya habido negligencia ni intenci\u00f3n delictiva por parte de ninguno de los implicados. Las campa\u00f1as de seguridad vial se esfuerzan por educar a la gente sobre los peligros de conducir sin precauci\u00f3n.<\/p>\n<h3>Ca\u00eddas<\/h3>\n<p><img decoding=\"async\" class=\"wp-image-13249 size-full alignright\" src=\"https:\/\/www.theirvinglawfirm.com\/wp-content\/uploads\/2023\/08\/guiando-tu-rol-por-un-caso-de-lesiones-personales-trayectoria-legal.jpg\" alt=\"Guiando Tu Rol A Trav\u00e9s De Un Caso De Lesiones Personales: Legal Pathway\" width=\"300\" height=\"200\" srcset=\"https:\/\/www.theirvinglawfirm.com\/wp-content\/uploads\/2023\/08\/guiando-tu-rol-por-un-caso-de-lesiones-personales-trayectoria-legal-200x133.jpg 200w, https:\/\/www.theirvinglawfirm.com\/wp-content\/uploads\/2023\/08\/guiando-tu-rol-por-un-caso-de-lesiones-personales-trayectoria-legal.jpg 300w\" sizes=\"(max-width: 300px) 100vw, 300px\" \/><\/p>\n<p>Las ca\u00eddas son una causa frecuente de lesiones personales y pueden ocurrir en cualquier lugar y en cualquier momento. Pueden deberse a factores del entorno, como superficies mojadas o resbaladizas. Las ca\u00eddas pueden ser peligrosas para ni\u00f1os peque\u00f1os y ancianos.<\/p>\n<p>Las personas deben tomar medidas proactivas para reducir el riesgo de ca\u00eddas siendo conscientes de su entorno. Utilizar dispositivos de seguridad como escaleras, barreras y barandillas cuando est\u00e9n disponibles. Utilizar calzado antideslizante y hacer ejercicio con regularidad tambi\u00e9n puede ayudar. Adem\u00e1s, los empresarios deben proporcionar un entorno de trabajo seguro, con v\u00edas despejadas y sin obst\u00e1culos.<\/p>\n<h3>Ahogamiento<\/h3>\n<p>El ahogamiento es una de las lesiones personales involuntarias m\u00e1s comunes, que afecta a personas de todas las edades. Las personas pueden correr peligro de ahogarse en cualquier situaci\u00f3n sumergidas en agua demasiado profunda para sus capacidades. Una lesi\u00f3n por ahogamiento no intencionado debido a la negligencia de otra persona puede dar lugar a una demanda por lesiones personales. Sin embargo, no todos los ahogamientos acaban en muerte.<\/p>\n<p>Muchas personas sobreviven con discapacidades a largo plazo debidas a da\u00f1os cerebrales causados por la falta de ox\u00edgeno durante el incidente. Estas discapacidades pueden incluir problemas de habla y movimiento, de aprendizaje y de memoria.<\/p>\n<h3>Incendios Y Quemaduras<\/h3>\n<p>Los incendios y las quemaduras son dos de las causas m\u00e1s comunes de lesiones personales no intencionadas. Estas lesiones pueden dejar en las v\u00edctimas cicatrices f\u00edsicas y emocionales que pueden tardar a\u00f1os en curarse. Todo el mundo debe conocer los peligros de los incendios y las quemaduras para prevenirlos.<\/p>\n<p>Las altas temperaturas, la exposici\u00f3n a determinadas sustancias qu\u00edmicas o la electricidad pueden causar quemaduras. Por otra parte, los incendios suelen estar causados por comportamientos descuidados, como fumar en la cama o dejar velas encendidas sin vigilancia. La gente debe poner en pr\u00e1ctica medidas de seguridad b\u00e1sicas para prevenir incendios y quemaduras en casa.<\/p>\n<h3>Envenenamiento<\/h3>\n<p>La intoxicaci\u00f3n es una de las causas no intencionadas m\u00e1s comunes que pueden provocar lesiones personales graves. Las intoxicaciones pueden afectar a cualquier persona de cualquier edad. Por ello, es esencial tomar medidas para prevenirla. Pueden producirse muchos tipos diferentes de intoxicaci\u00f3n alimentaria, incluidas las microbianas y las qu\u00edmicas.<\/p>\n<p>La intoxicaci\u00f3n alimentaria se produce cuando los alimentos o las bebidas se contaminan con sustancias qu\u00edmicas t\u00f3xicas o microorganismos nocivos. La intoxicaci\u00f3n medicamentosa es otra causa com\u00fan de lesi\u00f3n no intencionada debida a la ingesti\u00f3n o inhalaci\u00f3n de una sustancia regulada.<\/p>\n<h2>Resumen<\/h2>\n<p>Las lesiones personales no intencionadas pueden causar da\u00f1os graves y no deben tomarse a la ligera. Conocer los tipos m\u00e1s comunes de este tipo de lesiones puede ayudarle a protegerse de posibles da\u00f1os. Tambi\u00e9n es fundamental conocer los riesgos asociados a actividades espec\u00edficas, como los deportes o los trabajos de construcci\u00f3n. Adem\u00e1s, es esencial reconocer los signos y s\u00edntomas de una lesi\u00f3n para evitar da\u00f1os mayores.<\/p>\n<p>Contratar a un abogado en un caso de lesiones personales no intencionadas es esencial para asegurar el mejor resultado posible. Un <a href=\"https:\/\/www.theirvinglawfirm.com\/es\/derecho-de-familia\/lesiones-personales\/\">abogado de lesiones personales<\/a> en <a href=\"https:\/\/www.theirvinglawfirm.com\/es\">The Irving Law Firm<\/a> en Manassas, Virginia tiene los recursos y la experiencia para ayudar a construir un caso s\u00f3lido y proporcionar asesoramiento fiable sobre cuestiones jur\u00eddicas. Ellos pueden guiarlo a trav\u00e9s de todo el proceso legal. Adem\u00e1s, tener un abogado de su lado puede hacer toda la diferencia en la obtenci\u00f3n de una compensaci\u00f3n justa por los da\u00f1os que ha sufrido.<\/p>\n<p><a href=\"https:\/\/www.theirvinglawfirm.com\/es\/derecho-de-familia\/lesiones-personales\/que-hacer-si-sufre-lesiones-personales-en-un-accidente\/\">Un Art\u00edculo Recomendado Sobre Lesiones Personales<\/a><\/p>\n","protected":false},"excerpt":{"rendered":"<p>Las lesiones personales no intencionadas pueden ser un asunto serio,  [&#8230;]<\/p>\n","protected":false},"author":3,"featured_media":0,"parent":0,"menu_order":0,"comment_status":"closed","ping_status":"closed","template":"","meta":{"_analytify_skip_tracking":false,"rank_math_title":"Lesiones Personales: Los Casos M\u00e1s Comunes De Lesiones No Intencionadas En Virginia | The Irving Law Firm","rank_math_description":"Descubra la importancia de conocer las lesiones personales no intencionadas m\u00e1s comunes en Virginia. Esto le ayudar\u00e1 a ser consciente para tomar medidas de seguridad.","rank_math_focus_keyword":"lesiones personales","rank_math_canonical_url":"","footnotes":""},"class_list":["post-13242","page","type-page","status-publish","hentry"],"acf":[],"_links":{"self":[{"href":"https:\/\/www.theirvinglawfirm.com\/es\/wp-json\/wp\/v2\/pages\/13242","targetHints":{"allow":["GET"]}}],"collection":[{"href":"https:\/\/www.theirvinglawfirm.com\/es\/wp-json\/wp\/v2\/pages"}],"about":[{"href":"https:\/\/www.theirvinglawfirm.com\/es\/wp-json\/wp\/v2\/types\/page"}],"author":[{"embeddable":true,"href":"https:\/\/www.theirvinglawfirm.com\/es\/wp-json\/wp\/v2\/users\/3"}],"replies":[{"embeddable":true,"href":"https:\/\/www.theirvinglawfirm.com\/es\/wp-json\/wp\/v2\/comments?post=13242"}],"version-history":[{"count":0,"href":"https:\/\/www.theirvinglawfirm.com\/es\/wp-json\/wp\/v2\/pages\/13242\/revisions"}],"wp:attachment":[{"href":"https:\/\/www.theirvinglawfirm.com\/es\/wp-json\/wp\/v2\/media?parent=13242"}],"curies":[{"name":"wp","href":"https:\/\/api.w.org\/{rel}","templated":true}]}}