{"id":13220,"date":"2023-08-19T01:52:59","date_gmt":"2023-08-19T01:52:59","guid":{"rendered":"https:\/\/www.theirvinglawfirm.com\/?page_id=13220"},"modified":"2024-03-05T17:53:11","modified_gmt":"2024-03-05T17:53:11","slug":"que-hacer-si-sufre-lesiones-personales-en-un-accidente","status":"publish","type":"page","link":"https:\/\/www.theirvinglawfirm.com\/es\/areas-de-practica\/derecho-de-familia\/lesiones-personales\/que-hacer-si-sufre-lesiones-personales-en-un-accidente\/","title":{"rendered":"\u00bfQu\u00e9 Hacer Si Sufre Lesiones Personales En Un Accidente?"},"content":{"rendered":"<p>Los accidentes pueden ocurrir en cualquier momento y en cualquier lugar, incluso en Manassas, Virginia. Saber qu\u00e9 hacer cuando se lesiona en un accidente es esencial para la seguridad y el bienestar de todos los involucrados. Estar informado puede marcar la diferencia. El conocimiento de los procedimientos adecuados puede ahorrar tiempo y dinero y asegurar que su salud f\u00edsica y mental se cuida adecuadamente.<\/p>\n<p>Este art\u00edculo proporcionar\u00e1 informaci\u00f3n valiosa sobre lo que uno debe hacer cuando se lesiona en un accidente.<\/p>\n<p><img decoding=\"async\" class=\"aligncenter wp-image-13224 size-full\" src=\"https:\/\/www.theirvinglawfirm.com\/wp-content\/uploads\/2023\/08\/navegar-responsabilidades-legales-cliente-demanda-por-lesion.jpg\" alt=\"Navegando Por Las Responsabilidades Legales Como Cliente En Un Juicio Por Lesiones\" width=\"100%\" height=\"800\" srcset=\"https:\/\/www.theirvinglawfirm.com\/wp-content\/uploads\/2023\/08\/navegar-responsabilidades-legales-cliente-demanda-por-lesion-200x133.jpg 200w, https:\/\/www.theirvinglawfirm.com\/wp-content\/uploads\/2023\/08\/navegar-responsabilidades-legales-cliente-demanda-por-lesion-300x200.jpg 300w, https:\/\/www.theirvinglawfirm.com\/wp-content\/uploads\/2023\/08\/navegar-responsabilidades-legales-cliente-demanda-por-lesion-400x267.jpg 400w, https:\/\/www.theirvinglawfirm.com\/wp-content\/uploads\/2023\/08\/navegar-responsabilidades-legales-cliente-demanda-por-lesion-600x400.jpg 600w, https:\/\/www.theirvinglawfirm.com\/wp-content\/uploads\/2023\/08\/navegar-responsabilidades-legales-cliente-demanda-por-lesion-768x512.jpg 768w, https:\/\/www.theirvinglawfirm.com\/wp-content\/uploads\/2023\/08\/navegar-responsabilidades-legales-cliente-demanda-por-lesion-800x533.jpg 800w, https:\/\/www.theirvinglawfirm.com\/wp-content\/uploads\/2023\/08\/navegar-responsabilidades-legales-cliente-demanda-por-lesion-1024x683.jpg 1024w, https:\/\/www.theirvinglawfirm.com\/wp-content\/uploads\/2023\/08\/navegar-responsabilidades-legales-cliente-demanda-por-lesion.jpg 1200w\" sizes=\"(max-width: 1200px) 100vw, 1200px\" \/><\/p>\n<h2>Qu\u00e9 Hacer Si Se Ve Implicado En Un Accidente<\/h2>\n<p>Estar implicado en un accidente puede ser una experiencia aterradora y abrumadora. Es esencial mantener la calma y manejar la situaci\u00f3n de la mejor manera posible. Saber qu\u00e9 hacer con antelaci\u00f3n puede ayudarle a mantener la calma durante un accidente. Por eso es esencial familiarizarse con los pasos que hay que dar.<\/p>\n<h3>Contratar A Un Abogado De Lesiones Personales<\/h3>\n<p>Cuando se ve involucrado en un accidente, hay varios pasos que debe seguir para garantizar la protecci\u00f3n de sus derechos e intereses. Uno de los pasos m\u00e1s importantes es contratar a un abogado de lesiones personales. Los abogados de lesiones personales tienen experiencia en ayudar a las personas que han sufrido lesiones debido a la negligencia o imprudencia de otra persona.<\/p>\n<p>Un abogado de lesiones personales en Manassas, Virginia puede proporcionar asesoramiento jur\u00eddico y orientaci\u00f3n en la b\u00fasqueda de una indemnizaci\u00f3n por sus lesiones y p\u00e9rdidas. Ellos trabajar\u00e1n diligentemente para asegurar que usted reciba la m\u00e1xima compensaci\u00f3n por los gastos m\u00e9dicos y otros costos relacionados.<\/p>\n<h3>Obtener Nombres E Informaci\u00f3n De Contacto De Los Testigos<\/h3>\n<p>Es crucial obtener los nombres e informaci\u00f3n de contacto de los testigos cuando se est\u00e1 involucrado en un accidente con lesiones personales. Esto es especialmente importante si se cuestiona la culpabilidad del accidente. Los testigos pueden proporcionar informaci\u00f3n crucial sobre los acontecimientos anteriores, durante y despu\u00e9s del accidente.<\/p>\n<p>Aseg\u00farese de hablar con todos los testigos en la escena del accidente y obtener su nombre completo, direcci\u00f3n, n\u00famero de tel\u00e9fono y correo electr\u00f3nico si est\u00e1 disponible. Preg\u00fantales si tienen alguna otra informaci\u00f3n que pueda ser \u00fatil, como fotos o v\u00eddeos tomados durante o despu\u00e9s del accidente. Esto podr\u00eda ser especialmente \u00fatil a efectos legales y del seguro si no puedes describir lo sucedido debido a las lesiones m\u00e9dicas sufridas en el accidente.<\/p>\n<h3>Presentar Una Denuncia Policial Y Obtener Una Copia<\/h3>\n<p>Presentar un <a href=\"https:\/\/www.policia.gov.co\/taxonomy\/term\/1852\" target=\"_blank\" rel=\"noopener\">informe policial<\/a> y obtener una copia son dos cosas fundamentales que debes hacer en caso de accidente. Un informe policial ayudar\u00e1 a crear un relato oficial de lo ocurrido en el lugar del accidente. Esto no s\u00f3lo protege a los implicados, sino que tambi\u00e9n puede utilizarse como prueba si fuera necesario m\u00e1s adelante.<\/p>\n<p>Recuperar una copia del atestado policial es tan importante como presentarlo. Una copia del informe sirve como prueba de la denuncia del incidente. Tambi\u00e9n contiene toda la informaci\u00f3n pertinente sobre lo ocurrido durante y despu\u00e9s del accidente.<\/p>\n<h3>Presente Su Reclamaci\u00f3n Al Seguro Inmediatamente<\/h3>\n<p><span style=\"font-weight: 400;\"><img decoding=\"async\" class=\"alignright wp-image-13226 size-full\" src=\"https:\/\/www.theirvinglawfirm.com\/wp-content\/uploads\/2023\/08\/implicacion-caso-de-lesiones-personales-aspectos-legales.jpg\" alt=\"Su Participaci\u00f3n En Un Caso De Lesiones Personales: Aspectos Legales\" width=\"300\" height=\"199\" srcset=\"https:\/\/www.theirvinglawfirm.com\/wp-content\/uploads\/2023\/08\/implicacion-caso-de-lesiones-personales-aspectos-legales-200x133.jpg 200w, https:\/\/www.theirvinglawfirm.com\/wp-content\/uploads\/2023\/08\/implicacion-caso-de-lesiones-personales-aspectos-legales.jpg 300w\" sizes=\"(max-width: 300px) 100vw, 300px\" \/><\/span><\/p>\n<p>El siguiente paso importante en un caso de lesiones personales es presentar su reclamaci\u00f3n al seguro inmediatamente. Hacer esto le asegura recibir la atenci\u00f3n necesaria y la compensaci\u00f3n por los da\u00f1os y le ayuda a protegerse de cualquier problema legal futuro.<\/p>\n<p>La presentaci\u00f3n de una reclamaci\u00f3n al seguro despu\u00e9s de un accidente de coche siempre debe hacerse tan pronto como sea posible, no importa lo leve que pueda parecer el incidente. Cuando presente una reclamaci\u00f3n, tenga a mano toda la informaci\u00f3n necesaria, como los datos de contacto. As\u00ed agilizar\u00e1 el proceso y se asegurar\u00e1 de que su reclamaci\u00f3n se tramita con rapidez y eficacia.<\/p>\n<h3>No Acepte Ning\u00fan Acuerdo Sin Su Abogado<\/h3>\n<p>Supongamos que usted ha estado involucrado en un accidente en Manassas, Virginia, y est\u00e1 considerando buscar acci\u00f3n legal. En ese caso, es esencial recordar que usted nunca debe aceptar cualquier acuerdo sin consultar a su abogado primero. Esto es especialmente cierto si usted ha sufrido una lesi\u00f3n personal debido al accidente.<\/p>\n<p>Su abogado de lesiones personales podr\u00e1 aconsejarle sobre qu\u00e9 tipo de acuerdo ser\u00eda justo y razonable, dadas sus circunstancias particulares. Si no busca asesoramiento jur\u00eddico antes de aceptar una indemnizaci\u00f3n, los resultados pueden ser desastrosos. No s\u00f3lo puede que no cubra todos sus gastos, sino que tambi\u00e9n podr\u00eda dejarle afrontando elevados costes causados por el accidente.<\/p>\n<h2>Resumen<\/h2>\n<p>Estar involucrado en un accidente puede ser una experiencia estresante y abrumadora. Saber qu\u00e9 hacer cuando se est\u00e1 involucrado en un accidente es esencial para proteger los derechos de uno, minimizar el riesgo de complicaciones legales, y lograr la m\u00e1xima indemnizaci\u00f3n. Saber que la contrataci\u00f3n de un <a href=\"https:\/\/www.theirvinglawfirm.com\/es\/derecho-de-familia\/lesiones-personales\/\">abogado de lesiones personales<\/a> es un paso crucial en todo el proceso legal. Puede ayudar a aliviar parte del estr\u00e9s y proporcionar a las personas orientaci\u00f3n durante este dif\u00edcil momento.<\/p>\n<p>Como tal, es vital tomar la iniciativa de investigar y consultar con alguien que se centre en casos de lesiones personales. No dude en ponerse en contacto inmediatamente con un abogado con experiencia si usted ha estado involucrado en un accidente para asegurar que sus derechos legales sean protegidos y respetados. P\u00f3ngase en contacto con <a href=\"https:\/\/www.theirvinglawfirm.com\/es\">The Irving Law Firm<\/a> en Manassas, Virginia hoy para tener la protecci\u00f3n legal que necesita.<\/p>\n<p><a href=\"https:\/\/www.theirvinglawfirm.com\/es\/derecho-de-familia\/lesiones-personales\/lesion-personal-se-convierte-en-catastrofica\/\">\u00bfQu\u00e9 Pasar\u00eda Si Leyera Este Art\u00edculo Sobre Lesiones Personales?<\/a><\/p>\n","protected":false},"excerpt":{"rendered":"<p>Los accidentes pueden ocurrir en cualquier momento y en cualquier  [&#8230;]<\/p>\n","protected":false},"author":3,"featured_media":0,"parent":8218,"menu_order":0,"comment_status":"closed","ping_status":"closed","template":"","meta":{"_analytify_skip_tracking":false,"rank_math_title":"Lesiones Personales: Qu\u00e9 Hacer En Caso De Accidente | The Irving Law Firm","rank_math_description":"Conozca los pasos importantes que debe dar cuando se ve involucrado en un accidente con lesiones personales. Entender c\u00f3mo estos pasos pueden ser cruciales en el resultado de su caso. ","rank_math_focus_keyword":"accidente","rank_math_canonical_url":"","footnotes":""},"class_list":["post-13220","page","type-page","status-publish","hentry"],"acf":[],"_links":{"self":[{"href":"https:\/\/www.theirvinglawfirm.com\/es\/wp-json\/wp\/v2\/pages\/13220","targetHints":{"allow":["GET"]}}],"collection":[{"href":"https:\/\/www.theirvinglawfirm.com\/es\/wp-json\/wp\/v2\/pages"}],"about":[{"href":"https:\/\/www.theirvinglawfirm.com\/es\/wp-json\/wp\/v2\/types\/page"}],"author":[{"embeddable":true,"href":"https:\/\/www.theirvinglawfirm.com\/es\/wp-json\/wp\/v2\/users\/3"}],"replies":[{"embeddable":true,"href":"https:\/\/www.theirvinglawfirm.com\/es\/wp-json\/wp\/v2\/comments?post=13220"}],"version-history":[{"count":0,"href":"https:\/\/www.theirvinglawfirm.com\/es\/wp-json\/wp\/v2\/pages\/13220\/revisions"}],"up":[{"embeddable":true,"href":"https:\/\/www.theirvinglawfirm.com\/es\/wp-json\/wp\/v2\/pages\/8218"}],"wp:attachment":[{"href":"https:\/\/www.theirvinglawfirm.com\/es\/wp-json\/wp\/v2\/media?parent=13220"}],"curies":[{"name":"wp","href":"https:\/\/api.w.org\/{rel}","templated":true}]}}