{"id":13182,"date":"2023-08-19T01:48:38","date_gmt":"2023-08-19T01:48:38","guid":{"rendered":"https:\/\/www.theirvinglawfirm.com\/?page_id=13182"},"modified":"2024-03-05T23:52:32","modified_gmt":"2024-03-05T23:52:32","slug":"indemnizaciones-por-lesiones-personales-catastroficas","status":"publish","type":"page","link":"https:\/\/www.theirvinglawfirm.com\/es\/indemnizaciones-por-lesiones-personales-catastroficas\/","title":{"rendered":"Determinaci\u00f3n De Indemnizaciones Por Lesiones Personales Catastr\u00f3ficas"},"content":{"rendered":"<p>Determinar la indemnizaci\u00f3n por lesiones personales catastr\u00f3ficas es vital para quienes sufren este incidente. Las lesiones catastr\u00f3ficas causan graves traumas f\u00edsicos y mentales. Tambi\u00e9n suelen tener consecuencias que alteran la vida.<\/p>\n<p>Para recibir la indemnizaci\u00f3n econ\u00f3mica completa a la que tienen derecho, las v\u00edctimas deben estar bien informadas sobre los distintos componentes que deben tenerse en cuenta. Este art\u00edculo discutir\u00e1 los tipos de lesiones catastr\u00f3ficas y las reclamaciones o acuerdos que las v\u00edctimas pueden presentar en Manassas, Virginia.<\/p>\n<p><img decoding=\"async\" class=\"aligncenter wp-image-13186 size-full\" src=\"https:\/\/www.theirvinglawfirm.com\/wp-content\/uploads\/2023\/08\/entendiendo-su-participacion-en-un-caso-de-lesiones-personales.jpg\" alt=\"Comprender Su Participaci\u00f3n En Un Caso De Lesiones Personales\" width=\"100%\" height=\"800\" srcset=\"https:\/\/www.theirvinglawfirm.com\/wp-content\/uploads\/2023\/08\/entendiendo-su-participacion-en-un-caso-de-lesiones-personales-200x133.jpg 200w, https:\/\/www.theirvinglawfirm.com\/wp-content\/uploads\/2023\/08\/entendiendo-su-participacion-en-un-caso-de-lesiones-personales-300x200.jpg 300w, https:\/\/www.theirvinglawfirm.com\/wp-content\/uploads\/2023\/08\/entendiendo-su-participacion-en-un-caso-de-lesiones-personales-400x267.jpg 400w, https:\/\/www.theirvinglawfirm.com\/wp-content\/uploads\/2023\/08\/entendiendo-su-participacion-en-un-caso-de-lesiones-personales-600x400.jpg 600w, https:\/\/www.theirvinglawfirm.com\/wp-content\/uploads\/2023\/08\/entendiendo-su-participacion-en-un-caso-de-lesiones-personales-768x512.jpg 768w, https:\/\/www.theirvinglawfirm.com\/wp-content\/uploads\/2023\/08\/entendiendo-su-participacion-en-un-caso-de-lesiones-personales-800x533.jpg 800w, https:\/\/www.theirvinglawfirm.com\/wp-content\/uploads\/2023\/08\/entendiendo-su-participacion-en-un-caso-de-lesiones-personales-1024x683.jpg 1024w, https:\/\/www.theirvinglawfirm.com\/wp-content\/uploads\/2023\/08\/entendiendo-su-participacion-en-un-caso-de-lesiones-personales.jpg 1200w\" sizes=\"(max-width: 1200px) 100vw, 1200px\" \/><\/p>\n<h2>Reclamaciones Y Acuerdos Por Lesiones Personales Catastr\u00f3ficas<\/h2>\n<p>Las lesiones catastr\u00f3ficas pueden ser devastadoras para las personas que las sufren. Saber c\u00f3mo se determina la indemnizaci\u00f3n por lesiones catastr\u00f3ficas puede proporcionar a las personas una sensaci\u00f3n de seguridad y tranquilidad durante estos momentos dif\u00edciles.<\/p>\n<p>La determinaci\u00f3n de la indemnizaci\u00f3n por lesiones catastr\u00f3ficas depende de varios factores. El tipo y la gravedad de la lesi\u00f3n son las consideraciones principales, junto con los gastos m\u00e9dicos como los costes de fisioterapia y los salarios perdidos.<\/p>\n<p>Tambi\u00e9n pueden incluirse el dolor y el sufrimiento derivados del incidente. Adem\u00e1s, si el c\u00f3nyuge o los familiares de la persona han sufrido angustia emocional por los acontecimientos previos o derivados de la lesi\u00f3n catastr\u00f3fica, tambi\u00e9n puede tenerse en cuenta la p\u00e9rdida de compa\u00f1\u00eda.<\/p>\n<h2>Tipos De Lesiones Catastr\u00f3ficas<\/h2>\n<p>Las lesiones catastr\u00f3ficas pueden afectar profundamente a la vida de una persona. Estas lesiones pueden causar angustia f\u00edsica, emocional y financiera. Dependiendo de la gravedad del accidente, las v\u00edctimas pueden experimentar lesiones catastr\u00f3ficas que resultan en discapacidades a largo plazo o permanentes.<\/p>\n<p>Es esencial saber c\u00f3mo pueden afectar a la calidad de vida de una persona. A continuaci\u00f3n se muestra una visi\u00f3n general de los tipos de lesiones catastr\u00f3ficas que pueden ocurrir. Consulte con un <a href=\"https:\/\/www.theirvinglawfirm.com\/es\/derecho-de-familia\/lesiones-personales\/\">abogado de lesiones personales<\/a> en Manassas, Virginia, para comprender plenamente los beneficios y compensaciones que puede obtener por su trauma.<\/p>\n<h3>Da\u00f1o Cerebral Traum\u00e1tico<\/h3>\n<p>El da\u00f1o cerebral traum\u00e1tico es uno de los tipos m\u00e1s graves de lesi\u00f3n catastr\u00f3fica y puede provocar incapacidad permanente. Se produce cuando una fuerza externa causa suficiente da\u00f1o al cerebro como para alterar su estructura o su qu\u00edmica. Cualquier tipo de accidente, incluidos los accidentes de coche, las ca\u00eddas, las lesiones deportivas y los ataques violentos, puede causarlo.<\/p>\n<p>Los s\u00edntomas asociados al da\u00f1o cerebral traum\u00e1tico var\u00edan en funci\u00f3n del tipo y la gravedad de la lesi\u00f3n. Entre los signos m\u00e1s comunes figuran la desorientaci\u00f3n, la p\u00e9rdida de memoria a corto plazo o de control motor. Adem\u00e1s, la atenci\u00f3n m\u00e9dica inmediata es crucial en casos de lesi\u00f3n cerebral traum\u00e1tica para prevenir da\u00f1os mayores y mejorar las posibilidades de recuperaci\u00f3n.<\/p>\n<h3>Quemaduras Graves<\/h3>\n<p>Las quemaduras graves son una de las lesiones personales catastr\u00f3ficas m\u00e1s comunes. Estas lesiones devastadoras pueden estar causadas por diversos factores. Por ejemplo, incendios, corrientes el\u00e9ctricas, productos qu\u00edmicos y exposici\u00f3n a radiaciones. Las v\u00edctimas de quemaduras graves a menudo se enfrentan a dolorosos procedimientos m\u00e9dicos, como injertos de piel, para restablecer la funci\u00f3n y el aspecto normales.<\/p>\n<p>Dependiendo de la gravedad de la lesi\u00f3n, las v\u00edctimas tambi\u00e9n pueden experimentar discapacidad permanente debido a cicatrices permanentes y da\u00f1os en los nervios. Las quemaduras suelen requerir hospitalizaci\u00f3n prolongada. Esto puede dar lugar a complicaciones f\u00edsicas adicionales relacionadas con el reposo prolongado en cama o la inmovilidad.<\/p>\n<p>Adem\u00e1s, las quemaduras pueden provocar complicaciones como escaras o co\u00e1gulos sangu\u00edneos debido al reposo prolongado en cama. Adem\u00e1s, pueden dar lugar a un aislamiento social causado por los cambios de aspecto o las limitaciones f\u00edsicas derivadas de la lesi\u00f3n por quemadura.<\/p>\n<h3>P\u00e9rdida De Extremidades<\/h3>\n<p><img decoding=\"async\" class=\"wp-image-13188 size-full alignright\" src=\"https:\/\/www.theirvinglawfirm.com\/wp-content\/uploads\/2023\/08\/rol-lesion-personal-demanda-proceso-legal.jpg\" alt=\"Su Papel En Una Demanda Por Lesiones Personales: Perspectivas Del Proceso Legal\" width=\"300\" height=\"200\" srcset=\"https:\/\/www.theirvinglawfirm.com\/wp-content\/uploads\/2023\/08\/rol-lesion-personal-demanda-proceso-legal-200x133.jpg 200w, https:\/\/www.theirvinglawfirm.com\/wp-content\/uploads\/2023\/08\/rol-lesion-personal-demanda-proceso-legal.jpg 300w\" sizes=\"(max-width: 300px) 100vw, 300px\" \/><\/p>\n<p>La p\u00e9rdida de un miembro es una de las consecuencias m\u00e1s catastr\u00f3ficas de los accidentes. Diversos factores y circunstancias pueden provocar la p\u00e9rdida de un miembro por amputaci\u00f3n. Diversos factores y circunstancias pueden provocar la p\u00e9rdida de un miembro por amputaci\u00f3n, entre ellos los accidentes de tr\u00e1fico o los productos defectuosos.<\/p>\n<p>Adaptarse a su nueva situaci\u00f3n vital puede ser dif\u00edcil cuando una persona ha perdido una extremidad debido a una lesi\u00f3n personal catastr\u00f3fica. Pueden experimentar dolor f\u00edsico y malestar en el lugar de la lesi\u00f3n. Como resultado, la adaptaci\u00f3n a la vida despu\u00e9s de perder un miembro puede ser un reto.<\/p>\n<p>Pueden experimentar dolor f\u00edsico y malestar en el lugar de la lesi\u00f3n, as\u00ed como problemas de salud mental como depresi\u00f3n y ansiedad relacionadas con la discapacidad. Adem\u00e1s, es probable que incurran en importantes gastos m\u00e9dicos asociados a pr\u00f3tesis o servicios de rehabilitaci\u00f3n. El objetivo de estos servicios es recuperar la movilidad y la independencia perdidas con la p\u00e9rdida del miembro.<\/p>\n<h3>Lesi\u00f3n De M\u00e9dula Espinal<\/h3>\n<p>Un tipo de lesi\u00f3n personal catastr\u00f3fica es la <a href=\"https:\/\/www.mayoclinic.org\/es\/diseases-conditions\/spinal-cord-injury\/symptoms-causes\/syc-20377890\" target=\"_blank\" rel=\"noopener\">lesi\u00f3n de la m\u00e9dula espinal (LME)<\/a>. Las lesiones medulares se producen cuando las v\u00e9rtebras de la columna se fracturan o se dislocan, da\u00f1ando la m\u00e9dula espinal. El alcance de los da\u00f1os puede variar desde una lesi\u00f3n leve hasta la par\u00e1lisis total.<\/p>\n<p>Una lesi\u00f3n medular puede causar incapacidad f\u00edsica permanente y trauma psicol\u00f3gico, con la consiguiente depresi\u00f3n y otros trastornos mentales. Adem\u00e1s de las limitaciones f\u00edsicas, las personas con LME pueden necesitar costosos tratamientos m\u00e9dicos de rehabilitaci\u00f3n.<\/p>\n<p>Los tratamientos m\u00e9dicos necesarios para una LME pueden ser una carga econ\u00f3mica para las familias y las personas. Por esta raz\u00f3n, las v\u00edctimas de lesiones personales como las lesiones de la m\u00e9dula espinal deben buscar representaci\u00f3n legal para recibir una compensaci\u00f3n justa. Hable con un abogado de lesiones personales en The Irving Law Firm para obtener la representaci\u00f3n legal que se merece.<\/p>\n<h2>Resumen<\/h2>\n<p>Las reclamaciones de indemnizaci\u00f3n por lesiones catastr\u00f3ficas pueden ser muy complejas y requerir muchos conocimientos jur\u00eddicos. Es fundamental comprender c\u00f3mo se determina la indemnizaci\u00f3n cuando se reclama por da\u00f1os y perjuicios. Adem\u00e1s, la mejor manera de asegurar que la parte lesionada reciba un acuerdo equitativo es buscar la representaci\u00f3n legal de un abogado competente en lesiones personales en Manassas, Virginia.<\/p>\n<p>Un abogado experto en lesiones personales en <a href=\"https:\/\/www.theirvinglawfirm.com\/es\">The Irving Law Firm<\/a> puede ayudar a las personas a navegar por las complejidades de la presentaci\u00f3n de una demanda por lesiones catastr\u00f3ficas. Se asegurar\u00e1n de que nada se pase por alto o infravalorado. Tambi\u00e9n pueden asesorar a maximizar la cantidad de adjudicaci\u00f3n obtenida en un acuerdo o sentencia judicial.<\/p>\n<p><a href=\"https:\/\/www.theirvinglawfirm.com\/es\/derecho-de-familia\/lesiones-personales\/cual-es-su-papel-como-cliente-en-un-caso-de-dano-personal\/\">Consulte Este Art\u00edculo Sobre Lesiones Personales<\/a><\/p>\n","protected":false},"excerpt":{"rendered":"<p>Determinar la indemnizaci\u00f3n por lesiones personales catastr\u00f3ficas es vital para  [&#8230;]<\/p>\n","protected":false},"author":3,"featured_media":0,"parent":0,"menu_order":0,"comment_status":"closed","ping_status":"closed","template":"","meta":{"_analytify_skip_tracking":false,"rank_math_title":"Lesiones Personales: Determinaci\u00f3n De Los Pagos Por Causas Catastr\u00f3ficas | The Irving Law Firm","rank_math_description":"Conozca los factores que afectan a la indemnizaci\u00f3n por casos de lesiones personales catastr\u00f3fica. Aprenda tambi\u00e9n los tipos de lesiones catastr\u00f3ficas que afectan a la indemnizaci\u00f3n.","rank_math_focus_keyword":"lesiones personales","rank_math_canonical_url":"","footnotes":""},"class_list":["post-13182","page","type-page","status-publish","hentry"],"acf":[],"_links":{"self":[{"href":"https:\/\/www.theirvinglawfirm.com\/es\/wp-json\/wp\/v2\/pages\/13182","targetHints":{"allow":["GET"]}}],"collection":[{"href":"https:\/\/www.theirvinglawfirm.com\/es\/wp-json\/wp\/v2\/pages"}],"about":[{"href":"https:\/\/www.theirvinglawfirm.com\/es\/wp-json\/wp\/v2\/types\/page"}],"author":[{"embeddable":true,"href":"https:\/\/www.theirvinglawfirm.com\/es\/wp-json\/wp\/v2\/users\/3"}],"replies":[{"embeddable":true,"href":"https:\/\/www.theirvinglawfirm.com\/es\/wp-json\/wp\/v2\/comments?post=13182"}],"version-history":[{"count":0,"href":"https:\/\/www.theirvinglawfirm.com\/es\/wp-json\/wp\/v2\/pages\/13182\/revisions"}],"wp:attachment":[{"href":"https:\/\/www.theirvinglawfirm.com\/es\/wp-json\/wp\/v2\/media?parent=13182"}],"curies":[{"name":"wp","href":"https:\/\/api.w.org\/{rel}","templated":true}]}}