{"id":13150,"date":"2023-08-19T01:15:25","date_gmt":"2023-08-19T01:15:25","guid":{"rendered":"https:\/\/www.theirvinglawfirm.com\/?page_id=13150"},"modified":"2024-03-09T00:22:02","modified_gmt":"2024-03-09T00:22:02","slug":"manassas-visitors-center","status":"publish","type":"page","link":"https:\/\/www.theirvinglawfirm.com\/es\/manassas-visitors-center\/","title":{"rendered":"Manassas Visitors Center, Donde Confluyen Lo Antiguo Y Lo Nuevo"},"content":{"rendered":"<p><iframe title=\"Reproductor de v\u00eddeo de YouTube\" src=\"https:\/\/www.youtube.com\/embed\/0D5XbMuTLFc\" width=\"100%\" height=\"450\" frameborder=\"0\" allowfullscreen=\"allowfullscreen\"><span data-mce-type=\"bookmark\" style=\"display: inline-block; width: 0px; overflow: hidden; line-height: 0;\" class=\"mce_SELRES_start\"><\/span><\/iframe><\/p>\n<p><span style=\"font-weight: 400;\">\u00bfEst\u00e1 planeando un viaje a Manassas, VA, y se pregunta qu\u00e9 hacer? Mira s\u00f3lo hasta el Centro de Manassas. Es un gran lugar para comenzar su viaje por la ciudad. En esta gu\u00eda encontrar\u00e1 todo lo que necesita saber sobre el Centro de Manassas Visitors Center.<\/span><\/p>\n<h2>Conozca el Manassas Visitors Center<\/h2>\n<p><span style=\"font-weight: 400;\">El Manassas Visitors Center se encuentra en 9431 West Street, Manassas, VA 20110. Est\u00e1 abierto los siete d\u00edas de la semana, de 9.00 a 17.00 horas. Puede recoger folletos, mapas y otra informaci\u00f3n sobre la ciudad.<\/span><\/p>\n<h3>Historia Y Desarrollo<\/h3>\n<p><span style=\"font-weight: 400;\">El Manassas Visitors Center se encuentra en un edificio hist\u00f3rico que fue la estaci\u00f3n de tren de la ciudad. La estaci\u00f3n fue construida en 1914 por la compa\u00f1\u00eda ferroviaria Southern Railway y serv\u00eda de centro neur\u00e1lgico para los viajeros que iban y ven\u00edan de Manassas, VA. La ciudad fue un lugar estrat\u00e9gico para los ej\u00e9rcitos de la Uni\u00f3n y la Confederaci\u00f3n durante la Guerra Civil. <\/span><\/p>\n<p><span style=\"font-weight: 400;\">Adem\u00e1s, la ciudad fue escenario de dos grandes batallas, la Primera Batalla de Bull Run en 1861 y la Segunda Batalla de Bull Run en 1862. La estaci\u00f3n de tren era crucial para el transporte de tropas y suministros desde y hacia el frente.<\/span><\/p>\n<p><span style=\"font-weight: 400;\">En los a\u00f1os posteriores a la Guerra Civil, Manassas se hizo conocida por su pr\u00f3spera industria ferroviaria. La estaci\u00f3n de ferrocarril de la ciudad era un centro de actividad, con trenes que llegaban y sal\u00edan a diario. En el siglo XX, sin embargo, la industria ferroviaria decay\u00f3 y la estaci\u00f3n acab\u00f3 siendo abandonada.<\/span><\/p>\n<p><span style=\"font-weight: 400;\">En 1980, el edificio fue renovado y reabierto como Manassas Visitors Center. En la actualidad, a\u00fan pueden verse muchos de los elementos originales de la estaci\u00f3n, como la sala de espera, la taquilla y el and\u00e9n.<\/span><\/p>\n<h3>Organizar Exposiciones Sobre La Guerra Civil<\/h3>\n<p><span style=\"font-weight: 400;\">El Manassas Visitors Center cuenta con varias exposiciones interactivas que narran el papel de la ciudad en la Guerra Civil. Podr\u00e1 ver un cortometraje sobre la historia de la guerra y explorar exposiciones que muestran artefactos y recuerdos de la \u00e9poca.<\/span><\/p>\n<p><span style=\"font-weight: 400;\">Una de las exposiciones m\u00e1s populares es la de \u00abVoces de la tormenta\u00bb, que presenta grabaciones de audio de soldados y civiles que relatan sus experiencias durante la guerra. Tambi\u00e9n podr\u00e1 ver una r\u00e9plica de un vag\u00f3n de tren de la \u00e9poca de la Guerra Civil y aprender sobre la importancia del ferrocarril durante la guerra.<\/span><\/p>\n<h3>En El Coraz\u00f3n Del Casco Antiguo De Manassas<\/h3>\n<p><span style=\"font-weight: 400;\">El Manassas Visitors Center est\u00e1 en el coraz\u00f3n de Old Town Manassas, un encantador distrito hist\u00f3rico lleno de tiendas, restaurantes y galer\u00edas. Puede realizar una visita guiada a pie por la zona, que incluye paradas en lugares hist\u00f3ricos como el Old Manassas Courthouse y el Manassas Museum.<\/span><\/p>\n<p><span style=\"font-weight: 400;\">En Old Town Manassas tambi\u00e9n se celebran varios eventos, como el festival anual Manassas Heritage Railway, que conmemora la historia ferroviaria de la ciudad. Otros acontecimientos populares son el mercado agr\u00edcola de Manassas, que tiene lugar los s\u00e1bados de mayo a noviembre, y la serie de conciertos Summer Sounds, que ofrece m\u00fasica en directo en el Harris Pavilion.<\/span><\/p>\n<h3>Visita Guiada A Pie<\/h3>\n<p><span style=\"font-weight: 400;\">Una de las actividades m\u00e1s populares del Manassas Visitors Center es la visita guiada a pie por Old Town Manassas. El recorrido le llevar\u00e1 a trav\u00e9s de la rica historia de la ciudad, desde la Guerra Civil hasta nuestros d\u00edas. Por el camino ver\u00e1 edificios hist\u00f3ricos, monumentos y puntos de referencia que caracterizan a Manassas, VA.<\/span><\/p>\n<p><span style=\"font-weight: 400;\">La visita dura aproximadamente una hora y recorre un kil\u00f3metro y medio aproximadamente. Se recomienda llevar calzado c\u00f3modo para caminar. Si el tiempo lo permite, la visita se ofrece los fines de semana y festivos a las 13:00 horas. Se recomienda inscribirse con antelaci\u00f3n.<\/span><\/p>\n<h3>Eventos Especiales Y Conciertos<\/h3>\n<p><span style=\"font-weight: 400;\">El <a href=\"https:\/\/www.virginia.org\/listing\/manassas-visitors-center\/15817\/\" target=\"_blank\" rel=\"noopener\">Manassas Visitors Center<\/a> acoge diversos actos especiales y conciertos a lo largo del a\u00f1o. Desde el festival anual Manassas Heritage Railway hasta la serie de conciertos Summer Sounds, siempre hay algo que hacer en el centro. Consulte el sitio web o las redes sociales del centro para obtener la informaci\u00f3n m\u00e1s reciente sobre los pr\u00f3ximos actos.<\/span><\/p>\n<h2>\u00bfNecesita Asesoramiento Legal?<\/h2>\n<p><span style=\"font-weight: 400;\">Si usted necesita servicios legales mientras que en Manassas, VA, p\u00f3ngase en contacto con The Irving Law Firm. Son un equipo de abogados experimentados que pueden ayudar con diversos asuntos legales, incluyendo lesiones personales, derecho de familia y planificaci\u00f3n patrimonial. P\u00f3ngase en contacto con ellos o visite su sitio web.<\/span><\/p>\n<h2>Resumen<\/h2>\n<p><span style=\"font-weight: 400;\">El Manassas Visitors Center es un destino de visita obligada para cualquiera que viaje a Manassas, VA. Desde exposiciones sobre la Guerra Civil hasta la visita guiada a pie por Old Town Manassas, hay algo para todos los gustos. No deje de pasar por la tienda de regalos para llevarse un recuerdo \u00fanico de su visita.<\/span><\/p>\n<p>Instrucciones Para Llegar En Auto Desde <a href=\"https:\/\/www.theirvinglawfirm.com\/es\">The Irving Law Firm<\/a> A Manassas Visitors Center<\/p>\n<p><iframe style=\"border: 0px; --darkreader-inline-border-top: initial; --darkreader-inline-border-right: initial; --darkreader-inline-border-bottom: initial; --darkreader-inline-border-left: initial;\" src=\"https:\/\/www.google.com\/maps\/embed?pb=!1m28!1m12!1m3!1d49765.78812073219!2d-77.52124079999999!3d38.778340449999995!2m3!1f0!2f0!3f0!3m2!1i1024!2i768!4f13.1!4m13!3e6!4m5!1s0x89b65b8a5c9334bb%3A0x1f3aa0d68fc65fda!2sThe%20Irving%20Law%20Firm%2C%20Mosby%20Street%202nd%20Floor%2C%20Manassas%2C%20Virginia%2C%20EE.%20UU.!3m2!1d38.7531865!2d-77.47651599999999!4m5!1s0x89b65d2b813bf707%3A0x3c9443a722d830a8!2sManassas%20National%20Battlefield%20Park%20Visitor%20Center%2C%20Sudley%20Road%2C%20Manassas%2C%20Virginia%2C%20EE.%20UU.!3m2!1d38.813129599999996!2d-77.5215887!5e0!3m2!1ses-419!2sco!4v1692760217497!5m2!1ses-419!2sco\" width=\"600\" height=\"450\" allowfullscreen=\"allowfullscreen\"><\/iframe><\/p>\n<p>Instrucciones Para Llegar En Auto Desde El Manassas Visitors Center Hasta <a href=\"https:\/\/www.theirvinglawfirm.com\/es\/manassas-va\/heritage-brewing-company\/\">Heritage Brewing Company<\/a><\/p>\n<p><iframe style=\"border: 0px; --darkreader-inline-border-top: initial; --darkreader-inline-border-right: initial; --darkreader-inline-border-bottom: initial; --darkreader-inline-border-left: initial;\" src=\"https:\/\/www.google.com\/maps\/embed?pb=!1m28!1m12!1m3!1d49766.889320989816!2d-77.51305994999996!3d38.77676235000002!2m3!1f0!2f0!3f0!3m2!1i1024!2i768!4f13.1!4m13!3e6!4m5!1s0x89b65d2b813bf707%3A0x3c9443a722d830a8!2sManassas%20National%20Battlefield%20Park%20Visitor%20Center%2C%20Sudley%20Road%2C%20Manassas%2C%20Virginia%2C%20EE.%20UU.!3m2!1d38.813129599999996!2d-77.5215887!4m5!1s0x89b65c6b10638605%3A0xd9937e4c8b751870!2sHeritage%20Brewing%20Co.%2C%209436%20Center%20Point%20Ln%2C%20Manassas%2C%20VA%2020110%2C%20Estados%20Unidos!3m2!1d38.752153199999995!2d-77.4897192!5e0!3m2!1ses-419!2sco!4v1692760016951!5m2!1ses-419!2sco\" width=\"600\" height=\"450\" allowfullscreen=\"allowfullscreen\"><\/iframe><\/p>\n<p><a href=\"https:\/\/www.theirvinglawfirm.com\/es\/manassas-va\/\">M\u00e1s Sobre La Ciudad Aqu\u00ed<\/a><\/p>\n","protected":false},"excerpt":{"rendered":"<p>\u00bfEst\u00e1 planeando un viaje a Manassas, VA, y se pregunta  [&#8230;]<\/p>\n","protected":false},"author":3,"featured_media":0,"parent":0,"menu_order":0,"comment_status":"closed","ping_status":"closed","template":"","meta":{"_analytify_skip_tracking":false,"rank_math_title":"Manassas Visitors Center, Un Lugar Hist\u00f3rico Que Ver | The Irving Law Firm","rank_math_description":"Descubra la historia del Manassas Visitors Center, donde podr\u00e1 experimentar lo tradicional y lo extraordinario. Explore las exposiciones sobre la Guerra Civil, el casco antiguo de Manassas y mucho m\u00e1s.  ","rank_math_focus_keyword":"Manassas visitors center","rank_math_canonical_url":"","footnotes":""},"class_list":["post-13150","page","type-page","status-publish","hentry"],"acf":[],"_links":{"self":[{"href":"https:\/\/www.theirvinglawfirm.com\/es\/wp-json\/wp\/v2\/pages\/13150","targetHints":{"allow":["GET"]}}],"collection":[{"href":"https:\/\/www.theirvinglawfirm.com\/es\/wp-json\/wp\/v2\/pages"}],"about":[{"href":"https:\/\/www.theirvinglawfirm.com\/es\/wp-json\/wp\/v2\/types\/page"}],"author":[{"embeddable":true,"href":"https:\/\/www.theirvinglawfirm.com\/es\/wp-json\/wp\/v2\/users\/3"}],"replies":[{"embeddable":true,"href":"https:\/\/www.theirvinglawfirm.com\/es\/wp-json\/wp\/v2\/comments?post=13150"}],"version-history":[{"count":0,"href":"https:\/\/www.theirvinglawfirm.com\/es\/wp-json\/wp\/v2\/pages\/13150\/revisions"}],"wp:attachment":[{"href":"https:\/\/www.theirvinglawfirm.com\/es\/wp-json\/wp\/v2\/media?parent=13150"}],"curies":[{"name":"wp","href":"https:\/\/api.w.org\/{rel}","templated":true}]}}