{"id":13143,"date":"2023-08-19T01:14:25","date_gmt":"2023-08-19T01:14:25","guid":{"rendered":"https:\/\/www.theirvinglawfirm.com\/?page_id=13143"},"modified":"2024-03-11T19:26:38","modified_gmt":"2024-03-11T19:26:38","slug":"heritage-brewing-company","status":"publish","type":"page","link":"https:\/\/www.theirvinglawfirm.com\/es\/heritage-brewing-company\/","title":{"rendered":"Qu\u00e9 Tiene De Especial Heritage Brewing Company De Manassas"},"content":{"rendered":"<p><iframe title=\"Reproductor de v\u00eddeo de YouTube\" src=\"https:\/\/www.youtube.com\/embed\/TuVdH_sUo4o\" width=\"100%\" height=\"450\" frameborder=\"0\" allowfullscreen=\"allowfullscreen\"><span data-mce-type=\"bookmark\" style=\"display: inline-block; width: 0px; overflow: hidden; line-height: 0;\" class=\"mce_SELRES_start\"><\/span><\/iframe><\/p>\n<p><span style=\"font-weight: 400;\">Manassas, VA, es conocida por su rica historia y su encantador ambiente de pueblo peque\u00f1o. Pero, \u00bfsab\u00eda que esta pintoresca ciudad tambi\u00e9n cuenta con un pr\u00f3spero panorama de cerveza artesanal? Entre las cervecer\u00edas de la zona, Heritage Brewing Company destaca como lugar de visita obligada para los amantes de la cerveza y los viajeros.<\/span><\/p>\n<h2>Visita Heritage Brewing Company<\/h2>\n<p><span style=\"font-weight: 400;\">Si eres un entusiasta de la cerveza, un aficionado a la historia, o simplemente buscas un destino divertido y \u00fanico en Manassas, VA, Heritage Brewing Company es un lugar de visita obligada. Con sus excelentes cervezas, su ambiente acogedor y sus divertidos eventos, no es de extra\u00f1ar que esta cervecer\u00eda se haya convertido en una de las favoritas de la zona.<\/span><\/p>\n<p><span style=\"font-weight: 400;\">Situada a pocos kil\u00f3metros del centro hist\u00f3rico de Manassas, Heritage Brewing Company es una cervecer\u00eda artesanal de propiedad y gesti\u00f3n de veteranos especializada en la creaci\u00f3n de cervezas \u00fanicas y sabrosas. Fundada en 2013 por un grupo de veteranos militares, Heritage Brewing Company se ha convertido desde entonces en un favorito local y un destino para visitantes de todo el estado.<\/span><\/p>\n<h3>Cervezas Artesanales Populares<\/h3>\n<p><span style=\"font-weight: 400;\">Heritage Brewing Company, de Manassas, Virginia, se enorgullece de utilizar ingredientes locales de alta calidad para elaborar sus cervezas. Desde los estilos americanos cl\u00e1sicos hasta las cervezas m\u00e1s experimentales, en esta cervecer\u00eda hay algo para todos los gustos. Algunas de sus ofertas m\u00e1s populares son:<\/span><\/p>\n<ul>\n<li style=\"font-weight: 400;\" aria-level=\"1\"><span style=\"font-weight: 400;\">La libertad no es gratis IPA: Una IPA atrevida y lupulada que rinde homenaje a los sacrificios realizados por los hombres y mujeres de las fuerzas armadas.<\/span><\/li>\n<li style=\"font-weight: 400;\" aria-level=\"1\"><span style=\"font-weight: 400;\">Kings Mountain Brown Ale: Una cerveza negra suave y con sabor a nuez, perfecta para el clima m\u00e1s fr\u00edo.<\/span><\/li>\n<li style=\"font-weight: 400;\" aria-level=\"1\"><span style=\"font-weight: 400;\">La Teddy: Una pilsner ligera y refrescante ideal para tomar en un caluroso d\u00eda de verano.<\/span><\/li>\n<li style=\"font-weight: 400;\" aria-level=\"1\"><span style=\"font-weight: 400;\">Serie Patriot: Una serie rotativa de cervezas de edici\u00f3n limitada que celebran diferentes aspectos de la historia estadounidense.<\/span><\/li>\n<\/ul>\n<h3>Sala De Catas Y Eventos<\/h3>\n<p><span style=\"font-weight: 400;\">La sala de degustaci\u00f3n de Heritage Brewing Company es un espacio acogedor que invita a los visitantes a probar las excepcionales cervezas de la cervecer\u00eda. La decoraci\u00f3n industrial y moderna crea un ambiente confortable para que los clientes disfruten de sus bebidas, ya sea en la barra o en una mesa con amigos. La sala de degustaci\u00f3n dispone de numerosos asientos para grupos de todos los tama\u00f1os.<\/span><\/p>\n<p><span style=\"font-weight: 400;\">Adem\u00e1s de su sala de degustaci\u00f3n, Heritage Brewing Company, de Manassas (Virginia), organiza varios eventos a lo largo del a\u00f1o. Desde m\u00fasica en directo y noches de trivial hasta festivales de camiones de comida y actos ben\u00e9ficos, siempre hay algo que hacer en esta cervecer\u00eda. Los eventos son una forma estupenda de conocer la comunidad local y a gente nueva mientras se degustan deliciosas cervezas. Consulte el sitio web o las redes sociales de la cervecer\u00eda para conocer la programaci\u00f3n m\u00e1s reciente.<\/span><\/p>\n<p><span style=\"font-weight: 400;\">\u00bfDesea degustar alguna de las cervezas cl\u00e1sicas de la f\u00e1brica o probar algo nuevo y experimental? La sala de degustaci\u00f3n de Heritage Brewing Company es el lugar perfecto. Esta cervecer\u00eda se ha convertido en un destino obligado tanto para los lugare\u00f1os como para los visitantes.<\/span><\/p>\n<h3>Opciones Alimentarias<\/h3>\n<p><span style=\"font-weight: 400;\"><a href=\"https:\/\/www.heritagebrewingcompany.com\/\" target=\"_blank\" rel=\"noopener\">La Heritage Brewing Company<\/a> no tiene cocina completa. Sin embargo, ofrecen varios aperitivos y peque\u00f1os platos para maridar con sus cervezas. Las opciones incluyen tablas de embutidos, pretzels blandos y aperitivos estilo pub, como alitas de pollo y nachos. Y con tantos restaurantes excelentes en la zona de Manassas, encontrar\u00e1 un mont\u00f3n de opciones gastron\u00f3micas cercanas antes o despu\u00e9s de su visita.<\/span><\/p>\n<h2>\u00bfNecesita Asesoramiento Jur\u00eddico?<\/h2>\n<p><span style=\"font-weight: 400;\">Mientras explora y disfruta de Manassas, VA, es esencial recordar que los accidentes pueden ocurrir en cualquier momento. Si necesita asistencia legal, ya sea relacionado con un accidente de auto, The Irving Law Firm est\u00e1 aqu\u00ed para ayudar. Tienen a\u00f1os de experiencia sirviendo a clientes en Manassas y en todo Virginia. Su equipo de abogados expertos puede proporcionar la orientaci\u00f3n y la representaci\u00f3n que necesita para navegar por sus desaf\u00edos legales con confianza.<\/span><\/p>\n<h2>Resumen<\/h2>\n<p><span style=\"font-weight: 400;\">Heritage Brewing Company, de Manassas (Virginia), es una cervecer\u00eda artesanal propiedad de veteranos. Fundada en 2013, se ha convertido en una de las favoritas de los locales y en un destino para visitantes de todo el estado. Heritage Brewing Company ofrece una variedad de cervezas \u00fanicas y llenas de sabor. Entre sus cervezas destacan sus populares Freedom Isn&#8217;t Free IPA y Kings Mountain Brown Ale. <\/span><\/p>\n<p><span style=\"font-weight: 400;\">Los visitantes pueden degustar \u00e9stas y otras cervezas en la amplia sala de catas de la f\u00e1brica. La cervecer\u00eda tambi\u00e9n organiza diversos actos a lo largo del a\u00f1o. Aunque la cervecer\u00eda no tiene una cocina completa, ofrecen una gran variedad de aperitivos y peque\u00f1os platos para acompa\u00f1ar sus cervezas. Mientras exploras la zona de Manassas, es esencial recordar que los accidentes pueden ocurrir en cualquier momento. The Irving Law Firm est\u00e1 a su disposici\u00f3n para prestarle asistencia jur\u00eddica cuando la necesite.<\/span><\/p>\n<p>Indicaciones Para Llegar En Auto Desde <a href=\"https:\/\/www.theirvinglawfirm.com\/es\/\">The Irving Law Firm<\/a> Hasta Heritage Brewing Company<\/p>\n<p><iframe style=\"border: 0px; --darkreader-inline-border-top: initial; --darkreader-inline-border-right: initial; --darkreader-inline-border-bottom: initial; --darkreader-inline-border-left: initial;\" src=\"https:\/\/www.google.com\/maps\/embed?pb=!1m28!1m12!1m3!1d6223.001280905042!2d-77.48772460278259!3d38.752219854032525!2m3!1f0!2f0!3f0!3m2!1i1024!2i768!4f13.1!4m13!3e0!4m5!1s0x89b65b8a5c9334bb%3A0x1f3aa0d68fc65fda!2sThe%20Irving%20Law%20Firm%2C%20Mosby%20Street%202nd%20Floor%2C%20Manassas%2C%20Virginia%2C%20EE.%20UU.!3m2!1d38.7531865!2d-77.47651599999999!4m5!1s0x89b65c6b10638605%3A0xd9937e4c8b751870!2sHeritage%20Brewing%20Co.%2C%209436%20Center%20Point%20Ln%2C%20Manassas%2C%20VA%2020110%2C%20Estados%20Unidos!3m2!1d38.7521543!2d-77.4897238!5e0!3m2!1ses!2sco!4v1692311667547!5m2!1ses!2sco\" width=\"600\" height=\"450\" allowfullscreen=\"allowfullscreen\"><\/iframe><\/p>\n<p>Instrucciones Para Llegar En Auto Desde Heritage Brewing Company A <a href=\"https:\/\/www.theirvinglawfirm.com\/es\/manassas-va\/eavesdrop-brewery\/\">Eavesdrop Brewery<\/a><\/p>\n<p><iframe style=\"border: 0px; --darkreader-inline-border-top: initial; --darkreader-inline-border-right: initial; --darkreader-inline-border-bottom: initial; --darkreader-inline-border-left: initial;\" src=\"https:\/\/www.google.com\/maps\/embed?pb=!1m28!1m12!1m3!1d49768.29170741711!2d-77.47115950000001!3d38.77475255000001!2m3!1f0!2f0!3f0!3m2!1i1024!2i768!4f13.1!4m13!3e6!4m5!1s0x89b65c6b10638605%3A0xd9937e4c8b751870!2sHeritage%20Brewing%20Co.%2C%20Center%20Point%20Lane%2C%20Manassas%2C%20Virginia%2C%20EE.%20UU.!3m2!1d38.752153199999995!2d-77.4897192!4m5!1s0x89b65b37c8743fb9%3A0x50337430fbe8198d!2sEavesdrop%20Brewery%2C%20Centreville%20Road%2C%20Manassas%2C%20Virginia%2C%20EE.%20UU.!3m2!1d38.799067099999995!2d-77.4458403!5e0!3m2!1ses-419!2sco!4v1692760388925!5m2!1ses-419!2sco\" width=\"600\" height=\"450\" allowfullscreen=\"allowfullscreen\" data-mce-fragment=\"1\"><\/iframe><\/p>\n<p><a href=\"https:\/\/www.theirvinglawfirm.com\/es\/manassas-va\/\">Descubra M\u00e1s Sobre Manassas, VA<\/a><\/p>\n","protected":false},"excerpt":{"rendered":"<p>Manassas, VA, es conocida por su rica historia y su  [&#8230;]<\/p>\n","protected":false},"author":3,"featured_media":0,"parent":0,"menu_order":0,"comment_status":"closed","ping_status":"closed","template":"","meta":{"_analytify_skip_tracking":false,"rank_math_title":"Heritage Brewing Company: Cervecer\u00eda Artesanal Propiedad De Veteranos | The Irving Law Firm","rank_math_description":"Heritage Brewing Company es una cervecer\u00eda artesanal propiedad de veteranos de Manassas, VA. Visite su sala de degustaci\u00f3n y disfrute de cervezas \u00fanicas y llenas de sabor.","rank_math_focus_keyword":"heritage brewing company","rank_math_canonical_url":"","footnotes":""},"class_list":["post-13143","page","type-page","status-publish","hentry"],"acf":[],"_links":{"self":[{"href":"https:\/\/www.theirvinglawfirm.com\/es\/wp-json\/wp\/v2\/pages\/13143","targetHints":{"allow":["GET"]}}],"collection":[{"href":"https:\/\/www.theirvinglawfirm.com\/es\/wp-json\/wp\/v2\/pages"}],"about":[{"href":"https:\/\/www.theirvinglawfirm.com\/es\/wp-json\/wp\/v2\/types\/page"}],"author":[{"embeddable":true,"href":"https:\/\/www.theirvinglawfirm.com\/es\/wp-json\/wp\/v2\/users\/3"}],"replies":[{"embeddable":true,"href":"https:\/\/www.theirvinglawfirm.com\/es\/wp-json\/wp\/v2\/comments?post=13143"}],"version-history":[{"count":0,"href":"https:\/\/www.theirvinglawfirm.com\/es\/wp-json\/wp\/v2\/pages\/13143\/revisions"}],"wp:attachment":[{"href":"https:\/\/www.theirvinglawfirm.com\/es\/wp-json\/wp\/v2\/media?parent=13143"}],"curies":[{"name":"wp","href":"https:\/\/api.w.org\/{rel}","templated":true}]}}