{"id":13096,"date":"2023-08-19T01:11:28","date_gmt":"2023-08-19T01:11:28","guid":{"rendered":"https:\/\/www.theirvinglawfirm.com\/?page_id=13096"},"modified":"2024-03-07T21:03:29","modified_gmt":"2024-03-07T21:03:29","slug":"eavesdrop-brewery","status":"publish","type":"page","link":"https:\/\/www.theirvinglawfirm.com\/es\/eavesdrop-brewery\/","title":{"rendered":"Eavesdrop Brewery &#8211; Una Cervecer\u00eda Artesanal De Visita Obligada En Manassas, VA"},"content":{"rendered":"<p><iframe title=\"Reproductor de v\u00eddeo de YouTube\" src=\"https:\/\/www.youtube.com\/embed\/y0COJnpeq4M\" width=\"100%\" height=\"450\" frameborder=\"0\" allowfullscreen=\"allowfullscreen\"><span data-mce-type=\"bookmark\" style=\"display: inline-block; width: 0px; overflow: hidden; line-height: 0;\" class=\"mce_SELRES_start\"><\/span><\/iframe><\/p>\n<p><span style=\"font-weight: 400;\">Manassas, VA, es un destino de visita obligada si eres un entusiasta de la cerveza. La ciudad alberga muchas cervecer\u00edas artesanales, y una de las m\u00e1s populares es Eavesdrop Brewery. Eavesdrop Brewery es una cervecer\u00eda local que ha estado sirviendo una variedad de deliciosas cervezas desde 2017. <\/span><\/p>\n<p><span style=\"font-weight: 400;\">Situada en 7223 Centreville Rd, Manassas, VA 20111, la cervecer\u00eda est\u00e1 abierta a visitantes y amantes de la cerveza de todo tipo. Este art\u00edculo explorar\u00e1 otras actividades que puede encontrar en esta famosa f\u00e1brica de cerveza. <\/span><\/p>\n<h2>Historia De Eavesdrop Brewery<\/h2>\n<p><span style=\"font-weight: 400;\">Eavesdrop Brewery fue fundada en 2017 por dos hermanos, Chris y Mike. Los hermanos eran unos apasionados de la cerveza artesana y llevaban a\u00f1os elabor\u00e1ndola en casa. Tras a\u00f1os de experimentar y perfeccionar sus recetas, decidieron lanzarse y abrir su f\u00e1brica de cerveza. El nombre de la cervecer\u00eda se inspir\u00f3 en la idea de \u00abescuchar a escondidas\u00bb las conversaciones en torno a una cerveza.<\/span><\/p>\n<h2>Qu\u00e9 Esperar De Eavesdrop Brewery<\/h2>\n<p><span style=\"font-weight: 400;\">Eavesdrop Brewery ofrece un ambiente relajado e informal perfecto para cualquiera que desee disfrutar de una deliciosa cerveza. La cervecer\u00eda dispone de una amplia zona interior con muchos asientos. Tambi\u00e9n cuenta con un gran patio al aire libre donde los visitantes pueden disfrutar de su cerveza mientras disfrutan del aire fresco.<\/span><\/p>\n<p><span style=\"font-weight: 400;\">En Eavesdrop Brewery, en Manassas, VA, puede esperar una selecci\u00f3n rotativa de cervezas de barril. La cervecer\u00eda ofrece una amplia gama de estilos de cerveza, desde IPA hasta stouts, por lo que hay para todos los gustos. La cervecer\u00eda tambi\u00e9n sirve deliciosos aperitivos para acompa\u00f1ar la cerveza, como pretzels, patatas fritas y salsas.<\/span><\/p>\n<p><span style=\"font-weight: 400;\">Si le interesa saber m\u00e1s sobre el proceso de elaboraci\u00f3n de la cerveza, Eavesdrop Brewery ofrece visitas guiadas a sus instalaciones. Durante la visita, podr\u00e1 ver entre bastidores el proceso de elaboraci\u00f3n de la cerveza y conocer los ingredientes y t\u00e9cnicas utilizados para crear sus exclusivas cervezas.<\/span><\/p>\n<h2>Eventos Especiales En Eavesdrop Brewery<\/h2>\n<p><span style=\"font-weight: 400;\">Eavesdrop Brewery de Manassas, Virginia, es conocida por su gran selecci\u00f3n de cervezas y sus emocionantes eventos especiales. La cervecer\u00eda organiza varios eventos a lo largo del a\u00f1o, como actuaciones musicales en directo, noches de trivial y festivales de camiones de comida. <\/span><\/p>\n<p><span style=\"font-weight: 400;\">Estos eventos permiten a los visitantes probar sabores \u00fanicos de cerveza y maridarlos con sabrosa comida de vendedores locales mientras disfrutan de un ambiente lleno de diversi\u00f3n. Los extraordinarios eventos de Eavesdrop Brewery son una excelente forma de pasar tiempo con amigos y familiares, conocer gente nueva y disfrutar de la comunidad local.<\/span><\/p>\n<h2>Visite Eavesdrop Brewery<\/h2>\n<p><span style=\"font-weight: 400;\">Visitar <a href=\"https:\/\/www.eavesdropbrewery.com\/\" target=\"_blank\" rel=\"noopener\">Eavesdrop Brewery<\/a> en Manassas, VA, es una experiencia excelente para los entusiastas de la cerveza y los visitantes ocasionales. Los amplios asientos interiores y el gran patio exterior de la cervecer\u00eda ofrecen un ambiente relajado para disfrutar de su selecci\u00f3n rotativa de cervezas de barril. <\/span><\/p>\n<p><span style=\"font-weight: 400;\">Los sabores de la cerveza van de las IPA a las stouts. Si le interesa saber m\u00e1s sobre el proceso de elaboraci\u00f3n de la cerveza, Eavesdrop Brewery ofrece visitas guiadas a sus instalaciones. La cervecer\u00eda tambi\u00e9n organiza eventos especiales a lo largo del a\u00f1o, como m\u00fasica en directo y camiones de comida, lo que la convierte en un destino excelente para salir por la noche.<\/span><\/p>\n<p><span style=\"font-weight: 400;\">Eavesdrop Brewery est\u00e1 situada en el coraz\u00f3n de Manassas, VA, a un corto trayecto en auto de Washington, DC. La cervecer\u00eda est\u00e1 abierta los siete d\u00edas de la semana, con horarios variables seg\u00fan el d\u00eda. Consulte su sitio web o sus p\u00e1ginas en las redes sociales para conocer los horarios de apertura m\u00e1s actualizados.<\/span><\/p>\n<h2>\u00bfNecesita Asesoramiento Legal?<\/h2>\n<p><span style=\"font-weight: 400;\">Si necesita asistencia legal en Manassas, VA, The Irving Law Firm est\u00e1 aqu\u00ed para ayudarle. The Irving Law Firm es una firma de abogados de confianza con \u00e1reas de pr\u00e1ctica, incluyendo lesiones personales, derecho de familia y defensa criminal. Sus experimentados abogados est\u00e1n comprometidos a proporcionar a sus clientes la m\u00e1s alta representaci\u00f3n legal y orientaci\u00f3n.<\/span><\/p>\n<p><span style=\"font-weight: 400;\">Tanto si se enfrenta a un problema legal como si necesita asesoramiento jur\u00eddico, The Irving Law Firm est\u00e1 aqu\u00ed para ayudarle. P\u00f3ngase en contacto con ellos hoy mismo para programar una consulta y obtener m\u00e1s informaci\u00f3n sobre c\u00f3mo pueden ayudarle.<\/span><\/p>\n<h2>Resumen<\/h2>\n<p><span style=\"font-weight: 400;\">Eavesdrop Brewery es una famosa cervecer\u00eda artesanal fundada en 2017 por dos hermanos entusiastas de la cerveza. Con un ambiente relajado, amplios asientos en el interior y un gran patio al aire libre, los visitantes pueden disfrutar de una selecci\u00f3n rotativa de cervezas de barril, desde IPA hasta stouts. <\/span><\/p>\n<p><span style=\"font-weight: 400;\">La cervecer\u00eda tambi\u00e9n ofrece visitas a las instalaciones y organiza actos especiales a lo largo del a\u00f1o. Para asistencia legal en Manassas, VA, The Irving Law Firm ofrece representaci\u00f3n legal y orientaci\u00f3n en diversas \u00e1reas legales.<\/span><\/p>\n<p>Indicaciones Para Llegar En Auto Desde <a href=\"https:\/\/www.theirvinglawfirm.com\/es\">The Irving Law Firm<\/a> Hasta Eavesdrop Brewering<\/p>\n<p><iframe style=\"border: 0px; --darkreader-inline-border-top: initial; --darkreader-inline-border-right: initial; --darkreader-inline-border-bottom: initial; --darkreader-inline-border-left: initial;\" src=\"https:\/\/www.google.com\/maps\/embed?pb=!1m28!1m12!1m3!1d24884.082130885043!2d-77.48178904871088!3d38.774935199618234!2m3!1f0!2f0!3f0!3m2!1i1024!2i768!4f13.1!4m13!3e0!4m5!1s0x89b65b8a5c9334bb%3A0x1f3aa0d68fc65fda!2sThe%20Irving%20Law%20Firm%2C%20Mosby%20Street%202nd%20Floor%2C%20Manassas%2C%20Virginia%2C%20EE.%20UU.!3m2!1d38.7531865!2d-77.47651599999999!4m5!1s0x89b65b37c8743fb9%3A0x50337430fbe8198d!2sEavesdrop%20Brewery%2C%207223%20Centreville%20Rd%20Suite%20115%2C%20Manassas%2C%20VA%2020111%2C%20Estados%20Unidos!3m2!1d38.799067099999995!2d-77.4458403!5e0!3m2!1ses!2sco!4v1692299802155!5m2!1ses!2sco\" width=\"600\" height=\"450\" allowfullscreen=\"allowfullscreen\"><\/iframe><\/p>\n<p>Indicaciones Para Llegar En Auto Desde Eavesdrop Brewering Hasta<a href=\"https:\/\/www.theirvinglawfirm.com\/es\/manassas-va\/deep-cut-loop-trail\/\"> Deep Cut Loop Trail<\/a><\/p>\n<p><iframe style=\"border: 0px; --darkreader-inline-border-top: initial; --darkreader-inline-border-right: initial; --darkreader-inline-border-bottom: initial; --darkreader-inline-border-left: initial;\" src=\"https:\/\/www.google.com\/maps\/embed?pb=!1m28!1m12!1m3!1d99466.2736157968!2d-77.49072110000003!3d38.8251076!2m3!1f0!2f0!3f0!3m2!1i1024!2i768!4f13.1!4m13!3e6!4m5!1s0x89b65b37c8743fb9%3A0x50337430fbe8198d!2sEavesdrop%20Brewery%2C%20Centreville%20Road%2C%20Manassas%2C%20Virginia%2C%20EE.%20UU.!3m2!1d38.799067099999995!2d-77.4458403!4m5!1s0x89b642bfd498117b%3A0x9c06323e461e097a!2sDeep%20cut%20trail%2C%20Featherbed%20Lane%2C%20Manassas%2C%20Virginia%2C%20EE.%20UU.!3m2!1d38.8192891!2d-77.5504868!5e0!3m2!1ses-419!2sco!4v1692760659678!5m2!1ses-419!2sco\" width=\"600\" height=\"450\" allowfullscreen=\"allowfullscreen\"><\/iframe><\/p>\n<p><a href=\"https:\/\/www.theirvinglawfirm.com\/es\/manassas-va\/\">Informaci\u00f3n Sobre Manassas, VA, Aqu\u00ed<\/a><\/p>\n","protected":false},"excerpt":{"rendered":"<p>Manassas, VA, es un destino de visita obligada si eres  [&#8230;]<\/p>\n","protected":false},"author":3,"featured_media":0,"parent":0,"menu_order":0,"comment_status":"closed","ping_status":"closed","template":"","meta":{"_analytify_skip_tracking":false,"rank_math_title":"Eavesdrop Brewery - Descubra La Cerveza Artesanal De Manassas, VA | The Irving Law Firm","rank_math_description":"Eavesdrop Brewery, de Manassas (Virginia), ofrece una selecci\u00f3n rotativa de deliciosas cervezas, visitas guiadas a sus instalaciones y eventos especiales. Obtenga m\u00e1s informaci\u00f3n y vis\u00edtenos hoy mismo.","rank_math_focus_keyword":"Eavesdrop brewery","rank_math_canonical_url":"","footnotes":""},"class_list":["post-13096","page","type-page","status-publish","hentry"],"acf":[],"_links":{"self":[{"href":"https:\/\/www.theirvinglawfirm.com\/es\/wp-json\/wp\/v2\/pages\/13096","targetHints":{"allow":["GET"]}}],"collection":[{"href":"https:\/\/www.theirvinglawfirm.com\/es\/wp-json\/wp\/v2\/pages"}],"about":[{"href":"https:\/\/www.theirvinglawfirm.com\/es\/wp-json\/wp\/v2\/types\/page"}],"author":[{"embeddable":true,"href":"https:\/\/www.theirvinglawfirm.com\/es\/wp-json\/wp\/v2\/users\/3"}],"replies":[{"embeddable":true,"href":"https:\/\/www.theirvinglawfirm.com\/es\/wp-json\/wp\/v2\/comments?post=13096"}],"version-history":[{"count":0,"href":"https:\/\/www.theirvinglawfirm.com\/es\/wp-json\/wp\/v2\/pages\/13096\/revisions"}],"wp:attachment":[{"href":"https:\/\/www.theirvinglawfirm.com\/es\/wp-json\/wp\/v2\/media?parent=13096"}],"curies":[{"name":"wp","href":"https:\/\/api.w.org\/{rel}","templated":true}]}}