{"id":13069,"date":"2023-08-19T01:04:36","date_gmt":"2023-08-19T01:04:36","guid":{"rendered":"https:\/\/www.theirvinglawfirm.com\/?page_id=13069"},"modified":"2024-03-07T20:59:17","modified_gmt":"2024-03-07T20:59:17","slug":"aroma-wine-tasting","status":"publish","type":"page","link":"https:\/\/www.theirvinglawfirm.com\/es\/aroma-wine-tasting\/","title":{"rendered":"Descubra Los Vinos Locales En Morais Vineyards &#038; Winery, En Manassas"},"content":{"rendered":"<p><iframe title=\"Reproductor de v\u00eddeo de YouTube\" src=\"https:\/\/www.youtube.com\/embed\/x9FskWxjiL4\" width=\"100%\" height=\"450\" frameborder=\"0\" allowfullscreen=\"allowfullscreen\"><span data-mce-type=\"bookmark\" style=\"display: inline-block; width: 0px; overflow: hidden; line-height: 0;\" class=\"mce_SELRES_start\"><\/span><\/iframe><\/p>\n<p><span style=\"font-weight: 400;\">Manassas, VA, alberga muchas joyas ocultas, entre ellas una que sin duda apreciar\u00e1n los aficionados al vino. Aroma Wine Tasting es un bar y tienda de vinos de degustaci\u00f3n a distancia que ofrece una experiencia de cata \u00fanica y deliciosa.<\/span><\/p>\n<h2>Aroma Wine Tasting En Manassas, VA<\/h2>\n<p><span style=\"font-weight: 400;\">Aroma Wine Tasting est\u00e1 convenientemente situado en 9629 Main St, Manassas, VA 20110. El bar de vinos abre de mi\u00e9rcoles a viernes de 16.00 a 21.00 horas, los s\u00e1bados de 12.00 a 21.00 horas y los domingos de 12.00 a 18.00 horas.<\/span><\/p>\n<h3>Cata De Vinos<\/h3>\n<p><span style=\"font-weight: 400;\">La experiencia de la cata de vinos en Aroma Wine Tasting no se parece a ninguna otra. El personal, amable y bien informado, ofrece muchos vinos, entre ellos algunos de los mejores locales e internacionales. Tanto si es un experto como si acaba de empezar a explorar el mundo del vino, encontrar\u00e1 algo que se adapte a sus gustos.<\/span><\/p>\n<p><span style=\"font-weight: 400;\">Este bar de vinos de Manassas, VA, ofrece varias opciones de degustaci\u00f3n, incluidos vuelos de tres, cuatro o seis vinos diferentes. Las degustaciones van acompa\u00f1adas de un peque\u00f1o plato de queso y galletas, que marida a la perfecci\u00f3n con los vinos. Tambi\u00e9n puede comprar vino por copas o botellas para disfrutarlo en el bar o llev\u00e1rselo a casa.<\/span><\/p>\n<p><span style=\"font-weight: 400;\">Aroma Wine Tasting tambi\u00e9n ofrece catas de vino privadas y eventos, por lo que es una excelente opci\u00f3n para fiestas de cumplea\u00f1os, despedidas de soltera y eventos corporativos. Pueden acoger hasta 25 personas para una degustaci\u00f3n sentadas o hasta 50 para una recepci\u00f3n de pie.<\/span><\/p>\n<h3>Compre Su Botella Perfecta<\/h3>\n<p><span style=\"font-weight: 400;\">En Aroma Wine Tasting, en Manassas, VA, no solo podr\u00e1 degustar y disfrutar de buenos vinos. Tambi\u00e9n puede comprar sus favoritos entre su amplia selecci\u00f3n de vinos de todo el mundo. Tanto si busca una a\u00f1ada espec\u00edfica como una nueva etiqueta que probar, el experto personal de Aroma Wine Tasting puede ayudarle a encontrar exactamente lo que busca.<\/span><\/p>\n<p><span style=\"font-weight: 400;\">Su selecci\u00f3n de vinos incluye una amplia gama de tintos, blancos, rosados y espumosos, desde etiquetas conocidas a joyas ocultas. Tambi\u00e9n ofrecen una selecci\u00f3n de vinos locales de Virginia, que muestran el terru\u00f1o \u00fanico de la regi\u00f3n.<\/span><\/p>\n<p><span style=\"font-weight: 400;\">La tienda de vinos est\u00e1 dise\u00f1ada para ofrecer una cuidada selecci\u00f3n de vinos que se adapte a cualquier presupuesto, gusto y ocasi\u00f3n. El personal de Aroma Wine Tasting puede ayudarle a elegir la botella perfecta para llevar a casa o regalar a un amigo.<\/span><\/p>\n<p><span style=\"font-weight: 400;\">Adem\u00e1s, ofrecen accesorios para el vino, como sacacorchos, decantadores y copas, para mejorar la experiencia de beber vino. As\u00ed que, si busca un regalo \u00fanico, una botella especial para una celebraci\u00f3n o quiere explorar el mundo del vino, dir\u00edjase a la tienda de vinos de Aroma Wine Tasting y descubra su nuevo vino favorito.<\/span><\/p>\n<h3>COVID-19 Medidas De Seguridad<\/h3>\n<p><span style=\"font-weight: 400;\">Aroma Wine Tasting se toma muy en serio las medidas de seguridad COVID-19. Tienen un aforo limitado para garantizar el distanciamiento social, exigen mascarillas cuando no est\u00e1n sentados y han implantado un riguroso programa de limpieza para garantizar la seguridad de sus invitados.<\/span><\/p>\n<h2>\u00bfC\u00f3mo Llegar Hasta All\u00ed?<\/h2>\n<p><span style=\"font-weight: 400;\"><a href=\"https:\/\/moraisvineyards.com\/aroma-wine-tasting\/\" target=\"_blank\" rel=\"noopener\">Aroma Wine Tasting<\/a> se encuentra en 9629 Main St, Manassas, VA 20110, en el coraz\u00f3n de Old Town Manassas. Si viene en auto, podr\u00e1 aparcar en la calle principal y en varias calles laterales cercanas.<\/span><\/p>\n<p><span style=\"font-weight: 400;\">Si viene de Washington, D.C., tome la I-66 West hacia Manassas y la salida 47A hacia VA-234 South\/Sudley Road. Siga recto por Sudley Road durante unos tres kil\u00f3metros y, a continuaci\u00f3n, gire a la derecha por Main Street. Aroma Wine Tasting estar\u00e1 a su derecha.<\/span><\/p>\n<p><span style=\"font-weight: 400;\">Si viaja en transporte p\u00fablico, puede tomar la l\u00ednea Manassas del Virginia Railway Express (VRE) hasta la estaci\u00f3n de Manassas, a unos 10 minutos a pie de Aroma Wine Tasting. Alternativamente, puede tomar el autob\u00fas OmniRide, que tiene varias rutas que paran cerca de Aroma Wine Tasting. Consulte la p\u00e1gina web de OmniRide para conocer los horarios y las rutas.<\/span><\/p>\n<p><span style=\"font-weight: 400;\">No importa c\u00f3mo llegue, Aroma Wine Tasting es un destino de visita obligada para los amantes del vino en Manassas, VA. Si quiere disfrutar de una experiencia \u00fanica y agradable, vaya a Aroma Wine Tasting, en Manassas (Virginia). El personal bien informado, una amplia selecci\u00f3n de vinos y un ambiente acogedor lo convierten en una excelente opci\u00f3n para una noche divertida o un evento privado.<\/span><\/p>\n<h2>\u00bfNecesita Asesoramiento Legal?<\/h2>\n<p><span style=\"font-weight: 400;\">Si necesita asistencia legal en Manassas, VA, p\u00f3ngase en contacto con The Irving Law Firm. Sus \u00e1reas de pr\u00e1ctica incluyen derecho de familia, lesiones personales y defensa penal. Sus competentes y experimentados abogados han ayudado a muchos clientes de la zona de Manassas. P\u00f3ngase en contacto con ellos hoy mismo para una consulta.<\/span><\/p>\n<h2>Resumen<\/h2>\n<p><span style=\"font-weight: 400;\">Descubra el mundo del vino en Aroma Wine Tasting, un bar y tienda de vinos situado en Old Town Manassas, VA. Con un personal amable y bien informado, una variada selecci\u00f3n de vinos de todo el mundo y un ambiente acogedor, Aroma Wine Tasting ofrece una experiencia de cata \u00fanica y agradable. Adem\u00e1s, su tienda de vinos ofrece una cuidada selecci\u00f3n de vinos, accesorios y regalos.<\/span><\/p>\n<p>Indicaciones Para Llegar En Auto Desde <a href=\"https:\/\/www.theirvinglawfirm.com\/es\">The Irving Law Firm<\/a> Hasta Aroma Wine Tasting By Morais Vineyards &amp; Winery<\/p>\n<p><iframe style=\"border: 0px; --darkreader-inline-border-top: initial; --darkreader-inline-border-right: initial; --darkreader-inline-border-bottom: initial; --darkreader-inline-border-left: initial;\" src=\"https:\/\/www.google.com\/maps\/embed?pb=!1m28!1m12!1m3!1d3111.5122087734167!2d-77.48142382352295!3d38.75195445527195!2m3!1f0!2f0!3f0!3m2!1i1024!2i768!4f13.1!4m13!3e0!4m5!1s0x89b65b8a5c9334bb%3A0x1f3aa0d68fc65fda!2sThe%20Irving%20Law%20Firm%2C%20Mosby%20Street%202nd%20Floor%2C%20Manassas%2C%20Virginia%2C%20EE.%20UU.!3m2!1d38.7531865!2d-77.47651599999999!4m5!1s0x89b65c7498fe2781%3A0x1de91167e20ec7fc!2sAroma%20Wine%20Tasting%20Room%2C%209249%20Center%20St%2C%20Manassas%2C%20VA%2020110%2C%20Estados%20Unidos!3m2!1d38.7504041!2d-77.4754919!5e0!3m2!1ses!2sco!4v1692289387332!5m2!1ses!2sco\" width=\"600\" height=\"450\" allowfullscreen=\"allowfullscreen\"><\/iframe><\/p>\n<p>Indicaciones Para Llegar En Auto\u00a0Desde Aroma Wine Tasting By Morais Vineyards &amp; Winery Hasta <a href=\"https:\/\/www.theirvinglawfirm.com\/es\/manassas-va\/artfactory\/\">ARTFactory<\/a><\/p>\n<p><iframe style=\"border: 0px; --darkreader-inline-border-top: initial; --darkreader-inline-border-right: initial; --darkreader-inline-border-bottom: initial; --darkreader-inline-border-left: initial;\" src=\"https:\/\/www.google.com\/maps\/embed?pb=!1m28!1m12!1m3!1d3111.5655909144066!2d-77.47384060000003!3d38.75072975!2m3!1f0!2f0!3f0!3m2!1i1024!2i768!4f13.1!4m13!3e0!4m5!1s0x89b65c7498fe2781%3A0x1de91167e20ec7fc!2sAroma%20Wine%20Tasting%20Room%2C%20Center%20Street%2C%20Manassas%2C%20Virginia%2C%20EE.%20UU.!3m2!1d38.7504041!2d-77.4754919!4m5!1s0x89b65c7511c7091f%3A0xe4be11560be958d8!2sARTfactory%2C%20Battle%20Street%2C%20Manassas%2C%20Virginia%2C%20EE.%20UU.!3m2!1d38.7504845!2d-77.4722822!5e0!3m2!1ses-419!2sco!4v1692761703121!5m2!1ses-419!2sco\" width=\"600\" height=\"450\" allowfullscreen=\"allowfullscreen\"><\/iframe><\/p>\n<p><a href=\"https:\/\/www.theirvinglawfirm.com\/es\/manassas-va\">Obtenga M\u00e1s Informaci\u00f3n Aqu\u00ed<\/a><\/p>\n","protected":false},"excerpt":{"rendered":"<p>Manassas, VA, alberga muchas joyas ocultas, entre ellas una que  [&#8230;]<\/p>\n","protected":false},"author":3,"featured_media":0,"parent":0,"menu_order":0,"comment_status":"closed","ping_status":"closed","template":"","meta":{"_analytify_skip_tracking":false,"rank_math_title":"Aroma Wine Tasting By Morais Vineyards &amp; Winery En Manassas | The Irving Law Firm","rank_math_description":"Viva una experiencia \u00fanica y agradable de cata de vinos en Aroma Wine Tasting en Old Town Manassas, VA. Descubra su variada selecci\u00f3n de vinos.","rank_math_focus_keyword":"aroma","rank_math_canonical_url":"","footnotes":""},"class_list":["post-13069","page","type-page","status-publish","hentry"],"acf":[],"_links":{"self":[{"href":"https:\/\/www.theirvinglawfirm.com\/es\/wp-json\/wp\/v2\/pages\/13069","targetHints":{"allow":["GET"]}}],"collection":[{"href":"https:\/\/www.theirvinglawfirm.com\/es\/wp-json\/wp\/v2\/pages"}],"about":[{"href":"https:\/\/www.theirvinglawfirm.com\/es\/wp-json\/wp\/v2\/types\/page"}],"author":[{"embeddable":true,"href":"https:\/\/www.theirvinglawfirm.com\/es\/wp-json\/wp\/v2\/users\/3"}],"replies":[{"embeddable":true,"href":"https:\/\/www.theirvinglawfirm.com\/es\/wp-json\/wp\/v2\/comments?post=13069"}],"version-history":[{"count":0,"href":"https:\/\/www.theirvinglawfirm.com\/es\/wp-json\/wp\/v2\/pages\/13069\/revisions"}],"wp:attachment":[{"href":"https:\/\/www.theirvinglawfirm.com\/es\/wp-json\/wp\/v2\/media?parent=13069"}],"curies":[{"name":"wp","href":"https:\/\/api.w.org\/{rel}","templated":true}]}}