{"id":12992,"date":"2023-08-17T00:27:34","date_gmt":"2023-08-17T00:27:34","guid":{"rendered":"https:\/\/www.theirvinglawfirm.com\/?page_id=12992"},"modified":"2024-03-05T22:46:26","modified_gmt":"2024-03-05T22:46:26","slug":"apelar-una-condena-por-delito-menor","status":"publish","type":"page","link":"https:\/\/www.theirvinglawfirm.com\/es\/areas-de-practica\/derecho-criminal\/apelar-una-condena-por-delito-menor\/","title":{"rendered":"C\u00f3mo La Defensa Criminal Puede Ayudar A Apelar La Condena Por Delito Menor"},"content":{"rendered":"<p>Un delito menor es una ofensa criminal que es menos severa que un delito grave. Sin embargo, es m\u00e1s grave que una infracci\u00f3n como DUI, agresi\u00f3n simple, robo menor, y conducta desordenada. Si usted es condenado por un delito menor, podr\u00eda enfrentar sanciones tales como multas, libertad condicional, servicio comunitario, e incluso tiempo en la c\u00e1rcel. Apelar en estos casos debe necesitar ayuda integral en la defensa criminal.<\/p>\n<p>Hay varias razones por las que puede querer apelar una condena por delito menor. Tal vez usted siente que no recibi\u00f3 representaci\u00f3n legal adecuada durante su juicio o que hab\u00eda nuevas pruebas que no se presentaron en la corte. Cualquiera que sea la raz\u00f3n, una apelaci\u00f3n puede proporcionarle la oportunidad de que su caso sea revisado por un tribunal superior.<\/p>\n<p><img decoding=\"async\" class=\"aligncenter wp-image-12717 size-full\" src=\"https:\/\/www.theirvinglawfirm.com\/wp-content\/uploads\/2023\/08\/prision-vs-carcel-navegando-las-distinciones-en-defensa-criminal.jpg\" alt=\"Defensa Penal: Distinci\u00f3n Entre Prisi\u00f3n Y C\u00e1rcel\" width=\"100%\" height=\"801\" srcset=\"https:\/\/www.theirvinglawfirm.com\/wp-content\/uploads\/2023\/08\/prision-vs-carcel-navegando-las-distinciones-en-defensa-criminal-200x134.jpg 200w, https:\/\/www.theirvinglawfirm.com\/wp-content\/uploads\/2023\/08\/prision-vs-carcel-navegando-las-distinciones-en-defensa-criminal-300x200.jpg 300w, https:\/\/www.theirvinglawfirm.com\/wp-content\/uploads\/2023\/08\/prision-vs-carcel-navegando-las-distinciones-en-defensa-criminal-400x267.jpg 400w, https:\/\/www.theirvinglawfirm.com\/wp-content\/uploads\/2023\/08\/prision-vs-carcel-navegando-las-distinciones-en-defensa-criminal-600x401.jpg 600w, https:\/\/www.theirvinglawfirm.com\/wp-content\/uploads\/2023\/08\/prision-vs-carcel-navegando-las-distinciones-en-defensa-criminal-768x513.jpg 768w, https:\/\/www.theirvinglawfirm.com\/wp-content\/uploads\/2023\/08\/prision-vs-carcel-navegando-las-distinciones-en-defensa-criminal-800x534.jpg 800w, https:\/\/www.theirvinglawfirm.com\/wp-content\/uploads\/2023\/08\/prision-vs-carcel-navegando-las-distinciones-en-defensa-criminal-1024x684.jpg 1024w, https:\/\/www.theirvinglawfirm.com\/wp-content\/uploads\/2023\/08\/prision-vs-carcel-navegando-las-distinciones-en-defensa-criminal.jpg 1200w\" sizes=\"(max-width: 1200px) 100vw, 1200px\" \/><\/p>\n<h2>Apelar Su Condena Por Delito Menor<\/h2>\n<p>Imag\u00ednese que fue condenado por un delito menor en Manassas, Virginia, por infracciones leves de tr\u00e1fico y sentenciado a una multa de 250 d\u00f3lares y a libertad condicional. Sin embargo, usted cree que la evidencia presentada en su contra durante el juicio fue d\u00e9bil y que el juez cometi\u00f3 un error al sentenciarlo a libertad condicional y servicio comunitario.<\/p>\n<p>En esta situaci\u00f3n, un abogado crimialista puede ayudarle a apelar su condena. Pueden revisar su caso, analizar las pruebas y desarrollar una estrategia legal para su apelaci\u00f3n. Pueden encontrar que las pruebas eran insuficientes para condenarle por el delito menor, o que el juez cometi\u00f3 un error en el proceso de sentencia.<\/p>\n<p>Una vez que el abogado criminalista ha desarrollado una estrategia para su apelaci\u00f3n, puede prepararle para la vista. Durante la audiencia de apelaci\u00f3n, el abogado de defensa criminal puede representarlo en la corte y presentar su caso a los jueces. Pueden argumentar a su favor y tambi\u00e9n pueden interrogar a los testigos y presentar pruebas para fortalecer su caso. Si tiene \u00e9xito, la apelaci\u00f3n podr\u00eda resultar en una sentencia reducida o incluso una desestimaci\u00f3n completa de los cargos.<\/p>\n<h3>Penas Por Condena De Delitos Menores<\/h3>\n<p>Las penas por delitos menores pueden variar dependiendo de la gravedad del delito y del lugar donde se cometi\u00f3. Por lo general, los delitos menores dan lugar a multas, <a href=\"https:\/\/es.wikipedia.org\/wiki\/Servicio_comunitario\" target=\"_blank\" rel=\"noopener\">servicio comunitario<\/a>, libertad condicional o hasta un a\u00f1o de c\u00e1rcel. Pero, las penas pueden cambiar dependiendo del tipo de delito, sus antecedentes penales, y otros factores que pueden influir en su caso.<\/p>\n<p>En el caso de Virginia, los delitos menores son menos graves que los delitos graves pero m\u00e1s severos que las infracciones de tr\u00e1fico. Se clasifican en Clase 1, Clase 2, Clase 3, o Clase 4 dependiendo de la gravedad del delito. Por ejemplo, un delito menor de Clase 1 puede dar lugar a un encarcelamiento de hasta 12 meses y una multa de hasta 2.500 d\u00f3lares, mientras que un delito menor de Clase 4 s\u00f3lo puede dar lugar a una multa de hasta 250 d\u00f3lares.<\/p>\n<p>Adem\u00e1s, algunas jurisdicciones pueden ofrecer opciones alternativas de sentencia para ciertos delitos menores, tales como programas de desviaci\u00f3n o asesoramiento.<\/p>\n<p>Si usted ha sido acusado de un delito menor, es una buena idea buscar el consejo de un abogado de defensa criminal que puede ayudarle a entender las posibles consecuencias de los cargos contra usted y sus derechos legales.<\/p>\n<h3>El Proceso De Apelaci\u00f3n De La Defensa Criminal<\/h3>\n<p><span style=\"font-weight: 400;\"><img decoding=\"async\" class=\"alignright wp-image-12732 size-full\" src=\"https:\/\/www.theirvinglawfirm.com\/wp-content\/uploads\/2023\/08\/desempaquetar-clasificacion-de-delitos-menores-y-cargos-asociados.jpg\" alt=\"Categorizaci\u00f3n De Los Delitos Menores Y Cargos Asociados\" width=\"300\" height=\"200\" srcset=\"https:\/\/www.theirvinglawfirm.com\/wp-content\/uploads\/2023\/08\/desempaquetar-clasificacion-de-delitos-menores-y-cargos-asociados-200x133.jpg 200w, https:\/\/www.theirvinglawfirm.com\/wp-content\/uploads\/2023\/08\/desempaquetar-clasificacion-de-delitos-menores-y-cargos-asociados.jpg 300w\" sizes=\"(max-width: 300px) 100vw, 300px\" \/><\/span><\/p>\n<p>El proceso de apelar una condena por un delito menor puede ser complejo y largo, pero con la ayuda de un abogado de defensa criminal experimentado, es posible navegar por el sistema con eficacia. As\u00ed que si usted fue condenado por un delito menor en Virginia y quiere apelar, el C\u00f3digo de Virginia establece el proceso de apelaci\u00f3n. Usted tiene derecho a apelar dentro de los diez d\u00edas siguientes a su condena, independientemente de si se declar\u00f3 culpable o no. Tambi\u00e9n tiene derecho a apelar si la decisi\u00f3n de un tribunal de distrito revoca una suspensi\u00f3n de sentencia o revoca cualquier libertad supervisada.<\/p>\n<p>Despu\u00e9s de presentar la notificaci\u00f3n de apelaci\u00f3n ante el tribunal, el tribunal de apelaciones examinar\u00e1 su caso, incluyendo las pruebas, las transcripciones del juicio y los argumentos presentados por ambas partes. Su abogado de defensa criminal redactar\u00e1 un escrito de apelaci\u00f3n esbozando los argumentos legales de por qu\u00e9 la decisi\u00f3n del tribunal de primera instancia fue incorrecta. La fiscal\u00eda tambi\u00e9n responder\u00e1 con su propio escrito. Por \u00faltimo, usted tendr\u00e1 la oportunidad de presentar su caso en un argumento oral ante el tribunal de apelaci\u00f3n.<\/p>\n<h2><b>Resumen<\/b><\/h2>\n<p>Esto resume la importancia de apelar una condena por delito menor si el acusado cree que se cometieron errores durante el juicio o si la sentencia fue demasiado dura. Al apelar, el acusado tiene la oportunidad de que su caso sea examinado por un tribunal superior, lo que podr\u00eda resultar en una sentencia reducida o una desestimaci\u00f3n de los cargos. Es crucial que los acusados trabajen con <a href=\"https:\/\/www.theirvinglawfirm.com\/es\/derecho-de-familia\/derecho-criminal\/\">abogados de defensa criminal<\/a> que puedan representarlos eficazmente en el tribunal y darles la orientaci\u00f3n jur\u00eddica que necesitan.<\/p>\n<p><a href=\"https:\/\/www.theirvinglawfirm.com\/es\">M\u00e1s Sobre Nosotros<\/a><\/p>\n<p>Y<\/p>\n<p><a href=\"https:\/\/www.theirvinglawfirm.com\/es\/derecho-de-familia\/derecho-criminal\/defensa-criminal-en-casos-federales\/\">Para Su Inter\u00e9s Sobre Defensa Criminal<\/a><\/p>\n","protected":false},"excerpt":{"rendered":"<p>Un delito menor es una ofensa criminal que es menos  [&#8230;]<\/p>\n","protected":false},"author":3,"featured_media":0,"parent":8435,"menu_order":0,"comment_status":"closed","ping_status":"closed","template":"","meta":{"_analytify_skip_tracking":false,"rank_math_title":"Apelaci\u00f3n De Defensa Criminal: Condena Por Delito Menor | The Irving Law Firm","rank_math_description":"Si usted ha sido condenado por un delito menor y est\u00e1 buscando apelar, un abogado de defensa criminal puede ayudar. Descubra c\u00f3mo empezar con su defensa.","rank_math_focus_keyword":"delito menor","rank_math_canonical_url":"","footnotes":""},"class_list":["post-12992","page","type-page","status-publish","hentry"],"acf":[],"_links":{"self":[{"href":"https:\/\/www.theirvinglawfirm.com\/es\/wp-json\/wp\/v2\/pages\/12992","targetHints":{"allow":["GET"]}}],"collection":[{"href":"https:\/\/www.theirvinglawfirm.com\/es\/wp-json\/wp\/v2\/pages"}],"about":[{"href":"https:\/\/www.theirvinglawfirm.com\/es\/wp-json\/wp\/v2\/types\/page"}],"author":[{"embeddable":true,"href":"https:\/\/www.theirvinglawfirm.com\/es\/wp-json\/wp\/v2\/users\/3"}],"replies":[{"embeddable":true,"href":"https:\/\/www.theirvinglawfirm.com\/es\/wp-json\/wp\/v2\/comments?post=12992"}],"version-history":[{"count":0,"href":"https:\/\/www.theirvinglawfirm.com\/es\/wp-json\/wp\/v2\/pages\/12992\/revisions"}],"up":[{"embeddable":true,"href":"https:\/\/www.theirvinglawfirm.com\/es\/wp-json\/wp\/v2\/pages\/8435"}],"wp:attachment":[{"href":"https:\/\/www.theirvinglawfirm.com\/es\/wp-json\/wp\/v2\/media?parent=12992"}],"curies":[{"name":"wp","href":"https:\/\/api.w.org\/{rel}","templated":true}]}}