{"id":12841,"date":"2023-08-16T18:47:05","date_gmt":"2023-08-16T18:47:05","guid":{"rendered":"https:\/\/www.theirvinglawfirm.com\/?page_id=12841"},"modified":"2024-03-05T23:00:07","modified_gmt":"2024-03-05T23:00:07","slug":"ayuda-por-conduccion-temeraria-en-va","status":"publish","type":"page","link":"https:\/\/www.theirvinglawfirm.com\/es\/areas-de-practica\/derecho-criminal\/ayuda-por-conduccion-temeraria-en-va\/","title":{"rendered":"Defensa Criminal Ayuda Para La Conducci\u00f3n Temeraria En Virginia"},"content":{"rendered":"<p>Si usted ha sido acusado de conducci\u00f3n temeraria en Virginia, es definitivamente una buena idea contratar a un abogado de defensa criminal. La conducci\u00f3n temeraria es un delito grave en Virginia, y si se le encuentra culpable, podr\u00eda enfrentarse a algunas consecuencias muy graves, como multas, suspensi\u00f3n de la licencia, o incluso tiempo en la c\u00e1rcel.<\/p>\n<p>Un abogado de defensa criminal que se centra en casos de conducci\u00f3n temeraria puede ayudarle a entender sus derechos y opciones legales y puede trabajar para construir una fuerte defensa en su nombre. Ellos pueden negociar con la fiscal\u00eda para tratar de reducir o desestimar sus cargos, y pueden representarlo en la corte si su caso va a juicio.<\/p>\n<p><img decoding=\"async\" class=\"aligncenter wp-image-12865 size-full\" src=\"https:\/\/www.theirvinglawfirm.com\/wp-content\/uploads\/2023\/08\/cargos-por-conduccion-temeraria-guia-de-defensa-penal-en-virginia.jpg\" alt=\"Asistencia En Defensa Penal Por Cargos De Conducci\u00f3n Temeraria En Virginia\" width=\"100%\" height=\"675\" srcset=\"https:\/\/www.theirvinglawfirm.com\/wp-content\/uploads\/2023\/08\/cargos-por-conduccion-temeraria-guia-de-defensa-penal-en-virginia-200x113.jpg 200w, https:\/\/www.theirvinglawfirm.com\/wp-content\/uploads\/2023\/08\/cargos-por-conduccion-temeraria-guia-de-defensa-penal-en-virginia-300x169.jpg 300w, https:\/\/www.theirvinglawfirm.com\/wp-content\/uploads\/2023\/08\/cargos-por-conduccion-temeraria-guia-de-defensa-penal-en-virginia-400x225.jpg 400w, https:\/\/www.theirvinglawfirm.com\/wp-content\/uploads\/2023\/08\/cargos-por-conduccion-temeraria-guia-de-defensa-penal-en-virginia-600x338.jpg 600w, https:\/\/www.theirvinglawfirm.com\/wp-content\/uploads\/2023\/08\/cargos-por-conduccion-temeraria-guia-de-defensa-penal-en-virginia-768x432.jpg 768w, https:\/\/www.theirvinglawfirm.com\/wp-content\/uploads\/2023\/08\/cargos-por-conduccion-temeraria-guia-de-defensa-penal-en-virginia-800x450.jpg 800w, https:\/\/www.theirvinglawfirm.com\/wp-content\/uploads\/2023\/08\/cargos-por-conduccion-temeraria-guia-de-defensa-penal-en-virginia-1024x576.jpg 1024w, https:\/\/www.theirvinglawfirm.com\/wp-content\/uploads\/2023\/08\/cargos-por-conduccion-temeraria-guia-de-defensa-penal-en-virginia.jpg 1200w\" sizes=\"(max-width: 1200px) 100vw, 1200px\" \/><\/p>\n<h2>C\u00f3digo De Virginia En La Conducci\u00f3n Temeraria<\/h2>\n<p>El C\u00f3digo de Virginia describe las leyes y reglamentos relacionados con la conducci\u00f3n temeraria en el estado de Virginia. En \u00e9l, conducci\u00f3n temeraria significa conducir un veh\u00edculo en cualquier carretera de Virginia poniendo en riesgo la vida, el cuerpo o la propiedad de alguien.<\/p>\n<p>De acuerdo con la ley de Virginia, si una persona conduce un veh\u00edculo de motor en las carreteras de Virginia a una velocidad que es de 20 millas por hora o m\u00e1s por encima del l\u00edmite de velocidad indicado, o m\u00e1s de 85 millas por hora, pueden ser acusados de conducci\u00f3n temeraria.<\/p>\n<p>Adem\u00e1s, la conducci\u00f3n temeraria en Virginia puede acarrear graves consecuencias. Si se le declara culpable, podr\u00eda enfrentarse a un <a href=\"https:\/\/www.conceptosjuridicos.com\/us\/delitos-menores\/\" target=\"_blank\" rel=\"noopener\">delito menor<\/a> de Clase 1. Si est\u00e1s conduciendo sin una licencia v\u00e1lida y causas la muerte de alguien debido a la conducci\u00f3n temeraria, es un delito grave de Clase 6. Y si est\u00e1 violando una ley de tr\u00e1fico espec\u00edfica, tendr\u00e1 que pagar una multa m\u00ednima obligatoria de 250 d\u00f3lares.<\/p>\n<p>As\u00ed que b\u00e1sicamente, si usted est\u00e1 conduciendo demasiado r\u00e1pido en una carretera en Manassas, Virginia, que podr\u00eda ser considerado culpable de conducci\u00f3n temeraria, incluso si usted no est\u00e1 t\u00e9cnicamente romper el l\u00edmite de velocidad. Es importante recordar que la conducci\u00f3n temeraria es un delito grave en Virginia, y si se enfrenta a un cargo de conducci\u00f3n temeraria, es una buena idea hablar con un abogado de defensa criminal que puede ayudarle a entender lo que est\u00e1 pasando y cu\u00e1les son sus opciones.<\/p>\n<h3>Ventajas De Contratar Un Abogado Criminalista<\/h3>\n<p><img decoding=\"async\" class=\"wp-image-12457 size-medium alignright\" src=\"https:\/\/www.theirvinglawfirm.com\/wp-content\/uploads\/2023\/08\/desvelar-acusaciones-definicion-y-funcion-en-el-proceso-juridico-300x200.jpg\" alt=\"Explorando La Naturaleza De Las Acusaciones: Definici\u00f3n Y Funci\u00f3n\" width=\"300\" height=\"200\" srcset=\"https:\/\/www.theirvinglawfirm.com\/wp-content\/uploads\/2023\/08\/desvelar-acusaciones-definicion-y-funcion-en-el-proceso-juridico-200x134.jpg 200w, https:\/\/www.theirvinglawfirm.com\/wp-content\/uploads\/2023\/08\/desvelar-acusaciones-definicion-y-funcion-en-el-proceso-juridico-300x200.jpg 300w, https:\/\/www.theirvinglawfirm.com\/wp-content\/uploads\/2023\/08\/desvelar-acusaciones-definicion-y-funcion-en-el-proceso-juridico.jpg 400w\" sizes=\"(max-width: 300px) 100vw, 300px\" \/><\/p>\n<p>Cuando se enfrenta a cargos por conducci\u00f3n temeraria, puede ser una experiencia desalentadora y estresante. Si usted trata de navegar el sistema legal por su cuenta, usted puede encontrarse en una desventaja significativa. Es por eso que es esencial confiar en un abogado de defensa criminal que tiene una amplia experiencia en el manejo de casos de conducci\u00f3n temeraria en Virginia.<\/p>\n<p>Un abogado de defensa criminal puede proporcionarle una orientaci\u00f3n jur\u00eddica inestimable que puede ayudarle a navegar por el complejo sistema legal y construir una defensa s\u00f3lida. Ellos pueden ayudarle a entender las leyes de conducci\u00f3n temeraria de Virginia y los procedimientos legales involucrados en su caso. Tambi\u00e9n pueden ayudarle a preparar una estrategia de defensa que se adapte a su caso espec\u00edfico y a las circunstancias que lo rodean.<\/p>\n<p>Un abogado de defensa criminal no solo puede ayudarle a construir una defensa fuerte. Tambi\u00e9n pueden ayudarle a navegar el proceso legal y proteger sus derechos. Pueden asegurarse de que reciba un trato justo durante todo el proceso legal y ayudarle a evitar la autoincriminaci\u00f3n. Adem\u00e1s, pueden evitar registros e incautaciones ilegales y garantizar la protecci\u00f3n de sus derechos.<\/p>\n<h2>Encontrando El Abogado Criminalista Correcto<\/h2>\n<p>Cuando se enfrenta a un cargo de conducci\u00f3n temeraria en Virginia, encontrar el abogado de defensa criminal adecuado puede hacer toda la diferencia. Pero, \u00bfc\u00f3mo elegir el adecuado? Aqui hay algunos factores a considerar:<\/p>\n<h3>La Experiencia Y El Historial Son Cruciales<\/h3>\n<p>Busque un abogado que ha manejado casos de conducci\u00f3n temeraria antes y tiene un historial de \u00e9xito. Usted quiere a alguien que conozca la ley y el sistema legal por dentro y por fuera.<\/p>\n<h3>Buena Comunicaci\u00f3n<\/h3>\n<p>Usted quiere un abogado que sea receptivo, comunicativo y capaz de proporcionar una orientaci\u00f3n clara a lo largo del proceso legal. Usted debe sentirse c\u00f3modo haciendo preguntas y discutiendo su caso con su abogado.<\/p>\n<p>Durante la consulta, aseg\u00farese de hacer preguntas sobre el enfoque del abogado en el tratamiento de casos de conducci\u00f3n temeraria para construir una defensa. Esto le dar\u00e1 una buena idea de si son los adecuados para usted.<\/p>\n<h3>De Confianza<\/h3>\n<p>Usted quiere trabajar con un abogado en el que conf\u00ede para representar sus intereses y que ser\u00e1 un defensor para usted durante todo el proceso legal. La construcci\u00f3n de una fuerte relaci\u00f3n abogado-cliente basada en la confianza y la comunicaci\u00f3n es crucial para un resultado exitoso.<\/p>\n<h2>Resumen<\/h2>\n<p>Esto resume la importancia de contratar a un <a href=\"https:\/\/www.theirvinglawfirm.com\/es\/derecho-de-familia\/derecho-criminal\/\">abogado de defensa criminal<\/a> para los casos de conducci\u00f3n temeraria en Virginia. Explica lo que es la conducci\u00f3n temeraria en el C\u00f3digo de Virginia y las posibles consecuencias de la ofensa. Tener un abogado de defensa criminal puede ayudar a proteger sus derechos e intereses, as\u00ed como trabajar para minimizar sus cargos. Por \u00faltimo, contiene consejos para encontrar el abogado de defensa criminal adecuado y hace hincapi\u00e9 en la importancia de la comunicaci\u00f3n y la confianza en una relaci\u00f3n exitosa entre abogado y cliente.<\/p>\n<p><a href=\"https:\/\/www.theirvinglawfirm.com\/es\">Acerca De Esta Firma<\/a><\/p>\n<p>&amp;<\/p>\n<p><a href=\"https:\/\/www.theirvinglawfirm.com\/es\/derecho-de-familia\/derecho-criminal\/defensa-criminal-para-caso-de-hurto-mayor-y-menor\/\">Lea Este Art\u00edculo De Defensa Criminal<\/a><\/p>\n","protected":false},"excerpt":{"rendered":"<p>Si usted ha sido acusado de conducci\u00f3n temeraria en Virginia,  [&#8230;]<\/p>\n","protected":false},"author":3,"featured_media":0,"parent":8435,"menu_order":0,"comment_status":"closed","ping_status":"closed","template":"","meta":{"_analytify_skip_tracking":false,"rank_math_title":"Defensa Criminal Para Caso De Conducci\u00f3n Temeraria En Virginia | The Irving Law Firm","rank_math_description":"Conozca las ventajas de tener un abogado de defensa criminal de su lado en casos de conducci\u00f3n temeraria en Virginia.","rank_math_focus_keyword":"conduccion temeraria","rank_math_canonical_url":"","footnotes":""},"class_list":["post-12841","page","type-page","status-publish","hentry"],"acf":[],"_links":{"self":[{"href":"https:\/\/www.theirvinglawfirm.com\/es\/wp-json\/wp\/v2\/pages\/12841","targetHints":{"allow":["GET"]}}],"collection":[{"href":"https:\/\/www.theirvinglawfirm.com\/es\/wp-json\/wp\/v2\/pages"}],"about":[{"href":"https:\/\/www.theirvinglawfirm.com\/es\/wp-json\/wp\/v2\/types\/page"}],"author":[{"embeddable":true,"href":"https:\/\/www.theirvinglawfirm.com\/es\/wp-json\/wp\/v2\/users\/3"}],"replies":[{"embeddable":true,"href":"https:\/\/www.theirvinglawfirm.com\/es\/wp-json\/wp\/v2\/comments?post=12841"}],"version-history":[{"count":0,"href":"https:\/\/www.theirvinglawfirm.com\/es\/wp-json\/wp\/v2\/pages\/12841\/revisions"}],"up":[{"embeddable":true,"href":"https:\/\/www.theirvinglawfirm.com\/es\/wp-json\/wp\/v2\/pages\/8435"}],"wp:attachment":[{"href":"https:\/\/www.theirvinglawfirm.com\/es\/wp-json\/wp\/v2\/media?parent=12841"}],"curies":[{"name":"wp","href":"https:\/\/api.w.org\/{rel}","templated":true}]}}