{"id":12807,"date":"2023-08-16T18:45:09","date_gmt":"2023-08-16T18:45:09","guid":{"rendered":"https:\/\/www.theirvinglawfirm.com\/?page_id=12807"},"modified":"2024-03-05T22:48:03","modified_gmt":"2024-03-05T22:48:03","slug":"guia-sobre-el-interrogatorio-policial","status":"publish","type":"page","link":"https:\/\/www.theirvinglawfirm.com\/es\/areas-de-practica\/derecho-criminal\/guia-sobre-el-interrogatorio-policial\/","title":{"rendered":"Comprendiendo La Defensa Criminal En El Interrogatorio Policial"},"content":{"rendered":"<p>Ser sometido a un interrogatorio policial puede ser una experiencia intimidatoria y abrumadora para muchas personas. Puede ser una situaci\u00f3n estresante, particularmente si usted no est\u00e1 familiarizado con sus derechos legales. Sin embargo, tener un abogado de defensa criminal a su lado puede ayudarle a protegerse de una posible incriminaci\u00f3n.<\/p>\n<p>Al conocer sus derechos, puede asegurarse de que no se le coaccione o intimide para que responda a preguntas que podr\u00edan utilizarse en su contra en un tribunal de justicia. Sus derechos legales pueden incluir el derecho a permanecer en silencio, el derecho a un abogado, y el derecho a negarse a responder a cualquier pregunta que pueda incriminarle.<\/p>\n<p><img decoding=\"async\" class=\"aligncenter wp-image-12698 size-full\" src=\"https:\/\/www.theirvinglawfirm.com\/wp-content\/uploads\/2023\/08\/factores-esenciales-en-casos-penales-para-la-defensa-de-la-ofensa-de-la-capital.jpg\" alt=\"Defensa Criminal En Delitos Capitales: Consideraciones Clave\" width=\"100%\" height=\"797\" srcset=\"https:\/\/www.theirvinglawfirm.com\/wp-content\/uploads\/2023\/08\/factores-esenciales-en-casos-penales-para-la-defensa-de-la-ofensa-de-la-capital-200x133.jpg 200w, https:\/\/www.theirvinglawfirm.com\/wp-content\/uploads\/2023\/08\/factores-esenciales-en-casos-penales-para-la-defensa-de-la-ofensa-de-la-capital-300x199.jpg 300w, https:\/\/www.theirvinglawfirm.com\/wp-content\/uploads\/2023\/08\/factores-esenciales-en-casos-penales-para-la-defensa-de-la-ofensa-de-la-capital-400x266.jpg 400w, https:\/\/www.theirvinglawfirm.com\/wp-content\/uploads\/2023\/08\/factores-esenciales-en-casos-penales-para-la-defensa-de-la-ofensa-de-la-capital-600x399.jpg 600w, https:\/\/www.theirvinglawfirm.com\/wp-content\/uploads\/2023\/08\/factores-esenciales-en-casos-penales-para-la-defensa-de-la-ofensa-de-la-capital-768x510.jpg 768w, https:\/\/www.theirvinglawfirm.com\/wp-content\/uploads\/2023\/08\/factores-esenciales-en-casos-penales-para-la-defensa-de-la-ofensa-de-la-capital-800x531.jpg 800w, https:\/\/www.theirvinglawfirm.com\/wp-content\/uploads\/2023\/08\/factores-esenciales-en-casos-penales-para-la-defensa-de-la-ofensa-de-la-capital-1024x680.jpg 1024w, https:\/\/www.theirvinglawfirm.com\/wp-content\/uploads\/2023\/08\/factores-esenciales-en-casos-penales-para-la-defensa-de-la-ofensa-de-la-capital.jpg 1200w\" sizes=\"(max-width: 1200px) 100vw, 1200px\" \/><\/p>\n<h2>Interrogatorio Policial: Lo Que Debe Saber<\/h2>\n<p>El interrogatorio policial se produce cuando los agentes del orden interrogan a alguien que creen que puede haber cometido un delito para recabar informaci\u00f3n que pueda ser utilizada ante un tribunal. Durante el interrogatorio policial, los agentes pueden utilizar diferentes t\u00e1cticas para intentar sacarle informaci\u00f3n. En algunos casos, pueden intentar intimidarle para que confiese un delito. Sin embargo, es importante recordar que no pueden utilizar la fuerza f\u00edsica ni violar sus derechos constitucionales.<\/p>\n<p>Usted tiene el privilegio de guardar silencio, que es uno de sus derechos m\u00e1s esenciales durante un interrogatorio policial. Esto significa que no est\u00e1 obligado a responder a ninguna pregunta que pueda incriminarle, y puede optar por guardar silencio durante todo el proceso de interrogatorio. Si decide ejercer este derecho, debe decir claramente que invoca su derecho a guardar silencio y abstenerse de responder a m\u00e1s preguntas.<\/p>\n<h3>El Papel De La Defensa Criminal En El Interrogatorio Policial<\/h3>\n<p><img decoding=\"async\" class=\"wp-image-12700 size-full alignright\" src=\"https:\/\/www.theirvinglawfirm.com\/wp-content\/uploads\/2023\/08\/defensa-criminal-estrategica-en-casos-de-ofensa-capital-factores-influyentes.jpg\" alt=\"Utilizaci\u00f3n De Estrategias De Defensa Penal En Casos De Delitos Punibles Con La Pena Capital: Factores Clave\" width=\"300\" height=\"201\" srcset=\"https:\/\/www.theirvinglawfirm.com\/wp-content\/uploads\/2023\/08\/defensa-criminal-estrategica-en-casos-de-ofensa-capital-factores-influyentes-200x134.jpg 200w, https:\/\/www.theirvinglawfirm.com\/wp-content\/uploads\/2023\/08\/defensa-criminal-estrategica-en-casos-de-ofensa-capital-factores-influyentes.jpg 300w\" sizes=\"(max-width: 300px) 100vw, 300px\" \/><\/p>\n<p>Cuando se enfrenta a un interrogatorio policial, contar con la presencia de un <a href=\"https:\/\/www.theirvinglawfirm.com\/es\/derecho-de-familia\/derecho-criminal\/\">abogado defensor criminal<\/a> puede ser una ventaja significativa. Su abogado est\u00e1 all\u00ed para proteger sus derechos legales y asegurarse de que no se aprovechen de usted durante el proceso.<\/p>\n<p>Por ejemplo, una persona ha sido arrestada bajo sospecha de robo y est\u00e1 detenida en la comisar\u00eda de polic\u00eda de Manassas, Virginia. Durante el interrogatorio, la polic\u00eda le hace varias preguntas sobre su participaci\u00f3n en el robo. La persona se pone nerviosa y no sabe c\u00f3mo responder. En ese momento, recuerda el art\u00edculo 19.2-11.2 del C\u00f3digo de Virginia y decide ejercer su derecho a hablar con un abogado. Le dice a la polic\u00eda que quiere hablar con un abogado antes de continuar el interrogatorio. La polic\u00eda debe entonces proporcionarles acceso a un abogado defensor.<\/p>\n<p>En este caso, contar con la presencia de un abogado defensor criminal durante el interrogatorio policial puede proporcionarle varias ventajas. Pueden asesorarle sobre sus derechos legales y garantizar la protecci\u00f3n de sus derechos constitucionales. Tambi\u00e9n pueden proporcionarle orientaci\u00f3n legal, ayudarle a tomar decisiones informadas con respecto a la informaci\u00f3n que comparte con la polic\u00eda y garantizar que se respeten sus derechos durante el proceso de interrogatorio.<\/p>\n<h4>Proteja Sus Derechos Durante El Interrogatorio Policial<\/h4>\n<p>Usted tiene el privilegio de guardar silencio, que es uno de sus derechos m\u00e1s esenciales durante un interrogatorio policial. Esto significa que no tiene que responder a ninguna pregunta que pueda incriminarle. Cualquier cosa que diga puede ser utilizada en su contra ante un tribunal, por lo que es mejor que se lo piense detenidamente antes de responder a cualquier pregunta.<\/p>\n<p>El derecho m\u00e1s crucial que tiene durante un interrogatorio policial es el derecho a representaci\u00f3n legal. El <a href=\"https:\/\/law.lis.virginia.gov\/vacode\/title19.2\/chapter1.1\/section19.2-11.2\/\" target=\"_blank\" rel=\"noopener\">art\u00edculo 19.2-11.2 del C\u00f3digo de Virginia<\/a> otorga a la persona el derecho a hablar con un abogado antes y durante el interrogatorio. Esto es importante porque ayuda a proteger los derechos de la persona y a evitar que sea coaccionada a decir cosas que puedan ser utilizadas en su contra ante un tribunal. Si la persona no puede permitirse un abogado, se le proporcionar\u00e1 uno.<\/p>\n<p>Sin embargo, cabe se\u00f1alar que esta ley solo se aplica si la persona est\u00e1 detenida por la polic\u00eda y no es libre de irse. Si la persona no est\u00e1 detenida y simplemente est\u00e1 siendo interrogada, esta ley no se aplica. Es importante ejercer este derecho y buscar asesoramiento legal de un abogado de defensa criminal para que pueda explicarle sus derechos legales, y asegurarse de que sus derechos constitucionales est\u00e1n protegidos.<\/p>\n<h2>Resumen<\/h2>\n<p>El papel de la defensa criminal en el interrogatorio policial se refiere a las estrategias legales utilizadas para proteger los derechos de las personas acusadas de un delito. Durante el interrogatorio policial, es crucial entender sus derechos y tener representaci\u00f3n legal.<\/p>\n<p>Tiene derecho a permanecer en silencio y a contar con representaci\u00f3n legal para garantizar la protecci\u00f3n de sus derechos. Si conoce sus derechos, busca asesoramiento legal y mantiene la calma y la compostura, puede protegerse de una posible incriminaci\u00f3n.<\/p>\n<p><a href=\"https:\/\/www.theirvinglawfirm.com\/es\">Para Saber M\u00e1s Sobre Nosotros, Haga Clic Aqu\u00ed<\/a><\/p>\n<p>&amp;<\/p>\n<p><a href=\"https:\/\/www.theirvinglawfirm.com\/family-law\/criminal-law\/protective-order-responding-to-contact\/\">Echa Un Vistazo A Esta Informaci\u00f3n Acerca De Defensa Criminal<\/a><\/p>\n","protected":false},"excerpt":{"rendered":"<p>Ser sometido a un interrogatorio policial puede ser una experiencia  [&#8230;]<\/p>\n","protected":false},"author":3,"featured_media":0,"parent":8435,"menu_order":0,"comment_status":"closed","ping_status":"closed","template":"","meta":{"_analytify_skip_tracking":false,"rank_math_title":"Defensa Criminal: Gu\u00eda Para El Interrogatorio Policial | The Irving Law Firm","rank_math_description":"Comprender el papel de la defensa criminal y c\u00f3mo se aplica al enfrentarse a un interrogatorio policial.","rank_math_focus_keyword":"interrogatorio policial","rank_math_canonical_url":"","footnotes":""},"class_list":["post-12807","page","type-page","status-publish","hentry"],"acf":[],"_links":{"self":[{"href":"https:\/\/www.theirvinglawfirm.com\/es\/wp-json\/wp\/v2\/pages\/12807","targetHints":{"allow":["GET"]}}],"collection":[{"href":"https:\/\/www.theirvinglawfirm.com\/es\/wp-json\/wp\/v2\/pages"}],"about":[{"href":"https:\/\/www.theirvinglawfirm.com\/es\/wp-json\/wp\/v2\/types\/page"}],"author":[{"embeddable":true,"href":"https:\/\/www.theirvinglawfirm.com\/es\/wp-json\/wp\/v2\/users\/3"}],"replies":[{"embeddable":true,"href":"https:\/\/www.theirvinglawfirm.com\/es\/wp-json\/wp\/v2\/comments?post=12807"}],"version-history":[{"count":0,"href":"https:\/\/www.theirvinglawfirm.com\/es\/wp-json\/wp\/v2\/pages\/12807\/revisions"}],"up":[{"embeddable":true,"href":"https:\/\/www.theirvinglawfirm.com\/es\/wp-json\/wp\/v2\/pages\/8435"}],"wp:attachment":[{"href":"https:\/\/www.theirvinglawfirm.com\/es\/wp-json\/wp\/v2\/media?parent=12807"}],"curies":[{"name":"wp","href":"https:\/\/api.w.org\/{rel}","templated":true}]}}