{"id":12778,"date":"2023-08-15T19:58:50","date_gmt":"2023-08-15T19:58:50","guid":{"rendered":"https:\/\/www.theirvinglawfirm.com\/?page_id=12778"},"modified":"2024-03-05T23:11:39","modified_gmt":"2024-03-05T23:11:39","slug":"eliminacion-de-antecedentes-en-va","status":"publish","type":"page","link":"https:\/\/www.theirvinglawfirm.com\/es\/areas-de-practica\/derecho-criminal\/eliminacion-de-antecedentes-en-va\/","title":{"rendered":"Defensa Criminal: La Comprensi\u00f3n De Eliminaci\u00f3n De Antecedentes Criminales En VA"},"content":{"rendered":"<p>En <a href=\"https:\/\/es.wikipedia.org\/wiki\/Virginia\" target=\"_blank\" rel=\"noopener\">Virginia<\/a>, el proceso de eliminaci\u00f3n de antecedentes criminales es complejo y requiere la ayuda de un abogado de defensa criminal. Un abogado criminalista especializado en las leyes relativas a la cancelaci\u00f3n de antecedentes criminales puede ayudarle a determinar si re\u00fane los requisitos para ello, qu\u00e9 pasos hay que dar para completar el proceso y qu\u00e9 pruebas o documentaci\u00f3n tendr\u00e1 que aportar.<\/p>\n<p>Sin embargo, es importante tener en cuenta que algunos cargos no son elegibles para la eliminaci\u00f3n de antecedentes criminales en Virginia, como los relacionados con delitos violentos o delitos sexuales. Sin embargo, hay muchos otros cargos que pueden ser elegibles para la eliminaci\u00f3n de antecedentes criminales, incluidos los delitos menores y algunos delitos graves no violentos.<\/p>\n<p><img decoding=\"async\" class=\"aligncenter wp-image-12782 size-full\" src=\"https:\/\/www.theirvinglawfirm.com\/wp-content\/uploads\/2023\/08\/borrar-los-cargos-en-virginia.jpg\" alt=\"Defensa Penal: Explorando El Borrado De Cargos En Virginia\" width=\"100%\" height=\"800\" srcset=\"https:\/\/www.theirvinglawfirm.com\/wp-content\/uploads\/2023\/08\/borrar-los-cargos-en-virginia-200x133.jpg 200w, https:\/\/www.theirvinglawfirm.com\/wp-content\/uploads\/2023\/08\/borrar-los-cargos-en-virginia-300x200.jpg 300w, https:\/\/www.theirvinglawfirm.com\/wp-content\/uploads\/2023\/08\/borrar-los-cargos-en-virginia-400x267.jpg 400w, https:\/\/www.theirvinglawfirm.com\/wp-content\/uploads\/2023\/08\/borrar-los-cargos-en-virginia-600x400.jpg 600w, https:\/\/www.theirvinglawfirm.com\/wp-content\/uploads\/2023\/08\/borrar-los-cargos-en-virginia-768x512.jpg 768w, https:\/\/www.theirvinglawfirm.com\/wp-content\/uploads\/2023\/08\/borrar-los-cargos-en-virginia-800x533.jpg 800w, https:\/\/www.theirvinglawfirm.com\/wp-content\/uploads\/2023\/08\/borrar-los-cargos-en-virginia-1024x683.jpg 1024w, https:\/\/www.theirvinglawfirm.com\/wp-content\/uploads\/2023\/08\/borrar-los-cargos-en-virginia.jpg 1200w\" sizes=\"(max-width: 1200px) 100vw, 1200px\" \/><\/p>\n<h2>Requisitos De Elegibilidad Para Eliminaci\u00f3n De Cargos En Virginia<\/h2>\n<p>Para ser elegible para la eliminaci\u00f3n de los cargos en Virginia, los cargos en su contra deben haber sido desestimados. Esto significa que los cargos fueron retirados antes de ir a juicio. Alternativamente, si usted fue a juicio y fue declarado inocente, tambi\u00e9n puede ser elegible para la eliminaci\u00f3n de los antecedentes criminales.<\/p>\n<p>Por ejemplo, un individuo fue arrestado por robo en Manassas, Virginia, y acusado del delito. Sin embargo, los cargos fueron retirados m\u00e1s tarde antes de ir a juicio. A pesar de que no fueron condenados por el delito, el registro de detenci\u00f3n se mantuvo en sus antecedentes criminales y estaba causando dificultades para su en la b\u00fasqueda de un puesto de trabajo. Su abogado criminalista le inform\u00f3 entonces sobre el proceso de cancelaci\u00f3n de antecedentes criminales en Virginia y decidi\u00f3 explorar sus opciones. Descubri\u00f3 que, en virtud de la legislaci\u00f3n de Virginia, pod\u00eda optar a la eliminaci\u00f3n de antecedentes criminales, ya que los cargos contra \u00e9l hab\u00edan sido desestimados.<\/p>\n<p>Por otro lado, si alguien fue condenado por un delito, lo m\u00e1s probable es que no sea elegible para la eliminaci\u00f3n de antecedentes criminales en Virginia. Esto significa que si alguien fue declarado culpable de un delito, por ejemplo, ciertos antecedentes criminales, como los relacionados con delitos sexuales, delitos violentos, y ciertos delitos de drogas, puede que no sean elegibles para la cancelaci\u00f3n.<\/p>\n<p>Por lo tanto, si usted est\u00e1 pensando en borrar sus antecedentes criminales en Virginia, lo mejor es buscar asesoramiento legal. Un abogado de defensa criminal puede revisar su caso y determinar si cumple los requisitos de elegibilidad y qu\u00e9 pasos debe seguir para borrar sus antecedentes.<\/p>\n<h3>El Papel De La Defensa Criminal En El Proceso De Cancelaci\u00f3n De Antecedentes Criminales En VA<\/h3>\n<p>Si usted est\u00e1 considerando la posibilidad de borrar sus antecedentes criminales en Virginia, es muy recomendable que usted tenga un abogado de defensa criminal en el proceso.Ellos pueden ayudarle a entender los requisitos de elegibilidad para la cancelaci\u00f3n de antecedentes criminales en Virginia. Pueden revisar su caso y aconsejarle sobre si es probable que tenga \u00e9xito en su petici\u00f3n de cancelaci\u00f3n.<\/p>\n<p>Su abogado tambi\u00e9n puede ayudarle a preparar y presentar su petici\u00f3n ante el tribunal. Este es un paso cr\u00edtico en el proceso de eliminaci\u00f3n de antecedentes criminales, y es esencial que su petici\u00f3n sea completa y precisa. Una vez presentada la petici\u00f3n, su abogado puede representarle. Puede explicarle por qu\u00e9 merece que se eliminen sus antecedentes criminales y proporcionarle cualquier prueba o documentaci\u00f3n que respalde su petici\u00f3n.<\/p>\n<p>Si el tribunal le concede la petici\u00f3n, su abogado puede ayudarle a seguir los pasos restantes del proceso. Puede trabajar con las fuerzas del orden y otras entidades para asegurarse de que sus antecedentes criminales se actualizan para reflejar la cancelaci\u00f3n.<\/p>\n<h4>Beneficios De La Eliminaci\u00f3n De Antecedentes Criminales En Virginia<\/h4>\n<p><img decoding=\"async\" class=\"alignright wp-image-12433 size-full\" src=\"https:\/\/www.theirvinglawfirm.com\/wp-content\/uploads\/2023\/08\/descifrando-ordenes-de-proteccion-empoderamiento-seguridad-y-entendimiento-legal.jpg\" alt=\"Explorando Las \u00d3rdenes De Protecci\u00f3n: Adquiriendo Conocimiento Y Conciencia\" width=\"300\" height=\"186\" srcset=\"https:\/\/www.theirvinglawfirm.com\/wp-content\/uploads\/2023\/08\/descifrando-ordenes-de-proteccion-empoderamiento-seguridad-y-entendimiento-legal-200x124.jpg 200w, https:\/\/www.theirvinglawfirm.com\/wp-content\/uploads\/2023\/08\/descifrando-ordenes-de-proteccion-empoderamiento-seguridad-y-entendimiento-legal.jpg 300w\" sizes=\"(max-width: 300px) 100vw, 300px\" \/><\/p>\n<p>El gobierno de Virginia considera que tener antecedentes criminales puede dificultar la obtenci\u00f3n de empleo, educaci\u00f3n o cr\u00e9dito a personas que no han hecho nada malo. Incluso si alguien fue declarado inocente m\u00e1s tarde, sus antecedentes a\u00fan pueden causar problemas.<\/p>\n<p>La cancelaci\u00f3n de antecedentes criminales puede tener muchos beneficios para las personas con cargos criminales en sus antecedentes. La cancelaci\u00f3n de antecedentes criminales puede mejorar en gran medida sus perspectivas de empleo. Muchos empleadores verifican los antecedentes antes de contratar a alguien, y tener antecedentes criminales puede ser un gran obst\u00e1culo para encontrar empleo. Al borrar sus antecedentes, puede aumentar significativamente sus posibilidades de conseguir un trabajo.<\/p>\n<p>Puede ayudarle a seguir adelante con su vida. Tener antecedentes criminales puede afectar a su vida de muchas maneras, incluyendo su capacidad para obtener cr\u00e9dito, el voluntariado en su comunidad, e incluso viajar al extranjero. Al borrar sus antecedentes, puede dar un paso importante hacia un futuro mejor.<\/p>\n<p>Es importante tener en cuenta que los beneficios de la cancelaci\u00f3n de antecedentes criminales pueden variar dependiendo de su situaci\u00f3n espec\u00edfica. Sin embargo, en general, la eliminaci\u00f3n de antecedentes criminales puede ser una decisi\u00f3n que cambie su vida y mejore su calidad de vida en general.<\/p>\n<h2>Resumen<\/h2>\n<p>La eliminaci\u00f3n de antecedentes criminales se refiere al proceso legal de remover o borrar un antecedente penal de la vista o acceso p\u00fablico. Si usted tiene antecedentes criminales en Virginia, puede afectar su vida de muchas maneras. Puede hacer que sea m\u00e1s dif\u00edcil encontrar empleo, vivienda u obtener pr\u00e9stamos. La eliminaci\u00f3n de antecedentes criminales puede ayudarle a borrar sus antecedentes y empezar de nuevo.<\/p>\n<p>Comprender sus opciones para la eliminaci\u00f3n de antecedentes criminales en Virginia es esencial si desea borrar sus antecedentes. Si usted est\u00e1 considerando la eliminaci\u00f3n de los antecedentes criminales, es importante consultar con un <a href=\"https:\/\/www.theirvinglawfirm.com\/es\/derecho-de-familia\/derecho-criminal\/\">abogado de defensa criminal<\/a> que puede evaluar su elegibilidad y le guiar\u00e1 a trav\u00e9s del proceso.<\/p>\n<p><a href=\"https:\/\/www.theirvinglawfirm.com\/es\">M\u00e1s Sobre Nuestro Negocio<\/a><\/p>\n<p>Y<\/p>\n<p><a href=\"https:\/\/www.theirvinglawfirm.com\/es\/derecho-de-familia\/derecho-criminal\/penas-por-delitos-en-virginia\/\">Obtenga M\u00e1s Informaci\u00f3n Sobre El Derecho Criminal En Virginia<\/a><\/p>\n","protected":false},"excerpt":{"rendered":"<p>En Virginia, el proceso de eliminaci\u00f3n de antecedentes criminales es  [&#8230;]<\/p>\n","protected":false},"author":3,"featured_media":0,"parent":8435,"menu_order":0,"comment_status":"closed","ping_status":"closed","template":"","meta":{"_analytify_skip_tracking":false,"rank_math_title":"Defensa Criminal Para Eliminaci\u00f3n De Antecedentes En VA | The Irving Law Firm","rank_math_description":"Descubra c\u00f3mo la defensa criminal puede ayudarle a conocer su elegibilidad y opciones en borrar sus antecedentes en VA.","rank_math_focus_keyword":"antecedentes","rank_math_canonical_url":"","footnotes":""},"class_list":["post-12778","page","type-page","status-publish","hentry"],"acf":[],"_links":{"self":[{"href":"https:\/\/www.theirvinglawfirm.com\/es\/wp-json\/wp\/v2\/pages\/12778","targetHints":{"allow":["GET"]}}],"collection":[{"href":"https:\/\/www.theirvinglawfirm.com\/es\/wp-json\/wp\/v2\/pages"}],"about":[{"href":"https:\/\/www.theirvinglawfirm.com\/es\/wp-json\/wp\/v2\/types\/page"}],"author":[{"embeddable":true,"href":"https:\/\/www.theirvinglawfirm.com\/es\/wp-json\/wp\/v2\/users\/3"}],"replies":[{"embeddable":true,"href":"https:\/\/www.theirvinglawfirm.com\/es\/wp-json\/wp\/v2\/comments?post=12778"}],"version-history":[{"count":0,"href":"https:\/\/www.theirvinglawfirm.com\/es\/wp-json\/wp\/v2\/pages\/12778\/revisions"}],"up":[{"embeddable":true,"href":"https:\/\/www.theirvinglawfirm.com\/es\/wp-json\/wp\/v2\/pages\/8435"}],"wp:attachment":[{"href":"https:\/\/www.theirvinglawfirm.com\/es\/wp-json\/wp\/v2\/media?parent=12778"}],"curies":[{"name":"wp","href":"https:\/\/api.w.org\/{rel}","templated":true}]}}