{"id":12728,"date":"2023-08-15T02:19:28","date_gmt":"2023-08-15T02:19:28","guid":{"rendered":"https:\/\/www.theirvinglawfirm.com\/?page_id=12728"},"modified":"2024-03-05T23:04:26","modified_gmt":"2024-03-05T23:04:26","slug":"castigos-por-delito-en-virginia","status":"publish","type":"page","link":"https:\/\/www.theirvinglawfirm.com\/es\/areas-de-practica\/derecho-criminal\/castigos-por-delito-en-virginia\/","title":{"rendered":"Defensa Criminal Y Castigos Por Delitos Menores En Virginia"},"content":{"rendered":"<p>El proceso de defensa criminal es un conjunto de procedimientos para garantizar que los ciudadanos acusados de delitos reciban un trato justo. Por lo tanto, es esencial que cualquier persona en Virginia que se encuentre enfrentando cargos criminales entienda como funciona el proceso.<\/p>\n<p>Una de las peores cosas que le puede pasar es ser acusado de un delito, no solo porque puede sufrir las consecuencias sino tambien porque esta situacion arruina su reputacion y puede dar lugar a otros acontecimientos que le cambien la vida.<\/p>\n<p>En el Estado de Virginia, los cargos por delitos menores son los delitos criminales m\u00e1s comunes y necesitan cierta orientaci\u00f3n. Este art\u00edculo le ayudar\u00e1 a conocer sus derechos con la ayuda de un abogado de defensa criminal de The Irving Law Firm.<\/p>\n<p><img decoding=\"async\" class=\"aligncenter wp-image-12730 size-full\" src=\"https:\/\/www.theirvinglawfirm.com\/wp-content\/uploads\/2023\/08\/virginia-delitos-menores-defensa-legal-y-consideraciones-de-sentencia.jpg\" alt=\"Defensa Penal Para Virginia Delitos Menores: Penas Y Estrategias\" width=\"100%\" height=\"800\" srcset=\"https:\/\/www.theirvinglawfirm.com\/wp-content\/uploads\/2023\/08\/virginia-delitos-menores-defensa-legal-y-consideraciones-de-sentencia-200x133.jpg 200w, https:\/\/www.theirvinglawfirm.com\/wp-content\/uploads\/2023\/08\/virginia-delitos-menores-defensa-legal-y-consideraciones-de-sentencia-300x200.jpg 300w, https:\/\/www.theirvinglawfirm.com\/wp-content\/uploads\/2023\/08\/virginia-delitos-menores-defensa-legal-y-consideraciones-de-sentencia-400x267.jpg 400w, https:\/\/www.theirvinglawfirm.com\/wp-content\/uploads\/2023\/08\/virginia-delitos-menores-defensa-legal-y-consideraciones-de-sentencia-600x400.jpg 600w, https:\/\/www.theirvinglawfirm.com\/wp-content\/uploads\/2023\/08\/virginia-delitos-menores-defensa-legal-y-consideraciones-de-sentencia-768x512.jpg 768w, https:\/\/www.theirvinglawfirm.com\/wp-content\/uploads\/2023\/08\/virginia-delitos-menores-defensa-legal-y-consideraciones-de-sentencia-800x533.jpg 800w, https:\/\/www.theirvinglawfirm.com\/wp-content\/uploads\/2023\/08\/virginia-delitos-menores-defensa-legal-y-consideraciones-de-sentencia-1024x683.jpg 1024w, https:\/\/www.theirvinglawfirm.com\/wp-content\/uploads\/2023\/08\/virginia-delitos-menores-defensa-legal-y-consideraciones-de-sentencia.jpg 1200w\" sizes=\"(max-width: 1200px) 100vw, 1200px\" \/><\/p>\n<h2>\u00bfQu\u00e9 Es Un Delito Menor?<\/h2>\n<p>El t\u00e9rmino \u00ab<a href=\"https:\/\/www.conceptosjuridicos.com\/us\/delitos-menores\/\" target=\"_blank\" rel=\"noopener\">delito menor<\/a>\u00bb se refiere a un tipo de infracci\u00f3n penal que es menos grave que un delito grave pero que conlleva una pena. En comparaci\u00f3n con una infracci\u00f3n, un delito menor es mucho m\u00e1s grave. La severidad del castigo es el factor definitorio entre una falta, un delito grave y un crimen.<\/p>\n<p>Las penas t\u00edpicas para un delito menor incluyen una multa y servicio a la comunidad &#8211; una sentencia potencial de c\u00e1rcel para un delito menor.<\/p>\n<p>En muchos lugares, la pena m\u00e1xima por un delito menor es de un a\u00f1o de c\u00e1rcel. Sin embargo, en otras, es de tres. Si el n\u00famero de v\u00edctimas fuera mayor, el delito se clasificar\u00eda como delito grave.<\/p>\n<h3>Clasificaci\u00f3n De Delitos Y Cargos<\/h3>\n<p><img decoding=\"async\" class=\"alignright wp-image-12732 size-full\" src=\"https:\/\/www.theirvinglawfirm.com\/wp-content\/uploads\/2023\/08\/desempaquetar-clasificacion-de-delitos-menores-y-cargos-asociados.jpg\" alt=\"Categorizaci\u00f3n De Los Delitos Menores Y Cargos Asociados\" width=\"300\" height=\"200\" srcset=\"https:\/\/www.theirvinglawfirm.com\/wp-content\/uploads\/2023\/08\/desempaquetar-clasificacion-de-delitos-menores-y-cargos-asociados-200x133.jpg 200w, https:\/\/www.theirvinglawfirm.com\/wp-content\/uploads\/2023\/08\/desempaquetar-clasificacion-de-delitos-menores-y-cargos-asociados.jpg 300w\" sizes=\"(max-width: 300px) 100vw, 300px\" \/>Conocer los diferentes niveles de delitos menores en Virginia le ayudar\u00e1 a prepararse para posibles sanciones legales. Las clases de delitos menores incluyen:<\/p>\n<ul>\n<li style=\"font-weight: 400;\" aria-level=\"1\">Los delitos menores de clase 1 son la categor\u00eda m\u00e1s grave de delitos menores en Virginia. Las penas potenciales para esta ofensa incluyen un a\u00f1o en la c\u00e1rcel, una multa de $2500, o ambos. Los delitos de clase 1 en Virginia incluyen robar en tiendas por menos de $100 y agredir a un familiar.<\/li>\n<li style=\"font-weight: 400;\" aria-level=\"1\">Los delitos de clase 2 se penalizan con menos severidad que los delitos menores de clase 1. El castigo por un delito menor de clase 2 puede incluir hasta seis meses de c\u00e1rcel, una multa de 1.000 d\u00f3lares, o ambas cosas. En la Commonwealth de Virginia, tener cualquier cantidad de una sustancia de la lista IV es un delito menor de nivel 2.<\/li>\n<li style=\"font-weight: 400;\" aria-level=\"1\">Los delitos de clase 3 y 4 s\u00f3lo se castigan con multas, no con penas de c\u00e1rcel. Los delitos menores de clase 3 y 4 conllevan multas de 250 a 500 d\u00f3lares. No se enfrentar\u00e1 a sanciones penales importantes si comete un delito menor en Virginia. En Virginia, estar ebrio en p\u00fablico es un delito menor de clase 4.<\/li>\n<\/ul>\n<p>Consulte a un abogado de defensa criminal en The Irving Law Firm si usted ha sido acusado de delitos menores. Con la ayuda de un abogado de defensa criminal profesional, usted puede luchar contra sus cargos de delitos menores en la corte y reducir sus consecuencias.<\/p>\n<h2>El Papel De Un Abogado Criminal<\/h2>\n<p>El trabajo de un abogado criminalista es velar por los intereses de su cliente. Para ello, debe ser muy perspicaz, sobre todo al principio del caso.<\/p>\n<p>Un abogado de <a href=\"https:\/\/www.theirvinglawfirm.com\/es\/derecho-de-familia\/derecho-criminal\/\">defensa criminal experimentado<\/a> investigar\u00e1 las acusaciones contra su cliente, considerar\u00e1 las implicaciones de la evidencia, y se preparar\u00e1 a fondo para contrainterrogar a los testigos de la fiscal\u00eda.<\/p>\n<p>The Irving Law Firm trabajar\u00e1 para conseguir que se retiren los cargos penales contra usted si creen que es inocente. Si su caso va a juicio, ellos presentaran los hechos al jurado y argumentaran a su favor. The Irving Law Firm puede ayudarle a presentar una demanda dentro del plazo establecido por la ley de prescripci\u00f3n en la Commonwealth de Virginia.<\/p>\n<p>Como abogados expertos en defensa criminal, pueden ayudarle a reunir pruebas, entrevistar a testigos, y construir un caso convincente en su nombre para demostrar que fue acusado injustamente, y que no debe someterse a castigos severos. Buscar ayuda r\u00e1pidamente despu\u00e9s de ser acusado de un delito menor en Virginia es crucial.<\/p>\n<h2>Resumen<\/h2>\n<p>La defensa criminal por delitos menores en Virginia puede ser un proceso complejo. Hay muchos delitos menores, cada uno con su propio conjunto de penas. Es crucial aprender acerca de los detalles de sus cargos por delitos menores y sus posibles defensas si se encuentra en la corte.<\/p>\n<p>Un delito menor es una ofensa criminal con una sentencia de un a\u00f1o de c\u00e1rcel y una multa m\u00e1xima de $2500. Virginia tiene tres tipos de delitos menores: delitos menores, delitos generales y delitos agravados.<\/p>\n<p>Los delitos menores suelen conllevar una multa de 500 $. Las ofensas generales pueden resultar en seis meses de prisi\u00f3n y una multa de $1,000. Los delitos menores aumentados tienen las penas m\u00e1s altas.<\/p>\n<p>Cualquier delito menor cometido en el estado de Virginia debe ser tomado en serio, incluyendo aquellos que son aparentemente peque\u00f1os o insignificantes. Con la asistencia de un abogado de defensa criminal de Virginia de <a href=\"https:\/\/www.theirvinglawfirm.com\/es\">The Irving Law Firm<\/a> en su esquina, se asegura de que sus derechos sean protegidos y reciba el mejor resultado posible para su caso.<\/p>\n<p><a href=\"https:\/\/www.theirvinglawfirm.com\/es\/derecho-de-familia\/derecho-criminal\/diferencia-entre-prision-y-carcel\/\">Lea Este Art\u00edculo Sobre Defensa Criminal<\/a><\/p>\n","protected":false},"excerpt":{"rendered":"<p>El proceso de defensa criminal es un conjunto de procedimientos  [&#8230;]<\/p>\n","protected":false},"author":3,"featured_media":0,"parent":8435,"menu_order":0,"comment_status":"closed","ping_status":"closed","template":"","meta":{"_analytify_skip_tracking":false,"rank_math_title":"Gu\u00eda De Defensa Criminal Para Delitos Menores En Virginia | The Irving Law Firm","rank_math_description":"Esta gu\u00eda le ayudar\u00e1 a entender los delitos menores, los castigos y las defensas.","rank_math_focus_keyword":"delito","rank_math_canonical_url":"","footnotes":""},"class_list":["post-12728","page","type-page","status-publish","hentry"],"acf":[],"_links":{"self":[{"href":"https:\/\/www.theirvinglawfirm.com\/es\/wp-json\/wp\/v2\/pages\/12728","targetHints":{"allow":["GET"]}}],"collection":[{"href":"https:\/\/www.theirvinglawfirm.com\/es\/wp-json\/wp\/v2\/pages"}],"about":[{"href":"https:\/\/www.theirvinglawfirm.com\/es\/wp-json\/wp\/v2\/types\/page"}],"author":[{"embeddable":true,"href":"https:\/\/www.theirvinglawfirm.com\/es\/wp-json\/wp\/v2\/users\/3"}],"replies":[{"embeddable":true,"href":"https:\/\/www.theirvinglawfirm.com\/es\/wp-json\/wp\/v2\/comments?post=12728"}],"version-history":[{"count":0,"href":"https:\/\/www.theirvinglawfirm.com\/es\/wp-json\/wp\/v2\/pages\/12728\/revisions"}],"up":[{"embeddable":true,"href":"https:\/\/www.theirvinglawfirm.com\/es\/wp-json\/wp\/v2\/pages\/8435"}],"wp:attachment":[{"href":"https:\/\/www.theirvinglawfirm.com\/es\/wp-json\/wp\/v2\/media?parent=12728"}],"curies":[{"name":"wp","href":"https:\/\/api.w.org\/{rel}","templated":true}]}}