{"id":12714,"date":"2023-08-15T02:17:39","date_gmt":"2023-08-15T02:17:39","guid":{"rendered":"https:\/\/www.theirvinglawfirm.com\/?page_id=12714"},"modified":"2024-03-05T23:06:37","modified_gmt":"2024-03-05T23:06:37","slug":"diferencia-entre-prision-y-carcel","status":"publish","type":"page","link":"https:\/\/www.theirvinglawfirm.com\/es\/areas-de-practica\/derecho-criminal\/diferencia-entre-prision-y-carcel\/","title":{"rendered":"Defensa Criminal: \u00bfDiferencia Entre Prisi\u00f3n Y C\u00e1rcel?"},"content":{"rendered":"<p>Las personas que no son inocentes deben contar con un abogado de defensa criminal en Virginia. La gente es arrestada por razones, y cuando lo hacen, con frecuencia necesitan un abogado de defensa criminal.<\/p>\n<p>Este art\u00edculo tambi\u00e9n determinar\u00e1 la diferencia entre prisi\u00f3n y c\u00e1rcel. Tambi\u00e9n discutir\u00e1 c\u00f3mo encontrar un abogado de defensa criminal y lo que puede esperar obtener de \u00e9l.<\/p>\n<p>Las c\u00e1rceles y las prisiones son dos instituciones diferentes establecidas bajo el sistema de justicia criminal. Aunque son similares en sus objetivos principales, constituyen dos formas distintas de confinamiento utilizadas para detener a las personas que han sido detenidas y condenadas por un delito.<\/p>\n<p><img decoding=\"async\" class=\"aligncenter wp-image-12717 size-full\" src=\"https:\/\/www.theirvinglawfirm.com\/wp-content\/uploads\/2023\/08\/prision-vs-carcel-navegando-las-distinciones-en-defensa-criminal.jpg\" alt=\"Defensa Penal: Distinci\u00f3n Entre Prisi\u00f3n Y C\u00e1rcel\" width=\"100%\" height=\"801\" srcset=\"https:\/\/www.theirvinglawfirm.com\/wp-content\/uploads\/2023\/08\/prision-vs-carcel-navegando-las-distinciones-en-defensa-criminal-200x134.jpg 200w, https:\/\/www.theirvinglawfirm.com\/wp-content\/uploads\/2023\/08\/prision-vs-carcel-navegando-las-distinciones-en-defensa-criminal-300x200.jpg 300w, https:\/\/www.theirvinglawfirm.com\/wp-content\/uploads\/2023\/08\/prision-vs-carcel-navegando-las-distinciones-en-defensa-criminal-400x267.jpg 400w, https:\/\/www.theirvinglawfirm.com\/wp-content\/uploads\/2023\/08\/prision-vs-carcel-navegando-las-distinciones-en-defensa-criminal-600x401.jpg 600w, https:\/\/www.theirvinglawfirm.com\/wp-content\/uploads\/2023\/08\/prision-vs-carcel-navegando-las-distinciones-en-defensa-criminal-768x513.jpg 768w, https:\/\/www.theirvinglawfirm.com\/wp-content\/uploads\/2023\/08\/prision-vs-carcel-navegando-las-distinciones-en-defensa-criminal-800x534.jpg 800w, https:\/\/www.theirvinglawfirm.com\/wp-content\/uploads\/2023\/08\/prision-vs-carcel-navegando-las-distinciones-en-defensa-criminal-1024x684.jpg 1024w, https:\/\/www.theirvinglawfirm.com\/wp-content\/uploads\/2023\/08\/prision-vs-carcel-navegando-las-distinciones-en-defensa-criminal.jpg 1200w\" sizes=\"(max-width: 1200px) 100vw, 1200px\" \/><\/p>\n<h2>\u00bfQu\u00e9 Es La Defensa Criminal?<\/h2>\n<p>La defensa criminal es una rama del derecho que se ocupa de la defensa de los acusados de cometer delitos criminales. Hay tres tipos o niveles diferentes de abogados relacionados con la defensa criminal. Se trata de los defensores p\u00fablicos, los investigadores privados y los <a href=\"https:\/\/es.wikipedia.org\/wiki\/Fiscal_(funcionario)\" target=\"_blank\" rel=\"noopener\">fiscales<\/a>.<\/p>\n<p>Los defensores p\u00fablicos y los investigadores privados est\u00e1n en el mismo nivel porque est\u00e1n legal y socialmente obligados a proteger los derechos del acusado. Y mientras que los fiscales se encuentran entre los defensores p\u00fablicos y los investigadores privados, su financiaci\u00f3n se obtiene principalmente a trav\u00e9s del dinero de los contribuyentes, y a menudo son nombrados pol\u00edticamente.<\/p>\n<p>Si alguna vez necesita un abogado para la defensa criminal, se dar\u00e1 cuenta de lo crucial que es. El abogado aplicar\u00e1 este protocolo para garantizar que los sospechosos de delitos criminales reciban un trato justo y salvaguardar los derechos de las personas corrientes. El sistema tambi\u00e9n est\u00e1 dise\u00f1ado para evitar condenas y castigos injustos a personas inocentes.<\/p>\n<h2>Diferencia Entre Prisi\u00f3n Y C\u00e1rcel<\/h2>\n<p>&nbsp;<\/p>\n<p>Aunque tanto las c\u00e1rceles como las prisiones sirven para encarcelar, difieren significativamente.<\/p>\n<p>Los gobiernos locales, como los de un condado o una ciudad, suelen gestionar las c\u00e1rceles como centros de encarcelamiento temporal para sus ciudadanos. Las c\u00e1rceles sirven principalmente para detener a personas en espera de juicio.<\/p>\n<p>Por otro lado, las prisiones son instituciones de larga duraci\u00f3n gestionadas normalmente por el gobierno federal o estatal. Los reclusos suelen haber sido condenados por delitos importantes y cumplen penas de m\u00e1s de un a\u00f1o.<\/p>\n<p>Tambi\u00e9n se alojan en ellas reclusos que s\u00f3lo deben permanecer en prisi\u00f3n los fines de semana o durante un determinado n\u00famero de horas a la semana. Los reclusos que cumplen cadena perpetua o condenas de varias d\u00e9cadas tambi\u00e9n se alojan en prisiones porque se les considera una amenaza para la sociedad.<\/p>\n<p>Las prisiones y las c\u00e1rceles tienen condiciones diferentes. La mayor\u00eda de las c\u00e1rceles tienen demasiada gente y necesitan m\u00e1s suministros. Los reclusos de las c\u00e1rceles pueden tener menos acceso a programas educativos y profesionales y a asistencia sanitaria que los reclusos de las prisiones. Por otro lado, las prisiones pueden detener a m\u00e1s reclusos y disponer de m\u00e1s recursos y servicios como bibliotecas, gimnasios y programas educativos y de formaci\u00f3n profesional.<\/p>\n<h2>Encuentre Un Abogado Criminal<\/h2>\n<p>Si necesita un abogado de defensa criminal, es posible que desee buscar en todo el pa\u00eds. Los abogados defensores criminales de c\u00e1rceles y prisiones se diferencian de los abogados promedio en que est\u00e1n capacitados para lidiar con el derecho criminal y el proceso judicial de principio a fin, independientemente de lo que implique un caso en particular.<\/p>\n<p>Si usted ha sido arrestado o es sospechoso de un delito en Virginia, debe asegurarse de que sus derechos legales est\u00e9n protegidos. Puede encontrar un abogado de defensa criminal en The Irving Law Firm. Si este es el caso, usted necesitar\u00e1 un abogado de defensa criminal de primera categor\u00eda para representar sus intereses ante un juez y un jurado.<\/p>\n<p><img decoding=\"async\" class=\"wp-image-12719 size-full alignright\" src=\"https:\/\/www.theirvinglawfirm.com\/wp-content\/uploads\/2023\/08\/desmitificar-los-centros-penitenciarios-desvelar-las-diferencias-entre-carcel-y-prision.jpg\" alt=\"Desentra\u00f1ar Las Diferencias: Prisi\u00f3n Y C\u00e1rcel\" width=\"300\" height=\"200\" srcset=\"https:\/\/www.theirvinglawfirm.com\/wp-content\/uploads\/2023\/08\/desmitificar-los-centros-penitenciarios-desvelar-las-diferencias-entre-carcel-y-prision-200x133.jpg 200w, https:\/\/www.theirvinglawfirm.com\/wp-content\/uploads\/2023\/08\/desmitificar-los-centros-penitenciarios-desvelar-las-diferencias-entre-carcel-y-prision.jpg 300w\" sizes=\"(max-width: 300px) 100vw, 300px\" \/><\/p>\n<h2>Resumen<\/h2>\n<p>Tanto las c\u00e1rceles como las prisiones albergan a personas detenidas o condenadas por un delito. Sin embargo, son muy diferentes en cuanto a qui\u00e9nes retienen, cu\u00e1nto tiempo los retienen, de qu\u00e9 recursos disponen y hasta qu\u00e9 punto se centran en la rehabilitaci\u00f3n.<\/p>\n<p>Las c\u00e1rceles son centros de corta estancia que albergan tanto a personas que est\u00e1n a la espera de juicio como a personas que han sido condenadas. Por otro lado, las prisiones son centros de larga duraci\u00f3n en los que permanecen personas condenadas por delitos graves. Adem\u00e1s, las c\u00e1rceles y las prisiones tienen condiciones y recursos diferentes.<\/p>\n<p>Un <a href=\"https:\/\/www.theirvinglawfirm.com\/es\/derecho-de-familia\/derecho-criminal\/\">abogado de defensa criminal<\/a> puede conseguir que se desestimen o reduzcan los cargos; tambi\u00e9n puede ayudar defendi\u00e9ndole ante el tribunal y asegur\u00e1ndose de que no se ha violado ninguno de sus derechos. En \u00faltima instancia, el trabajo del abogado de defensa criminal es que usted sea liberado de la c\u00e1rcel y nunca tenga que volver o que reciba la sentencia m\u00e1s leve posible por su cargo.<\/p>\n<p>Poni\u00e9ndose en contacto con un abogado de defensa criminal en <a href=\"https:\/\/www.theirvinglawfirm.com\/es\">The Irving Law Firm<\/a> inmediatamente despu\u00e9s de ser arrestado, usted tendr\u00e1 la oportunidad m\u00e1s importante de \u00e9xito cuando se enfrentan a cargos criminales, ya sea para salir de la c\u00e1rcel, tienen su juicio adelantado, o conseguir su fuera de todos los cargos.<\/p>\n<p><a href=\"http:\/\/theirvinglawfirm.com\/es\/derecho-de-familia\/derecho-criminal\/5-factores-importantes-del-delito-capital\/\">Obtenga Esta Informaci\u00f3n Sobre La Defensa Criminal<\/a><\/p>\n","protected":false},"excerpt":{"rendered":"<p>Las personas que no son inocentes deben contar con un  [&#8230;]<\/p>\n","protected":false},"author":3,"featured_media":0,"parent":8435,"menu_order":0,"comment_status":"closed","ping_status":"closed","template":"","meta":{"_analytify_skip_tracking":false,"rank_math_title":"\u00bfC\u00f3mo Conseguir Un Abogado Criminal Para Prisi\u00f3n O C\u00e1rcel?","rank_math_description":"Conozca la diferencia entre prisi\u00f3n y c\u00e1rcel seg\u00fan el delito y la duraci\u00f3n de la condena. ","rank_math_focus_keyword":"prisi\u00f3n","rank_math_canonical_url":"","footnotes":""},"class_list":["post-12714","page","type-page","status-publish","hentry"],"acf":[],"_links":{"self":[{"href":"https:\/\/www.theirvinglawfirm.com\/es\/wp-json\/wp\/v2\/pages\/12714","targetHints":{"allow":["GET"]}}],"collection":[{"href":"https:\/\/www.theirvinglawfirm.com\/es\/wp-json\/wp\/v2\/pages"}],"about":[{"href":"https:\/\/www.theirvinglawfirm.com\/es\/wp-json\/wp\/v2\/types\/page"}],"author":[{"embeddable":true,"href":"https:\/\/www.theirvinglawfirm.com\/es\/wp-json\/wp\/v2\/users\/3"}],"replies":[{"embeddable":true,"href":"https:\/\/www.theirvinglawfirm.com\/es\/wp-json\/wp\/v2\/comments?post=12714"}],"version-history":[{"count":0,"href":"https:\/\/www.theirvinglawfirm.com\/es\/wp-json\/wp\/v2\/pages\/12714\/revisions"}],"up":[{"embeddable":true,"href":"https:\/\/www.theirvinglawfirm.com\/es\/wp-json\/wp\/v2\/pages\/8435"}],"wp:attachment":[{"href":"https:\/\/www.theirvinglawfirm.com\/es\/wp-json\/wp\/v2\/media?parent=12714"}],"curies":[{"name":"wp","href":"https:\/\/api.w.org\/{rel}","templated":true}]}}