{"id":12687,"date":"2023-08-15T02:16:25","date_gmt":"2023-08-15T02:16:25","guid":{"rendered":"https:\/\/www.theirvinglawfirm.com\/?page_id=12687"},"modified":"2024-03-05T23:03:14","modified_gmt":"2024-03-05T23:03:14","slug":"5-factores-importantes-del-delito-capital","status":"publish","type":"page","link":"https:\/\/www.theirvinglawfirm.com\/es\/areas-de-practica\/derecho-criminal\/5-factores-importantes-del-delito-capital\/","title":{"rendered":"Defensa Criminal Por Delito Capital: 5 Factores Importantes"},"content":{"rendered":"<p>La defensa criminal por un delito capital es severa y desafiante. Usted debe tomar el asunto seriamente y contactar a un <a href=\"https:\/\/www.theirvinglawfirm.com\/es\/derecho-de-familia\/derecho-criminal\/\">abogado de defensa criminal<\/a> porque cada tipo de ofensa tiene diferentes cargas de prueba y defensas que pueden ser usadas para defender su caso.<\/p>\n<p>Un delito capital es la pena m\u00e1s severa para todos los tipos de delitos, lo que significa que la muerte puede ser utilizada como una opci\u00f3n para castigar a los criminales.<\/p>\n<p>Cuando una persona ha sido acusada de un delito capital en Virginia, es comprensible que sus familiares y amigos quieran hacer todo lo posible para recibir la representaci\u00f3n legal de calidad disponible en The Irving Law Firm.<\/p>\n<p><img decoding=\"async\" class=\"aligncenter wp-image-12698 size-full\" src=\"https:\/\/www.theirvinglawfirm.com\/wp-content\/uploads\/2023\/08\/factores-esenciales-en-casos-penales-para-la-defensa-de-la-ofensa-de-la-capital.jpg\" alt=\"Defensa Criminal En Delitos Capitales: Consideraciones Clave\" width=\"100%\" height=\"797\" srcset=\"https:\/\/www.theirvinglawfirm.com\/wp-content\/uploads\/2023\/08\/factores-esenciales-en-casos-penales-para-la-defensa-de-la-ofensa-de-la-capital-200x133.jpg 200w, https:\/\/www.theirvinglawfirm.com\/wp-content\/uploads\/2023\/08\/factores-esenciales-en-casos-penales-para-la-defensa-de-la-ofensa-de-la-capital-300x199.jpg 300w, https:\/\/www.theirvinglawfirm.com\/wp-content\/uploads\/2023\/08\/factores-esenciales-en-casos-penales-para-la-defensa-de-la-ofensa-de-la-capital-400x266.jpg 400w, https:\/\/www.theirvinglawfirm.com\/wp-content\/uploads\/2023\/08\/factores-esenciales-en-casos-penales-para-la-defensa-de-la-ofensa-de-la-capital-600x399.jpg 600w, https:\/\/www.theirvinglawfirm.com\/wp-content\/uploads\/2023\/08\/factores-esenciales-en-casos-penales-para-la-defensa-de-la-ofensa-de-la-capital-768x510.jpg 768w, https:\/\/www.theirvinglawfirm.com\/wp-content\/uploads\/2023\/08\/factores-esenciales-en-casos-penales-para-la-defensa-de-la-ofensa-de-la-capital-800x531.jpg 800w, https:\/\/www.theirvinglawfirm.com\/wp-content\/uploads\/2023\/08\/factores-esenciales-en-casos-penales-para-la-defensa-de-la-ofensa-de-la-capital-1024x680.jpg 1024w, https:\/\/www.theirvinglawfirm.com\/wp-content\/uploads\/2023\/08\/factores-esenciales-en-casos-penales-para-la-defensa-de-la-ofensa-de-la-capital.jpg 1200w\" sizes=\"(max-width: 1200px) 100vw, 1200px\" \/><\/p>\n<h2>Entendiendo Un Delito Capital<\/h2>\n<p>Un delito capital, o crimen capital, es un delito que se castiga con la pena de muerte. El t\u00e9rmino tiene su origen en el derecho consuetudinario ingl\u00e9s, donde la decisi\u00f3n de castigar con la muerte s\u00f3lo la tomaba un jurado en casos excepcionales que tambi\u00e9n inclu\u00edan la traici\u00f3n y el asesinato intencionado. Los delitos capitales pueden consistir en terrorismo, violaci\u00f3n, abuso sexual de menores y conspiraci\u00f3n para cometer asesinato.<\/p>\n<p><a href=\"https:\/\/es.wikipedia.org\/wiki\/Virginia\" target=\"_blank\" rel=\"noopener\">Virginia<\/a> clasifica los castigos por estos delitos en funci\u00f3n de dos categor\u00edas principales: delitos graves de primer grado y delitos graves de segundo grado.<\/p>\n<p>Un delito grave de primer grado implica un castigo m\u00e1ximo de cadena perpetua o pena de muerte y se considera uno de los delitos m\u00e1s graves en Virginia. Un delito grave de segundo grado se considera menos grave y puede acarrear hasta 20 a\u00f1os o una multa de hasta 100.000 d\u00f3lares.<\/p>\n<h3>Lista De Varios Delitos Capitales<\/h3>\n<p>Aqu\u00ed se recogen los delitos capitales. A continuaci\u00f3n se enumeran los hechos que desacreditan los derechos humanos y la dignidad. Los Delitos Capitales se enumeran en esta amplia referencia.<\/p>\n<ul>\n<li style=\"font-weight: 400;\" aria-level=\"1\">El contrabando de inmigrantes dentro o fuera del pa\u00eds constituye asesinato capital.<\/li>\n<li style=\"font-weight: 400;\" aria-level=\"1\">Es destruir deliberadamente un avi\u00f3n o un auto lo que mata a personas inocentes.<\/li>\n<li style=\"font-weight: 400;\" aria-level=\"1\">Asesinato por tiroteo relacionado con drogas.<\/li>\n<li style=\"font-weight: 400;\" aria-level=\"1\">Asesinatos en aeropuertos.<\/li>\n<li style=\"font-weight: 400;\" aria-level=\"1\">El asesinato de un funcionario del gobierno, como un congresista o un juez del Tribunal Supremo.<\/li>\n<li style=\"font-weight: 400;\" aria-level=\"1\">Matar por venganza a un familiar directo de un agente de polic\u00eda.<\/li>\n<li style=\"font-weight: 400;\" aria-level=\"1\">El espionaje es un delito capital. El espionaje consiste en robar y entregar informaci\u00f3n confidencial sobre su pa\u00eds al enemigo. Es probable que se imponga la pena de muerte por ese delito.<\/li>\n<li style=\"font-weight: 400;\" aria-level=\"1\">Cuando el transporte ilegal de bombas o la destrucci\u00f3n de propiedades del gobierno mata a personas inocentes.<\/li>\n<li style=\"font-weight: 400;\" aria-level=\"1\">No hay mayor delito que la traici\u00f3n. Traicionar al propio pa\u00eds y conspirar contra el gobierno o intentar derrocarlo tambi\u00e9n es una traici\u00f3n.<\/li>\n<li style=\"font-weight: 400;\" aria-level=\"1\">Si matas a un ciudadano estadounidense en el extranjero, eres culpable de asesinato capital.<\/li>\n<li style=\"font-weight: 400;\" aria-level=\"1\">Asesinar a alguien mientras se le secuestra.<\/li>\n<\/ul>\n<h2>Factores Sobre C\u00f3mo Se Utiliza La Defensa Criminal En Un Caso De Delito Capital<\/h2>\n<p><span style=\"font-weight: 400;\"><img decoding=\"async\" class=\"alignright wp-image-12700 size-full\" src=\"https:\/\/www.theirvinglawfirm.com\/wp-content\/uploads\/2023\/08\/defensa-criminal-estrategica-en-casos-de-ofensa-capital-factores-influyentes.jpg\" alt=\"Utilizaci\u00f3n De Estrategias De Defensa Penal En Casos De Delitos Punibles Con La Pena Capital: Factores Clave\" width=\"300\" height=\"201\" srcset=\"https:\/\/www.theirvinglawfirm.com\/wp-content\/uploads\/2023\/08\/defensa-criminal-estrategica-en-casos-de-ofensa-capital-factores-influyentes-200x134.jpg 200w, https:\/\/www.theirvinglawfirm.com\/wp-content\/uploads\/2023\/08\/defensa-criminal-estrategica-en-casos-de-ofensa-capital-factores-influyentes.jpg 300w\" sizes=\"(max-width: 300px) 100vw, 300px\" \/><\/span><\/p>\n<p>\u00bfLe han demandado o detenido por alg\u00fan motivo? Estas cosas pueden ser circunstancias graves, y usted puede preguntarse c\u00f3mo protegerse. Lo cr\u00edtico es recordar que muchas firmas, incluyendo <a href=\"https:\/\/www.theirvinglawfirm.com\/es\">The Irving Law Firm<\/a>, ofrecen defensa criminal. Esto significa que tratan con personas que han sido acusadas de delitos y necesitan su defensa.<\/p>\n<p>En casos de ofensa capital, la defensa criminal tiene la tarea de mitigar la imposici\u00f3n de la pena de muerte. La defensa puede usar varios factores diferentes en estos casos, y cada uno sera unico a los hechos del caso especifico. El uso de factores atenuantes no es una ciencia exacta, y no hay un resultado garantizado. Sin embargo, si la defensa puede utilizar con \u00e9xito uno o m\u00e1s de estos factores, puede ser posible evitar la pena de muerte.<\/p>\n<p>Algunos de los factores atenuantes m\u00e1s comunes utilizados en casos de delitos capitales incluyen la edad del acusado, la falta de antecedentes criminales, la existencia de enfermedad mental o discapacidad intelectual, y la presencia de coacci\u00f3n o coerci\u00f3n extrema.<\/p>\n<p>Cada uno de estos factores puede ser vital para determinar si se impone la pena de muerte, y la defensa tendr\u00e1 que evaluar cuidadosamente los hechos del caso.<\/p>\n<h2><b>Resumen<\/b><\/h2>\n<p>Una ofensa capital es un crimen serio que es castigable con la muerte. Si usted ha sido acusado de una ofensa capital, es crucial entender la ley aplicable y las defensas que pueden estar disponibles para usted.<\/p>\n<p>En algunas circunstancias, la posibilidad de una sentencia de muerte afecta a todos los procedimientos. En los casos de pena capital se requiere una pronta gesti\u00f3n, administraci\u00f3n y orientaci\u00f3n judicial. Tambi\u00e9n exigen una amplia planificaci\u00f3n previa al juicio, ya que pueden dar lugar a la condena m\u00e1s severa de la justicia criminal: la pena de muerte. La fiscal\u00eda y la defensa deben dedicar mucho tiempo, esfuerzo y recursos a este largo proceso.<\/p>\n<p>Usted debe reunirse, conferenciar y consultar con un abogado de defensa criminal tan pronto como sea posible. Un abogado de defensa criminal puede ayudarle a evitar cometer errores u omitir plazos cr\u00edticos que podr\u00edan resultar fatales en su caso y perjudicar sus posibilidades de ser absuelto.<\/p>\n<p><a href=\"https:\/\/www.theirvinglawfirm.com\/es\/derecho-de-familia\/derecho-criminal\/abogado-defensa-criminal-en-virginia-por-consecuencias-criminales\/\">M\u00e1s Sobre Defensa Criminal<\/a><\/p>\n","protected":false},"excerpt":{"rendered":"<p>La defensa criminal por un delito capital es severa y  [&#8230;]<\/p>\n","protected":false},"author":3,"featured_media":0,"parent":8435,"menu_order":0,"comment_status":"closed","ping_status":"closed","template":"","meta":{"_analytify_skip_tracking":false,"rank_math_title":"Aprenda Sobre Defensa Criminal Para Caso De Delito Capital | The Irving Law Firm","rank_math_description":"La pena capital significa que una persona culpable de un delito ser\u00e1 condenada a muerte. Conozca los factores vitales para el delito capital en este art\u00edculo.","rank_math_focus_keyword":"delito capital","rank_math_canonical_url":"","footnotes":""},"class_list":["post-12687","page","type-page","status-publish","hentry"],"acf":[],"_links":{"self":[{"href":"https:\/\/www.theirvinglawfirm.com\/es\/wp-json\/wp\/v2\/pages\/12687","targetHints":{"allow":["GET"]}}],"collection":[{"href":"https:\/\/www.theirvinglawfirm.com\/es\/wp-json\/wp\/v2\/pages"}],"about":[{"href":"https:\/\/www.theirvinglawfirm.com\/es\/wp-json\/wp\/v2\/types\/page"}],"author":[{"embeddable":true,"href":"https:\/\/www.theirvinglawfirm.com\/es\/wp-json\/wp\/v2\/users\/3"}],"replies":[{"embeddable":true,"href":"https:\/\/www.theirvinglawfirm.com\/es\/wp-json\/wp\/v2\/comments?post=12687"}],"version-history":[{"count":0,"href":"https:\/\/www.theirvinglawfirm.com\/es\/wp-json\/wp\/v2\/pages\/12687\/revisions"}],"up":[{"embeddable":true,"href":"https:\/\/www.theirvinglawfirm.com\/es\/wp-json\/wp\/v2\/pages\/8435"}],"wp:attachment":[{"href":"https:\/\/www.theirvinglawfirm.com\/es\/wp-json\/wp\/v2\/media?parent=12687"}],"curies":[{"name":"wp","href":"https:\/\/api.w.org\/{rel}","templated":true}]}}