{"id":12673,"date":"2023-08-15T02:13:56","date_gmt":"2023-08-15T02:13:56","guid":{"rendered":"https:\/\/www.theirvinglawfirm.com\/?page_id=12673"},"modified":"2024-03-05T23:13:41","modified_gmt":"2024-03-05T23:13:41","slug":"criterios-para-juzgar-a-menores-de-edad","status":"publish","type":"page","link":"https:\/\/www.theirvinglawfirm.com\/es\/areas-de-practica\/derecho-criminal\/criterios-para-juzgar-a-menores-de-edad\/","title":{"rendered":"Defensa Criminal: La Edad De Juicio De Menores Y Adultos En Virginia"},"content":{"rendered":"<p>La defensa criminal se ocupa principalmente de la recopilaci\u00f3n y evaluaci\u00f3n de pruebas antes y durante el juicio de menores. Implica la presentaci\u00f3n formalizada de esas pruebas y el contrainterrogatorio de la polic\u00eda, las v\u00edctimas, los testigos y los testigos.<\/p>\n<p>\u00bfQu\u00e9 determina que un menor vaya a juicio como adulto? Las leyes de la mayor\u00eda de los estados son claras: la edad del delincuente, el delito cometido y si el menor ten\u00eda al menos 14 a\u00f1os. El tribunal en cada caso puede enviar un caso a un tribunal de adultos o permitir que un caso permanezca en el sistema de menores.<\/p>\n<p>Como se puede ver, la contrataci\u00f3n de un <a href=\"https:\/\/www.theirvinglawfirm.com\/es\/derecho-de-familia\/derecho-criminal\/\">abogado de defensa criminal<\/a> en The Irving Law Firm en las primeras etapas del proceso judicial es de suma importancia cuando se trata del juicio de adultos de los menores. Hacerlo le da a usted y a su asesor legal la mejor oportunidad posible de establecer una estrategia de defensa adecuada a medida que su caso progresa.<\/p>\n<p><img decoding=\"async\" class=\"aligncenter size-full wp-image-12667\" src=\"https:\/\/www.theirvinglawfirm.com\/wp-content\/uploads\/2023\/08\/navigating-virginias-juvenile-adult-trial-age-in-criminal-defense.jpg\" alt=\"Virginia's Juvenile-adult Trial Age: Insights For Criminal Defense\" width=\"100%\" height=\"801\" srcset=\"https:\/\/www.theirvinglawfirm.com\/wp-content\/uploads\/2023\/08\/navigating-virginias-juvenile-adult-trial-age-in-criminal-defense-200x134.jpg 200w, https:\/\/www.theirvinglawfirm.com\/wp-content\/uploads\/2023\/08\/navigating-virginias-juvenile-adult-trial-age-in-criminal-defense-300x200.jpg 300w, https:\/\/www.theirvinglawfirm.com\/wp-content\/uploads\/2023\/08\/navigating-virginias-juvenile-adult-trial-age-in-criminal-defense-400x267.jpg 400w, https:\/\/www.theirvinglawfirm.com\/wp-content\/uploads\/2023\/08\/navigating-virginias-juvenile-adult-trial-age-in-criminal-defense-600x401.jpg 600w, https:\/\/www.theirvinglawfirm.com\/wp-content\/uploads\/2023\/08\/navigating-virginias-juvenile-adult-trial-age-in-criminal-defense-768x513.jpg 768w, https:\/\/www.theirvinglawfirm.com\/wp-content\/uploads\/2023\/08\/navigating-virginias-juvenile-adult-trial-age-in-criminal-defense-800x534.jpg 800w, https:\/\/www.theirvinglawfirm.com\/wp-content\/uploads\/2023\/08\/navigating-virginias-juvenile-adult-trial-age-in-criminal-defense-1024x684.jpg 1024w, https:\/\/www.theirvinglawfirm.com\/wp-content\/uploads\/2023\/08\/navigating-virginias-juvenile-adult-trial-age-in-criminal-defense.jpg 1200w\" sizes=\"(max-width: 1200px) 100vw, 1200px\" \/><\/p>\n<h2>Delitos Juveniles Comunes<\/h2>\n<p>Los delitos juveniles son razonablemente comunes si un ni\u00f1o participa en hurto, robo, vandalismo o agresi\u00f3n. Los padres encontrar\u00e1n que lidiar con cargos juveniles es lo suficientemente dif\u00edcil sin evitar los pasos legales apropiados despu\u00e9s de que se haya presentado un cargo.<\/p>\n<p>Dado que sus cerebros a\u00fan se est\u00e1n desarrollando y carecen de experiencia en la toma de decisiones responsables, los ni\u00f1os y adolescentes a menudo act\u00faan precipitadamente. Los actos ordinarios de delincuencia cometidos por adolescentes a menudo pueden atribuirse a la presi\u00f3n de los compa\u00f1eros, las normas sociales y la agitaci\u00f3n interior.<\/p>\n<h3>Da\u00f1os Intencionados A Una Propiedad<\/h3>\n<p>El da\u00f1o intencionado a una propiedad ajena es la esencia del vandalismo. Las formas t\u00edpicas de destrucci\u00f3n entre los delincuentes juveniles incluyen:<\/p>\n<ul>\n<li style=\"font-weight: 400;\" aria-level=\"1\">Etiquetas y pintadas.<\/li>\n<li style=\"font-weight: 400;\" aria-level=\"1\">Robo de autos con llave.<\/li>\n<li style=\"font-weight: 400;\" aria-level=\"1\">Corte de neum\u00e1ticos.<\/li>\n<li style=\"font-weight: 400;\" aria-level=\"1\">Usar un martillo para romper ventanas.<\/li>\n<li style=\"font-weight: 400;\" aria-level=\"1\">Entrega del servicio postal.<\/li>\n<li style=\"font-weight: 400;\" aria-level=\"1\">Vandalismo contra la propiedad privada.<\/li>\n<\/ul>\n<h3>Robar<\/h3>\n<p>Cuando los menores roban, normalmente se considera \u00abhurto menor\u00bb, lo que significa que el valor de los bienes robados es de 500 d\u00f3lares o menos. Los delitos de robo de naturaleza m\u00e1s grave, como el hurto mayor de un veh\u00edculo, pueden ser juzgados en un tribunal de adultos o conllevar penas sustancialmente peores que un hurto menor.<\/p>\n<h3>Posesi\u00f3n Y Abuso De Sustancias Ilegales<\/h3>\n<p>Los delincuentes juveniles tambi\u00e9n consumen alcohol, drogas y parafernalia de drogas. La posesi\u00f3n y el uso de estas sustancias por menores de edad son ilegales y normalmente conducen a terapia de abuso de sustancias, rehabilitaci\u00f3n, penas o castigos adicionales.<\/p>\n<h3>Agresi\u00f3n<\/h3>\n<p><a href=\"https:\/\/dle.rae.es\/pugilato\" target=\"_blank\" rel=\"noopener\">Las peleas a golpes<\/a> son habituales entre los j\u00f3venes. Los agresores pueden ser acusados de agresi\u00f3n simple. Cualquier conducta que amenace o da\u00f1e a otra persona se considera \u00abagresi\u00f3n simple\u00bb en la mayor\u00eda de los estados. Las agresiones con agravantes se juzgan como adultos.<\/p>\n<h3>Abusos Sexuales<\/h3>\n<p>Algunos menores cometen delitos sexuales. Lamentablemente, los delincuentes juveniles cometen otros delitos sexuales contra menores adem\u00e1s de abuso y agresi\u00f3n sexual porque carecen de juicio adulto.<\/p>\n<p>Los cargos por delitos juveniles pueden ser aterradores para el delincuente y su familia. Usted necesitar\u00e1 ayuda de un abogado de defensa criminal para navegar por el sistema de justicia juvenil si se le acusa de un delito juvenil.<\/p>\n<p>Los menores pueden recurrir a tribunales y fiscales adultos. Un juez puede juzgar a los delincuentes juveniles en un tribunal de menores aunque la ley estatal los clasifique como adultos. Incluso sin cargos de adultos, los menores pueden ser juzgados en un tribunal de adultos. En consonancia con esto, es importante conocer los criterios para el enjuiciamiento de menores por adultos.<\/p>\n<h3>Criterios Para Juzgar A Menores Adultos<\/h3>\n<p><img decoding=\"async\" class=\"size-full wp-image-12669 alignright\" src=\"https:\/\/www.theirvinglawfirm.com\/wp-content\/uploads\/2023\/08\/advocating-for-juveniles-strategies-in-criminal-defense.jpg\" alt=\"Defending Juveniles: Navigating Criminal Legal Matters\" width=\"300\" height=\"200\" srcset=\"https:\/\/www.theirvinglawfirm.com\/wp-content\/uploads\/2023\/08\/advocating-for-juveniles-strategies-in-criminal-defense-200x133.jpg 200w, https:\/\/www.theirvinglawfirm.com\/wp-content\/uploads\/2023\/08\/advocating-for-juveniles-strategies-in-criminal-defense.jpg 300w\" sizes=\"(max-width: 300px) 100vw, 300px\" \/><\/p>\n<p>Al alcanzar la mayor\u00eda de edad, un menor, de 18 a\u00f1os en la mayor\u00eda de los estados, pero de 14 en Virginia, ser\u00e1 juzgado como adulto. En consecuencia, la edad de un menor es el principal factor determinante para que sea juzgado como adulto, salvo que exista legislaci\u00f3n estatal que disponga lo contrario. Es importante recordar que cada estado tiene su mayor\u00eda de edad legal.<\/p>\n<p>Los menores juzgados como adultos en virtud de la legislaci\u00f3n estatal pueden enfrentarse a diversos problemas, como posibles condenas elevadas si se les acusa del delito. Sin embargo, aunque la ley de menores no tiene poder para eximir al delincuente de su responsabilidad, la ley de menores juzgados como adultos se est\u00e1 haciendo muy conocida, especialmente desde que muchos adolescentes est\u00e1n siendo detenidos en relaci\u00f3n con delitos violentos.<\/p>\n<p>El impacto tambi\u00e9n conlleva implicaciones sociales para el menor, que puede no estar dispuesto a aceptar estas consecuencias pero quiere recuperar la libertad y seguir adelante con su vida.<\/p>\n<h2>Defensa Criminal De Menores<\/h2>\n<p>La comprensi\u00f3n de las diferencias fundamentales entre los procedimientos judiciales de menores y adultos es vital en el derecho criminal de menores. Los abogados que se centran en casos de defensa criminal juvenil estar\u00e1n bien versados en los numerosos derechos y salvaguardias otorgados a los acusados penales juveniles y las penas potenciales que pueden enfrentar si son declarados culpables.<\/p>\n<p>A veces, un acusado penal juvenil tiene una mejor oportunidad de recibir un juicio justo y un castigo apropiado si su abogado conoce la ley penal juvenil y los procedimientos judiciales.<\/p>\n<h2>Resumen<\/h2>\n<p>En el mundo jur\u00eddico se debate actualmente si los menores deben o no ser juzgados como adultos. Se trata de una cuesti\u00f3n compleja con muchas facetas y ninguna respuesta f\u00e1cil.<\/p>\n<p>Varios factores lo determinan: en primer lugar, la gravedad del delito. Los menores violentos tienen m\u00e1s probabilidades de ser juzgados como adultos. En segundo lugar, la edad del menor. Los menores de 18 a\u00f1os tienen m\u00e1s probabilidades de ser juzgados como adultos. En tercer lugar, los antecedentes penales del menor.<\/p>\n<p>En conclusi\u00f3n, es vital buscar ayuda profesional para defenderse de cargos como adulto por un delito que cometi\u00f3 como menor. Las consecuencias de una condena pueden ser significativas, y un abogado criminalista con experiencia sabr\u00e1 c\u00f3mo defender mejor su caso. En <a href=\"https:\/\/www.theirvinglawfirm.com\/es\">The Irving Law Firm<\/a>, tienen una amplia experiencia en la defensa contra este tipo de cargos, y pueden ayudarle a entender sus derechos.<\/p>\n<p><a href=\"https:\/\/www.theirvinglawfirm.com\/es\/derecho-de-familia\/derecho-criminal\/abogado-defensa-criminal-en-virginia-por-consecuencias-criminales\/\">Algo Que Podria Despertar Su Interes: Defensa Criminal Por Delito Capital<\/a><\/p>\n","protected":false},"excerpt":{"rendered":"<p>La defensa criminal se ocupa principalmente de la recopilaci\u00f3n y  [&#8230;]<\/p>\n","protected":false},"author":3,"featured_media":0,"parent":8435,"menu_order":0,"comment_status":"closed","ping_status":"closed","template":"","meta":{"_analytify_skip_tracking":false,"rank_math_title":"Defensa Criminal: Criterios Para Juzgar A Menores Adultos | The Irving Law Firm","rank_math_description":"Siga leyendo para comprender la edad de juicio del derecho criminal y de menores, los derechos legales y las defensas criminales.","rank_math_focus_keyword":"criminal","rank_math_canonical_url":"","footnotes":""},"class_list":["post-12673","page","type-page","status-publish","hentry"],"acf":[],"_links":{"self":[{"href":"https:\/\/www.theirvinglawfirm.com\/es\/wp-json\/wp\/v2\/pages\/12673","targetHints":{"allow":["GET"]}}],"collection":[{"href":"https:\/\/www.theirvinglawfirm.com\/es\/wp-json\/wp\/v2\/pages"}],"about":[{"href":"https:\/\/www.theirvinglawfirm.com\/es\/wp-json\/wp\/v2\/types\/page"}],"author":[{"embeddable":true,"href":"https:\/\/www.theirvinglawfirm.com\/es\/wp-json\/wp\/v2\/users\/3"}],"replies":[{"embeddable":true,"href":"https:\/\/www.theirvinglawfirm.com\/es\/wp-json\/wp\/v2\/comments?post=12673"}],"version-history":[{"count":0,"href":"https:\/\/www.theirvinglawfirm.com\/es\/wp-json\/wp\/v2\/pages\/12673\/revisions"}],"up":[{"embeddable":true,"href":"https:\/\/www.theirvinglawfirm.com\/es\/wp-json\/wp\/v2\/pages\/8435"}],"wp:attachment":[{"href":"https:\/\/www.theirvinglawfirm.com\/es\/wp-json\/wp\/v2\/media?parent=12673"}],"curies":[{"name":"wp","href":"https:\/\/api.w.org\/{rel}","templated":true}]}}