{"id":12530,"date":"2023-08-11T23:17:44","date_gmt":"2023-08-11T23:17:44","guid":{"rendered":"https:\/\/www.theirvinglawfirm.com\/?page_id=12530"},"modified":"2024-03-05T22:36:34","modified_gmt":"2024-03-05T22:36:34","slug":"abogado-defensa-criminal-en-virginia-por-consecuencias-criminales","status":"publish","type":"page","link":"https:\/\/www.theirvinglawfirm.com\/es\/areas-de-practica\/derecho-criminal\/abogado-defensa-criminal-en-virginia-por-consecuencias-criminales\/","title":{"rendered":"Abogado De Defensa Criminal En Virginia Para Las Consecuencias Del Crimen"},"content":{"rendered":"<p>Manejar su caso criminal puede ser muy intimidante. Necesita conocer las consecuencias del delito del que se le acusa para poder preparar su defensa desde el principio con la ayuda de un abogado penalista.<\/p>\n<p>Las posibles consecuencias por cometer un delito son tiempo en la c\u00e1rcel, multas y libertad condicional &#8211; o alguna variaci\u00f3n. Sin embargo, hay otras consecuencias legales por cometer un delito. No se le proh\u00edbe hacer muchas cosas con una sentencia que s\u00f3lo implique tiempo en la c\u00e1rcel y multas.<\/p>\n<p>Puede seguir trabajando en determinadas profesiones, asistir a la escuela y tener determinados empleos y casas. Pero si el juez ordena que te pongan en libertad condicional por cualquier delito, lo har\u00e1s. Es mejor buscar ayuda de un abogado de defensa criminal para saber m\u00e1s sobre otras consecuencias al cometer un delito en Virginia.<\/p>\n<p><img decoding=\"async\" class=\"aligncenter wp-image-12534 size-full\" src=\"https:\/\/www.theirvinglawfirm.com\/wp-content\/uploads\/2023\/08\/consecuencias-de-crimenes-en-virginia-abogacia-con-un-abogado-de-defensa-criminal.jpg\" alt=\"Abogado Criminalista En Virginia: C\u00f3mo Abordar Las Consecuencias De Los Delitos\" width=\"100%\" height=\"801\" srcset=\"https:\/\/www.theirvinglawfirm.com\/wp-content\/uploads\/2023\/08\/consecuencias-de-crimenes-en-virginia-abogacia-con-un-abogado-de-defensa-criminal-200x134.jpg 200w, https:\/\/www.theirvinglawfirm.com\/wp-content\/uploads\/2023\/08\/consecuencias-de-crimenes-en-virginia-abogacia-con-un-abogado-de-defensa-criminal-300x200.jpg 300w, https:\/\/www.theirvinglawfirm.com\/wp-content\/uploads\/2023\/08\/consecuencias-de-crimenes-en-virginia-abogacia-con-un-abogado-de-defensa-criminal-400x267.jpg 400w, https:\/\/www.theirvinglawfirm.com\/wp-content\/uploads\/2023\/08\/consecuencias-de-crimenes-en-virginia-abogacia-con-un-abogado-de-defensa-criminal-600x401.jpg 600w, https:\/\/www.theirvinglawfirm.com\/wp-content\/uploads\/2023\/08\/consecuencias-de-crimenes-en-virginia-abogacia-con-un-abogado-de-defensa-criminal-768x513.jpg 768w, https:\/\/www.theirvinglawfirm.com\/wp-content\/uploads\/2023\/08\/consecuencias-de-crimenes-en-virginia-abogacia-con-un-abogado-de-defensa-criminal-800x534.jpg 800w, https:\/\/www.theirvinglawfirm.com\/wp-content\/uploads\/2023\/08\/consecuencias-de-crimenes-en-virginia-abogacia-con-un-abogado-de-defensa-criminal-1024x684.jpg 1024w, https:\/\/www.theirvinglawfirm.com\/wp-content\/uploads\/2023\/08\/consecuencias-de-crimenes-en-virginia-abogacia-con-un-abogado-de-defensa-criminal.jpg 1200w\" sizes=\"(max-width: 1200px) 100vw, 1200px\" \/><\/p>\n<h2>Casos Criminales Comunes En Virginia<\/h2>\n<p>En Virginia, puede encontrar una amplia gama de tipos de casos. Los m\u00e1s frecuentes son los cargos relacionados con el alcohol, como conducir bajo los efectos del alcohol, conducir en estado de embriaguez e intoxicaci\u00f3n p\u00fablica.<\/p>\n<p>Se han presentado varios casos de cargos relacionados con drogas. En el <a href=\"https:\/\/www.virginia.gov\/\" target=\"_blank\" rel=\"noopener\">Estado de Virginia<\/a>, en particular, muchas sustancias legales en otras partes del pa\u00eds se consideran, sin embargo, prohibidas all\u00ed.<\/p>\n<p>La gente consume diversas sustancias, algunas de las cuales son nocivas y otras son puramente recreativas. Sin embargo, la posesi\u00f3n de drogas es un hecho generalizado, muy probablemente porque la gente transporta habitualmente sustancias ilegales en sus veh\u00edculos, que pueden descubrir durante un registro en un control de tr\u00e1fico.<\/p>\n<p>La violencia dom\u00e9stica es un problema generalizado. En la Commonwealth de Virginia, los cargos por armas de fuego ocurren a menudo. No es dif\u00edcil hacerse con un arma de fuego, e incluso algunas personas que no deber\u00edan tenerlas las tienen. Tambi\u00e9n se incluyen los delitos de \u00abguante blanco\u00bb, como la malversaci\u00f3n de fondos o las acusaciones policiales de una empresa criminal m\u00e1s compleja.<\/p>\n<h3>Formas Comunes De Castigo<\/h3>\n<p>La p\u00e9rdida de libertades, o la suspensi\u00f3n o supresi\u00f3n de derechos individuales, es menos grave. Si infringes la ley, pierdes ciertos privilegios de la ciudadan\u00eda estadounidense.<\/p>\n<ul>\n<li style=\"font-weight: 400;\" aria-level=\"1\">La pena de c\u00e1rcel es una forma de castigo impuesta por el tribunal y normalmente implica un periodo de encarcelamiento.<\/li>\n<li style=\"font-weight: 400;\" aria-level=\"1\">La libertad condicional es una forma de castigo impuesta por el tribunal, pero normalmente implica un periodo de supervisi\u00f3n y exige que el delincuente cumpla determinadas condiciones.<\/li>\n<\/ul>\n<h3>Consecuencias De Un Delito En Virginia<\/h3>\n<p><img decoding=\"async\" class=\"wp-image-12536 size-full alignright\" src=\"https:\/\/www.theirvinglawfirm.com\/wp-content\/uploads\/2023\/08\/consecuencias-de-crimenes-en-virginia-adentrandose-en-las-ramificaciones-legales-y-sociales.jpg\" alt=\"Impacto De Los Cr\u00edmenes En Virginia: Desentra\u00f1ando Las Consecuencias Legales Y Sociales\" width=\"400\" height=\"225\" srcset=\"https:\/\/www.theirvinglawfirm.com\/wp-content\/uploads\/2023\/08\/consecuencias-de-crimenes-en-virginia-adentrandose-en-las-ramificaciones-legales-y-sociales-200x113.jpg 200w, https:\/\/www.theirvinglawfirm.com\/wp-content\/uploads\/2023\/08\/consecuencias-de-crimenes-en-virginia-adentrandose-en-las-ramificaciones-legales-y-sociales-300x169.jpg 300w, https:\/\/www.theirvinglawfirm.com\/wp-content\/uploads\/2023\/08\/consecuencias-de-crimenes-en-virginia-adentrandose-en-las-ramificaciones-legales-y-sociales.jpg 400w\" sizes=\"(max-width: 400px) 100vw, 400px\" \/><\/p>\n<p>En primer lugar, ten en cuenta las repercusiones legales de tus acciones. Si infringes la ley, el gobierno puede sancionarte con arreglo al sistema de la ley y el orden.<\/p>\n<p>Las \u00f3rdenes de libertad condicional, que estipulan que el delincuente debe actuar con responsabilidad y cumplir todas las instrucciones del tribunal, son el ejemplo m\u00e1s frecuente de ello. Las personas en libertad condicional pueden tener restricciones, como prohibiciones de consumo de alcohol, de viajar a otros estados, de apostar, de tener contacto con determinadas personas e incluso de conducir.<\/p>\n<p>La libertad condicional sigue a la pena de c\u00e1rcel o a la puesta en libertad anticipada. Desobedecer las normas de la libertad condicional casi garantiza el ingreso en prisi\u00f3n. La p\u00e9rdida de libertad -el alejamiento de la sociedad- es el otro tipo importante de castigo penal. Si cometes un delito importante, el Gobierno puede confiscar tu espacio en virtud de su constituci\u00f3n y de la mayor\u00eda de las constituciones modernas.<\/p>\n<p>La delincuencia tiene consecuencias econ\u00f3micas adem\u00e1s de jur\u00eddicas. Los gastos de abogado, las tasas judiciales, etc., son evidentes. El tribunal tambi\u00e9n puede ordenar la restituci\u00f3n o una pena. Las v\u00edctimas de delitos pueden reclamar da\u00f1os y perjuicios para recuperar p\u00e9rdidas econ\u00f3micas o psicol\u00f3gicas.<\/p>\n<p>Los tribunales pueden quitarte la casa, el coche y otras pertenencias si no puedes pagar un abogado criminalista. No obstante, existen otros efectos econ\u00f3micos. La mayor\u00eda de los estados niegan a los delincuentes cupones de alimentos, pr\u00e9stamos escolares y viviendas federales.<\/p>\n<h2>The Irving Law Firm<\/h2>\n<p>Cada cargo criminal conlleva el potencial de un cambio dram\u00e1tico en la vida de uno. Si es condenado por un delito grave, la sentencia es generalmente obligatoria, pero incluso un delito menor puede resultar en encarcelamiento.<\/p>\n<p>La condena por cargos penales puede resultar en graves repercusiones, incluyendo pero no limitado a sanciones financieras, la p\u00e9rdida de privilegios de conducir, y la suspensi\u00f3n o revocaci\u00f3n de la licencia. Los abogados de defensa criminal de <a href=\"https:\/\/www.theirvinglawfirm.com\/es\">The Irving Law Firm<\/a> pueden ayudarle si ha sido acusado de un delito en Virginia.<\/p>\n<h2>Resumen<\/h2>\n<p>Los delitos tienen efectos terribles. Las sanciones legales pueden incluir que el gobierno revoque sus derechos y privilegios. Las \u00f3rdenes de libertad condicional, que obligan al buen comportamiento, son un ejemplo. Los delitos graves suelen conllevar el encarcelamiento. La privaci\u00f3n del derecho al voto por delito grave tambi\u00e9n puede privar a los presos de su derecho al voto.<\/p>\n<p>Las condenas pueden acarrear importantes multas judiciales y da\u00f1os a las v\u00edctimas o restituci\u00f3n. Los ex delincuentes pueden no recibir financiaci\u00f3n gubernamental para vivienda o educaci\u00f3n. Los estigmas sociales contra los delincuentes pueden perdurar m\u00e1s tiempo. La delincuencia tiene muchas repercusiones.<\/p>\n<p>El delito, en \u00faltima instancia, no conduce a nada m\u00e1s que a la p\u00e9rdida. As\u00ed que, sin importar los cargos que enfrente, un <a href=\"https:\/\/www.theirvinglawfirm.com\/es\/derecho-de-familia\/derecho-criminal\/\">abogado de defensa criminal<\/a> en Virginia puede ayudarle a proteger sus derechos y luchar por un resultado favorable.<\/p>\n<p><a href=\"https:\/\/www.theirvinglawfirm.com\/family-law\/criminal-law\/what-makes-virginia-criminal-law-unique\/\">M\u00e1s Informaci\u00f3n Aqu\u00ed: Defensa Criminal<\/a><\/p>\n","protected":false},"excerpt":{"rendered":"<p>Manejar su caso criminal puede ser muy intimidante. Necesita conocer  [&#8230;]<\/p>\n","protected":false},"author":3,"featured_media":0,"parent":8435,"menu_order":0,"comment_status":"closed","ping_status":"closed","template":"","meta":{"_analytify_skip_tracking":false,"rank_math_title":"Defensa Criminal Para Las Consecuencias En Un Caso De Crimen | The Irving Law Firm","rank_math_description":"Vea c\u00f3mo un abogado de defensa criminal le ayuda a entender las posibles consecuencias de un delito, incluyendo el tiempo de c\u00e1rcel y otros tipos de castigo.","rank_math_focus_keyword":"criminal","rank_math_canonical_url":"","footnotes":""},"class_list":["post-12530","page","type-page","status-publish","hentry"],"acf":[],"_links":{"self":[{"href":"https:\/\/www.theirvinglawfirm.com\/es\/wp-json\/wp\/v2\/pages\/12530","targetHints":{"allow":["GET"]}}],"collection":[{"href":"https:\/\/www.theirvinglawfirm.com\/es\/wp-json\/wp\/v2\/pages"}],"about":[{"href":"https:\/\/www.theirvinglawfirm.com\/es\/wp-json\/wp\/v2\/types\/page"}],"author":[{"embeddable":true,"href":"https:\/\/www.theirvinglawfirm.com\/es\/wp-json\/wp\/v2\/users\/3"}],"replies":[{"embeddable":true,"href":"https:\/\/www.theirvinglawfirm.com\/es\/wp-json\/wp\/v2\/comments?post=12530"}],"version-history":[{"count":0,"href":"https:\/\/www.theirvinglawfirm.com\/es\/wp-json\/wp\/v2\/pages\/12530\/revisions"}],"up":[{"embeddable":true,"href":"https:\/\/www.theirvinglawfirm.com\/es\/wp-json\/wp\/v2\/pages\/8435"}],"wp:attachment":[{"href":"https:\/\/www.theirvinglawfirm.com\/es\/wp-json\/wp\/v2\/media?parent=12530"}],"curies":[{"name":"wp","href":"https:\/\/api.w.org\/{rel}","templated":true}]}}