{"id":12495,"date":"2023-08-11T23:13:58","date_gmt":"2023-08-11T23:13:58","guid":{"rendered":"https:\/\/www.theirvinglawfirm.com\/?page_id=12495"},"modified":"2024-03-05T23:07:29","modified_gmt":"2024-03-05T23:07:29","slug":"que-hace-unico-al-derecho-criminal-de-virginia","status":"publish","type":"page","link":"https:\/\/www.theirvinglawfirm.com\/es\/areas-de-practica\/derecho-criminal\/que-hace-unico-al-derecho-criminal-de-virginia\/","title":{"rendered":"Defensa Criminal: \u00bfQu\u00e9 Hace Que El Derecho Criminal De Virginia Sea \u00danico?"},"content":{"rendered":"<p>Suponga que se est\u00e1 metiendo en problemas con la ley en Virginia y est\u00e1 buscando un abogado de defensa criminal en Virginia; en ese caso, Virginia tiene un conjunto \u00fanico de leyes penales. Una cosa es conocer las normas de Virginia, pero otra es entender c\u00f3mo el fiscal o un jurado interpretar\u00e1 las leyes de Virginia.<\/p>\n<p>Un buen abogado de defensa criminal estar\u00e1 al tanto de los matices de la ley de Virginia y ser\u00e1 capaz de construir un argumento que cualquier jurado o fiscal potencial pueda aceptar o ignorar a su antojo. Los abogados de <a href=\"https:\/\/www.theirvinglawfirm.com\/es\">The Irving Law Firm<\/a> son abogados experimentados que han manejado casos en muchas jurisdicciones a trav\u00e9s de Am\u00e9rica. Pueden proporcionarle la orientaci\u00f3n profesional que necesita si se le acusa de un delito en Virginia.<\/p>\n<p><img decoding=\"async\" class=\"aligncenter wp-image-12505 size-full\" src=\"https:\/\/www.theirvinglawfirm.com\/wp-content\/uploads\/2023\/08\/desbloquear-el-paisaje-legal-de-virginias-unicidad-en-defensa-criminal.jpg\" alt=\"Aspectos distintivos del derecho penal de Virginia: Perspectivas Para La Defensa\" width=\"100%\" height=\"801\" srcset=\"https:\/\/www.theirvinglawfirm.com\/wp-content\/uploads\/2023\/08\/desbloquear-el-paisaje-legal-de-virginias-unicidad-en-defensa-criminal-200x134.jpg 200w, https:\/\/www.theirvinglawfirm.com\/wp-content\/uploads\/2023\/08\/desbloquear-el-paisaje-legal-de-virginias-unicidad-en-defensa-criminal-300x200.jpg 300w, https:\/\/www.theirvinglawfirm.com\/wp-content\/uploads\/2023\/08\/desbloquear-el-paisaje-legal-de-virginias-unicidad-en-defensa-criminal-400x267.jpg 400w, https:\/\/www.theirvinglawfirm.com\/wp-content\/uploads\/2023\/08\/desbloquear-el-paisaje-legal-de-virginias-unicidad-en-defensa-criminal-600x401.jpg 600w, https:\/\/www.theirvinglawfirm.com\/wp-content\/uploads\/2023\/08\/desbloquear-el-paisaje-legal-de-virginias-unicidad-en-defensa-criminal-768x513.jpg 768w, https:\/\/www.theirvinglawfirm.com\/wp-content\/uploads\/2023\/08\/desbloquear-el-paisaje-legal-de-virginias-unicidad-en-defensa-criminal-800x534.jpg 800w, https:\/\/www.theirvinglawfirm.com\/wp-content\/uploads\/2023\/08\/desbloquear-el-paisaje-legal-de-virginias-unicidad-en-defensa-criminal-1024x684.jpg 1024w, https:\/\/www.theirvinglawfirm.com\/wp-content\/uploads\/2023\/08\/desbloquear-el-paisaje-legal-de-virginias-unicidad-en-defensa-criminal.jpg 1200w\" sizes=\"(max-width: 1200px) 100vw, 1200px\" \/><\/p>\n<h2>Derecho Criminal De Virginia<\/h2>\n<p>En muchos sentidos, las asambleas legislativas de los estados tienen un margen de maniobra considerable para crear <a href=\"https:\/\/es.wikipedia.org\/wiki\/Legislaci%C3%B3n\" target=\"_blank\" rel=\"noopener\">legislaci\u00f3n<\/a>, sujeto a ciertos controles y equilibrios establecidos por la Constituci\u00f3n. Estatutos que son exclusivos de cada estado. Aunque la legislaci\u00f3n federal es mucho m\u00e1s coherente, los tribunales federales adoptan con frecuencia normas locales. Esto significa que Virginia, como cualquier otro estado, tiene su car\u00e1cter propio.<\/p>\n<p>El C\u00f3digo de Virginia se actualiza peri\u00f3dicamente. Sin embargo, debido a que el C\u00f3digo de Virginia se actualiza peri\u00f3dicamente, debe consultar a un abogado criminalista de Virginia con experiencia para asegurarse de que utiliza la versi\u00f3n m\u00e1s actualizada.<\/p>\n<h3>El Sistema Judicial De Virginia<\/h3>\n<p><span style=\"font-weight: 400;\"><img decoding=\"async\" class=\"alignright wp-image-12508 size-full\" src=\"https:\/\/www.theirvinglawfirm.com\/wp-content\/uploads\/2023\/08\/descifrar-el-sistema-jurisdiccional-penal-de-virginias-percepciones-y-implicaciones.jpg\" alt=\"Derecho Penal de Virginia: Navegando Por Los Fundamentos Legales Y Sus Aplicaciones\" width=\"300\" height=\"200\" srcset=\"https:\/\/www.theirvinglawfirm.com\/wp-content\/uploads\/2023\/08\/descifrar-el-sistema-jurisdiccional-penal-de-virginias-percepciones-y-implicaciones-200x133.jpg 200w, https:\/\/www.theirvinglawfirm.com\/wp-content\/uploads\/2023\/08\/descifrar-el-sistema-jurisdiccional-penal-de-virginias-percepciones-y-implicaciones.jpg 300w\" sizes=\"(max-width: 300px) 100vw, 300px\" \/><\/span><\/p>\n<p>El sistema judicial de dos niveles de Virginia es la caracter\u00edstica m\u00e1s distintiva del estado. Tanto el Tribunal General de Distrito como el Tribunal de Circuito act\u00faan como tribunales de primera instancia.<\/p>\n<p>La audiencia inicial por un delito menor tendr\u00e1 lugar en el Tribunal General de Distrito. Cuando un tribunal es \u00abno oficial\u00bb, no hay taqu\u00edgrafo presente. Los juicios en el Tribunal General de Distrito tampoco son o\u00eddos por un jurado. Las personas tienen derecho a una apelaci\u00f3n \u00abde novo\u00bb ante el Tribunal de Circuito si no est\u00e1n satisfechas con el resultado de su juicio por delito menor o declaraci\u00f3n de culpabilidad en el Tribunal de Distrito General.<\/p>\n<p>Dado que \u00abde novo\u00bb significa \u00abdesde cero\u00bb, la decisi\u00f3n y las conclusiones del Tribunal de Distrito General son nulas y se tratan como si nunca hubieran ocurrido. Una de las partes implicadas en un caso del Tribunal de Circuito -el acusado, el tribunal o la fiscal\u00eda- puede solicitar un juicio con jurado. La Commonwealth de Virginia puede realmente reclamar esto como una primicia.<\/p>\n<p>El otro rasgo distintivo del Tribunal de Distrito General es que conoce de causas penales. No se juzgan delitos graves en el GDC, y el tribunal no puede aceptar declaraciones de culpabilidad por delitos graves. En caso de acusaci\u00f3n de delito grave, tanto si se llega a un acuerdo como si se celebra un juicio, el procedimiento debe tener lugar en el Tribunal de Circuito.<\/p>\n<p>Como estado con una larga historia, el derecho criminal de Virginia ha evolucionado, caso por caso, a lo largo de tres siglos.<\/p>\n<p>Los tribunales locales de Virginia tambi\u00e9n han desarrollado normas \u00fanicas para las pruebas admisibles. Muchas de las normas probatorias de Virginia siguen estando definidas por resoluciones judiciales anteriores sobre situaciones id\u00e9nticas, a pesar de los recientes intentos de los legisladores de codificar las normas en un \u00fanico documento.<\/p>\n<h2>El Juicio En Virginia<\/h2>\n<p>El sistema de \u00abjuicio bifurcado\u00bb es otra caracter\u00edstica distintiva de la legislaci\u00f3n de Virginia. Significa que Virginia es uno de los dos \u00fanicos estados que divide un juicio en las fases de culpabilidad y de sentencia.<\/p>\n<p>Al jurado que delibera sobre la culpabilidad o inocencia del acusado no se le permite escuchar pruebas de los antecedentes penales del acusado (excepto en el caso de determinados delitos que requieren la demostraci\u00f3n de condenas anteriores). Si el delincuente es declarado culpable, el tribunal programar\u00e1 una nueva audiencia de sentencia, despu\u00e9s de la cual el jurado deliberar\u00e1 de nuevo y har\u00e1 una recomendaci\u00f3n.<\/p>\n<p>En esta segunda vista, el delincuente puede presentar pruebas atenuantes o pruebas de condenas anteriores. El juez no est\u00e1 obligado a seguir la recomendaci\u00f3n de sentencia del jurado, pero no puede ir m\u00e1s all\u00e1 en la severidad. La Commonwealth de Virginia puede reclamar esto como una primera vez.<\/p>\n<p>Usted debe consultar con un abogado de defensa criminal de Virginia si alguna vez se encuentra en una situacion similar, ya que debe obtener asesoramiento legal lo mas rapido posible. La falta de conocimiento con respecto a la ley pertinente en esta area podria costarle caro, ya sea tiempo en la carcel o la confiscacion de su propiedad.<\/p>\n<h2>Resumen<\/h2>\n<p>El sistema penal de Virginia es \u00fanico en varios aspectos. En primer lugar, la Constituci\u00f3n de Virginia otorga al poder legislativo del estado la facultad de aprobar leyes penales. Esto significa que las leyes penales de Virginia difieren de las leyes de otros estados.<\/p>\n<p>Virginia tiene varios tipos diferentes de tribunales que conocen de causas penales, entre ellos el Tribunal General de Distrito, el Tribunal de Circuito y el Tribunal de Apelaciones.<\/p>\n<p>El estado tiene su propio conjunto de normas y procedimientos que los fiscales y los abogados defensores deben seguir. En caso de una acusaci\u00f3n criminal en Virginia, es esencial buscar la ayuda de un <a href=\"https:\/\/www.theirvinglawfirm.com\/es\/derecho-de-familia\/derecho-criminal\/\">abogado de defensa criminal calificado<\/a> en The Irving Law Firm que entienda las leyes del estado.<\/p>\n<p><a href=\"https:\/\/www.theirvinglawfirm.com\/es\/derecho-de-familia\/derecho-criminal\/abogado-criminalista-para-una-audiencia-preliminar\/\">Para Su Interes: Abogado Criminalista En Virginia Para Consecuencias Del Crimen<\/a><\/p>\n","protected":false},"excerpt":{"rendered":"<p>Suponga que se est\u00e1 metiendo en problemas con la ley  [&#8230;]<\/p>\n","protected":false},"author":3,"featured_media":0,"parent":8435,"menu_order":0,"comment_status":"closed","ping_status":"closed","template":"","meta":{"_analytify_skip_tracking":false,"rank_math_title":"Gu\u00eda Completa De Defensa Criminal En Virginia | The Irving Law Firm","rank_math_description":"La defensa criminal y las leyes de Virginia difieren en ciertos aspectos del sistema federal y de las leyes de otros estados. Obtenga m\u00e1s informaci\u00f3n aqu\u00ed.","rank_math_focus_keyword":"criminal","rank_math_canonical_url":"","footnotes":""},"class_list":["post-12495","page","type-page","status-publish","hentry"],"acf":[],"_links":{"self":[{"href":"https:\/\/www.theirvinglawfirm.com\/es\/wp-json\/wp\/v2\/pages\/12495","targetHints":{"allow":["GET"]}}],"collection":[{"href":"https:\/\/www.theirvinglawfirm.com\/es\/wp-json\/wp\/v2\/pages"}],"about":[{"href":"https:\/\/www.theirvinglawfirm.com\/es\/wp-json\/wp\/v2\/types\/page"}],"author":[{"embeddable":true,"href":"https:\/\/www.theirvinglawfirm.com\/es\/wp-json\/wp\/v2\/users\/3"}],"replies":[{"embeddable":true,"href":"https:\/\/www.theirvinglawfirm.com\/es\/wp-json\/wp\/v2\/comments?post=12495"}],"version-history":[{"count":0,"href":"https:\/\/www.theirvinglawfirm.com\/es\/wp-json\/wp\/v2\/pages\/12495\/revisions"}],"up":[{"embeddable":true,"href":"https:\/\/www.theirvinglawfirm.com\/es\/wp-json\/wp\/v2\/pages\/8435"}],"wp:attachment":[{"href":"https:\/\/www.theirvinglawfirm.com\/es\/wp-json\/wp\/v2\/media?parent=12495"}],"curies":[{"name":"wp","href":"https:\/\/api.w.org\/{rel}","templated":true}]}}