{"id":12428,"date":"2023-08-11T23:02:23","date_gmt":"2023-08-11T23:02:23","guid":{"rendered":"https:\/\/www.theirvinglawfirm.com\/?page_id=12428"},"modified":"2024-03-05T23:10:49","modified_gmt":"2024-03-05T23:10:49","slug":"duracion-de-la-orden-de-proteccion-de-va","status":"publish","type":"page","link":"https:\/\/www.theirvinglawfirm.com\/es\/areas-de-practica\/derecho-criminal\/duracion-de-la-orden-de-proteccion-de-va\/","title":{"rendered":"Defensa Criminal: Duraci\u00f3n De La Orden De Protecci\u00f3n De Virginia"},"content":{"rendered":"<p>En EE.UU, defensa criminal es un t\u00e9rmino que se refiere al proceso legal y al conjunto de normas dise\u00f1adas para proteger a las personas de ser condenadas por actos que no cometieron. La defensa criminal suele referirse a la defensa de una persona sospechosa o acusada de un delito. Por el contrario, las \u00f3rdenes de protecci\u00f3n se refieren a \u00f3rdenes judiciales para proteger a personas vulnerables, incluidos ni\u00f1os y ancianos.<\/p>\n<p>La ley de Virginia establece los estatutos de las \u00f3rdenes de protecci\u00f3n. La mayor\u00eda de las \u00f3rdenes de protecci\u00f3n terminan despu\u00e9s de que se agote su tiempo asignado. Por lo tanto, si ha sido acusado de un delito, p\u00f3ngase en contacto con un <a href=\"https:\/\/www.theirvinglawfirm.com\/es\/derecho-criminal\/\">abogado criminalista experimentado<\/a> de The Irving Law Firm que ejerza en los tribunales de Virginia y tenga experiencia y dedicaci\u00f3n para ayudarle a obtener el mejor resultado posible en su caso.<\/p>\n<p><img decoding=\"async\" class=\"aligncenter wp-image-12431 size-full\" src=\"https:\/\/www.theirvinglawfirm.com\/wp-content\/uploads\/2023\/08\/virginia-defensa-criminal-desvelando-la-duracion-de-las-ordenes-de-proteccion.jpg\" alt=\"\u00d3rdenes De Protecci\u00f3n En Virginia: Explorando La Duraci\u00f3n En Defensa Penal\" width=\"100%\" height=\"800\" srcset=\"https:\/\/www.theirvinglawfirm.com\/wp-content\/uploads\/2023\/08\/virginia-defensa-criminal-desvelando-la-duracion-de-las-ordenes-de-proteccion-200x133.jpg 200w, https:\/\/www.theirvinglawfirm.com\/wp-content\/uploads\/2023\/08\/virginia-defensa-criminal-desvelando-la-duracion-de-las-ordenes-de-proteccion-300x200.jpg 300w, https:\/\/www.theirvinglawfirm.com\/wp-content\/uploads\/2023\/08\/virginia-defensa-criminal-desvelando-la-duracion-de-las-ordenes-de-proteccion-400x267.jpg 400w, https:\/\/www.theirvinglawfirm.com\/wp-content\/uploads\/2023\/08\/virginia-defensa-criminal-desvelando-la-duracion-de-las-ordenes-de-proteccion-600x400.jpg 600w, https:\/\/www.theirvinglawfirm.com\/wp-content\/uploads\/2023\/08\/virginia-defensa-criminal-desvelando-la-duracion-de-las-ordenes-de-proteccion-768x512.jpg 768w, https:\/\/www.theirvinglawfirm.com\/wp-content\/uploads\/2023\/08\/virginia-defensa-criminal-desvelando-la-duracion-de-las-ordenes-de-proteccion-800x533.jpg 800w, https:\/\/www.theirvinglawfirm.com\/wp-content\/uploads\/2023\/08\/virginia-defensa-criminal-desvelando-la-duracion-de-las-ordenes-de-proteccion-1024x683.jpg 1024w, https:\/\/www.theirvinglawfirm.com\/wp-content\/uploads\/2023\/08\/virginia-defensa-criminal-desvelando-la-duracion-de-las-ordenes-de-proteccion.jpg 1200w\" sizes=\"(max-width: 1200px) 100vw, 1200px\" \/><\/p>\n<h2>Entender Las \u00d3rdenes De Protecci\u00f3n<\/h2>\n<p>Un juez o magistrado emite \u00f3rdenes de protecci\u00f3n para garantizar la seguridad de las v\u00edctimas. Las \u00f3rdenes de protecci\u00f3n pueden emitirse en Virginia cuando alguien ha sido herido por violencia, fuerza o amenaza o cuando teme razonablemente la muerte, una agresi\u00f3n sexual o un da\u00f1o.<\/p>\n<p>Puede exigir al presunto agresor que est\u00e9 al corriente de sus obligaciones financieras, como el pago de la hipoteca o del coche y las facturas de los servicios p\u00fablicos, para salvaguardar a los dem\u00e1s miembros del hogar. La orden de protecci\u00f3n puede extenderse al hogar seg\u00fan la ley de Virginia, concedi\u00e9ndole a usted y a su familia acceso sin restricciones a la propiedad.<\/p>\n<p>Ejemplos de situaciones en las que podr\u00eda emitirse una orden de protecci\u00f3n son:<\/p>\n<ul>\n<li style=\"font-weight: 400;\" aria-level=\"1\">Abuso dentro de la familia.<\/li>\n<li style=\"font-weight: 400;\" aria-level=\"1\">Agresi\u00f3n y asalto durante el acecho.<\/li>\n<li style=\"font-weight: 400;\" aria-level=\"1\">Acoso, Amenazas de Muerte y Otros Delitos Sexuales.<\/li>\n<\/ul>\n<p>Las \u00f3rdenes de protecci\u00f3n pueden salvar su vida y la de sus seres queridos si alguna vez se encuentra en peligro.<\/p>\n<h3>Tipos De \u00d3rdenes De Protecci\u00f3n En Virginia<\/h3>\n<p>Si su vida se ve afectada negativamente por el <a href=\"https:\/\/definicion.de\/maltrato\/\" target=\"_blank\" rel=\"noopener\">maltrato<\/a>, la confianza u otro comportamiento perturbador de alguien, puede solicitar al juez una orden de protecci\u00f3n. Hay varios tipos de \u00f3rdenes de protecci\u00f3n que puede solicitar.<\/p>\n<h4>Emergencia<\/h4>\n<p>Las v\u00edctimas de abusos, agresiones, fuerza o amenazas graves pueden solicitar al tribunal \u00f3rdenes de protecci\u00f3n de emergencia. Estas \u00f3rdenes est\u00e1n en vigor hasta la siguiente sesi\u00f3n del tribunal o 72 horas.<\/p>\n<p>Las \u00f3rdenes de protecci\u00f3n de emergencia pueden emitirse cuando la v\u00edctima y su hogar est\u00e1n en peligro debido a una orden de detenci\u00f3n o arresto. Si el demandado ataca o amenaza a la v\u00edctima, se enfrenta a graves consecuencias. Con la emisi\u00f3n de una orden de protecci\u00f3n, se conceden las siguientes facultades:<\/p>\n<ul>\n<li style=\"font-weight: 400;\" aria-level=\"1\">El demandado no puede ponerse en contacto con la v\u00edctima ni con sus familiares.<\/li>\n<li style=\"font-weight: 400;\" aria-level=\"1\">Se proh\u00edben la violencia, la fuerza, la amenaza o los delitos que perjudiquen a la v\u00edctima o a sus bienes.<\/li>\n<li style=\"font-weight: 400;\" aria-level=\"1\">El demandado debe devolver un animal de compa\u00f1\u00eda propiedad de la v\u00edctima.<\/li>\n<li style=\"font-weight: 400;\" aria-level=\"1\">Las v\u00edctimas de malos tratos familiares y sus familiares reciben la custodia temporal de la residencia.<\/li>\n<\/ul>\n<h4>Preliminar<\/h4>\n<p><span style=\"font-weight: 400;\"><img decoding=\"async\" class=\"wp-image-12433 size-full alignright\" src=\"https:\/\/www.theirvinglawfirm.com\/wp-content\/uploads\/2023\/08\/descifrando-ordenes-de-proteccion-empoderamiento-seguridad-y-entendimiento-legal.jpg\" alt=\"Explorando Las \u00d3rdenes De Protecci\u00f3n: Adquiriendo Conocimiento Y Conciencia\" width=\"300\" height=\"186\" srcset=\"https:\/\/www.theirvinglawfirm.com\/wp-content\/uploads\/2023\/08\/descifrando-ordenes-de-proteccion-empoderamiento-seguridad-y-entendimiento-legal-200x124.jpg 200w, https:\/\/www.theirvinglawfirm.com\/wp-content\/uploads\/2023\/08\/descifrando-ordenes-de-proteccion-empoderamiento-seguridad-y-entendimiento-legal.jpg 300w\" sizes=\"(max-width: 300px) 100vw, 300px\" \/><\/span><\/p>\n<p>Un juez puede conceder una orden de alejamiento temporal en caso de maltrato general, violencia, fuerza o amenaza. Tras un incidente de abuso, agresi\u00f3n, fuerza o peligro, la v\u00edctima puede presentar una petici\u00f3n al respecto.<\/p>\n<p>En Virginia, un tribunal puede dictar una orden de alejamiento temporal durante un m\u00e1ximo de 15 d\u00edas o hasta que pueda celebrarse una vista completa.<\/p>\n<h4>Permanente<\/h4>\n<p>Se puede conceder una orden de protecci\u00f3n permanente al solicitante si el juez lo considera esencial tras una audiencia exhaustiva. La decisi\u00f3n del juez se basar\u00e1 en lo que m\u00e1s convenga a los peticionarios y a sus seres queridos.<\/p>\n<p>Los asuntos con la corte pueden complicarse r\u00e1pidamente, as\u00ed que trabajar de cerca con un abogado es una buena idea. Ah\u00ed es donde entra The Irving Law Firm. Ellos han representado a clientes en casos de defensa criminal, asuntos de orden de protecci\u00f3n, y casos de derecho de familia. Usted no tiene que enfrentar esto solo.<\/p>\n<h2>Busque Ayuda En The Irving Law Firm<\/h2>\n<p>En <a href=\"https:\/\/es.wikipedia.org\/wiki\/Virginia\" target=\"_blank\" rel=\"noopener\">Virginia<\/a>, los tribunales emiten \u00f3rdenes de protecci\u00f3n cuando una persona teme por su seguridad. Las \u00f3rdenes de protecci\u00f3n tambi\u00e9n se conocen como \u00f3rdenes de protecci\u00f3n dom\u00e9stica. A menudo se emiten despu\u00e9s de abuso f\u00edsico y emocional, acecho y asalto sexual.<\/p>\n<p>No espere a que se produzca un arresto para buscar un abogado criminalista. Para entonces, ser\u00e1 demasiado tarde. Busque ayuda en <a href=\"https:\/\/www.theirvinglawfirm.com\/es\">The Irving Law Firm<\/a> y vea c\u00f3mo pueden ayudarle con su caso de orden de protecci\u00f3n en Virginia.<\/p>\n<h2>Resumen<\/h2>\n<p>Para garantizar la seguridad de las v\u00edctimas, un tribunal o juez puede emitir una orden de protecci\u00f3n. Las \u00f3rdenes de protecci\u00f3n se pueden dar en Virginia cuando alguien ha sido herido o teme razonablemente ser asesinado, agredido sexualmente o da\u00f1ado de cualquier otra forma debido a incidentes previos de violencia, fuerza o amenaza.<\/p>\n<p>Las \u00f3rdenes de protecci\u00f3n proporcionan a las v\u00edctimas de abusos y delitos violentos reales o inminentes una barrera legal de protecci\u00f3n en Virginia. La violencia contra los miembros de la familia y otros miembros del hogar es tratada de manera diferente por los tribunales de Virginia que la violencia contra cualquier otra persona.<\/p>\n<p>El Tribunal de Menores y Relaciones Dom\u00e9sticas es donde debe presentar la demanda si usted es familiar del agresor. En todas las dem\u00e1s circunstancias, deber\u00e1 presentar la demanda ante el Tribunal General de Distrito con la ayuda de un abogado criminalista.<\/p>\n<p><a href=\"https:\/\/www.theirvinglawfirm.com\/es\/derecho-de-familia\/derecho-criminal\/guia-para-modificar-ordenes-de-proteccion\/\">Quiz\u00e1s Le Interese: Defensa Criminal<\/a><\/p>\n","protected":false},"excerpt":{"rendered":"<p>En EE.UU, defensa criminal es un t\u00e9rmino que se refiere  [&#8230;]<\/p>\n","protected":false},"author":3,"featured_media":0,"parent":8435,"menu_order":0,"comment_status":"closed","ping_status":"closed","template":"","meta":{"_analytify_skip_tracking":false,"rank_math_title":"Defensa Criminal Y \u00d3rdenes De Protecci\u00f3n En Virginia | The Irving Law Firm","rank_math_description":"Averig\u00fce cu\u00e1nto dura una orden de protecci\u00f3n en Virginia antes de hacer nada. Esta informaci\u00f3n puede ayudarle a evitar cometer un error.","rank_math_focus_keyword":"protecci\u00f3n","rank_math_canonical_url":"","footnotes":""},"class_list":["post-12428","page","type-page","status-publish","hentry"],"acf":[],"_links":{"self":[{"href":"https:\/\/www.theirvinglawfirm.com\/es\/wp-json\/wp\/v2\/pages\/12428","targetHints":{"allow":["GET"]}}],"collection":[{"href":"https:\/\/www.theirvinglawfirm.com\/es\/wp-json\/wp\/v2\/pages"}],"about":[{"href":"https:\/\/www.theirvinglawfirm.com\/es\/wp-json\/wp\/v2\/types\/page"}],"author":[{"embeddable":true,"href":"https:\/\/www.theirvinglawfirm.com\/es\/wp-json\/wp\/v2\/users\/3"}],"replies":[{"embeddable":true,"href":"https:\/\/www.theirvinglawfirm.com\/es\/wp-json\/wp\/v2\/comments?post=12428"}],"version-history":[{"count":0,"href":"https:\/\/www.theirvinglawfirm.com\/es\/wp-json\/wp\/v2\/pages\/12428\/revisions"}],"up":[{"embeddable":true,"href":"https:\/\/www.theirvinglawfirm.com\/es\/wp-json\/wp\/v2\/pages\/8435"}],"wp:attachment":[{"href":"https:\/\/www.theirvinglawfirm.com\/es\/wp-json\/wp\/v2\/media?parent=12428"}],"curies":[{"name":"wp","href":"https:\/\/api.w.org\/{rel}","templated":true}]}}