{"id":12339,"date":"2023-08-11T01:52:14","date_gmt":"2023-08-11T01:52:14","guid":{"rendered":"https:\/\/www.theirvinglawfirm.com\/?page_id=12339"},"modified":"2024-03-05T18:25:34","modified_gmt":"2024-03-05T18:25:34","slug":"tipos-y-duracion-de-poderes","status":"publish","type":"page","link":"https:\/\/www.theirvinglawfirm.com\/es\/areas-de-practica\/abogado-de-planificacion-patrimonial\/tipos-y-duracion-de-poderes\/","title":{"rendered":"Tipos Y Duraci\u00f3n De Los Poderes En La Planificaci\u00f3n Patrimonial"},"content":{"rendered":"<p><span style=\"font-weight: 400;\">En la planificaci\u00f3n patrimonial, un documento legal esencial es un poder. Autoriza a su agente a actuar en su nombre. Este documento se puede utilizar en muchas situaciones diferentes en Manassas, Virginia. Tambi\u00e9n cuando est\u00e9 de viaje y necesite que alguien gestione sus finanzas. O si queda incapacitado y no puede tomar decisiones por s\u00ed mismo. <\/span><\/p>\n<p><span style=\"font-weight: 400;\">Pero, \u00bfcu\u00e1nto dura un <a href=\"https:\/\/economipedia.com\/definiciones\/planificacion-patrimonial.html\" target=\"_blank\" rel=\"noopener\">poder<\/a> y cu\u00e1ndo caduca? Este art\u00edculo explora las respuestas a estas preguntas.<\/span><\/p>\n<p><img decoding=\"async\" class=\"alignnone size-full wp-image-12391\" src=\"https:\/\/www.theirvinglawfirm.com\/wp-content\/uploads\/2023\/08\/cuanto-dura-un-poder-en-un-caso-de-planificacion-patrimonial-y-que-tan-util-es-para-su-abogado.jpg\" alt=\"Cu\u00e1nto Dura Un Poder En Un Caso De Planificaci\u00f3n Patrimonial Y Qu\u00e9 Tan \u00datil Es Para Su Abogado\" width=\"100%\" height=\"963\" srcset=\"https:\/\/www.theirvinglawfirm.com\/wp-content\/uploads\/2023\/08\/cuanto-dura-un-poder-en-un-caso-de-planificacion-patrimonial-y-que-tan-util-es-para-su-abogado-200x138.jpg 200w, https:\/\/www.theirvinglawfirm.com\/wp-content\/uploads\/2023\/08\/cuanto-dura-un-poder-en-un-caso-de-planificacion-patrimonial-y-que-tan-util-es-para-su-abogado-300x206.jpg 300w, https:\/\/www.theirvinglawfirm.com\/wp-content\/uploads\/2023\/08\/cuanto-dura-un-poder-en-un-caso-de-planificacion-patrimonial-y-que-tan-util-es-para-su-abogado-400x275.jpg 400w, https:\/\/www.theirvinglawfirm.com\/wp-content\/uploads\/2023\/08\/cuanto-dura-un-poder-en-un-caso-de-planificacion-patrimonial-y-que-tan-util-es-para-su-abogado-600x413.jpg 600w, https:\/\/www.theirvinglawfirm.com\/wp-content\/uploads\/2023\/08\/cuanto-dura-un-poder-en-un-caso-de-planificacion-patrimonial-y-que-tan-util-es-para-su-abogado-768x528.jpg 768w, https:\/\/www.theirvinglawfirm.com\/wp-content\/uploads\/2023\/08\/cuanto-dura-un-poder-en-un-caso-de-planificacion-patrimonial-y-que-tan-util-es-para-su-abogado-800x550.jpg 800w, https:\/\/www.theirvinglawfirm.com\/wp-content\/uploads\/2023\/08\/cuanto-dura-un-poder-en-un-caso-de-planificacion-patrimonial-y-que-tan-util-es-para-su-abogado-1024x704.jpg 1024w, https:\/\/www.theirvinglawfirm.com\/wp-content\/uploads\/2023\/08\/cuanto-dura-un-poder-en-un-caso-de-planificacion-patrimonial-y-que-tan-util-es-para-su-abogado-1200x825.jpg 1200w, https:\/\/www.theirvinglawfirm.com\/wp-content\/uploads\/2023\/08\/cuanto-dura-un-poder-en-un-caso-de-planificacion-patrimonial-y-que-tan-util-es-para-su-abogado.jpg 1400w\" sizes=\"(max-width: 1400px) 100vw, 1400px\" \/><\/p>\n<h2>El Poder Y Su Naturaleza<\/h2>\n<p><span style=\"font-weight: 400;\">Antes de hablar de la duraci\u00f3n de un poder, es importante definirlo. Un poder o POA le permite designar a otra persona para que act\u00fae y decida por usted en situaciones en las que usted no pueda hacerlo. Puede ser duradera o limitada en cuanto a su alcance o extensi\u00f3n.<\/span><\/p>\n<p><span style=\"font-weight: 400;\">Un agente o apoderado puede tomar decisiones financieras o sanitarias en situaciones en las que usted est\u00e9 incapacitado o no pueda hacerlo. El poder debe estar firmado por usted, el poderdante, y legalizado ante notario para que sea legalmente vinculante.<\/span><\/p>\n<h3>Tipos De Poderes<\/h3>\n<p><span style=\"font-weight: 400;\">Hay distintos tipos de poderes que puede crear, y la duraci\u00f3n de cada uno var\u00eda. Los dos tipos de poderes m\u00e1s habituales son los siguientes.<\/span><\/p>\n<ul>\n<li style=\"font-weight: 400;\" aria-level=\"1\"><span style=\"font-weight: 400;\">Poder duradero: Este tipo de poder sigue vigente aunque usted quede incapacitado y no pueda tomar decisiones. Puede utilizarse inmediatamente o en un momento determinado en el futuro.<\/span><\/li>\n<li style=\"font-weight: 400;\" aria-level=\"1\"><span style=\"font-weight: 400;\">Poder limitado: Este tipo de poder solo es v\u00e1lido durante un periodo o para un fin concretos, como vender una propiedad o gestionar un negocio mientras usted est\u00e1 fuera del pa\u00eds.<\/span><\/li>\n<\/ul>\n<h3>La Duraci\u00f3n De Un Poder En Virginia<\/h3>\n<p><span style=\"font-weight: 400;\">La duraci\u00f3n de un poder depende del tipo que haya creado. Un poder duradero sigue vigente hasta que usted lo revoque o fallezca. Por otro lado, un poder limitado solo es v\u00e1lido durante un periodo o para un fin determinado, tal y como se indica en el documento. Una vez cumplido ese plazo o finalidad, un poder limitado caduca.<\/span><\/p>\n<h3>Revocaci\u00f3n De Un Poder<\/h3>\n<p><span style=\"font-weight: 400;\">Si ha creado un poder en Manassas, Virginia, puede revocarlo en cualquier momento. Esto es as\u00ed siempre que sea competente para ello. Para anular un poder, debe hacerlo por escrito y firmarlo ante notario. Tambi\u00e9n debe entregar a su apoderado una copia de la revocaci\u00f3n, as\u00ed como a los terceros que se basen en el poder.<\/span><\/p>\n<h3>Actualizaci\u00f3n De Un POA<\/h3>\n<p><span style=\"font-weight: 400;\">Como parte de la planificaci\u00f3n patrimonial, es importante revisar y actualizar peri\u00f3dicamente su poder para asegurarse de que satisface sus necesidades. Acontecimientos de la vida como el matrimonio, el divorcio, el nacimiento de un hijo o un cambio en su situaci\u00f3n financiera pueden obligarle a actualizarla. Para modificar un poder, debe crear un nuevo documento que revoque el anterior.<\/span><\/p>\n<h2>Creaci\u00f3n Y Actualizaci\u00f3n De POAs Con The Irving Law Firm<\/h2>\n<p><span style=\"font-weight: 400;\"><a href=\"http:\/\/theirvinglawfirm.com\/es\">The Irving Law Firm<\/a> en Manassas, Virginia puede ayudar en la creaci\u00f3n y actualizaci\u00f3n de poderes para asegurar que satisfacen las necesidades \u00fanicas de cada cliente. Sus<a href=\"https:\/\/www.theirvinglawfirm.com\/es\/abogado-de-planificacion-patrimonial\/\"> abogados especializados en planificaci\u00f3n patrimonial<\/a> tienen la experiencia necesaria para ayudar a las personas a elegir el poder adecuado. Esto incluye decidir entre un poder duradero o limitado. Tambi\u00e9n pueden guiar a las personas en el proceso de ponerlo por escrito y certificarlo ante notario.<\/span><\/p>\n<p><span style=\"font-weight: 400;\">La firma ayuda a sus clientes a revisar y actualizar peri\u00f3dicamente sus poderes para garantizar que sigan siendo eficaces y pertinentes. Gracias a su experiencia en planificaci\u00f3n patrimonial y a su compromiso con la satisfacci\u00f3n del cliente, The Irving Law Firm puede proporcionar tranquilidad a sus clientes ayud\u00e1ndoles a crear un plan integral para su futuro.<\/span><\/p>\n<h2>Resumen<\/h2>\n<p><span style=\"font-weight: 400;\">Un poder es un documento esencial para la planificaci\u00f3n patrimonial en Manassas, Virginia Le permite designar a alguien para que act\u00fae en su nombre en diversas situaciones. La duraci\u00f3n de un poder depende del tipo que haya creado. <\/span><\/p>\n<p><span style=\"font-weight: 400;\">Un poder duradero permanece en vigor hasta que usted lo revoque o fallezca, mientras que un poder limitado solo es v\u00e1lido durante un periodo o con una finalidad determinados. Si quiere anular o actualizar un poder, es esencial que lo haga por escrito y siga los pasos legales necesarios para garantizar su validez. <\/span><\/p>\n<p><span style=\"font-weight: 400;\">Para garantizar que su plan sucesorio est\u00e9 actualizado y satisfaga sus necesidades, debe trabajar con un abogado experto en planificaci\u00f3n patrimonial que pueda guiarle a lo largo del proceso y ayudarle a crear un plan integral.<\/span><\/p>\n<p><a href=\"https:\/\/www.theirvinglawfirm.com\/es\/abogado-de-planificacion-patrimonial\/que-son-los-servicios-de-planificacion-patrimonial\/\">Obtenga Una Visi\u00f3n General Ampliada Aqu\u00ed<\/a><\/p>\n","protected":false},"excerpt":{"rendered":"<p>En la planificaci\u00f3n patrimonial, un documento legal esencial es un  [&#8230;]<\/p>\n","protected":false},"author":3,"featured_media":0,"parent":8797,"menu_order":0,"comment_status":"closed","ping_status":"closed","template":"","meta":{"_analytify_skip_tracking":false,"rank_math_title":"Planificaci\u00f3n Patrimonial: \u00bfCu\u00e1nto Dura Un Poder? | The Irving Law Firm","rank_math_description":"Conozca los distintos tipos de poderes y su duraci\u00f3n. Descubra c\u00f3mo The Irving Law Firm ayuda en la planificaci\u00f3n patrimonial.","rank_math_focus_keyword":"planificaci\u00f3n patrimonial","rank_math_canonical_url":"","footnotes":""},"class_list":["post-12339","page","type-page","status-publish","hentry"],"acf":[],"_links":{"self":[{"href":"https:\/\/www.theirvinglawfirm.com\/es\/wp-json\/wp\/v2\/pages\/12339","targetHints":{"allow":["GET"]}}],"collection":[{"href":"https:\/\/www.theirvinglawfirm.com\/es\/wp-json\/wp\/v2\/pages"}],"about":[{"href":"https:\/\/www.theirvinglawfirm.com\/es\/wp-json\/wp\/v2\/types\/page"}],"author":[{"embeddable":true,"href":"https:\/\/www.theirvinglawfirm.com\/es\/wp-json\/wp\/v2\/users\/3"}],"replies":[{"embeddable":true,"href":"https:\/\/www.theirvinglawfirm.com\/es\/wp-json\/wp\/v2\/comments?post=12339"}],"version-history":[{"count":0,"href":"https:\/\/www.theirvinglawfirm.com\/es\/wp-json\/wp\/v2\/pages\/12339\/revisions"}],"up":[{"embeddable":true,"href":"https:\/\/www.theirvinglawfirm.com\/es\/wp-json\/wp\/v2\/pages\/8797"}],"wp:attachment":[{"href":"https:\/\/www.theirvinglawfirm.com\/es\/wp-json\/wp\/v2\/media?parent=12339"}],"curies":[{"name":"wp","href":"https:\/\/api.w.org\/{rel}","templated":true}]}}