{"id":12337,"date":"2023-08-11T01:48:49","date_gmt":"2023-08-11T01:48:49","guid":{"rendered":"https:\/\/www.theirvinglawfirm.com\/?page_id=12337"},"modified":"2024-03-05T18:14:44","modified_gmt":"2024-03-05T18:14:44","slug":"como-y-cuando-utilizar-un-poder","status":"publish","type":"page","link":"https:\/\/www.theirvinglawfirm.com\/es\/areas-de-practica\/abogado-de-planificacion-patrimonial\/como-y-cuando-utilizar-un-poder\/","title":{"rendered":"C\u00f3mo Y Cu\u00e1ndo Utilizar Un Poder En La Planificaci\u00f3n Patrimonial"},"content":{"rendered":"<p><span style=\"font-weight: 400;\">La planificaci\u00f3n patrimonial es el proceso de preparaci\u00f3n para la transferencia de sus bienes despu\u00e9s de su fallecimiento. Un instrumento fundamental en la planificaci\u00f3n patrimonial es un<a href=\"https:\/\/es.wikipedia.org\/wiki\/Apoderado\" target=\"_blank\" rel=\"noopener\"> poder<\/a>. Permite que otra persona act\u00fae y decida por ti cuando t\u00fa ya no puedas hacerlo. Aprenda el numero de cosas que un poder puede hacer y situaciones especificas en Manassas, Virginia donde puede ser usado.<\/span><\/p>\n<p><img decoding=\"async\" class=\"alignnone size-full wp-image-12377\" src=\"https:\/\/www.theirvinglawfirm.com\/wp-content\/uploads\/2023\/08\/por-que-una-persona-necesita-un-poder-en-su-caso-legal-de-planificacion-patrimonial.jpg\" alt=\"Por Qu\u00e9 Una Persona Necesita Un Poder En Su Caso Legal De Planificaci\u00f3n Patrimonial\" width=\"100%\" height=\"933\" srcset=\"https:\/\/www.theirvinglawfirm.com\/wp-content\/uploads\/2023\/08\/por-que-una-persona-necesita-un-poder-en-su-caso-legal-de-planificacion-patrimonial-200x133.jpg 200w, https:\/\/www.theirvinglawfirm.com\/wp-content\/uploads\/2023\/08\/por-que-una-persona-necesita-un-poder-en-su-caso-legal-de-planificacion-patrimonial-300x200.jpg 300w, https:\/\/www.theirvinglawfirm.com\/wp-content\/uploads\/2023\/08\/por-que-una-persona-necesita-un-poder-en-su-caso-legal-de-planificacion-patrimonial-400x267.jpg 400w, https:\/\/www.theirvinglawfirm.com\/wp-content\/uploads\/2023\/08\/por-que-una-persona-necesita-un-poder-en-su-caso-legal-de-planificacion-patrimonial-600x400.jpg 600w, https:\/\/www.theirvinglawfirm.com\/wp-content\/uploads\/2023\/08\/por-que-una-persona-necesita-un-poder-en-su-caso-legal-de-planificacion-patrimonial-768x512.jpg 768w, https:\/\/www.theirvinglawfirm.com\/wp-content\/uploads\/2023\/08\/por-que-una-persona-necesita-un-poder-en-su-caso-legal-de-planificacion-patrimonial-800x533.jpg 800w, https:\/\/www.theirvinglawfirm.com\/wp-content\/uploads\/2023\/08\/por-que-una-persona-necesita-un-poder-en-su-caso-legal-de-planificacion-patrimonial-1024x682.jpg 1024w, https:\/\/www.theirvinglawfirm.com\/wp-content\/uploads\/2023\/08\/por-que-una-persona-necesita-un-poder-en-su-caso-legal-de-planificacion-patrimonial-1200x800.jpg 1200w, https:\/\/www.theirvinglawfirm.com\/wp-content\/uploads\/2023\/08\/por-que-una-persona-necesita-un-poder-en-su-caso-legal-de-planificacion-patrimonial.jpg 1400w\" sizes=\"(max-width: 1400px) 100vw, 1400px\" \/><\/p>\n<h2>\u00bfQu\u00e9 Puede Hacer Un Poder Para La Planificaci\u00f3n Patrimonial?<\/h2>\n<p><span style=\"font-weight: 400;\">Un poder puede hacer varias cosas dependiendo del tipo que usted cree. He aqu\u00ed algunos tipos comunes que puede utilizar como herramientas de planificaci\u00f3n patrimonial. Con estos documentos, puede proteger sus intereses sanitarios y econ\u00f3micos.<\/span><\/p>\n<h3>Poder General<\/h3>\n<p><span style=\"font-weight: 400;\">Un poder general otorga a la persona que usted designe como su agente la autoridad para actuar en su nombre en diversas situaciones. Por ejemplo, su agente puede gestionar sus asuntos financieros, firmar contratos y tomar decisiones sanitarias.<\/span><\/p>\n<h3>Poder Limitado<\/h3>\n<p><span style=\"font-weight: 400;\">Un poder limitado otorga a su agente la autoridad para actuar en su nombre durante un periodo o tarea espec\u00edficos. Por ejemplo, puede otorgar a alguien un poder para vender su auto, gestionar su vivienda de alquiler o tomar una decisi\u00f3n financiera.<\/span><\/p>\n<h3>Poder Duradero<\/h3>\n<p><span style=\"font-weight: 400;\">Este tipo de poder permite a su agente seguir actuando en su nombre si usted queda incapacitado. Puede ser de alcance general o limitado. Es crucial para situaciones en las que est\u00e1s inconsciente o en una situaci\u00f3n de vida o muerte.<\/span><\/p>\n<h3>Poder \u00danico<\/h3>\n<p><span style=\"font-weight: 400;\">Un poder \u00fanico solo se activa si se produce un hecho concreto, como su incapacidad. Este tipo de poder suele utilizarse como medida cautelar en casos de emergencia en los que usted queda incapacitado para decidir por s\u00ed mismo.<\/span><\/p>\n<h2>\u00bfCu\u00e1ndo Se Puede Utilizar El Poder?<\/h2>\n<p><span style=\"font-weight: 400;\">Hay varias situaciones en las que puede utilizarse un poder. El poder le permite designar a su agente o apoderado para que act\u00fae en su nombre. Incluye aspectos m\u00e9dicos y financieros de su plan de sucesi\u00f3n.<\/span><\/p>\n<h3>Transacciones Inmobiliarias<\/h3>\n<p><span style=\"font-weight: 400;\">Si compra o vende bienes inmuebles, puede otorgar un poder limitado a alguien de su confianza para que firme los documentos necesarios en su nombre. Adem\u00e1s, pueden representarle cuando los compradores quieran ver la propiedad y cerrar el trato de inmediato. Esto puede ser \u00fatil si est\u00e1 fuera de la ciudad o no puede asistir al cierre.<\/span><\/p>\n<h3>Decisiones Sanitarias<\/h3>\n<p><span style=\"font-weight: 400;\">Un poder duradero para la atenci\u00f3n sanitaria puede utilizarse si usted no puede tomar decisiones m\u00e9dicas por s\u00ed mismo. Puede nombrar a alguien de su confianza como su representante para que tome decisiones sanitarias en su nombre si usted no puede hacerlo. <\/span><\/p>\n<h3>Gesti\u00f3n Financiera<\/h3>\n<p><span style=\"font-weight: 400;\">Si no puede gestionar sus finanzas debido a una enfermedad, lesi\u00f3n o incapacidad, puede otorgar un poder general a alguien de su confianza para que gestione sus asuntos financieros. Esto puede incluir el pago de facturas, la gesti\u00f3n de inversiones y la declaraci\u00f3n de la renta.<\/span><\/p>\n<h3>Gesti\u00f3n Empresarial<\/h3>\n<p><span style=\"font-weight: 400;\">Si tiene una empresa, puede otorgar un poder limitado a alguien de su confianza para que gestione sus asuntos empresariales si usted ya no puede hacerlo. Puede evitar un desastre financiero si tiene a alguien que se ocupe de este aspecto cuando usted no sea capaz de hacerlo.<\/span><\/p>\n<p><span style=\"font-weight: 400;\">Un poder es una herramienta esencial en la planificaci\u00f3n patrimonial que puede darle la tranquilidad de saber que alguien de su confianza tomar\u00e1 decisiones en su nombre. Puede utilizarse en diversas situaciones, como transacciones inmobiliarias, decisiones sobre atenci\u00f3n sanitaria, gesti\u00f3n financiera, gesti\u00f3n empresarial y planificaci\u00f3n patrimonial. Por ello, es esencial trabajar con un abogado experto en planificaci\u00f3n patrimonial para garantizar que su poder sea v\u00e1lido y satisfaga sus necesidades. <\/span><\/p>\n<h2>Creaci\u00f3n De POAs Con The Irving Law Firm<\/h2>\n<p><span style=\"font-weight: 400;\">La creaci\u00f3n de POAs con <a href=\"http:\/\/theirvinglawfirm.com\/es\">The Irving Law Firm<\/a> asegura que sus documentos de poder son v\u00e1lidos, completos y adaptados a sus necesidades. The Irving Law Firm en Manassas, Virginia tiene abogados con experiencia que pueden ayudarle a entender los diferentes tipos de poder y c\u00f3mo se pueden utilizar en diversas situaciones. <\/span><\/p>\n<p><span style=\"font-weight: 400;\">Tambi\u00e9n ofrecen servicios jur\u00eddicos personalizados para ayudarle a crear poderes duraderos, poderes de atenci\u00f3n sanitaria y otros tipos de poderes que son cruciales en la planificaci\u00f3n patrimonial. Con The Irving Law Firm, usted puede tener la tranquilidad de saber que sus documentos de poder son legalmente s\u00f3lidos y reflejan sus deseos.<\/span><\/p>\n<h2>Resumen<\/h2>\n<p><span style=\"font-weight: 400;\">Un poder permite a su apoderado actuar en su nombre si usted queda incapacitado o no puede tomar decisiones por s\u00ed mismo. Existen distintos tipos de POA: general, limitado, duradero y \u00fanico. Un poder puede utilizarse en diversas situaciones, como transacciones inmobiliarias, decisiones sobre atenci\u00f3n sanitaria, gesti\u00f3n financiera, gesti\u00f3n empresarial y planificaci\u00f3n patrimonial. <\/span><\/p>\n<p><span style=\"font-weight: 400;\">La creaci\u00f3n de POAs con The Irving Law Firm en Manassas, Virginia puede asegurar que los documentos son v\u00e1lidos, completos y adaptados a las necesidades espec\u00edficas. Con la ayuda de <a href=\"https:\/\/www.theirvinglawfirm.com\/es\/abogado-de-planificacion-patrimonial\/\">abogados experimentados,<\/a> los clientes pueden estar tranquilos sabiendo que sus documentos de poder pueden utilizarse en circunstancias inesperadas.<\/span><\/p>\n<p><a href=\"https:\/\/www.theirvinglawfirm.com\/es\/abogado-de-planificacion-patrimonial\/cuando-surte-efecto-un-poder\/\">Descubra Sobre Planificaci\u00f3n Patrimonial Aqu\u00ed<\/a><\/p>\n","protected":false},"excerpt":{"rendered":"<p>La planificaci\u00f3n patrimonial es el proceso de preparaci\u00f3n para la  [&#8230;]<\/p>\n","protected":false},"author":3,"featured_media":0,"parent":8797,"menu_order":0,"comment_status":"closed","ping_status":"closed","template":"","meta":{"_analytify_skip_tracking":false,"rank_math_title":"Planificaci\u00f3n Patrimonial: \u00bfQu\u00e9 Hace Un Poder? | The Irving Law Firm","rank_math_description":"Conozca los distintos tipos de poderes y c\u00f3mo utilizarlos en diversas situaciones de planificaci\u00f3n patrimonial. P\u00f3ngase en contacto con The Irving Law Firm para crear uno.","rank_math_focus_keyword":"planificaci\u00f3n patrimonial","rank_math_canonical_url":"","footnotes":""},"class_list":["post-12337","page","type-page","status-publish","hentry"],"acf":[],"_links":{"self":[{"href":"https:\/\/www.theirvinglawfirm.com\/es\/wp-json\/wp\/v2\/pages\/12337","targetHints":{"allow":["GET"]}}],"collection":[{"href":"https:\/\/www.theirvinglawfirm.com\/es\/wp-json\/wp\/v2\/pages"}],"about":[{"href":"https:\/\/www.theirvinglawfirm.com\/es\/wp-json\/wp\/v2\/types\/page"}],"author":[{"embeddable":true,"href":"https:\/\/www.theirvinglawfirm.com\/es\/wp-json\/wp\/v2\/users\/3"}],"replies":[{"embeddable":true,"href":"https:\/\/www.theirvinglawfirm.com\/es\/wp-json\/wp\/v2\/comments?post=12337"}],"version-history":[{"count":0,"href":"https:\/\/www.theirvinglawfirm.com\/es\/wp-json\/wp\/v2\/pages\/12337\/revisions"}],"up":[{"embeddable":true,"href":"https:\/\/www.theirvinglawfirm.com\/es\/wp-json\/wp\/v2\/pages\/8797"}],"wp:attachment":[{"href":"https:\/\/www.theirvinglawfirm.com\/es\/wp-json\/wp\/v2\/media?parent=12337"}],"curies":[{"name":"wp","href":"https:\/\/api.w.org\/{rel}","templated":true}]}}