{"id":12336,"date":"2023-08-11T01:46:42","date_gmt":"2023-08-11T01:46:42","guid":{"rendered":"https:\/\/www.theirvinglawfirm.com\/?page_id=12336"},"modified":"2024-03-05T18:10:01","modified_gmt":"2024-03-05T18:10:01","slug":"por-que-es-necesario-un-poder","status":"publish","type":"page","link":"https:\/\/www.theirvinglawfirm.com\/es\/areas-de-practica\/abogado-de-planificacion-patrimonial\/por-que-es-necesario-un-poder\/","title":{"rendered":"\u00bfPor Qu\u00e9 Es Necesario Un Poder En La Planificaci\u00f3n Patrimonial?"},"content":{"rendered":"<p><span style=\"font-weight: 400;\">La planificaci\u00f3n patrimonial es algo que muchas personas pueden posponer durante a\u00f1os, pensando que es algo de lo que pueden ocuparse m\u00e1s adelante. Sin embargo, la planificaci\u00f3n patrimonial es esencial para personas de todas las edades, y nunca es demasiado pronto para empezar a planificar su futuro. <\/span><\/p>\n<p><span style=\"font-weight: 400;\">Uno de sus aspectos cruciales es la creaci\u00f3n de un poder o POA. Este art\u00edculo explorar\u00e1 los fundamentos de la planificaci\u00f3n patrimonial y discutir\u00e1 la importancia de tener un<a href=\"https:\/\/es.wikipedia.org\/wiki\/Apoderado\" target=\"_blank\" rel=\"noopener\"> poder<\/a> en Manassas, Virginia.<\/span><\/p>\n<p><img decoding=\"async\" class=\"alignnone size-full wp-image-12370\" src=\"https:\/\/www.theirvinglawfirm.com\/wp-content\/uploads\/2023\/08\/sepa-mas-sobre-la-importancia-de-tener-un-poder-general-en-su-planificacion-patrimonial-en-el-estado-de-virginia.jpg\" alt=\"Sepa M\u00e1s Sobre La Importancia De Tener Un Poder General En Su Planificaci\u00f3n Patrimonial En El Estado De Virginia\" width=\"100%\" height=\"933\" srcset=\"https:\/\/www.theirvinglawfirm.com\/wp-content\/uploads\/2023\/08\/sepa-mas-sobre-la-importancia-de-tener-un-poder-general-en-su-planificacion-patrimonial-en-el-estado-de-virginia-200x133.jpg 200w, https:\/\/www.theirvinglawfirm.com\/wp-content\/uploads\/2023\/08\/sepa-mas-sobre-la-importancia-de-tener-un-poder-general-en-su-planificacion-patrimonial-en-el-estado-de-virginia-300x200.jpg 300w, https:\/\/www.theirvinglawfirm.com\/wp-content\/uploads\/2023\/08\/sepa-mas-sobre-la-importancia-de-tener-un-poder-general-en-su-planificacion-patrimonial-en-el-estado-de-virginia-400x267.jpg 400w, https:\/\/www.theirvinglawfirm.com\/wp-content\/uploads\/2023\/08\/sepa-mas-sobre-la-importancia-de-tener-un-poder-general-en-su-planificacion-patrimonial-en-el-estado-de-virginia-600x400.jpg 600w, https:\/\/www.theirvinglawfirm.com\/wp-content\/uploads\/2023\/08\/sepa-mas-sobre-la-importancia-de-tener-un-poder-general-en-su-planificacion-patrimonial-en-el-estado-de-virginia-768x512.jpg 768w, https:\/\/www.theirvinglawfirm.com\/wp-content\/uploads\/2023\/08\/sepa-mas-sobre-la-importancia-de-tener-un-poder-general-en-su-planificacion-patrimonial-en-el-estado-de-virginia-800x533.jpg 800w, https:\/\/www.theirvinglawfirm.com\/wp-content\/uploads\/2023\/08\/sepa-mas-sobre-la-importancia-de-tener-un-poder-general-en-su-planificacion-patrimonial-en-el-estado-de-virginia-1024x682.jpg 1024w, https:\/\/www.theirvinglawfirm.com\/wp-content\/uploads\/2023\/08\/sepa-mas-sobre-la-importancia-de-tener-un-poder-general-en-su-planificacion-patrimonial-en-el-estado-de-virginia-1200x800.jpg 1200w, https:\/\/www.theirvinglawfirm.com\/wp-content\/uploads\/2023\/08\/sepa-mas-sobre-la-importancia-de-tener-un-poder-general-en-su-planificacion-patrimonial-en-el-estado-de-virginia.jpg 1400w\" sizes=\"(max-width: 1400px) 100vw, 1400px\" \/><\/p>\n<h2>Planificaci\u00f3n Patrimonial: \u00bfQu\u00e9 Es?<\/h2>\n<p><span style=\"font-weight: 400;\">La planificaci\u00f3n patrimonial es el proceso de preparaci\u00f3n para la distribuci\u00f3n de sus bienes y propiedades tras su fallecimiento. Esto incluye la creaci\u00f3n de un testamento y un poder, el establecimiento de fideicomisos y el nombramiento de los beneficiarios de sus cuentas. La planificaci\u00f3n patrimonial tambi\u00e9n puede implicar el establecimiento de tutelas para los hijos menores y garantizar que se conozcan y respeten sus deseos en materia de asistencia sanitaria.<\/span><\/p>\n<p><span style=\"font-weight: 400;\">Los principios de la planificaci\u00f3n patrimonial en Virginia son los mismos que en cualquier otro estado de EE.UU. Quiere organizar su patrimonio para poder controlar qui\u00e9n se queda con sus bienes cuando usted fallezca. Si fallece sin documentos v\u00e1lidos, las leyes de sucesi\u00f3n intestada del estado dictar\u00e1n c\u00f3mo repartir sus bienes. <\/span><\/p>\n<p><span style=\"font-weight: 400;\">Esto significa que sus bienes pueden no ir a las personas que usted habr\u00eda elegido, y el proceso puede ser largo y costoso para sus seres queridos. Por ello, los documentos de planificaci\u00f3n patrimonial son cruciales y deben actualizarse en funci\u00f3n de su situaci\u00f3n reciente.<\/span><\/p>\n<h2>Crear Un Poder<\/h2>\n<p><span style=\"font-weight: 400;\">Un documento esencial que debe formar parte de su plan de sucesi\u00f3n es un poder. Le permite designar a un representante para que decida en su nombre si usted no puede hacerlo. Hay dos tipos principales de poderes: financiero y m\u00e9dico. As\u00ed que si usted vive en Manassas, Virginia puede pedir a su abogado de planificaci\u00f3n patrimonial que cree uno para usted basado en sus necesidades.<\/span><\/p>\n<h3>Poder Financiero<\/h3>\n<p><span style=\"font-weight: 400;\">Un poder financiero autoriza a un representante a gestionar sus asuntos financieros en caso de incapacidad. Sin un poder financiero, es posible que sus seres queridos no puedan acceder a sus cuentas o tomar decisiones financieras cr\u00edticas en su nombre.<\/span><\/p>\n<h3>Poder M\u00e9dico<\/h3>\n<p><span style=\"font-weight: 400;\">Un poder m\u00e9dico, tambi\u00e9n conocido como poder sanitario, le permite dar autoridad a un representante para que tome decisiones m\u00e9dicas en caso de que usted no pueda hacerlo. Esto puede incluir decisiones sobre opciones de tratamiento, as\u00ed como cuidados al final de la vida. Sin un poder m\u00e9dico, sus seres queridos pueden verse incapacitados para tomar importantes decisiones sanitarias en su nombre.<\/span><\/p>\n<h3>\u00bfNecesita Un Poder?<\/h3>\n<p><span style=\"font-weight: 400;\">La respuesta corta es s\u00ed. Disponer de un poder puede proporcionarle tranquilidad a usted y a sus seres queridos. Garantiza que alguien de su confianza sea designado para tomar decisiones en su nombre si usted no puede hacerlo. Sin un poder, sus seres queridos pueden tener que someterse a un largo y costoso proceso judicial para obtener la autoridad de decidir por usted.<\/span><\/p>\n<h2>The Irving Law Firm Puede Ayudarle A Crear Su POA<\/h2>\n<p><span style=\"font-weight: 400;\"><a href=\"http:\/\/theirvinglawfirm.com\/es\">The Irving Law Firm<\/a> ayuda en la creaci\u00f3n de un poder proporcionando una s\u00f3lida orientaci\u00f3n jur\u00eddica y atenci\u00f3n personalizada a la situaci\u00f3n \u00fanica de cada cliente. Sus abogados se tomar\u00e1n el tiempo necesario para comprender sus necesidades e inquietudes, responder a cualquier pregunta y guiarle en la creaci\u00f3n de un documento de poder legalmente vinculante. <\/span><\/p>\n<p><span style=\"font-weight: 400;\">Tambi\u00e9n se asegurar\u00e1n de que su documento cumpla las leyes y normativas del estado de Virginia. De este modo, tendr\u00e1 la tranquilidad de saber que sus deseos ser\u00e1n debidamente documentados y respetados. As\u00ed que p\u00f3ngase en contacto con The Irving Law Firm en Manassas, Virginia para obtener ayuda en la creaci\u00f3n de su poder.<\/span><\/p>\n<h2>Resumen<\/h2>\n<p><span style=\"font-weight: 400;\">La planificaci\u00f3n patrimonial es un proceso necesario que todo el mundo debe tener en cuenta, independientemente de su edad o situaci\u00f3n econ\u00f3mica. Implica crear un plan para distribuir sus bienes y propiedades tras su fallecimiento, establecer la tutela de los hijos menores y garantizar que se conozcan y respeten sus deseos en materia de asistencia sanitaria. <\/span><\/p>\n<p><span style=\"font-weight: 400;\">Es fundamental conocer las leyes y normativas estatales en materia de planificaci\u00f3n patrimonial. Un poder es una parte esencial de cualquier plan sucesorio, ya que le permite nombrar a un apoderado para que decida por usted en caso de que usted no pueda hacerlo. Si actualmente no tiene un poder, consulte con un <a href=\"https:\/\/www.theirvinglawfirm.com\/es\/abogado-de-planificacion-patrimonial\/\">abogado especializado en planificaci\u00f3n patrimonial<\/a> para analizar sus opciones y asegurarse de que sus deseos est\u00e1n debidamente documentados.<\/span><\/p>\n<p><a href=\"https:\/\/www.theirvinglawfirm.com\/es\/abogado-de-planificacion-patrimonial\/como-y-cuando-utilizar-un-poder\/\">Descubra M\u00e1s Aqu\u00ed<\/a><\/p>\n","protected":false},"excerpt":{"rendered":"<p>La planificaci\u00f3n patrimonial es algo que muchas personas pueden posponer  [&#8230;]<\/p>\n","protected":false},"author":3,"featured_media":0,"parent":8797,"menu_order":0,"comment_status":"closed","ping_status":"closed","template":"","meta":{"_analytify_skip_tracking":false,"rank_math_title":"Planificaci\u00f3n Patrimonial Y La Necesidad De Un Poder | The Irving Law Firm","rank_math_description":"Descubra la importancia de la planificaci\u00f3n patrimonial y c\u00f3mo puede beneficiarle un poder. Aprenda como The Irving Law Firm ayuda a crear POAs en Manassas, Virginia.","rank_math_focus_keyword":"planificaci\u00f3n patrimonial","rank_math_canonical_url":"","footnotes":""},"class_list":["post-12336","page","type-page","status-publish","hentry"],"acf":[],"_links":{"self":[{"href":"https:\/\/www.theirvinglawfirm.com\/es\/wp-json\/wp\/v2\/pages\/12336","targetHints":{"allow":["GET"]}}],"collection":[{"href":"https:\/\/www.theirvinglawfirm.com\/es\/wp-json\/wp\/v2\/pages"}],"about":[{"href":"https:\/\/www.theirvinglawfirm.com\/es\/wp-json\/wp\/v2\/types\/page"}],"author":[{"embeddable":true,"href":"https:\/\/www.theirvinglawfirm.com\/es\/wp-json\/wp\/v2\/users\/3"}],"replies":[{"embeddable":true,"href":"https:\/\/www.theirvinglawfirm.com\/es\/wp-json\/wp\/v2\/comments?post=12336"}],"version-history":[{"count":0,"href":"https:\/\/www.theirvinglawfirm.com\/es\/wp-json\/wp\/v2\/pages\/12336\/revisions"}],"up":[{"embeddable":true,"href":"https:\/\/www.theirvinglawfirm.com\/es\/wp-json\/wp\/v2\/pages\/8797"}],"wp:attachment":[{"href":"https:\/\/www.theirvinglawfirm.com\/es\/wp-json\/wp\/v2\/media?parent=12336"}],"curies":[{"name":"wp","href":"https:\/\/api.w.org\/{rel}","templated":true}]}}