{"id":12335,"date":"2023-08-11T01:45:04","date_gmt":"2023-08-11T01:45:04","guid":{"rendered":"https:\/\/www.theirvinglawfirm.com\/?page_id=12335"},"modified":"2024-03-05T18:21:54","modified_gmt":"2024-03-05T18:21:54","slug":"division-desigual-entre-hijos","status":"publish","type":"page","link":"https:\/\/www.theirvinglawfirm.com\/es\/areas-de-practica\/abogado-de-planificacion-patrimonial\/division-desigual-entre-hijos\/","title":{"rendered":"Planificaci\u00f3n Patrimonial: Cuando Los Hijos No Tendr\u00e1n Partes Iguales"},"content":{"rendered":"<p><span style=\"font-weight: 400;\">La planificaci\u00f3n patrimonial suele asociarse a la distribuci\u00f3n justa y equitativa de los bienes entre los herederos. Sin embargo, \u00bfqu\u00e9 ocurre cuando usted, como progenitor, tiene razones espec\u00edficas para querer distribuir su patrimonio de forma desigual entre sus hijos? Este art\u00edculo analiza algunas consideraciones clave y estrategias para navegar por una distribuci\u00f3n desigual de los activos en Manassas, Virginia.<\/span><\/p>\n<p><img decoding=\"async\" class=\"alignnone size-full wp-image-12363\" src=\"https:\/\/www.theirvinglawfirm.com\/wp-content\/uploads\/2023\/08\/como-lograr-legalmente-con-un-abogado-de-planificacion-patrimonial-una-distribucion-desigual-con-sus-hijos.jpg\" alt=\"C\u00f3mo Lograr Legalmente Con Un Abogado De Planificaci\u00f3n Patrimonial Una Distribuci\u00f3n Desigual Con Sus Hijos\" width=\"100%\" height=\"933\" srcset=\"https:\/\/www.theirvinglawfirm.com\/wp-content\/uploads\/2023\/08\/como-lograr-legalmente-con-un-abogado-de-planificacion-patrimonial-una-distribucion-desigual-con-sus-hijos-200x133.jpg 200w, https:\/\/www.theirvinglawfirm.com\/wp-content\/uploads\/2023\/08\/como-lograr-legalmente-con-un-abogado-de-planificacion-patrimonial-una-distribucion-desigual-con-sus-hijos-300x200.jpg 300w, https:\/\/www.theirvinglawfirm.com\/wp-content\/uploads\/2023\/08\/como-lograr-legalmente-con-un-abogado-de-planificacion-patrimonial-una-distribucion-desigual-con-sus-hijos-400x267.jpg 400w, https:\/\/www.theirvinglawfirm.com\/wp-content\/uploads\/2023\/08\/como-lograr-legalmente-con-un-abogado-de-planificacion-patrimonial-una-distribucion-desigual-con-sus-hijos-600x400.jpg 600w, https:\/\/www.theirvinglawfirm.com\/wp-content\/uploads\/2023\/08\/como-lograr-legalmente-con-un-abogado-de-planificacion-patrimonial-una-distribucion-desigual-con-sus-hijos-768x512.jpg 768w, https:\/\/www.theirvinglawfirm.com\/wp-content\/uploads\/2023\/08\/como-lograr-legalmente-con-un-abogado-de-planificacion-patrimonial-una-distribucion-desigual-con-sus-hijos-800x533.jpg 800w, https:\/\/www.theirvinglawfirm.com\/wp-content\/uploads\/2023\/08\/como-lograr-legalmente-con-un-abogado-de-planificacion-patrimonial-una-distribucion-desigual-con-sus-hijos-1024x682.jpg 1024w, https:\/\/www.theirvinglawfirm.com\/wp-content\/uploads\/2023\/08\/como-lograr-legalmente-con-un-abogado-de-planificacion-patrimonial-una-distribucion-desigual-con-sus-hijos-1200x800.jpg 1200w, https:\/\/www.theirvinglawfirm.com\/wp-content\/uploads\/2023\/08\/como-lograr-legalmente-con-un-abogado-de-planificacion-patrimonial-una-distribucion-desigual-con-sus-hijos.jpg 1400w\" sizes=\"(max-width: 1400px) 100vw, 1400px\" \/><\/p>\n<h2>Estrategias Para Una Distribuci\u00f3n Desigual<\/h2>\n<p><span style=\"font-weight: 400;\">Una vez que haya identificado las razones por las que desea distribuir su patrimonio de forma desigual, existen varias estrategias que puede utilizar para lograr sus objetivos. La <a href=\"https:\/\/economipedia.com\/definiciones\/planificacion-patrimonial.html\" target=\"_blank\" rel=\"noopener\">planificaci\u00f3n patrimonial<\/a> le permite alcanzar sus prop\u00f3sitos al tiempo que evita conflictos y disputas entre sus hijos.<\/span><\/p>\n<h3>Desheredaci\u00f3n<\/h3>\n<p><span style=\"font-weight: 400;\">Si desea excluir por completo a un hijo de su patrimonio, puede hacerlo mediante testamento o fideicomiso. Sin embargo, puede ser una decisi\u00f3n dif\u00edcil, y es vital tener en cuenta las posibles consecuencias jur\u00eddicas y emocionales. Debe consultar primero con un <a href=\"https:\/\/www.theirvinglawfirm.com\/es\/abogado-de-planificacion-patrimonial\/\">abogado especializado en planificaci\u00f3n patrimonial<\/a> antes de dar este paso.<\/span><\/p>\n<h3>Regalos Directos<\/h3>\n<p><span style=\"font-weight: 400;\">Puede hacer regalos a sus hijos en vida con su patrimonio. Sin embargo, este planteamiento puede ser problem\u00e1tico si tiene un patrimonio peque\u00f1o o quiere conservar el control sobre sus bienes. Puede preguntar a su abogado de planificaci\u00f3n patrimonial en Manassas, Virginia si esta opci\u00f3n es viable para usted.<\/span><\/p>\n<h3>Fideicomisos<\/h3>\n<p><span style=\"font-weight: 400;\">La creaci\u00f3n de un fideicomiso puede proporcionar de forma eficaz una herencia desigual a sus hijos, manteniendo al mismo tiempo el control sobre el reparto de los bienes. Por ejemplo, puede crear una revocable en la que pueda beneficiarse de sus bienes en vida. O puedes hacer un fideicomiso irrevocable que ofrezca ayuda adicional a un ni\u00f1o con necesidades especiales.<\/span><\/p>\n<h3>Seguro De Vida<\/h3>\n<p><span style=\"font-weight: 400;\">El seguro de vida le permite nombrar a sus beneficiarios, a quienes se transfieren directamente los activos cuando usted fallece. Este planteamiento puede ser beneficioso si tiene un patrimonio limitado o quiere asegurarse de que un hijo concreto reciba la parte que usted cree que merece.<\/span><\/p>\n<p><span style=\"font-weight: 400;\">La p\u00f3liza de seguro de vida proporciona una prestaci\u00f3n por fallecimiento que se abona a los beneficiarios en caso de fallecimiento. Puede nombrar a sus hijos como beneficiarios y asignar un porcentaje espec\u00edfico de la prestaci\u00f3n por defunci\u00f3n a cada uno de ellos.<\/span><\/p>\n<h3>Propiedad<\/h3>\n<p><span style=\"font-weight: 400;\">Si tiene propiedades inmobiliarias o de otro tipo, puede estructurar la propiedad de forma que se produzca un reparto desigual. Por ejemplo, podr\u00eda transferir la propiedad de una casa de vacaciones a un hijo y dejar otros bienes a sus otros hijos.<\/span><\/p>\n<h2>Consideraciones Legales<\/h2>\n<p><span style=\"font-weight: 400;\">Es esencial comprender las implicaciones jur\u00eddicas de distribuir su patrimonio de forma desigual. En Virginia, por ejemplo, los hijos tienen derecho legal a heredar de sus padres, y un testamento que desherede a un hijo puede ser impugnado ante los tribunales. Para evitar complicaciones legales, es vital trabajar con un abogado especializado en planificaci\u00f3n patrimonial para asegurarse de que su plan sucesorio sea legalmente v\u00e1lido y ejecutable.<\/span><\/p>\n<p><span style=\"font-weight: 400;\">Tambi\u00e9n es esencial comunicar su plan de sucesi\u00f3n a sus hijos y familiares. El reparto desigual puede ser un tema delicado y emocional, por lo que es necesario explicar los motivos de forma clara y honesta. Esto puede ayudar a evitar conflictos y malentendidos en el futuro.<\/span><\/p>\n<p><span style=\"font-weight: 400;\">Crear un plan sucesorio que prevea una distribuci\u00f3n desigual puede ser complejo y emocionalmente dif\u00edcil. Buscar la ayuda de un abogado competente en planificaci\u00f3n patrimonial en Manassas, Virginia, puede ayudar a garantizar que sus deseos se reflejen con precisi\u00f3n en su plan de sucesi\u00f3n. Tambi\u00e9n pueden ayudarle a superar posibles problemas legales y orientarle sobre las mejores estrategias para alcanzar sus objetivos.<\/span><\/p>\n<h2>Planificaci\u00f3n Patrimonial Con The Irving Law Firm<\/h2>\n<p><span style=\"font-weight: 400;\">Si usted est\u00e1 buscando ayuda profesional con la planificaci\u00f3n patrimonial, <a href=\"http:\/\/theirvinglawfirm.com\/es\">The Irving Law Firm<\/a> en Manassas, Virginia es una excelente opci\u00f3n. La firma cuenta con abogados expertos en planificaci\u00f3n patrimonial que pueden ayudarle a crear un plan patrimonial que satisfaga sus necesidades y objetivos. <\/span><\/p>\n<p><span style=\"font-weight: 400;\">Comprenden las dificultades y complejidades de distribuir partes desiguales entre sus hijos y pueden ayudarle a sortear los requisitos legales y las posibles dificultades. Con su orientaci\u00f3n y experiencia, puede crear un plan de sucesi\u00f3n que prevea lo mejor para sus seres queridos, garantizando al mismo tiempo el cumplimiento de sus deseos.<\/span><\/p>\n<h2>Resumen<\/h2>\n<p><span style=\"font-weight: 400;\">La planificaci\u00f3n patrimonial suele implicar dividir los bienes equitativamente entre los herederos, pero \u00bfqu\u00e9 ocurre cuando un padre quiere repartir su patrimonio de forma desigual entre sus hijos? En este art\u00edculo se analizan las principales consideraciones y estrategias que deben tenerse en cuenta a la hora de planificar la sucesi\u00f3n. Las estrategias incluyen la desheredaci\u00f3n, las donaciones directas, los fideicomisos, los seguros de vida y la propiedad de bienes.<\/span><\/p>\n<p><span style=\"font-weight: 400;\">Comprender las implicaciones jur\u00eddicas de distribuir los bienes de forma desigual es esencial, ya que los hijos pueden tener derecho legal a heredar de sus padres. Trabajar con un abogado especializado en planificaci\u00f3n patrimonial puede ayudar a garantizar que el plan sucesorio sea legalmente v\u00e1lido y ejecutable, mientras que comunicar el plan sucesorio a la familia puede ayudar a evitar conflictos y malentendidos en el futuro. <\/span><\/p>\n<p><span style=\"font-weight: 400;\">Buscar la ayuda de un abogado calificado en planificaci\u00f3n patrimonial, como The Irving Law Firm en Manassas, Virginia, puede ayudar a crear un plan patrimonial que satisfaga las necesidades y objetivos mientras navega por los requisitos legales y los desaf\u00edos potenciales.<\/span><\/p>\n<p><a href=\"https:\/\/www.theirvinglawfirm.com\/es\/abogado-de-planificacion-patrimonial\/por-que-es-necesario-un-poder\/\">Explore Este Tema En Profundidad<\/a><\/p>\n","protected":false},"excerpt":{"rendered":"<p>La planificaci\u00f3n patrimonial suele asociarse a la distribuci\u00f3n justa y  [&#8230;]<\/p>\n","protected":false},"author":3,"featured_media":0,"parent":8797,"menu_order":0,"comment_status":"closed","ping_status":"closed","template":"","meta":{"_analytify_skip_tracking":false,"rank_math_title":"Planificaci\u00f3n Patrimonial: Divisi\u00f3n Desigual Entre Los Hijos | The Irving Law Firm","rank_math_description":"La distribuci\u00f3n desigual de bienes a los hijos durante la planificaci\u00f3n patrimonial es un reto, pero posible con estas estrategias. Siga leyendo para saber m\u00e1s.","rank_math_focus_keyword":"planificaci\u00f3n patrimonial","rank_math_canonical_url":"","footnotes":""},"class_list":["post-12335","page","type-page","status-publish","hentry"],"acf":[],"_links":{"self":[{"href":"https:\/\/www.theirvinglawfirm.com\/es\/wp-json\/wp\/v2\/pages\/12335","targetHints":{"allow":["GET"]}}],"collection":[{"href":"https:\/\/www.theirvinglawfirm.com\/es\/wp-json\/wp\/v2\/pages"}],"about":[{"href":"https:\/\/www.theirvinglawfirm.com\/es\/wp-json\/wp\/v2\/types\/page"}],"author":[{"embeddable":true,"href":"https:\/\/www.theirvinglawfirm.com\/es\/wp-json\/wp\/v2\/users\/3"}],"replies":[{"embeddable":true,"href":"https:\/\/www.theirvinglawfirm.com\/es\/wp-json\/wp\/v2\/comments?post=12335"}],"version-history":[{"count":0,"href":"https:\/\/www.theirvinglawfirm.com\/es\/wp-json\/wp\/v2\/pages\/12335\/revisions"}],"up":[{"embeddable":true,"href":"https:\/\/www.theirvinglawfirm.com\/es\/wp-json\/wp\/v2\/pages\/8797"}],"wp:attachment":[{"href":"https:\/\/www.theirvinglawfirm.com\/es\/wp-json\/wp\/v2\/media?parent=12335"}],"curies":[{"name":"wp","href":"https:\/\/api.w.org\/{rel}","templated":true}]}}