{"id":12262,"date":"2023-08-10T23:54:13","date_gmt":"2023-08-10T23:54:13","guid":{"rendered":"https:\/\/www.theirvinglawfirm.com\/?page_id=12262"},"modified":"2024-03-05T18:12:49","modified_gmt":"2024-03-05T18:12:49","slug":"actualizacion-de-documentos-de-planificacion-patrimonial-al-mudarse-a-virginia","status":"publish","type":"page","link":"https:\/\/www.theirvinglawfirm.com\/es\/areas-de-practica\/abogado-de-planificacion-patrimonial\/actualizacion-de-documentos-de-planificacion-patrimonial-al-mudarse-a-virginia\/","title":{"rendered":"Actualizaci\u00f3n De Los Documentos De Planificaci\u00f3n Patrimonial Al Mudarse A Virginia"},"content":{"rendered":"<p><span style=\"font-weight: 400;\">Cuando se muda a un nuevo estado, tiene que tener en cuenta muchas cosas, incluida la revisi\u00f3n de sus documentos sucesorios. Virginia, como todos los estados, tiene leyes espec\u00edficas que regulan la <a href=\"https:\/\/economipedia.com\/definiciones\/planificacion-patrimonial.html\" target=\"_blank\" rel=\"noopener\">planificaci\u00f3n patrimonial<\/a>\u00a0y la sucesi\u00f3n. Este art\u00edculo explorar\u00e1 por qu\u00e9 necesita cambiar sus documentos de sucesi\u00f3n si recientemente ha hecho de Manassas, Virginia, su residencia permanente.<\/span><\/p>\n<p><img decoding=\"async\" class=\"alignnone size-full wp-image-12304\" src=\"https:\/\/www.theirvinglawfirm.com\/wp-content\/uploads\/2023\/08\/si-se-ha-mudado-al-estado-de-virginia-consulte-con-un-abogado-confiable-y-experimentado-sobre-su-planificacion-patrimonial-y-que-documentos-necesita.jpg\" alt=\"Si Se Ha Mudado Al Estado De Virginia, Consulte Con Un Abogado Confiable Y Experimentado Sobre Su Planificaci\u00f3n Patrimonial Y Qu\u00e9 Documentos Necesita\" width=\"100%\" height=\"934\" srcset=\"https:\/\/www.theirvinglawfirm.com\/wp-content\/uploads\/2023\/08\/si-se-ha-mudado-al-estado-de-virginia-consulte-con-un-abogado-confiable-y-experimentado-sobre-su-planificacion-patrimonial-y-que-documentos-necesita-200x133.jpg 200w, https:\/\/www.theirvinglawfirm.com\/wp-content\/uploads\/2023\/08\/si-se-ha-mudado-al-estado-de-virginia-consulte-con-un-abogado-confiable-y-experimentado-sobre-su-planificacion-patrimonial-y-que-documentos-necesita-300x200.jpg 300w, https:\/\/www.theirvinglawfirm.com\/wp-content\/uploads\/2023\/08\/si-se-ha-mudado-al-estado-de-virginia-consulte-con-un-abogado-confiable-y-experimentado-sobre-su-planificacion-patrimonial-y-que-documentos-necesita-400x267.jpg 400w, https:\/\/www.theirvinglawfirm.com\/wp-content\/uploads\/2023\/08\/si-se-ha-mudado-al-estado-de-virginia-consulte-con-un-abogado-confiable-y-experimentado-sobre-su-planificacion-patrimonial-y-que-documentos-necesita-600x400.jpg 600w, https:\/\/www.theirvinglawfirm.com\/wp-content\/uploads\/2023\/08\/si-se-ha-mudado-al-estado-de-virginia-consulte-con-un-abogado-confiable-y-experimentado-sobre-su-planificacion-patrimonial-y-que-documentos-necesita-768x512.jpg 768w, https:\/\/www.theirvinglawfirm.com\/wp-content\/uploads\/2023\/08\/si-se-ha-mudado-al-estado-de-virginia-consulte-con-un-abogado-confiable-y-experimentado-sobre-su-planificacion-patrimonial-y-que-documentos-necesita-800x534.jpg 800w, https:\/\/www.theirvinglawfirm.com\/wp-content\/uploads\/2023\/08\/si-se-ha-mudado-al-estado-de-virginia-consulte-con-un-abogado-confiable-y-experimentado-sobre-su-planificacion-patrimonial-y-que-documentos-necesita-1024x683.jpg 1024w, https:\/\/www.theirvinglawfirm.com\/wp-content\/uploads\/2023\/08\/si-se-ha-mudado-al-estado-de-virginia-consulte-con-un-abogado-confiable-y-experimentado-sobre-su-planificacion-patrimonial-y-que-documentos-necesita-1200x801.jpg 1200w, https:\/\/www.theirvinglawfirm.com\/wp-content\/uploads\/2023\/08\/si-se-ha-mudado-al-estado-de-virginia-consulte-con-un-abogado-confiable-y-experimentado-sobre-su-planificacion-patrimonial-y-que-documentos-necesita.jpg 1400w\" sizes=\"(max-width: 1400px) 100vw, 1400px\" \/><\/p>\n<h2>Visi\u00f3n General De Los Documentos De Planificaci\u00f3n Patrimonial<\/h2>\n<p><span style=\"font-weight: 400;\">La planificaci\u00f3n patrimonial es fundamental para prepararse para el futuro, y disponer de los documentos legales adecuados puede darle tranquilidad. En The Irving Law Firm, los abogados de planificaci\u00f3n patrimonial pueden ayudarle a crear o actualizar los siguientes documentos patrimoniales esenciales.<\/span><\/p>\n<h3>Testamento<\/h3>\n<p><span style=\"font-weight: 400;\">El testamento es un documento legal que establece c\u00f3mo desea que se distribuyan sus bienes tras su fallecimiento. Sin testamento, sus bienes se distribuir\u00e1n de acuerdo con las leyes de sucesi\u00f3n intestada de Virginia, que pueden no coincidir con sus deseos.<\/span><\/p>\n<h3>Fideicomiso<\/h3>\n<p><span style=\"font-weight: 400;\">Se trata de un contrato en el que un fideicomisario asume la responsabilidad y gestiona los activos en beneficio de sus beneficiarios. Los fideicomisos pueden ayudar a minimizar los impuestos sobre el patrimonio, atender a menores, beneficiarios o personas con necesidades especiales, y proteger sus bienes de los acreedores.<\/span><\/p>\n<h3>Poder De Representaci\u00f3n<\/h3>\n<p><span style=\"font-weight: 400;\">Documento legal que permite a otra persona tomar decisiones financieras o m\u00e9dicas si usted queda incapacitado. Este documento puede ayudar a garantizar que se cumplan sus deseos, incluso si usted no puede comunicarlos.<\/span><\/p>\n<h3>Directiva M\u00e9dica Anticipada<\/h3>\n<p><span style=\"font-weight: 400;\">Se trata de un documento legal que recoge sus deseos m\u00e9dicos en caso de que quede incapacitado y no pueda comunicarlos por s\u00ed mismo. Este documento puede orientar a sus profesionales sanitarios y seres queridos sobre sus deseos al final de la vida.<\/span><\/p>\n<p><span style=\"font-weight: 400;\">Disponer de estos documentos patrimoniales puede ayudarle a proteger sus bienes, mantener a sus seres queridos y garantizar que se cumplan sus deseos en caso de incapacidad o fallecimiento. <\/span><\/p>\n<h2>Por Qu\u00e9 Debe Revisar Sus Documentos De Planificaci\u00f3n Patrimonial<\/h2>\n<p><span style=\"font-weight: 400;\">Si se ha mudado recientemente a Virginia, puede que necesite revisar sus documentos sucesorios por los siguientes motivos:<\/span><\/p>\n<h3>Leyes Del Estado<\/h3>\n<p><span style=\"font-weight: 400;\">Cada estado tiene leyes diferentes que regulan la planificaci\u00f3n patrimonial y la sucesi\u00f3n. Por lo tanto, es esencial revisar sus documentos sucesorios para que cumplan las leyes de Virginia. Actualizar sus documentos los hace v\u00e1lidos ya que mudarse permanentemente a otro estado es una de las decisiones que le han cambiado la vida.<\/span><\/p>\n<h3>Impuestos Sobre El Patrimonio<\/h3>\n<p><span style=\"font-weight: 400;\">El impuesto de sucesiones de Virginia se aplica a las herencias valoradas por encima de un determinado umbral. Si su patrimonio tiene un valor igual o superior a este umbral, es posible que tenga que revisar sus documentos sucesorios para minimizar los impuestos sobre el patrimonio. Es esencial conocer las leyes del impuesto sobre el patrimonio en Virginia, ya que pueden afectar significativamente a su planificaci\u00f3n patrimonial. <\/span><\/p>\n<p><span style=\"font-weight: 400;\">El Departamento de Impuestos de Virginia ofrece informaci\u00f3n sobre el impuesto de sucesiones, incluidas exenciones, tipos y requisitos de presentaci\u00f3n. Un <a href=\"https:\/\/www.theirvinglawfirm.com\/es\/abogado-de-planificacion-patrimonial\/\">abogado experto en planificaci\u00f3n patrimonial<\/a> tambi\u00e9n puede ofrecer asesoramiento personalizado sobre impuestos sucesorios y otras cuestiones de planificaci\u00f3n patrimonial.<\/span><\/p>\n<h3>Propiedad<\/h3>\n<p><span style=\"font-weight: 400;\">Cuando se muda a otro estado, es posible que tenga que revisar sus documentos sucesorios para reflejar los cambios en la titularidad de los bienes. Por ejemplo, si compr\u00f3 una casa nueva en Manassas, Virginia, debe actualizar su testamento para incluir esta propiedad.<\/span><\/p>\n<h3>Designaci\u00f3n De Beneficiarios<\/h3>\n<p><span style=\"font-weight: 400;\">La designaci\u00f3n de beneficiarios en cuentas financieras, p\u00f3lizas de seguro de vida y planes de jubilaci\u00f3n suele ser espec\u00edfica de cada estado. Virginia permite la transferencia de activos a los beneficiarios designados sin someterse a un proceso testamentario. Por lo tanto, es posible que tenga que revisar sus designaciones de beneficiarios para asegurarse de que sus activos van a parar a las personas adecuadas.<\/span><\/p>\n<h3>Apoderamiento Sanitario<\/h3>\n<p><span style=\"font-weight: 400;\">Si tiene un poder para la atenci\u00f3n sanitaria o una directiva m\u00e9dica anticipada, es posible que tenga que revisarlo para cumplir con las leyes de Virginia. Es mejor entender las leyes de Virginia y las directivas m\u00e9dicas para asegurarse de que est\u00e1 cumpliendo con sus leyes antes de crear una. <\/span><\/p>\n<h3>Poder De Representaci\u00f3n<\/h3>\n<p><span style=\"font-weight: 400;\">El poder notarial se acepta en todos los estados. Cada Estado puede tener sus propias normas y requisitos para crear uno. Virginia es uno de los estados que han aplicado la Ley de Poder Uniforme. <\/span><\/p>\n<h2>Revisi\u00f3n De Sus Documentos Patrimoniales Con The Irving Law Firm<\/h2>\n<p><span style=\"font-weight: 400;\"><a href=\"http:\/\/theirvinglawfirm.com\/es\">The Irving Law Firm<\/a> est\u00e1 aqu\u00ed para ayudarle a revisar o actualizar sus documentos patrimoniales si se ha mudado recientemente a Manassas, Virginia, o a las zonas cercanas. Sus experimentados abogados especializados en planificaci\u00f3n patrimonial tratan a cada cliente de forma personalizada. <\/span><\/p>\n<p><span style=\"font-weight: 400;\">Adem\u00e1s, trabajan con usted para asegurarse de que sus documentos cumplen las leyes de Virginia y reflejan sus deseos actuales. Comprenden que la planificaci\u00f3n patrimonial puede ser compleja y emotiva, por lo que se esfuerzan por que el proceso sea lo m\u00e1s fluido y libre de estr\u00e9s posible.<\/span><\/p>\n<h2>Resumen<\/h2>\n<p><span style=\"font-weight: 400;\">Mudarse a un nuevo estado es un momento excelente para revisar y modificar sus documentos patrimoniales. Es esencial asegurarse de que sus documentos de sucesi\u00f3n cumplen las leyes de su nuevo estado, reflejan los cambios en la titularidad de los bienes e incluyen las designaciones correctas de beneficiarios. <\/span><\/p>\n<p><span style=\"font-weight: 400;\">Por lo tanto, si se ha mudado recientemente a Virginia, es buena idea consultar con un abogado para revisar y modificar sus documentos sucesorios. Recuerde que sus documentos sucesorios son documentos legales esenciales que pueden proteger sus bienes, cuidados y deseos. <\/span><\/p>\n<p><span style=\"font-weight: 400;\">Revisar y modificar los documentos de su plan de sucesi\u00f3n es vital, sobre todo despu\u00e9s de acontecimientos vitales importantes, como mudarse a otro estado. Por lo tanto, si se ha mudado recientemente a Virginia o tiene previsto hacerlo, considere la posibilidad de revisar sus documentos sucesorios con la ayuda de un abogado experto en planificaci\u00f3n patrimonial.<\/span><\/p>\n<p><a href=\"https:\/\/www.theirvinglawfirm.com\/es\/abogado-de-planificacion-patrimonial\/necesita-un-testamento-en-virginia\/\">Sepa M\u00e1s Sobre Planificaci\u00f3n Patrimonial En Detalle<\/a><\/p>\n","protected":false},"excerpt":{"rendered":"<p>Cuando se muda a un nuevo estado, tiene que tener  [&#8230;]<\/p>\n","protected":false},"author":3,"featured_media":0,"parent":8797,"menu_order":0,"comment_status":"closed","ping_status":"closed","template":"","meta":{"_analytify_skip_tracking":false,"rank_math_title":"Planificaci\u00f3n Patrimonial: Revisi\u00f3n De Documentos Al Mudarse A Virginia | The Irving Law Firm","rank_math_description":"Si se ha mudado recientemente a Virginia, necesita revisar sus documentos de planificaci\u00f3n patrimonial. Aprenda c\u00f3mo The Irving Law Firm puede ayudar a actualizarlos.","rank_math_focus_keyword":"planificaci\u00f3n patrimonial","rank_math_canonical_url":"","footnotes":""},"class_list":["post-12262","page","type-page","status-publish","hentry"],"acf":[],"_links":{"self":[{"href":"https:\/\/www.theirvinglawfirm.com\/es\/wp-json\/wp\/v2\/pages\/12262","targetHints":{"allow":["GET"]}}],"collection":[{"href":"https:\/\/www.theirvinglawfirm.com\/es\/wp-json\/wp\/v2\/pages"}],"about":[{"href":"https:\/\/www.theirvinglawfirm.com\/es\/wp-json\/wp\/v2\/types\/page"}],"author":[{"embeddable":true,"href":"https:\/\/www.theirvinglawfirm.com\/es\/wp-json\/wp\/v2\/users\/3"}],"replies":[{"embeddable":true,"href":"https:\/\/www.theirvinglawfirm.com\/es\/wp-json\/wp\/v2\/comments?post=12262"}],"version-history":[{"count":0,"href":"https:\/\/www.theirvinglawfirm.com\/es\/wp-json\/wp\/v2\/pages\/12262\/revisions"}],"up":[{"embeddable":true,"href":"https:\/\/www.theirvinglawfirm.com\/es\/wp-json\/wp\/v2\/pages\/8797"}],"wp:attachment":[{"href":"https:\/\/www.theirvinglawfirm.com\/es\/wp-json\/wp\/v2\/media?parent=12262"}],"curies":[{"name":"wp","href":"https:\/\/api.w.org\/{rel}","templated":true}]}}