{"id":12260,"date":"2023-08-10T23:51:29","date_gmt":"2023-08-10T23:51:29","guid":{"rendered":"https:\/\/www.theirvinglawfirm.com\/?page_id=12260"},"modified":"2024-03-05T18:23:11","modified_gmt":"2024-03-05T18:23:11","slug":"no-dejar-nada-a-su-hijo-en-planificacion-patrimonial","status":"publish","type":"page","link":"https:\/\/www.theirvinglawfirm.com\/es\/areas-de-practica\/abogado-de-planificacion-patrimonial\/no-dejar-nada-a-su-hijo-en-planificacion-patrimonial\/","title":{"rendered":"Planificaci\u00f3n Patrimonial: No Dejarle Nada A Su Hijo"},"content":{"rendered":"<p><span style=\"font-weight: 400;\">La <a href=\"https:\/\/economipedia.com\/definiciones\/planificacion-patrimonial.html\" target=\"_blank\" rel=\"noopener\">planificaci\u00f3n patrimonial <\/a>puede ser un proceso complicado, pero le garantiza la distribuci\u00f3n de sus bienes de acuerdo con sus deseos en caso de fallecimiento. Sin embargo, \u00bfqu\u00e9 ocurre cuando tienes un hijo al que no quiere dejarle nada? No es un pensamiento agradable, pero es una situaci\u00f3n en la que pueden encontrarse algunas personas. <\/span><\/p>\n<p><span style=\"font-weight: 400;\">Este art\u00edculo explorar\u00e1 las consideraciones legales de excluir a un ni\u00f1o de la herencia y qu\u00e9 opciones alternativas tiene en Manassas, Virginia.<\/span><\/p>\n<p><img decoding=\"async\" class=\"alignnone size-full wp-image-12290\" src=\"https:\/\/www.theirvinglawfirm.com\/wp-content\/uploads\/2023\/08\/consulte-con-un-abogado-de-planificacion-patrimonial-cuales-son-sus-opciones-legales-si-no-pretende-dejarle-sus-bienes-a-sus-hijos.jpg\" alt=\"Consulte Con Un Abogado De Planificaci\u00f3n Patrimonial Cu\u00e1les Son Sus Opciones Legales Si No Pretende Dejarle Sus Bienes A Sus Hijos\" width=\"100%\" height=\"933\" srcset=\"https:\/\/www.theirvinglawfirm.com\/wp-content\/uploads\/2023\/08\/consulte-con-un-abogado-de-planificacion-patrimonial-cuales-son-sus-opciones-legales-si-no-pretende-dejarle-sus-bienes-a-sus-hijos-200x133.jpg 200w, https:\/\/www.theirvinglawfirm.com\/wp-content\/uploads\/2023\/08\/consulte-con-un-abogado-de-planificacion-patrimonial-cuales-son-sus-opciones-legales-si-no-pretende-dejarle-sus-bienes-a-sus-hijos-300x200.jpg 300w, https:\/\/www.theirvinglawfirm.com\/wp-content\/uploads\/2023\/08\/consulte-con-un-abogado-de-planificacion-patrimonial-cuales-son-sus-opciones-legales-si-no-pretende-dejarle-sus-bienes-a-sus-hijos-400x267.jpg 400w, https:\/\/www.theirvinglawfirm.com\/wp-content\/uploads\/2023\/08\/consulte-con-un-abogado-de-planificacion-patrimonial-cuales-son-sus-opciones-legales-si-no-pretende-dejarle-sus-bienes-a-sus-hijos-600x400.jpg 600w, https:\/\/www.theirvinglawfirm.com\/wp-content\/uploads\/2023\/08\/consulte-con-un-abogado-de-planificacion-patrimonial-cuales-son-sus-opciones-legales-si-no-pretende-dejarle-sus-bienes-a-sus-hijos-768x512.jpg 768w, https:\/\/www.theirvinglawfirm.com\/wp-content\/uploads\/2023\/08\/consulte-con-un-abogado-de-planificacion-patrimonial-cuales-son-sus-opciones-legales-si-no-pretende-dejarle-sus-bienes-a-sus-hijos-800x533.jpg 800w, https:\/\/www.theirvinglawfirm.com\/wp-content\/uploads\/2023\/08\/consulte-con-un-abogado-de-planificacion-patrimonial-cuales-son-sus-opciones-legales-si-no-pretende-dejarle-sus-bienes-a-sus-hijos-1024x682.jpg 1024w, https:\/\/www.theirvinglawfirm.com\/wp-content\/uploads\/2023\/08\/consulte-con-un-abogado-de-planificacion-patrimonial-cuales-son-sus-opciones-legales-si-no-pretende-dejarle-sus-bienes-a-sus-hijos-1200x800.jpg 1200w, https:\/\/www.theirvinglawfirm.com\/wp-content\/uploads\/2023\/08\/consulte-con-un-abogado-de-planificacion-patrimonial-cuales-son-sus-opciones-legales-si-no-pretende-dejarle-sus-bienes-a-sus-hijos.jpg 1400w\" sizes=\"(max-width: 1400px) 100vw, 1400px\" \/><\/p>\n<h2>Consideraciones Legales<\/h2>\n<p><span style=\"font-weight: 400;\">Antes de decidir excluir a un hijo de su plan sucesorio, es esencial considerar las implicaciones legales. Dependiendo de las leyes de su estado, su hijo puede tener derecho legal a heredar algunos de sus bienes, independientemente de lo que diga su testamento.<\/span><\/p>\n<p><span style=\"font-weight: 400;\">Por ejemplo, en Virginia y en algunos estados, si solo tiene un hijo y lo excluye de su testamento, a\u00fan puede tener derecho a una parte de su patrimonio. En otros estados, los hijos tienen derecho a un determinado porcentaje del patrimonio de sus padres, independientemente del n\u00famero de hermanos que tengan o de si fueron incluidos en el testamento.<\/span><\/p>\n<p><span style=\"font-weight: 400;\">Trabajar con un abogado de planificaci\u00f3n patrimonial en Manassas, Virginia es crucial para hacer v\u00e1lidos sus deseos de excluir a su hijo de su plan patrimonial.<\/span><\/p>\n<h2>Opciones Alternativas<\/h2>\n<p><span style=\"font-weight: 400;\">Si ha decidido no dejar nada a su hijo en su plan sucesorio, hay opciones alternativas que puede considerar.<\/span><\/p>\n<h3>Desheredaci\u00f3n<\/h3>\n<p><span style=\"font-weight: 400;\">Una opci\u00f3n es la desheredaci\u00f3n, en la que usted declara expl\u00edcitamente en su testamento que no desea que su hijo reciba parte alguna de su patrimonio. En Virginia, ning\u00fan estatuto espec\u00edfico permite desheredar a un hijo. En general, los padres pueden dejar sus bienes a quien deseen mediante un testamento o fideicomiso v\u00e1lido. <\/span><\/p>\n<p><span style=\"font-weight: 400;\">Sin embargo, si un progenitor fallece sin testamento, las leyes de sucesi\u00f3n intestada de Virginia determinan c\u00f3mo se distribuir\u00e1n sus bienes, y ciertos herederos pueden tener derecho a heredar. En algunas situaciones, la desheredaci\u00f3n de un hijo puede ser impugnada ante los tribunales por el hijo desheredado u otros familiares. <\/span><\/p>\n<p><span style=\"font-weight: 400;\">Si est\u00e1 pensando en desheredar a un hijo, es esencial que consulte con un abogado experto en planificaci\u00f3n patrimonial en Manassas, Virginia, para asegurarse de que sus deseos est\u00e1n claramente expresados en sus documentos de planificaci\u00f3n patrimonial y de que tiene una base legal s\u00f3lida para su decisi\u00f3n.<\/span><\/p>\n<h3>Creaci\u00f3n De Un Fideicomiso<\/h3>\n<p><span style=\"font-weight: 400;\">Los fideicomisos pueden ayudar eficazmente a su hijo, al tiempo que le dan a usted el control sobre el uso del dinero. Por ejemplo, puede crear un fideicomiso que proporcione a su hijo unos ingresos regulares, pero cuyo capital permanezca intacto hasta despu\u00e9s de su fallecimiento. Esto le permite asegurarse de que sus bienes est\u00e1n protegidos y se utilizan de forma acorde con sus deseos.<\/span><\/p>\n<h3>Donaciones Ben\u00e9ficas<\/h3>\n<p><span style=\"font-weight: 400;\">Por \u00faltimo, puede donar sus activos a una organizaci\u00f3n ben\u00e9fica o a una causa que le interese. Esta puede ser una excelente manera de dejar un impacto duradero y garantizar que sus activos se utilicen para un bien mayor. Las donaciones ben\u00e9ficas tambi\u00e9n ofrecen posibles ventajas fiscales, lo que las convierte en una opci\u00f3n atractiva para algunos.<\/span><\/p>\n<p><span style=\"font-weight: 400;\">Sea cual sea su opci\u00f3n, trabajar con un abogado experto en planificaci\u00f3n patrimonial es esencial para asegurarse de que cumple sus deseos legalmente y de que distribuye sus bienes de acuerdo con sus prioridades. Un abogado puede ayudarle a navegar por las consideraciones legales y determinar el mejor enfoque para su situaci\u00f3n.<\/span><\/p>\n<h2>C\u00f3mo The Irving Law Firm Puede Guiarle En Su Planificaci\u00f3n Patrimonial<\/h2>\n<p><span style=\"font-weight: 400;\">Si est\u00e1 considerando planificar su patrimonio y quiere asegurarse de que sus deseos sean legalmente ejecutables, <a href=\"http:\/\/theirvinglawfirm.com\/es\">The Irving Law Firm<\/a> de Manassas, Virginia, puede guiarle a trav\u00e9s del proceso. Tienen amplia experiencia en planificaci\u00f3n patrimonial y pueden ayudarle a crear un plan que refleje sus valores y prioridades. <\/span><\/p>\n<p><span style=\"font-weight: 400;\">La firma tambi\u00e9n puede ayudarle a navegar por las consideraciones legales de excluir a un hijo de su plan sucesorio, asegur\u00e1ndose de cumplir sus deseos. Con su experiencia y enfoque personalizado, The Irving Law Firm puede proporcionar la orientaci\u00f3n que necesita para tomar decisiones informadas acerca de su plan de sucesi\u00f3n.<\/span><\/p>\n<h2>Resumen<\/h2>\n<p><span style=\"font-weight: 400;\">La planificaci\u00f3n patrimonial es esencial para garantizar que distribuye sus bienes de acuerdo con sus deseos tras el fallecimiento. Sin embargo, si tienes un hijo al que no quieres dejarle nada, hay consideraciones legales que debes tener en cuenta. Dependiendo de las leyes de su estado, su hijo puede tener derecho legal a heredar algunos de sus bienes, independientemente de lo que diga su testamento. <\/span><\/p>\n<p><span style=\"font-weight: 400;\">Para excluir a un hijo de su plan sucesorio, es crucial trabajar con un<a href=\"https:\/\/www.theirvinglawfirm.com\/es\/abogado-de-planificacion-patrimonial\/\"> abogado especializado en planificaci\u00f3n patrimonial<\/a> para hacer cumplir legalmente sus deseos. La desheredaci\u00f3n es una opci\u00f3n, pero puede ser impugnada por el hijo desheredado u otros familiares ante los tribunales. Crear un fideicomiso o donar a una organizaci\u00f3n ben\u00e9fica son otras opciones a considerar. <\/span><\/p>\n<p><span style=\"font-weight: 400;\">Trabajar con un abogado experto en planificaci\u00f3n patrimonial en Manassas, Virginia, puede ayudar a garantizar que sus deseos se cumplan de acuerdo con sus especificaciones.<\/span><\/p>\n<p><a href=\"https:\/\/www.theirvinglawfirm.com\/es\/abogado-de-planificacion-patrimonial\/planificacion-patrimonial-con-hijos-menores-en-va\/\">Acceda A Una Exploraci\u00f3n M\u00e1s Profunda<\/a><\/p>\n","protected":false},"excerpt":{"rendered":"<p>La planificaci\u00f3n patrimonial puede ser un proceso complicado, pero le  [&#8230;]<\/p>\n","protected":false},"author":3,"featured_media":0,"parent":8797,"menu_order":0,"comment_status":"closed","ping_status":"closed","template":"","meta":{"_analytify_skip_tracking":false,"rank_math_title":"Planificaci\u00f3n Patrimonial: No Dejarle Sus Bienes A Su Hijo | The Irving Law Firm","rank_math_description":"La planificaci\u00f3n patrimonial puede resultar complicada cuando se excluye a un hijo del plan. Conozca las consideraciones legales y las opciones alternativas con esta gu\u00eda.","rank_math_focus_keyword":"planificaci\u00f3n patrimonial","rank_math_canonical_url":"","footnotes":""},"class_list":["post-12260","page","type-page","status-publish","hentry"],"acf":[],"_links":{"self":[{"href":"https:\/\/www.theirvinglawfirm.com\/es\/wp-json\/wp\/v2\/pages\/12260","targetHints":{"allow":["GET"]}}],"collection":[{"href":"https:\/\/www.theirvinglawfirm.com\/es\/wp-json\/wp\/v2\/pages"}],"about":[{"href":"https:\/\/www.theirvinglawfirm.com\/es\/wp-json\/wp\/v2\/types\/page"}],"author":[{"embeddable":true,"href":"https:\/\/www.theirvinglawfirm.com\/es\/wp-json\/wp\/v2\/users\/3"}],"replies":[{"embeddable":true,"href":"https:\/\/www.theirvinglawfirm.com\/es\/wp-json\/wp\/v2\/comments?post=12260"}],"version-history":[{"count":0,"href":"https:\/\/www.theirvinglawfirm.com\/es\/wp-json\/wp\/v2\/pages\/12260\/revisions"}],"up":[{"embeddable":true,"href":"https:\/\/www.theirvinglawfirm.com\/es\/wp-json\/wp\/v2\/pages\/8797"}],"wp:attachment":[{"href":"https:\/\/www.theirvinglawfirm.com\/es\/wp-json\/wp\/v2\/media?parent=12260"}],"curies":[{"name":"wp","href":"https:\/\/api.w.org\/{rel}","templated":true}]}}