{"id":12243,"date":"2023-08-16T01:18:54","date_gmt":"2023-08-16T01:18:54","guid":{"rendered":"https:\/\/www.theirvinglawfirm.com\/?page_id=12243"},"modified":"2024-06-04T13:27:20","modified_gmt":"2024-06-04T13:27:20","slug":"signal-bay-waterpark","status":"publish","type":"page","link":"https:\/\/www.theirvinglawfirm.com\/es\/signal-bay-waterpark\/","title":{"rendered":"Signal Bay Waterpark"},"content":{"rendered":"<p><iframe title=\"Reproductor de v\u00eddeo de YouTube\" src=\"https:\/\/www.youtube.com\/embed\/HSOv3V9KFUc\" width=\"100%\" height=\"450\" frameborder=\"0\" allowfullscreen=\"allowfullscreen\"><\/iframe><\/p>\n<p><span style=\"font-weight: 400;\">Signal Bay Waterpark en Manassas VA ha sido un favorito local durante muchos a\u00f1os. Este parque acu\u00e1tico de gesti\u00f3n familiar es un destino ideal para cualquiera que desee refrescarse del calor. Con su amplia gama de actividades y servicios, no es de extra\u00f1ar que tanta gente considere Signal Bay su destino preferido. Situado a las afueras de DC, el parque acu\u00e1tico cuenta con una gran variedad de atracciones que mantendr\u00e1n a los visitantes entretenidos durante todo el d\u00eda. <\/span><\/p>\n<h2>Visite El Signal Bay Waterpark<\/h2>\n<p><span style=\"font-weight: 400;\">Signal Bay, un para\u00edso de diversi\u00f3n para toda la familia, es una forma estupenda de crear buenos recuerdos veraniegos. Se ha convertido en uno de los destinos familiares m\u00e1s solicitados de Manassas VA. El parque ofrece algo para todo el mundo, desde ni\u00f1os peque\u00f1os a adultos que buscan un d\u00eda lleno de diversi\u00f3n. Lea a continuaci\u00f3n para saber por qu\u00e9 merece la pena visitar el parque acu\u00e1tico Signal Bay.<\/span><\/p>\n<h3>Atracciones De Signal Bay<\/h3>\n<p><span style=\"font-weight: 400;\">Con sus 27 hect\u00e1reas de extensi\u00f3n y sus numerosas actividades acu\u00e1ticas, el parque acu\u00e1tico Signal Bay es el destino perfecto para quienes buscan refrescarse en un entorno lleno de diversi\u00f3n. Este parque acu\u00e1tico familiar cuenta con divertidas instalaciones que mantienen a padres e hijos entretenidos durante horas. <\/span><\/p>\n<p><span style=\"font-weight: 400;\">Una de las mejores cosas del parque acu\u00e1tico Signal Bay es que est\u00e1 pensado para familias con ni\u00f1os peque\u00f1os. El parque cuenta con varias zonas infantiles donde los m\u00e1s peque\u00f1os pueden chapotear y jugar sin peligro. <\/span><\/p>\n<p><span style=\"font-weight: 400;\">Hay toboganes m\u00e1s peque\u00f1os y piscinas poco profundas dise\u00f1adas expl\u00edcitamente para los j\u00f3venes nadadores. Si busca algo m\u00e1s relajante, Signal Bay tambi\u00e9n cuenta con un r\u00edo lento en el que podr\u00e1 flotar y dejarse llevar por la suave corriente. <\/span><\/p>\n<h3>Instalaciones Del Parque Acu\u00e1tico<\/h3>\n<p><span style=\"font-weight: 400;\">El parque acu\u00e1tico Signal Bay cuenta con una gran variedad de servicios que lo convierten en un lugar ideal para la familia. Con numerosos servicios disponibles, los visitantes se lo pasar\u00e1n en grande chapoteando y tomando el sol. <\/span><\/p>\n<p><span style=\"font-weight: 400;\">El parque acu\u00e1tico cuenta con numerosas zonas de sombra, como sombrillas y tumbonas, donde podr\u00e1 relajarse y tomar el sol sin preocuparse por el calor o las quemaduras. Estas comodidades proporcionan el respiro perfecto del calor a la vez que le permiten disfrutar de todas las divertidas actividades que ofrece Signal Bay.<\/span><\/p>\n<p><span style=\"font-weight: 400;\">Adem\u00e1s de sombra, Signal Bay tambi\u00e9n ofrece c\u00f3modas duchas para los hu\u00e9spedes. Estas duchas se mantienen en buen estado y se limpian con regularidad para que est\u00e9n siempre listas para su uso. <\/span><\/p>\n<h3>Actividades Del Parque Acu\u00e1tico<\/h3>\n<p><span style=\"font-weight: 400;\">Con una amplia gama de actividades, este parque acu\u00e1tico promete una experiencia inolvidable para visitantes de todas las edades. En el parque acu\u00e1tico Signal Bay hay actividades para todos los gustos, como aer\u00f3bic Water Walking y clases de nataci\u00f3n para ni\u00f1os.<\/span><\/p>\n<p><span style=\"font-weight: 400;\">Si quiere mantenerse activo y divertirse al mismo tiempo, pruebe sus aer\u00f3bicos Water Walking. Esta emocionante actividad de fitness le permite hacer ejercicio mientras disfruta de las refrescantes aguas de nuestra piscina. <\/span><\/p>\n<p><span style=\"font-weight: 400;\">Sus instructores titulados le guiar\u00e1n a trav\u00e9s de diferentes movimientos y ejercicios para ayudarle a tonificar los m\u00fasculos y quemar calor\u00edas. Tanto si eres principiante como si ya tienes experiencia, sus clases de aer\u00f3bic acu\u00e1tico son aptas para todos los niveles.<\/span><\/p>\n<p><span style=\"font-weight: 400;\">Para los padres que quieran ense\u00f1ar a nadar a sus hijos, Signal Bay Waterpark ofrece clases de nataci\u00f3n para ni\u00f1os. Estas clases son impartidas por instructores titulados que dan prioridad a la seguridad y la diversi\u00f3n, al tiempo que ense\u00f1an a los ni\u00f1os habilidades esenciales para la nataci\u00f3n. Los ni\u00f1os pueden aprender a flotar, dar patadas, dar brazadas y respirar correctamente mientras ganan confianza en el agua.<\/span><\/p>\n<h3>Medidas De Seguridad<\/h3>\n<p><span style=\"font-weight: 400;\">El parque ofrece entretenimiento sin fin a los visitantes con sus emocionantes toboganes, el r\u00edo perezoso y los ca\u00f1ones de agua. Pero la seguridad debe ser siempre la m\u00e1xima prioridad entre tanta diversi\u00f3n y emoci\u00f3n. <\/span><\/p>\n<p><span style=\"font-weight: 400;\">Es por eso que Signal Bay Waterpark ha implementado medidas estrictas para garantizar que todos los hu\u00e9spedes en Manassas VA disfrutar de su experiencia mientras se mantiene a salvo. Una de estas medidas es la presencia de socorristas formados en todo el parque. <\/span><\/p>\n<p><span style=\"font-weight: 400;\">Estos socorristas se someten a amplios programas de formaci\u00f3n y certificaci\u00f3n para garantizar que poseen las aptitudes y conocimientos necesarios para responder con rapidez en caso de emergencia. Adem\u00e1s, Signal Bay Waterpark exige a todos los clientes que sigan unas normas y directrices espec\u00edficas al utilizar las instalaciones para mantener los niveles de seguridad. <\/span><\/p>\n<p><span style=\"font-weight: 400;\">Estas directrices abarcan aspectos como la vestimenta adecuada, las restricciones de edad para determinados toboganes y otra informaci\u00f3n importante que garantiza que todo el mundo pueda disfrutar de su tiempo en el parque de forma segura.<\/span><\/p>\n<h2>Resumen<\/h2>\n<p><span style=\"font-weight: 400;\"><a href=\"https:\/\/www.manassasparkcommunitycenter.com\/signal_bay_waterpark.php\" target=\"_blank\" rel=\"noopener\">El Signal Bay Waterpark<\/a> es ideal para familias con ni\u00f1os peque\u00f1os. Tiene algo para todos los gustos en Manassas VA, como los emocionantes toboganes, los ca\u00f1ones de agua y actividades tranquilas como el r\u00edo lento. <\/span><\/p>\n<p><span style=\"font-weight: 400;\">El parque ofrece un ambiente inmejorable de diversi\u00f3n y relajaci\u00f3n, y adem\u00e1s es asequible. No es de extra\u00f1ar que muchas familias elijan Signal Bay Waterpark para alejarse de todo y estrechar lazos en un entorno que fomenta la uni\u00f3n y la risa.<\/span><\/p>\n<p>Indicaciones Para Llegar En Auto Desde <a href=\"https:\/\/www.theirvinglawfirm.com\/es\">The Irving Law Firm<\/a> Hasta Signal Bay Waterpark<\/p>\n<p><iframe style=\"border: 0px; --darkreader-inline-border-top: initial; --darkreader-inline-border-right: initial; --darkreader-inline-border-bottom: initial; --darkreader-inline-border-left: initial;\" src=\"https:\/\/www.google.com\/maps\/embed?pb=!1m28!1m12!1m3!1d12446.024478819665!2d-77.4574543!3d38.75209415000001!2m3!1f0!2f0!3f0!3m2!1i1024!2i768!4f13.1!4m13!3e6!4m5!1s0x89b65b8a5c9334bb%3A0x1f3aa0d68fc65fda!2sThe%20Irving%20Law%20Firm%2C%209253%20Mosby%20St%202nd%20Floor%2C%20Manassas%2C%20VA%2020110%2C%20Estados%20Unidos!3m2!1d38.7531865!2d-77.47651599999999!4m5!1s0x89b65bbb61dc7607%3A0x26126557cf2b290e!2sSignal%20Bay%20Waterpark%2C%209300%20Signal%20View%20Dr%2C%20Manassas%20Park%2C%20VA%2020111%2C%20Estados%20Unidos!3m2!1d38.754503!2d-77.44081899999999!5e0!3m2!1ses!2sco!4v1691696340882!5m2!1ses!2sco\" width=\"600\" height=\"450\" allowfullscreen=\"allowfullscreen\"><\/iframe><\/p>\n<p>Indicaciones Para Llegar En Auto Desde Signal Bay Waterpark Hasta <a href=\"https:\/\/www.theirvinglawfirm.com\/es\/manassas-va\/badwolf-brewing-company\/\">BadWolf Brewing Company<\/a><\/p>\n<p><iframe style=\"border: 0px; --darkreader-inline-border-top: initial; --darkreader-inline-border-right: initial; --darkreader-inline-border-bottom: initial; --darkreader-inline-border-left: initial;\" src=\"https:\/\/www.google.com\/maps\/embed?pb=!1m28!1m12!1m3!1d49782.315795264876!2d-77.46704799999996!3d38.75464940000001!2m3!1f0!2f0!3f0!3m2!1i1024!2i768!4f13.1!4m13!3e6!4m5!1s0x89b65bbb61dc7607%3A0x26126557cf2b290e!2sSignal%20Bay%20Waterpark%2C%20Signal%20View%20Drive%2C%20Manassas%20Park%2C%20Virginia%2C%20EE.%20UU.!3m2!1d38.754503!2d-77.44081899999999!4m5!1s0x89b65c6bb49997f7%3A0x2a27fcacef6e1667!2sBadWolf%20Brewing%20Company%2C%20Center%20Street%2C%20Manassas%2C%20Virginia%2C%20EE.%20UU.!3m2!1d38.754174!2d-77.490166!5e0!3m2!1ses-419!2sco!4v1692758870410!5m2!1ses-419!2sco\" width=\"600\" height=\"450\" allowfullscreen=\"allowfullscreen\"><\/iframe><\/p>\n<p><a href=\"https:\/\/www.theirvinglawfirm.com\/es\/manassas-va\">Explore A Fondo Aqu\u00ed<\/a><\/p>\n","protected":false},"excerpt":{"rendered":"<p>Signal Bay Waterpark en Manassas VA ha sido un favorito  [&#8230;]<\/p>\n","protected":false},"author":3,"featured_media":0,"parent":0,"menu_order":0,"comment_status":"closed","ping_status":"closed","template":"","meta":{"_analytify_skip_tracking":false,"rank_math_title":"Sum\u00e9rgete En La Diversi\u00f3n En El Signal Bay Waterpark En Manassas Va | The Irving Law Firm","rank_math_description":"Explora un mundo de diversi\u00f3n en Signal Bay Waterpark en Manassas VA. Disfrute de una gran variedad de toboganes, piscinas y otras atracciones para toda la familia.","rank_math_focus_keyword":"Signal Bay","rank_math_canonical_url":"","footnotes":""},"class_list":["post-12243","page","type-page","status-publish","hentry"],"acf":[],"_links":{"self":[{"href":"https:\/\/www.theirvinglawfirm.com\/es\/wp-json\/wp\/v2\/pages\/12243","targetHints":{"allow":["GET"]}}],"collection":[{"href":"https:\/\/www.theirvinglawfirm.com\/es\/wp-json\/wp\/v2\/pages"}],"about":[{"href":"https:\/\/www.theirvinglawfirm.com\/es\/wp-json\/wp\/v2\/types\/page"}],"author":[{"embeddable":true,"href":"https:\/\/www.theirvinglawfirm.com\/es\/wp-json\/wp\/v2\/users\/3"}],"replies":[{"embeddable":true,"href":"https:\/\/www.theirvinglawfirm.com\/es\/wp-json\/wp\/v2\/comments?post=12243"}],"version-history":[{"count":0,"href":"https:\/\/www.theirvinglawfirm.com\/es\/wp-json\/wp\/v2\/pages\/12243\/revisions"}],"wp:attachment":[{"href":"https:\/\/www.theirvinglawfirm.com\/es\/wp-json\/wp\/v2\/media?parent=12243"}],"curies":[{"name":"wp","href":"https:\/\/api.w.org\/{rel}","templated":true}]}}