{"id":12089,"date":"2023-08-10T02:09:59","date_gmt":"2023-08-10T02:09:59","guid":{"rendered":"https:\/\/www.theirvinglawfirm.com\/?page_id=12089"},"modified":"2024-03-05T18:10:44","modified_gmt":"2024-03-05T18:10:44","slug":"que-es-un-poder-general-duradero","status":"publish","type":"page","link":"https:\/\/www.theirvinglawfirm.com\/es\/areas-de-practica\/abogado-de-planificacion-patrimonial\/que-es-un-poder-general-duradero\/","title":{"rendered":"\u00bfQu\u00e9 Es Un Poder General Duradero En La Planificaci\u00f3n Patrimonial?"},"content":{"rendered":"<p><span style=\"font-weight: 400;\">La <a href=\"https:\/\/economipedia.com\/definiciones\/planificacion-patrimonial.html\" target=\"_blank\" rel=\"noopener\">planificaci\u00f3n patrimonial<\/a> es un aspecto crucial de la vida de los residentes de Manassas, Virginia, ya que implica la preparaci\u00f3n de los asuntos de una persona. Se trata de garantizar que sus seres queridos sean atendidos tras su fallecimiento. Implica tomar decisiones cruciales en relaci\u00f3n con el reparto de bienes, decisiones sobre atenci\u00f3n sanitaria y asuntos financieros, entre otras cosas. <\/span><\/p>\n<p><span style=\"font-weight: 400;\">Un poder general duradero es un componente esencial de la planificaci\u00f3n patrimonial, y este blog analizar\u00e1 en qu\u00e9 consiste y por qu\u00e9 es tan importante.<\/span><\/p>\n<p><img decoding=\"async\" class=\"alignnone size-full wp-image-12193\" src=\"https:\/\/www.theirvinglawfirm.com\/wp-content\/uploads\/2023\/08\/sobre-que-trata-un-poder-general-duradero-en-la-planificacion-patrimonial-en-virginia.jpg\" alt=\"Sobre Qu\u00e9 Trata Un Poder General Duradero En La Planificaci\u00f3n Patrimonial En Virginia\" width=\"100%\" height=\"933\" srcset=\"https:\/\/www.theirvinglawfirm.com\/wp-content\/uploads\/2023\/08\/sobre-que-trata-un-poder-general-duradero-en-la-planificacion-patrimonial-en-virginia-200x133.jpg 200w, https:\/\/www.theirvinglawfirm.com\/wp-content\/uploads\/2023\/08\/sobre-que-trata-un-poder-general-duradero-en-la-planificacion-patrimonial-en-virginia-300x200.jpg 300w, https:\/\/www.theirvinglawfirm.com\/wp-content\/uploads\/2023\/08\/sobre-que-trata-un-poder-general-duradero-en-la-planificacion-patrimonial-en-virginia-400x267.jpg 400w, https:\/\/www.theirvinglawfirm.com\/wp-content\/uploads\/2023\/08\/sobre-que-trata-un-poder-general-duradero-en-la-planificacion-patrimonial-en-virginia-600x400.jpg 600w, https:\/\/www.theirvinglawfirm.com\/wp-content\/uploads\/2023\/08\/sobre-que-trata-un-poder-general-duradero-en-la-planificacion-patrimonial-en-virginia-768x512.jpg 768w, https:\/\/www.theirvinglawfirm.com\/wp-content\/uploads\/2023\/08\/sobre-que-trata-un-poder-general-duradero-en-la-planificacion-patrimonial-en-virginia-800x533.jpg 800w, https:\/\/www.theirvinglawfirm.com\/wp-content\/uploads\/2023\/08\/sobre-que-trata-un-poder-general-duradero-en-la-planificacion-patrimonial-en-virginia-1024x682.jpg 1024w, https:\/\/www.theirvinglawfirm.com\/wp-content\/uploads\/2023\/08\/sobre-que-trata-un-poder-general-duradero-en-la-planificacion-patrimonial-en-virginia-1200x800.jpg 1200w, https:\/\/www.theirvinglawfirm.com\/wp-content\/uploads\/2023\/08\/sobre-que-trata-un-poder-general-duradero-en-la-planificacion-patrimonial-en-virginia.jpg 1400w\" sizes=\"(max-width: 1400px) 100vw, 1400px\" \/><\/p>\n<h2>\u00bfQu\u00e9 Es Un Poder General Duradero?<\/h2>\n<p><span style=\"font-weight: 400;\">Un poder general duradero permite a una persona (el poderdante) otorgar a otra (el apoderado) la autoridad para actuar en su nombre en asuntos financieros y jur\u00eddicos. Tambi\u00e9n puede tomar decisiones sobre atenci\u00f3n sanitaria, a menos que haya una disposici\u00f3n que lo ponga fin por incapacidad del titular. <\/span><\/p>\n<p><span style=\"font-weight: 400;\">El documento de poder puede redactarse para otorgar poderes amplios o limitados, y puede ser efectivo inmediatamente o tras un acontecimiento concreto. El aspecto duradero de un poder significa que sigue siendo v\u00e1lido aunque el poderdante quede incapacitado o sea mentalmente incompetente.<\/span><\/p>\n<h2>\u00bfPor Qu\u00e9 Es Importante Un Poder General Duradero?<\/h2>\n<p><span style=\"font-weight: 400;\">Por varias razones, un poder general duradero es esencial para la planificaci\u00f3n del patrimonio.<\/span><\/p>\n<ul>\n<li style=\"font-weight: 400;\" aria-level=\"1\"><span style=\"font-weight: 400;\">Protecci\u00f3n de activos: un poder general duradero puede ayudar a proteger los activos de una persona al permitir que alguien de su confianza tome decisiones financieras. Esto puede incluir el pago de facturas, la gesti\u00f3n de inversiones y la venta o compra de activos.<\/span><\/li>\n<li style=\"font-weight: 400;\" aria-level=\"1\"><span style=\"font-weight: 400;\">Autoridad para tomar decisiones &#8211; Un poder puede otorgar autoridad para tomar decisiones en asuntos legales y financieros si el poderdante queda incapacitado. Esto puede ayudar a evitar los costosos procedimientos judiciales que pueden ser necesarios para nombrar a un tutor o curador.<\/span><\/li>\n<li style=\"font-weight: 400;\" aria-level=\"1\"><span style=\"font-weight: 400;\">Continuidad de la actividad empresarial: un poder general duradero puede ayudar a garantizar la continuidad de las operaciones empresariales si el poderdante no puede tomar decisiones por incapacidad o enfermedad. Por ejemplo, si el representado es propietario de una empresa, el agente puede tomar decisiones sobre operaciones, contratos y asuntos financieros.<\/span><\/li>\n<li style=\"font-weight: 400;\" aria-level=\"1\"><span style=\"font-weight: 400;\">Decisiones sanitarias: algunos documentos de apoderamiento tambi\u00e9n pueden otorgar al apoderado la capacidad de tomar decisiones sanitarias en nombre del poderdante si \u00e9ste no puede tomarlas por s\u00ed mismo. Esto puede incluir tratamiento m\u00e9dico, cuidados al final de la vida y decisiones sobre donaci\u00f3n de \u00f3rganos.<\/span><\/li>\n<li style=\"font-weight: 400;\" aria-level=\"1\"><span style=\"font-weight: 400;\">Tranquilidad &#8211; Disponer de un poder general duradero puede aportar tranquilidad. Saber que alguien en quien conf\u00edan puede tomar decisiones en su nombre puede aliviar el estr\u00e9s y la incertidumbre que pueden conllevar la incapacidad o la enfermedad.<\/span><\/li>\n<\/ul>\n<p><span style=\"font-weight: 400;\">Un poder general duradero es un documento jur\u00eddico esencial que proporciona tranquilidad al poderdante, protege sus bienes, garantiza la continuidad de las operaciones comerciales, otorga autoridad para tomar decisiones y facilita la toma de decisiones en materia de atenci\u00f3n sanitaria. Es un componente esencial de la planificaci\u00f3n patrimonial que debe tener en cuenta toda persona que desee proteger sus intereses y asegurarse de que sus asuntos se gestionan conforme a sus deseos. <\/span><\/p>\n<p><span style=\"font-weight: 400;\">Con la ayuda de un abogado experto en planificaci\u00f3n patrimonial, las personas pueden crear un documento de poder general duradero que refleje eficazmente sus deseos y les proporcione la protecci\u00f3n que necesitan.<\/span><\/p>\n<h2>C\u00f3mo Ayuda The Irving Law Firm<\/h2>\n<p><span style=\"font-weight: 400;\">El galardonado equipo legal de <a href=\"http:\/\/theirvinglawfirm.com\/es\">The Irving Law Firm<\/a> ofrece servicios a particulares, familias y empresas en diversas \u00e1reas del derecho, incluida la planificaci\u00f3n patrimonial, espec\u00edficamente un poder general duradero. Aportan soluciones personalizadas y pr\u00e1cticas a las necesidades jur\u00eddicas de los clientes. <\/span><\/p>\n<p><span style=\"font-weight: 400;\">The Irving Law Firm ayuda a los clientes en Manassas, Virginia, navegar por cuestiones jur\u00eddicas complejas, ofrece orientaci\u00f3n y apoyo a lo largo del proceso legal, y protege sus intereses. P\u00f3ngase en contacto con The Irving Law Firm para ayudarle a alcanzar sus objetivos.<\/span><\/p>\n<h2>Resumen<\/h2>\n<p><span style=\"font-weight: 400;\">Un poder general duradero es un componente esencial de la planificaci\u00f3n patrimonial. Puede ayudar a proteger los activos, otorgar autoridad para la toma de decisiones, garantizar la continuidad de las operaciones empresariales, conceder autoridad para la toma de decisiones en materia de asistencia sanitaria y proporcionar tranquilidad al titular y a sus seres queridos. <\/span><\/p>\n<p><span style=\"font-weight: 400;\">Es esencial consultar con un <a href=\"https:\/\/www.theirvinglawfirm.com\/es\/abogado-de-planificacion-patrimonial\/\">abogado experto en planificaci\u00f3n patrimonial<\/a> para asegurarse de que su documento de poder est\u00e1 redactado correctamente y refleja eficazmente sus deseos. Si usted es un residente de Manassas, Virginia, y necesita ayuda para redactar un poder general duradero, p\u00f3ngase en contacto con The Irving Law Firm hoy para programar la evaluaci\u00f3n de su caso.<\/span><\/p>\n<p><a href=\"https:\/\/www.theirvinglawfirm.com\/es\/abogado-de-planificacion-patrimonial\/no-dejar-nada-a-su-hijo-en-planificacion-patrimonial\/\">Obtenga M\u00e1s Informaci\u00f3n Aqu\u00ed<\/a><\/p>\n","protected":false},"excerpt":{"rendered":"<p>La planificaci\u00f3n patrimonial es un aspecto crucial de la vida  [&#8230;]<\/p>\n","protected":false},"author":3,"featured_media":0,"parent":8797,"menu_order":0,"comment_status":"closed","ping_status":"closed","template":"","meta":{"_analytify_skip_tracking":false,"rank_math_title":"Planificaci\u00f3n Patrimonial: \u00bfQu\u00e9 Es Un Poder General Duradero? | The Irving Law Firm","rank_math_description":"Un poder general duradero es esencial para planificar el patrimonio y garantizar su legado. Aprenda c\u00f3mo The Irving Law Firm puede ayudarle a hacer uno.","rank_math_focus_keyword":"poder general","rank_math_canonical_url":"","footnotes":""},"class_list":["post-12089","page","type-page","status-publish","hentry"],"acf":[],"_links":{"self":[{"href":"https:\/\/www.theirvinglawfirm.com\/es\/wp-json\/wp\/v2\/pages\/12089","targetHints":{"allow":["GET"]}}],"collection":[{"href":"https:\/\/www.theirvinglawfirm.com\/es\/wp-json\/wp\/v2\/pages"}],"about":[{"href":"https:\/\/www.theirvinglawfirm.com\/es\/wp-json\/wp\/v2\/types\/page"}],"author":[{"embeddable":true,"href":"https:\/\/www.theirvinglawfirm.com\/es\/wp-json\/wp\/v2\/users\/3"}],"replies":[{"embeddable":true,"href":"https:\/\/www.theirvinglawfirm.com\/es\/wp-json\/wp\/v2\/comments?post=12089"}],"version-history":[{"count":0,"href":"https:\/\/www.theirvinglawfirm.com\/es\/wp-json\/wp\/v2\/pages\/12089\/revisions"}],"up":[{"embeddable":true,"href":"https:\/\/www.theirvinglawfirm.com\/es\/wp-json\/wp\/v2\/pages\/8797"}],"wp:attachment":[{"href":"https:\/\/www.theirvinglawfirm.com\/es\/wp-json\/wp\/v2\/media?parent=12089"}],"curies":[{"name":"wp","href":"https:\/\/api.w.org\/{rel}","templated":true}]}}