{"id":12087,"date":"2023-08-10T02:09:55","date_gmt":"2023-08-10T02:09:55","guid":{"rendered":"https:\/\/www.theirvinglawfirm.com\/?page_id=12087"},"modified":"2024-03-05T18:09:15","modified_gmt":"2024-03-05T18:09:15","slug":"ventajas-de-un-fideicomiso-revocable","status":"publish","type":"page","link":"https:\/\/www.theirvinglawfirm.com\/es\/areas-de-practica\/abogado-de-planificacion-patrimonial\/ventajas-de-un-fideicomiso-revocable\/","title":{"rendered":"\u00bfCu\u00e1les Son Las Ventajas De Un Fideicomiso Revocable En La Planificaci\u00f3n Patrimonial?"},"content":{"rendered":"<p><span style=\"font-weight: 400;\">La planificaci\u00f3n patrimonial consiste en organizar sus bienes y asuntos para garantizar que sus seres queridos est\u00e9n atendidos tras su fallecimiento. Implica redactar un testamento o fideicomiso, nombrar a los beneficiarios y tomar otras medidas para distribuir sus bienes. Si bien hay varias maneras de planificar su patrimonio en Manassas, Virginia, uno de los m\u00e9todos populares es a trav\u00e9s de un <a href=\"https:\/\/www.consumerfinance.gov\/es\/obtener-respuestas\/que-es-un-fideicomiso-en-vida-revocable-es-1775\/\" target=\"_blank\" rel=\"noopener\">acuerdo de fideicomiso revocable.<\/a> <\/span><\/p>\n<p><span style=\"font-weight: 400;\">Este blog analizar\u00e1 las ventajas de un contrato de fideicomiso revocable y por qu\u00e9 podr\u00eda ser la opci\u00f3n adecuada para su planificaci\u00f3n patrimonial.<\/span><\/p>\n<p><img decoding=\"async\" class=\"alignnone size-full wp-image-12179\" src=\"https:\/\/www.theirvinglawfirm.com\/wp-content\/uploads\/2023\/08\/descubra-cuales-son-las-ventajas-de-tener-un-fideicomiso-revocable-en-su-caso-de-planificacion-patrimonial.jpg\" alt=\"Descubra Cu\u00e1les Son Las Ventajas De Tener Un Fideicomiso Revocable En Su Caso De Planificaci\u00f3n Patrimonial\" width=\"100%\" height=\"917\" srcset=\"https:\/\/www.theirvinglawfirm.com\/wp-content\/uploads\/2023\/08\/descubra-cuales-son-las-ventajas-de-tener-un-fideicomiso-revocable-en-su-caso-de-planificacion-patrimonial-200x131.jpg 200w, https:\/\/www.theirvinglawfirm.com\/wp-content\/uploads\/2023\/08\/descubra-cuales-son-las-ventajas-de-tener-un-fideicomiso-revocable-en-su-caso-de-planificacion-patrimonial-300x197.jpg 300w, https:\/\/www.theirvinglawfirm.com\/wp-content\/uploads\/2023\/08\/descubra-cuales-son-las-ventajas-de-tener-un-fideicomiso-revocable-en-su-caso-de-planificacion-patrimonial-400x262.jpg 400w, https:\/\/www.theirvinglawfirm.com\/wp-content\/uploads\/2023\/08\/descubra-cuales-son-las-ventajas-de-tener-un-fideicomiso-revocable-en-su-caso-de-planificacion-patrimonial-600x393.jpg 600w, https:\/\/www.theirvinglawfirm.com\/wp-content\/uploads\/2023\/08\/descubra-cuales-son-las-ventajas-de-tener-un-fideicomiso-revocable-en-su-caso-de-planificacion-patrimonial-768x503.jpg 768w, https:\/\/www.theirvinglawfirm.com\/wp-content\/uploads\/2023\/08\/descubra-cuales-son-las-ventajas-de-tener-un-fideicomiso-revocable-en-su-caso-de-planificacion-patrimonial-800x524.jpg 800w, https:\/\/www.theirvinglawfirm.com\/wp-content\/uploads\/2023\/08\/descubra-cuales-son-las-ventajas-de-tener-un-fideicomiso-revocable-en-su-caso-de-planificacion-patrimonial-1024x671.jpg 1024w, https:\/\/www.theirvinglawfirm.com\/wp-content\/uploads\/2023\/08\/descubra-cuales-son-las-ventajas-de-tener-un-fideicomiso-revocable-en-su-caso-de-planificacion-patrimonial-1200x786.jpg 1200w, https:\/\/www.theirvinglawfirm.com\/wp-content\/uploads\/2023\/08\/descubra-cuales-son-las-ventajas-de-tener-un-fideicomiso-revocable-en-su-caso-de-planificacion-patrimonial.jpg 1400w\" sizes=\"(max-width: 1400px) 100vw, 1400px\" \/><\/p>\n<h2>\u00bfQu\u00e9 Es Un Contrato De Fideicomiso Revocable?<\/h2>\n<p><span style=\"font-weight: 400;\">Un contrato de fideicomiso revocable, tambi\u00e9n conocido como fideicomiso activo, es un documento legal que le permite transferir sus activos a un fideicomiso durante su vida. El fideicomiso es gestionado por un fideicomisario de su elecci\u00f3n, que se encarga de distribuir sus activos a sus beneficiarios seg\u00fan sus deseos tras su fallecimiento. <\/span><\/p>\n<p><span style=\"font-weight: 400;\">Un fideicomiso revocable puede ser modificado o revocado por usted, como otorgante, en cualquier momento de su vida. Puede conservar el control de sus bienes y beneficiarse de ellos nombr\u00e1ndose a s\u00ed mismo fideicomisario y beneficiario. As\u00ed pues, un contrato de fideicomiso revocable es una de las herramientas de planificaci\u00f3n patrimonial m\u00e1s comunes y \u00fatiles.<\/span><\/p>\n<h3>Evitar La Sucesi\u00f3n<\/h3>\n<p><span style=\"font-weight: 400;\">Una de las principales ventajas de un contrato de fideicomiso revocable es que permite que su patrimonio en Manassas, Virginia, evite el proceso sucesorio. La validaci\u00f3n testamentaria es un proceso supervisado por un tribunal que tiene lugar tras el fallecimiento de una persona para determinar la validez de su testamento y distribuir sus bienes. <\/span><\/p>\n<p><span style=\"font-weight: 400;\">La sucesi\u00f3n puede ser un proceso largo y costoso. Tambi\u00e9n es un documento p\u00fablico, lo que significa que cualquiera puede acceder a su testamento y ver c\u00f3mo se distribuyen sus bienes. Puede evitar todo esto utilizando la herramienta de planificaci\u00f3n patrimonial adecuada.<\/span><\/p>\n<p><span style=\"font-weight: 400;\">Con un fideicomiso revocable, sus activos se transfieren directamente a sus beneficiarios tras su fallecimiento sin necesidad de legalizaci\u00f3n. Sus beneficiarios pueden recibir su herencia de forma r\u00e1pida y privada, sin intervenci\u00f3n judicial.<\/span><\/p>\n<h3>Flexibilidad<\/h3>\n<p><span style=\"font-weight: 400;\">Un contrato de fideicomiso revocable es flexible, lo que significa que puede modificarlo a medida que cambien sus circunstancias. Por ejemplo, puede a\u00f1adir o eliminar activos del fideicomiso, modificar sus beneficiarios o incluso cambiar de fideicomisario si es necesario. Esta flexibilidad le permite adaptar la planificaci\u00f3n patrimonial a sus circunstancias cambiantes.<\/span><\/p>\n<h3>Privacidad<\/h3>\n<p><span style=\"font-weight: 400;\">Como se mencion\u00f3 anteriormente, la sucesi\u00f3n es un proceso p\u00fablico, lo que significa que cualquier persona dentro de Manassas, Virginia, y otros lugares, puede acceder a su testamento y ver c\u00f3mo se distribuyen sus activos. Esta falta de privacidad puede ser problem\u00e1tica para algunas personas, sobre todo si tienen situaciones familiares complejas o si quieren mantener sus asuntos en exclusiva. <\/span><\/p>\n<p><span style=\"font-weight: 400;\">Con un fideicomiso revocable, sus bienes se distribuyen de forma privada y sus beneficiarios no tienen que pasar por el proceso de sucesi\u00f3n para recibir su herencia. Su plan de sucesi\u00f3n puede seguir siendo privado, y sus beneficiarios pueden recibir su herencia sin que nadie m\u00e1s lo sepa.<\/span><\/p>\n<h3>Protecci\u00f3n De Activos<\/h3>\n<p><span style=\"font-weight: 400;\">Un contrato de fideicomiso revocable puede proteger los activos de sus beneficiarios. Cuando transfiere sus activos a un fideicomiso revocable, pasan a ser propiedad del fideicomiso, no de sus herederos. Esto significa que los acreedores de sus beneficiarios no pueden acceder a los activos del fideicomiso para satisfacer sus deudas. Adem\u00e1s, un fideicomiso revocable puede proteger sus activos de demandas, quiebras y otras acciones legales.<\/span><\/p>\n<h3>Evitar Los Impuestos Sobre El Patrimonio<\/h3>\n<p><span style=\"font-weight: 400;\">Los impuestos sobre el patrimonio en Manassas, Virginia, pueden suponer una carga significativa para sus beneficiarios, ya que pueden ser bastante elevados. Con un contrato de fideicomiso revocable, puede estructurar sus activos para minimizar el impacto de los impuestos sobre el patrimonio. Colocando parte de ellos en un fideicomiso, puede reducir el valor de su patrimonio por debajo del umbral, para ayudar a reducir su obligaci\u00f3n tributaria por el impuesto de sucesiones.<\/span><\/p>\n<h2>Orientaci\u00f3n De The Irving Law Firm<\/h2>\n<p><span style=\"font-weight: 400;\"><a href=\"http:\/\/theirvinglawfirm.com\/es\">The Irving Law Firm<\/a> cuenta con un galardonado equipo legal de abogados expertos en planificaci\u00f3n patrimonial que pueden ayudarle a crear fideicomisos revocables adaptados a sus necesidades. Trabajar\u00e1n con usted para comprender sus objetivos y elaborar un plan que garantice la protecci\u00f3n de sus bienes y su distribuci\u00f3n conforme a sus deseos. <\/span><\/p>\n<p><span style=\"font-weight: 400;\">Su experiencia y conocimientos pueden guiarle a trav\u00e9s del complejo proceso legal de creaci\u00f3n de un fideicomiso revocable y proporcionarle apoyo continuo para garantizar que su fideicomiso permanezca actualizado y eficaz. P\u00f3ngase en contacto con The Irving Law Firm hoy mismo para programar una consulta y empezar a planificar el futuro.<\/span><\/p>\n<h2>Resumen<\/h2>\n<p><span style=\"font-weight: 400;\">Un contrato de fideicomiso revocable es una excelente herramienta de planificaci\u00f3n patrimonial con numerosas ventajas. Al evitar la sucesi\u00f3n, ofrecer flexibilidad, proteger sus activos, garantizar la privacidad y reducir los impuestos sobre el patrimonio, un acuerdo de fideicomiso revocable puede proporcionarle tranquilidad y seguridad a usted y a sus seres queridos. <\/span><\/p>\n<p><span style=\"font-weight: 400;\">Sin embargo, la creaci\u00f3n de un fideicomiso revocable puede ser un proceso complejo que requiere asesoramiento especializado. The Irving Law Firm cuenta con un <a href=\"https:\/\/www.theirvinglawfirm.com\/es\/abogado-de-planificacion-patrimonial\/\">abogado galardonado y experimentado<\/a> que puede ayudar a los residentes de Manassas, Virginia, a navegar por las complejidades legales de la planificaci\u00f3n patrimonial y crear un fideicomiso revocable que satisfaga sus necesidades \u00fanicas. P\u00f3ngase en contacto con ellos hoy mismo para saber c\u00f3mo pueden ayudarle a planificar el futuro y proteger su patrimonio.<\/span><\/p>\n<p><a href=\"https:\/\/www.theirvinglawfirm.com\/es\/abogado-de-planificacion-patrimonial\/nombrar-fideicomisarios-y-albaceas-con-eficacia\/\">Obtenga M\u00e1s Informaci\u00f3n Aqu\u00ed<\/a><\/p>\n","protected":false},"excerpt":{"rendered":"<p>La planificaci\u00f3n patrimonial consiste en organizar sus bienes y asuntos  [&#8230;]<\/p>\n","protected":false},"author":3,"featured_media":0,"parent":8797,"menu_order":0,"comment_status":"closed","ping_status":"closed","template":"","meta":{"_analytify_skip_tracking":false,"rank_math_title":"Planificaci\u00f3n Patrimonial: \u00bfCu\u00e1les Son Las Ventajas De Un Fideicomiso Revocable? | The Irving Law Firm","rank_math_description":"Descubra las ventajas de un contrato de fideicomiso revocable para sus necesidades de planificaci\u00f3n patrimonial. Evite la sucesi\u00f3n testamentaria y proteja sus bienes con la orientaci\u00f3n de The Irving Law Firm. ","rank_math_focus_keyword":"planificaci\u00f3n patrimonial","rank_math_canonical_url":"","footnotes":""},"class_list":["post-12087","page","type-page","status-publish","hentry"],"acf":[],"_links":{"self":[{"href":"https:\/\/www.theirvinglawfirm.com\/es\/wp-json\/wp\/v2\/pages\/12087","targetHints":{"allow":["GET"]}}],"collection":[{"href":"https:\/\/www.theirvinglawfirm.com\/es\/wp-json\/wp\/v2\/pages"}],"about":[{"href":"https:\/\/www.theirvinglawfirm.com\/es\/wp-json\/wp\/v2\/types\/page"}],"author":[{"embeddable":true,"href":"https:\/\/www.theirvinglawfirm.com\/es\/wp-json\/wp\/v2\/users\/3"}],"replies":[{"embeddable":true,"href":"https:\/\/www.theirvinglawfirm.com\/es\/wp-json\/wp\/v2\/comments?post=12087"}],"version-history":[{"count":0,"href":"https:\/\/www.theirvinglawfirm.com\/es\/wp-json\/wp\/v2\/pages\/12087\/revisions"}],"up":[{"embeddable":true,"href":"https:\/\/www.theirvinglawfirm.com\/es\/wp-json\/wp\/v2\/pages\/8797"}],"wp:attachment":[{"href":"https:\/\/www.theirvinglawfirm.com\/es\/wp-json\/wp\/v2\/media?parent=12087"}],"curies":[{"name":"wp","href":"https:\/\/api.w.org\/{rel}","templated":true}]}}