{"id":12086,"date":"2023-08-10T00:17:32","date_gmt":"2023-08-10T00:17:32","guid":{"rendered":"https:\/\/www.theirvinglawfirm.com\/?page_id=12086"},"modified":"2024-03-01T23:48:41","modified_gmt":"2024-03-01T23:48:41","slug":"quien-puede-calificar-para-una-solicitud-de-divorcio-en-virginia","status":"publish","type":"page","link":"https:\/\/www.theirvinglawfirm.com\/es\/areas-de-practica\/derecho-de-familia\/abogado-de-divorcio\/quien-puede-calificar-para-una-solicitud-de-divorcio-en-virginia\/","title":{"rendered":"\u00bfQui\u00e9n Puede Solicitar El Divorcio En Virginia?"},"content":{"rendered":"<p><img decoding=\"async\" class=\"aligncenter wp-image-12106 size-full\" src=\"https:\/\/www.theirvinglawfirm.com\/wp-content\/uploads\/2023\/08\/elegibilidad-de-la-peticion-de-divorcio-en-virginia-determinacion-de-quien-reune-los-requisitos.jpg\" alt=\"Elegibilidad Para Petici\u00f3n De Divorcio En Virginia: Factores Que Califican\" width=\"100%\" height=\"837\" srcset=\"https:\/\/www.theirvinglawfirm.com\/wp-content\/uploads\/2023\/08\/elegibilidad-de-la-peticion-de-divorcio-en-virginia-determinacion-de-quien-reune-los-requisitos-200x140.jpg 200w, https:\/\/www.theirvinglawfirm.com\/wp-content\/uploads\/2023\/08\/elegibilidad-de-la-peticion-de-divorcio-en-virginia-determinacion-de-quien-reune-los-requisitos-300x209.jpg 300w, https:\/\/www.theirvinglawfirm.com\/wp-content\/uploads\/2023\/08\/elegibilidad-de-la-peticion-de-divorcio-en-virginia-determinacion-de-quien-reune-los-requisitos-400x279.jpg 400w, https:\/\/www.theirvinglawfirm.com\/wp-content\/uploads\/2023\/08\/elegibilidad-de-la-peticion-de-divorcio-en-virginia-determinacion-de-quien-reune-los-requisitos-600x419.jpg 600w, https:\/\/www.theirvinglawfirm.com\/wp-content\/uploads\/2023\/08\/elegibilidad-de-la-peticion-de-divorcio-en-virginia-determinacion-de-quien-reune-los-requisitos-768x536.jpg 768w, https:\/\/www.theirvinglawfirm.com\/wp-content\/uploads\/2023\/08\/elegibilidad-de-la-peticion-de-divorcio-en-virginia-determinacion-de-quien-reune-los-requisitos-800x558.jpg 800w, https:\/\/www.theirvinglawfirm.com\/wp-content\/uploads\/2023\/08\/elegibilidad-de-la-peticion-de-divorcio-en-virginia-determinacion-de-quien-reune-los-requisitos-1024x714.jpg 1024w, https:\/\/www.theirvinglawfirm.com\/wp-content\/uploads\/2023\/08\/elegibilidad-de-la-peticion-de-divorcio-en-virginia-determinacion-de-quien-reune-los-requisitos.jpg 1200w\" sizes=\"(max-width: 1200px) 100vw, 1200px\" \/><\/p>\n<p>El divorcio puede ser mentalmente agotador debido a las dificultades pr\u00e1cticas y psicol\u00f3gicas que conlleva poner fin a un matrimonio. Tambi\u00e9n es necesario navegar por el proceso judicial y completar numerosos pasos. Y lo que es m\u00e1s importante, el divorcio suele conllevar problemas econ\u00f3micos y consideraciones sobre los hijos, que pueden dar lugar a disputas legales.<\/p>\n<p>El proceso de divorcio puede parecer abrumador, pero no siempre tiene por qu\u00e9 ser complicado. La consulta con un abogado de derecho de familia puede ayudar a las personas a prepararse para saber c\u00f3mo se desarrollar\u00e1 el procedimiento y qu\u00e9 anticipar.<\/p>\n<p>Con The Irving Law Firm, usted puede ir a trav\u00e9s de su divorcio en Virginia tan libre de estr\u00e9s como sea posible. Trabajar con un abogado de divorcio en Manassas puede ser su camino ideal.<\/p>\n<h2>\u00bfPuede Cualquiera Solicitar El Divorcio?<\/h2>\n<p>S\u00ed, cualquiera puede solicitar el divorcio en Virginia. Puede solicitar la <a href=\"https:\/\/definicion.de\/disolucion\/\" target=\"_blank\" rel=\"noopener\">disoluci\u00f3n<\/a> del matrimonio siempre que cumpla las directrices del estado.<\/p>\n<p>Debe cumplir las normas m\u00ednimas de su estado sobre el tiempo que usted o su pareja deben haber residido en el estado antes de presentar una solicitud de divorcio. Usted es elegible para el divorcio en Virginia, siempre y cuando usted y su c\u00f3nyuge hayan vivido en el estado durante no menos de seis meses antes de presentar una petici\u00f3n de divorcio ante el juez.<\/p>\n<p>Es fundamental tener en cuenta que la ley concede a las parejas de gays y lesbianas los mismos derechos que a los matrimonios de distinto sexo en lo que respecta al divorcio.<\/p>\n<p>Sin embargo, el divorcio entre personas del mismo sexo puede ser complicado, especialmente para las personas casadas que viv\u00edan juntas antes de que el matrimonio entre personas del mismo sexo fuera legal. Es posible que tengan que enfrentarse a cuestiones como la divisi\u00f3n de bienes, la manutenci\u00f3n y custodia de los hijos y las negociaciones para llegar a un acuerdo.<\/p>\n<p>Debe aportar una explicaci\u00f3n o motivo de divorcio legalmente reconocido. El divorcio sin culpa est\u00e1 disponible en todos los estados. Implica que no tiene obligaci\u00f3n de explicar al juez por qu\u00e9 termina su matrimonio, s\u00f3lo que ninguno de los c\u00f3nyuges desea seguir casado.<\/p>\n<p>Algunas jurisdicciones tambi\u00e9n tienen motivos de divorcio basados en la culpa. A diferencia del divorcio sin culpa, le permite reprender a su pareja por el fracaso de su matrimonio. La posible explicaci\u00f3n podr\u00eda ser que cometieron una forma espec\u00edfica de mala conducta, como infidelidad o violencia.<\/p>\n<p>No obstante, solicitar un divorcio por culpa puede dar lugar a contenciosos legales, y el estr\u00e9s y los gastos a\u00f1adidos rara vez merecen la pena.<\/p>\n<h2>\u00bfC\u00f3mo Se Solicita El Divorcio?<\/h2>\n<p><span style=\"font-weight: 400;\"><img decoding=\"async\" class=\"alignright wp-image-11055 size-full\" src=\"https:\/\/www.theirvinglawfirm.com\/wp-content\/uploads\/2023\/08\/relaciones-romanticas-durante-el-divorcio-lo-que-debes-y-no-debes-hacer.jpg\" alt=\"Relaciones Rom\u00e1nticas Durante El Divorcio: Lo Que Debes Y No Debes Hacer\" width=\"300\" height=\"200\" srcset=\"https:\/\/www.theirvinglawfirm.com\/wp-content\/uploads\/2023\/08\/relaciones-romanticas-durante-el-divorcio-lo-que-debes-y-no-debes-hacer-200x133.jpg 200w, https:\/\/www.theirvinglawfirm.com\/wp-content\/uploads\/2023\/08\/relaciones-romanticas-durante-el-divorcio-lo-que-debes-y-no-debes-hacer.jpg 300w\" sizes=\"(max-width: 300px) 100vw, 300px\" \/><\/span><\/p>\n<p>La petici\u00f3n de divorcio en Virginia implica la presentaci\u00f3n de formularios espec\u00ed\ufb01cos ante el tribunal municipal de circuito. Cada condado tiene directrices y documentos distintos. Por lo tanto, es ideal para adquirir la documentaci\u00f3n pertinente de su juzgado local en persona, as\u00ed como de su sitio web oficial.<\/p>\n<p>El procedimiento de divorcio se produce con la presentaci\u00f3n de dichos formularios. El c\u00f3nyuge debe ser \u00abnotificado de los documentos tras presentar la demanda de divorcio\u00bb. Este t\u00e9rmino implica recibir copias de los documentos de divorcio presentados para proporcionarles una notificaci\u00f3n adecuada de la solicitud de divorcio, tambi\u00e9n conocida como \u00abnotificaci\u00f3n del proceso.\u00bb<\/p>\n<p>Cuando presente una demanda de divorcio de mutuo acuerdo, deber\u00e1 aportar su convenio regulador. Debe incluir un documento final planificado y firmado que corresponda a los t\u00e9rminos de su acuerdo. Ambos c\u00f3nyuges deben firmar el convenio y la propuesta de sentencia.<\/p>\n<p>Contar con el consentimiento de su pareja para rescindir la notificaci\u00f3n de los documentos de divorcio es el m\u00e9todo m\u00e1s sencillo de seguir adelante con un divorcio de mutuo acuerdo. Ante notario, su c\u00f3nyuge debe rellenar y firmar la Aceptaci\u00f3n\/Renuncia a la Notificaci\u00f3n Procesal.<\/p>\n<p>El juez determinar\u00e1 las siguientes etapas tras la presentaci\u00f3n de la demanda de divorcio en funci\u00f3n de c\u00f3mo se hayan notificado los documentos preliminares. Otra consideraci\u00f3n incluye si su petici\u00f3n es impugnada o no impugnada.<\/p>\n<p>En un divorcio impugnado, su pareja debe responder al litigio en un plazo de 21 d\u00edas a partir de la notificaci\u00f3n. Por lo general, la demanda pasar\u00e1 por la presentaci\u00f3n de pruebas y algunos otros procedimientos judiciales. El proceso legal de obtenci\u00f3n de datos relevantes de la otra parte y de recopilaci\u00f3n de pruebas, como informes profesionales, se conoce como proposici\u00f3n de prueba.<\/p>\n<p>En un divorcio de mutuo acuerdo, es posible que pueda completar el divorcio sin procedimientos judiciales. Puede simplemente emitir una declaraci\u00f3n jurada y otra documentaci\u00f3n. Los procedimientos de divorcio suelen requerir mucho papeleo y mantenimiento de registros; por lo tanto, es beneficioso solicitar la asistencia de un abogado de familia.<\/p>\n<h2>Resumen<\/h2>\n<p>Cualquier persona puede solicitar el divorcio en Virginia, siempre que haya sido residente permanente en Virginia durante al menos seis meses antes de presentar la demanda. Si la pareja tiene hijos menores, deberan haber cumplido el periodo de separacion de un ano antes de solicitar el divorcio.<\/p>\n<p>Supongamos que la pareja no tiene hijos menores. En ese caso, podr\u00edan solicitar el divorcio despu\u00e9s de seis meses de vivir separados. S\u00f3lo cuenta si ambos c\u00f3nyuges firman un acuerdo de separaci\u00f3n que establezca c\u00f3mo se repartir\u00e1n los bienes.<\/p>\n<p>Cada estado en Virginia es \u00fanico en sus directrices y documentaci\u00f3n, por lo que es ideal para obtener asesoramiento legal de un abogado con conocimientos. Independientemente de si usted est\u00e1 pasando por un divorcio disputado o no disputado, el equipo de <a href=\"https:\/\/www.theirvinglawfirm.com\/es\" target=\"_blank\" rel=\"noopener\">The Irving Law Firm<\/a> puede guiarlo a trav\u00e9s de sus protecciones legales y posibles alternativas en cada paso.<\/p>\n<p>La firma se enorgullece en asegurar que los clientes conozcan sus opciones viables y rutas l\u00f3gicas al enfrentar el divorcio. Esto les permite tomar una decisi\u00f3n bien informada sobre c\u00f3mo proceder con su situaci\u00f3n. Llame hoy mismo a los <a href=\"https:\/\/www.theirvinglawfirm.com\/es\/derecho-de-familia\/abogado-de-divorcio\/\" target=\"_blank\" rel=\"noopener\">abogados de divorcio<\/a> de The Irving Law Firm.<\/p>\n<p><a href=\"https:\/\/www.theirvinglawfirm.com\/es\/derecho-de-familia\/abogado-de-divorcio\/opciones-que-tiene-en-separacion-legal\/\" target=\"_blank\" rel=\"noopener\">Obtenga M\u00e1s Informaci\u00f3n Acerca De: \u00bfQu\u00e9 Ocurre Si No Se Llega A Un Acuerdo Sobre El Divorcio?<\/a><\/p>\n<p>&nbsp;<\/p>\n","protected":false},"excerpt":{"rendered":"<p>El divorcio puede ser mentalmente agotador debido a las dificultades  [&#8230;]<\/p>\n","protected":false},"author":3,"featured_media":0,"parent":8344,"menu_order":0,"comment_status":"closed","ping_status":"closed","template":"","meta":{"_analytify_skip_tracking":false,"rank_math_title":" Divorcio Presentaci\u00f3n De Fundamentos Y Requisitos M\u00ednimos En Virginia | The Irving Law Firm","rank_math_description":"Poner fin a un matrimonio puede ser agotador. Pero tambi\u00e9n puede ser el momento de celebrar un nuevo comienzo. Siga leyendo para saber m\u00e1s sobre c\u00f3mo solicitar el divorcio en Virginia.","rank_math_focus_keyword":"divorcio","rank_math_canonical_url":"","footnotes":""},"class_list":["post-12086","page","type-page","status-publish","hentry"],"acf":[],"_links":{"self":[{"href":"https:\/\/www.theirvinglawfirm.com\/es\/wp-json\/wp\/v2\/pages\/12086","targetHints":{"allow":["GET"]}}],"collection":[{"href":"https:\/\/www.theirvinglawfirm.com\/es\/wp-json\/wp\/v2\/pages"}],"about":[{"href":"https:\/\/www.theirvinglawfirm.com\/es\/wp-json\/wp\/v2\/types\/page"}],"author":[{"embeddable":true,"href":"https:\/\/www.theirvinglawfirm.com\/es\/wp-json\/wp\/v2\/users\/3"}],"replies":[{"embeddable":true,"href":"https:\/\/www.theirvinglawfirm.com\/es\/wp-json\/wp\/v2\/comments?post=12086"}],"version-history":[{"count":0,"href":"https:\/\/www.theirvinglawfirm.com\/es\/wp-json\/wp\/v2\/pages\/12086\/revisions"}],"up":[{"embeddable":true,"href":"https:\/\/www.theirvinglawfirm.com\/es\/wp-json\/wp\/v2\/pages\/8344"}],"wp:attachment":[{"href":"https:\/\/www.theirvinglawfirm.com\/es\/wp-json\/wp\/v2\/media?parent=12086"}],"curies":[{"name":"wp","href":"https:\/\/api.w.org\/{rel}","templated":true}]}}