{"id":11988,"date":"2023-08-10T00:13:35","date_gmt":"2023-08-10T00:13:35","guid":{"rendered":"https:\/\/www.theirvinglawfirm.com\/?page_id=11988"},"modified":"2024-02-29T03:56:46","modified_gmt":"2024-02-29T03:56:46","slug":"como-se-dividen-las-propiedades-matrimoniales","status":"publish","type":"page","link":"https:\/\/www.theirvinglawfirm.com\/es\/areas-de-practica\/derecho-de-familia\/abogado-de-divorcio\/como-se-dividen-las-propiedades-matrimoniales\/","title":{"rendered":"\u00bfC\u00f3mo Se Dividen Los Bienes Gananciales En Un Divorcio En Virginia?"},"content":{"rendered":"<p><img decoding=\"async\" class=\"aligncenter wp-image-11993 size-full\" src=\"https:\/\/www.theirvinglawfirm.com\/wp-content\/uploads\/2023\/08\/desentranando-los-bienes-maritales-navegando-la-division-de-propiedades-en-un-divorcio-en-virginia.jpg\" alt=\"Divisi\u00f3n De Los Bienes Conyugales En El Divorcio De Virginia: Explorando El Proceso\" width=\"100%\" height=\"800\" srcset=\"https:\/\/www.theirvinglawfirm.com\/wp-content\/uploads\/2023\/08\/desentranando-los-bienes-maritales-navegando-la-division-de-propiedades-en-un-divorcio-en-virginia-200x133.jpg 200w, https:\/\/www.theirvinglawfirm.com\/wp-content\/uploads\/2023\/08\/desentranando-los-bienes-maritales-navegando-la-division-de-propiedades-en-un-divorcio-en-virginia-300x200.jpg 300w, https:\/\/www.theirvinglawfirm.com\/wp-content\/uploads\/2023\/08\/desentranando-los-bienes-maritales-navegando-la-division-de-propiedades-en-un-divorcio-en-virginia-400x267.jpg 400w, https:\/\/www.theirvinglawfirm.com\/wp-content\/uploads\/2023\/08\/desentranando-los-bienes-maritales-navegando-la-division-de-propiedades-en-un-divorcio-en-virginia-600x400.jpg 600w, https:\/\/www.theirvinglawfirm.com\/wp-content\/uploads\/2023\/08\/desentranando-los-bienes-maritales-navegando-la-division-de-propiedades-en-un-divorcio-en-virginia-768x512.jpg 768w, https:\/\/www.theirvinglawfirm.com\/wp-content\/uploads\/2023\/08\/desentranando-los-bienes-maritales-navegando-la-division-de-propiedades-en-un-divorcio-en-virginia-800x533.jpg 800w, https:\/\/www.theirvinglawfirm.com\/wp-content\/uploads\/2023\/08\/desentranando-los-bienes-maritales-navegando-la-division-de-propiedades-en-un-divorcio-en-virginia-1024x683.jpg 1024w, https:\/\/www.theirvinglawfirm.com\/wp-content\/uploads\/2023\/08\/desentranando-los-bienes-maritales-navegando-la-division-de-propiedades-en-un-divorcio-en-virginia.jpg 1200w\" sizes=\"(max-width: 1200px) 100vw, 1200px\" \/><\/p>\n<p>El divorcio es una de las experiencias vitales m\u00e1s duras. Aunque el divorcio puede ser costoso, el impacto emocional de sobrevivir en una relaci\u00f3n fracasada supera con creces el gasto.<\/p>\n<p>Las personas suelen contraer matrimonio con posesiones o fortuna propias. Tambi\u00e9n podr\u00edan adquirir otras riquezas durante la duraci\u00f3n de sus matrimonios.<\/p>\n<p>En caso de divorcio, la mezcla de esas propiedades conjuntas puede provocar malentendidos. Dado el grado de variabilidad en la division de los bienes conyugales en los divorcios de Virginia, varias cosas pueden influir en los acuerdos de las personas.<\/p>\n<p>Como resultado, aquellos que consideran el divorcio pueden beneficiarse de buscar asesoramiento legal. Un abogado puede abordar sus derechos y alternativas, abogar por ellos y negociar. P\u00f3ngase en contacto con <a href=\"https:\/\/www.theirvinglawfirm.com\/es\">The Irving Law Firm<\/a> para obtener m\u00e1s informaci\u00f3n sobre sus opciones en el proceso de divorcio.<\/p>\n<h2>Reparto Equitativo De Los Bienes Gananciales<\/h2>\n<p>Cualquiera que sea el reparto exacto que acuerde el tribunal, las personas pueden recibir su parte de los bienes conyugales a lo largo de un divorcio de diversas maneras. El tribunal puede exigir la transferencia de dichos bienes entre los miembros de la pareja o conceder a uno de los c\u00f3nyuges una compensaci\u00f3n del otro.<\/p>\n<p>Adem\u00e1s, el juez puede ordenar la venta de un bien determinado. Los beneficios de dichas ventas se dividen posteriormente entre los miembros de la pareja tras la decisi\u00f3n del juez.<\/p>\n<p>La divisi\u00f3n de bienes en las disoluciones matrimoniales siempre ser\u00e1 m\u00e1s exorbitante que en el divorcio t\u00edpico. Es especialmente relevante para los matrimonios adinerados. Tambi\u00e9n engloba a los c\u00f3nyuges que acuden a las vistas judiciales para resolver sus conflictos en lugar de negociarlos extrajudicialmente.<\/p>\n<p>Los bienes separados en Virginia se definen como los bienes que las personas tienen durante su matrimonio, los bienes obtenidos mediante la comercializaci\u00f3n o el intercambio de la propiedad de uno de los c\u00f3nyuges, y las inversiones o posesiones recibidas como regalo o patrimonio heredado durante sus relaciones.<\/p>\n<p>Todos los <a href=\"https:\/\/definicion.de\/bienes\/\" target=\"_blank\" rel=\"noopener\">bienes<\/a> adquiridos durante o despu\u00e9s del d\u00eda de la ceremonia matrimonial se consideran bienes gananciales. Adem\u00e1s, los bienes independientes aportados a la relaci\u00f3n matrimonial por uno de los c\u00f3nyuges y utilizados en beneficio de ambos durante la relaci\u00f3n pueden considerarse bienes gananciales.<\/p>\n<h3><img decoding=\"async\" class=\"alignleft wp-image-11995 size-full\" src=\"https:\/\/www.theirvinglawfirm.com\/wp-content\/uploads\/2023\/08\/como-dividir-la-propiedad-examinar-los-factores-que-influyen-en-la-asignacion.jpg\" alt=\"Elementos Influyentes En La Divisi\u00f3n De Bienes: Examinando Los Factores Clave\" width=\"400\" height=\"247\" srcset=\"https:\/\/www.theirvinglawfirm.com\/wp-content\/uploads\/2023\/08\/como-dividir-la-propiedad-examinar-los-factores-que-influyen-en-la-asignacion-200x124.jpg 200w, https:\/\/www.theirvinglawfirm.com\/wp-content\/uploads\/2023\/08\/como-dividir-la-propiedad-examinar-los-factores-que-influyen-en-la-asignacion-300x185.jpg 300w, https:\/\/www.theirvinglawfirm.com\/wp-content\/uploads\/2023\/08\/como-dividir-la-propiedad-examinar-los-factores-que-influyen-en-la-asignacion.jpg 400w\" sizes=\"(max-width: 400px) 100vw, 400px\" \/>Bienes H\u00edbridos<\/h3>\n<p>Merece la pena se\u00f1alar que algunos patrimonios a veces no encajan claramente en las dos categor\u00edas distintas de bienes conyugales o separados.<\/p>\n<p>Supongamos que uno de los c\u00f3nyuges haya aportado a la relaci\u00f3n un patrimonio separado, como propiedades en alquiler o financiaci\u00f3n. Entonces, el valor de la inversi\u00f3n inmobiliaria o del patrimonio puede haberse multiplicado durante el matrimonio.<\/p>\n<p>En algunos casos, el aumento del valor de mercado puede muy bien presumirse propiedad conyugal. El miembro de la pareja que intente alegar que una parte de los bienes privativos son bienes gananciales debe demostrar que el precio de los bienes privativos aument\u00f3 debido a las aportaciones de los bienes gananciales o a un esfuerzo sostenido.<\/p>\n<p>Si el miembro de la pareja que alega la propiedad conyugal fraccionada tiene \u00e9xito, la parte del patrimonio considerada por el tribunal bien puede distribuir la propiedad conyugal durante dicho divorcio. Sin embargo, la parte que se considere propiedad completamente separada permanecer\u00e1 \u00fanicamente bajo el control total de uno de los miembros de la pareja.<\/p>\n<h2>Factores Que Afectan A La Division De Bienes<\/h2>\n<p>Al tratar de dividir los bienes personales, los tribunales de Virginia tendran en cuenta los bienes en estas categorias matrimoniales, separados e hibridos. Sin embargo, tambien tomaran en cuenta otros aspectos significativos, tales como:<\/p>\n<ul>\n<li style=\"font-weight: 400;\" aria-level=\"1\">Las inversiones financieras y de otro tipo de cada parte en el bienestar de la familia.<\/li>\n<li style=\"font-weight: 400;\" aria-level=\"1\">Contribuciones realizadas por cada una de las partes, tanto en met\u00e1lico como en especie, para el cuidado y mantenimiento del bien.<\/li>\n<li style=\"font-weight: 400;\" aria-level=\"1\">La duraci\u00f3n del matrimonio.<\/li>\n<li style=\"font-weight: 400;\" aria-level=\"1\">Qu\u00e9 circunstancias llevaron al divorcio.<\/li>\n<li style=\"font-weight: 400;\" aria-level=\"1\">Cu\u00e1ndo y en qu\u00e9 condiciones se alcanzaron las propiedades.<\/li>\n<li style=\"font-weight: 400;\" aria-level=\"1\">Las implicaciones fiscales de ceder determinados bienes a cada socio.<\/li>\n<\/ul>\n<p>El tribunal tambi\u00e9n podr\u00eda considerar los elementos o condiciones atribuidos al divorcio. Determinar c\u00f3mo dividir los bienes conyugales de una pareja abarca una base como las relaciones extramatrimoniales.<\/p>\n<p>Si necesita ayuda, el <a href=\"https:\/\/www.theirvinglawfirm.com\/es\/derecho-de-familia\/abogado-de-divorcio\/\">equipo legal<\/a> de la firma tiene amplios conocimientos para ayudar a los clientes con la divisi\u00f3n de bienes y el procedimiento de divorcio. P\u00f3ngase en contacto con The Irving Law Firm para obtener orientaci\u00f3n legal en la divisi\u00f3n de bienes del divorcio.<\/p>\n<h2>Resumen<\/h2>\n<p>En un divorcio en Virginia, el tribunal no divide los bienes conyugales a partes iguales. M\u00e1s bien, el juez divide equitativamente los bienes de la pareja. Cuando el tribunal determina un reparto adecuado, reconoce una separaci\u00f3n razonable en lugar de igual.<\/p>\n<p>Independientemente de la asignaci\u00f3n precisa acordada por el juez, las personas pueden recibir su porcentaje de los bienes matrimoniales de muchas maneras diferentes. El juez puede ordenar la transici\u00f3n de algunos de estos bienes entre los c\u00f3nyuges o conceder a uno de ellos una compensaci\u00f3n del otro.<\/p>\n<p>Adem\u00e1s, el tribunal puede ordenar la venta de una propiedad espec\u00edfica. Los beneficios de tales transacciones se dividen posteriormente entre los c\u00f3nyuges en funci\u00f3n de la asignaci\u00f3n ordenada por el tribunal.<\/p>\n<p>Las decisiones que tome a lo largo de su divorcio repercutir\u00e1n en su futuro, especialmente en lo que respecta a la divisi\u00f3n de bienes. Como resultado, aunque la divisi\u00f3n de bienes sea algo delicado, usted debe proteger sus mejores intereses.<\/p>\n<p>The Irving Law Firm reconoce que usted est\u00e1 pasando por un momento dif\u00edcil y frustrante. El equipo legal de la firma pasara tiempo aprendiendo sobre usted, determinando sus prioridades, y asistiendolo en lograr sus metas. Para solicitar una evaluaci\u00f3n de su caso, no dude en ponerse en contacto con The Irving Law Firm hoy mismo.<\/p>\n<p><a href=\"https:\/\/www.theirvinglawfirm.com\/es\/derecho-de-familia\/abogado-de-divorcio\/cuanto-cuesta-solicitar-el-divorcio-en-virginia\/\" target=\"_blank\" rel=\"noopener\">Lea Este Art\u00edculo: \u00bfCu\u00e1nto Cuesta Solicitar El Divorcio En Virginia?<\/a><\/p>\n","protected":false},"excerpt":{"rendered":"<p>El divorcio es una de las experiencias vitales m\u00e1s duras.  [&#8230;]<\/p>\n","protected":false},"author":3,"featured_media":0,"parent":8344,"menu_order":0,"comment_status":"closed","ping_status":"closed","template":"","meta":{"_analytify_skip_tracking":false,"rank_math_title":"Divorcio Justo Y Equitativo Divisi\u00f3n De La Propiedad En Virginia | The Irving Law Firm","rank_math_description":"La divisi\u00f3n de bienes puede resultar confusa para las parejas que se divorcian. Sepa c\u00f3mo se dividen los bienes gananciales y c\u00f3mo puede salvaguardar sus derechos en el divorcio.","rank_math_focus_keyword":"divorcio","rank_math_canonical_url":"","footnotes":""},"class_list":["post-11988","page","type-page","status-publish","hentry"],"acf":[],"_links":{"self":[{"href":"https:\/\/www.theirvinglawfirm.com\/es\/wp-json\/wp\/v2\/pages\/11988","targetHints":{"allow":["GET"]}}],"collection":[{"href":"https:\/\/www.theirvinglawfirm.com\/es\/wp-json\/wp\/v2\/pages"}],"about":[{"href":"https:\/\/www.theirvinglawfirm.com\/es\/wp-json\/wp\/v2\/types\/page"}],"author":[{"embeddable":true,"href":"https:\/\/www.theirvinglawfirm.com\/es\/wp-json\/wp\/v2\/users\/3"}],"replies":[{"embeddable":true,"href":"https:\/\/www.theirvinglawfirm.com\/es\/wp-json\/wp\/v2\/comments?post=11988"}],"version-history":[{"count":0,"href":"https:\/\/www.theirvinglawfirm.com\/es\/wp-json\/wp\/v2\/pages\/11988\/revisions"}],"up":[{"embeddable":true,"href":"https:\/\/www.theirvinglawfirm.com\/es\/wp-json\/wp\/v2\/pages\/8344"}],"wp:attachment":[{"href":"https:\/\/www.theirvinglawfirm.com\/es\/wp-json\/wp\/v2\/media?parent=11988"}],"curies":[{"name":"wp","href":"https:\/\/api.w.org\/{rel}","templated":true}]}}